{"id":11638,"date":"2020-03-02T17:37:47","date_gmt":"2020-03-02T16:37:47","guid":{"rendered":"https:\/\/www.giovenzana.com\/finales-de-carrera-de-posicion\/"},"modified":"2023-01-20T09:59:54","modified_gmt":"2023-01-20T08:59:54","slug":"finales-de-carrera-de-posicion","status":"publish","type":"page","link":"https:\/\/www.giovenzana.com\/es\/productos\/sistemas-de-elevacion\/finales-de-carrera-de-posicion\/","title":{"rendered":"FINALES DE CARRERA DE POSICI\u00d3N"},"content":{"rendered":"<div class=\"wpb-content-wrapper\"><p>[vc_row][vc_column][vc_column_text]Giovenzana ofrece cuatro tipolog\u00edas de finales de carrera de posici\u00f3n, usados en particular en plantas de elevaci\u00f3n industriales y de construcci\u00f3n, en la industria de la automatizaci\u00f3n, en tecnolog\u00edas de etapa, en particular para controlar polipastos, cabrestantes y m\u00e1quinas herramienta. La gama de finales de carrera de posici\u00f3n incluye finales de carrera termopl\u00e1sticos permitiendo una diversificaci\u00f3n de los tipos de activaci\u00f3n del interruptor: con astas cruzadas, con asta \u00fanica con rodillo y con palanca. Cada final de carrera de posici\u00f3n tiene caracter\u00edsticas espec\u00edficas permitiendo elegir el final de carrera que mejor se adapta a las necesidades espec\u00edficas del cliente.<\/p>\n<p>Se usan para controlar:<br \/>\n<strong>&#8211; SISTEMAS GR\u00daA SOFISTICADOS<\/strong><br \/>\nLa unidad controla sistemas operativos de energ\u00eda (ej. PLC) y permite a la gr\u00faa ralentizar y\/o detener su funcionamiento.<br \/>\n<strong>&#8211; POLIPASTOS<\/strong><br \/>\nLa unidad se usa para detener el funcionamiento del polipasto siempre que llegue a una posici\u00f3n \u00abl\u00edmite\u00bb. Disponibles diferentes combinaciones para todos los sistemas est\u00e1ndar y personalizaci\u00f3n disponible bajo petici\u00f3n.[\/vc_column_text][vc_empty_space][\/vc_column][\/vc_row][vc_row equal_height=\u00bbyes\u00bb content_placement=\u00bbtop\u00bb][vc_column width=\u00bb1\/3&#8243; el_id=\u00bbsidebar-filtri\u00bb offset=\u00bbvc_col-md-3&#8243;]<div class=\"ult_row_spacer\"><div class=\"ult-sticky-anchor\"><div class=\"ult-sticky-section ult-sticky \"  data-gutter= '150' data-stick_behaviour= 'stick_with_scroll'  data-sticky_position= 'top' data-mobile='no' data-support='no'>[vc_column_text]<form data-sf-form-id='26363' data-is-rtl='0' data-maintain-state='' data-results-url='https:\/\/www.giovenzana.com\/es\/productos\/sistemas-de-elevacion\/finales-de-carrera-de-posicion\/' data-ajax-url='https:\/\/www.giovenzana.com\/es\/?sfid=26363&amp;sf_action=get_data&amp;sf_data=all' data-ajax-form-url='https:\/\/www.giovenzana.com\/es\/?sfid=26363&amp;sf_action=get_data&amp;sf_data=form' data-display-result-method='shortcode' data-use-history-api='1' data-template-loaded='0' data-lang-code='es' data-ajax='1' data-ajax-data-type='json' data-ajax-links-selector='.pagination a' data-ajax-target='#search-filter-results-26363' data-ajax-pagination-type='infinite_scroll' data-show-scroll-loader='1' data-infinite-scroll-container='#risultati' data-infinite-scroll-trigger='-100' data-update-ajax-url='0' data-only-results-ajax='1' data-scroll-to-pos='0' data-init-paged='1' data-auto-update='1' data-auto-count='1' data-auto-count-refresh-mode='1' action='https:\/\/www.giovenzana.com\/es\/productos\/sistemas-de-elevacion\/finales-de-carrera-de-posicion\/' method='post' class='searchandfilter' id='search-filter-form-26363' autocomplete='off' data-instance-count='1'><ul><li class=\"sf-field-search\" data-sf-field-name=\"search\" data-sf-field-type=\"search\" data-sf-field-input-type=\"\">\t\t<label>\n\t\t\t\t   \t\t\t<span class=\"screen-reader-text\">Busca...<\/span><input placeholder=\"Busca...\" name=\"_sf_search[]\" class=\"sf-input-text\" type=\"text\" value=\"\" title=\"Busca...\"><\/label>\t\t<\/li><li class=\"sf-field-taxonomy-series\" data-sf-field-name=\"_sft_series\" data-sf-field-type=\"taxonomy\" data-sf-field-input-type=\"select\" data-sf-combobox=\"1\" data-sf-term-rewrite='[\"https:\\\/\\\/www.giovenzana.com\\\/es\\\/serie\\\/sistemas-de-elevacion\\\/[0]\\\/\"]'><h4>Serie<\/h4>\t\t<label>\n\t\t\t\t   \t\t\t<span class=\"screen-reader-text\">Serie<\/span>\n\t\t\t\t\t\t\t\t<select data-combobox=\"1\" name=\"_sft_series[]\" class=\"sf-input-select\" title=\"Serie\">\n\t\t\t\t\t\t  \t\t\t<option class=\"sf-level-0 sf-item-0 sf-option-active\" selected=\"selected\" data-sf-count=\"0\" data-sf-depth=\"0\" value=\"\">Todas las series<\/option>\n\t\t\t\t\t\t\t\t\t\t\t<option class=\"sf-level-0 sf-item-366\" data-sf-count=\"1\" data-sf-depth=\"0\" value=\"hasy_limit_fcp-es\">FCP&nbsp;&nbsp;(1)<\/option>\n\t\t\t\t\t\t\t\t\t\t\t<option class=\"sf-level-0 sf-item-369\" data-sf-count=\"1\" data-sf-depth=\"0\" value=\"hasy_limit_fcr-es\">FCR&nbsp;&nbsp;(1)<\/option>\n\t\t\t\t\t\t\t\t\t\t\t<option class=\"sf-level-0 sf-item-372\" data-sf-count=\"2\" data-sf-depth=\"0\" value=\"hasy_limit_ffh-es\">FFH&nbsp;&nbsp;(2)<\/option>\n\t\t\t\t\t\t\t\t\t\t\t<\/select><\/label>\t\t\t\t\t\t\t\t\t\t<\/li><\/ul><\/form>[\/vc_column_text]<\/div><div class=\"ult-space\"><\/div><\/div><\/div>[\/vc_column][vc_column width=\u00bb2\/3&#8243; offset=\u00bbvc_col-md-9&#8243;][vc_column_text]<div class=\"search-filter-results\" id=\"search-filter-results-26363\">\t<div class=\"esitoRisu\">\t\t\n\t\tEncontrado 4 resultados\t\n\t\t\t\t\n\t<\/div>\n\n\t \n\n\n\n\n\n\n\n\n\t<div id=\"risultati\">\n\t\t\t\n\t\t<div class=\"vc_column-inner vc_col-xs-6 vc_col-md-4 filter-item\">\n            <div>\n                <a href=\"https:\/\/www.giovenzana.com\/es\/componente\/fcp245\/\">\n                    <img loading=\"lazy\" decoding=\"async\" width=\"250\" height=\"250\" src=\"https:\/\/www.giovenzana.com\/wp-content\/uploads\/FCP-1-300x300.jpg\" class=\"attachment-250x250 size-250x250 wp-post-image\" alt=\"FCP245\" \/>\n\n                                        <span class=\"postProd com \">componente<\/span>\n\n                    <span class=\"titoloProd\">FCP245<\/span>\n\n                    <!--se componente Cam Switches mostrare il mounting-->\n                     \n\n                    <!-- se prodotto \u00e8 nuovo mostrare etichetta -->\n                    \n\n                    <!--<p class=\"riassuntoProd\"><\/p>-->\n                                    <\/a>\n            <\/div>\n        <\/div>\n\t\t\n\t\t\t\t\n\t\t<div class=\"vc_column-inner vc_col-xs-6 vc_col-md-4 filter-item\">\n            <div>\n                <a href=\"https:\/\/www.giovenzana.com\/es\/componente\/fcr\/\">\n                    <img loading=\"lazy\" decoding=\"async\" width=\"250\" height=\"250\" src=\"https:\/\/www.giovenzana.com\/wp-content\/uploads\/FCR-1-300x300.jpg\" class=\"attachment-250x250 size-250x250 wp-post-image\" alt=\"FCR&#8230;\" \/>\n\n                                        <span class=\"postProd com \">componente<\/span>\n\n                    <span class=\"titoloProd\">FCR&#8230;<\/span>\n\n                    <!--se componente Cam Switches mostrare il mounting-->\n                     \n\n                    <!-- se prodotto \u00e8 nuovo mostrare etichetta -->\n                    \n\n                    <!--<p class=\"riassuntoProd\"><\/p>-->\n                                    <\/a>\n            <\/div>\n        <\/div>\n\t\t\n\t\t\t\t\n\t\t<div class=\"vc_column-inner vc_col-xs-6 vc_col-md-4 filter-item\">\n            <div>\n                <a href=\"https:\/\/www.giovenzana.com\/es\/componente\/ffh-2\/\">\n                    <img loading=\"lazy\" decoding=\"async\" width=\"250\" height=\"250\" src=\"https:\/\/www.giovenzana.com\/wp-content\/uploads\/FFH-2-300x300.jpg\" class=\"attachment-250x250 size-250x250 wp-post-image\" alt=\"FFH&#8230;\" \/>\n\n                                        <span class=\"postProd com \">componente<\/span>\n\n                    <span class=\"titoloProd\">FFH&#8230;<\/span>\n\n                    <!--se componente Cam Switches mostrare il mounting-->\n                     \n\n                    <!-- se prodotto \u00e8 nuovo mostrare etichetta -->\n                    \n\n                    <!--<p class=\"riassuntoProd\"><\/p>-->\n                                    <\/a>\n            <\/div>\n        <\/div>\n\t\t\n\t\t\t\t\n\t\t<div class=\"vc_column-inner vc_col-xs-6 vc_col-md-4 filter-item\">\n            <div>\n                <a href=\"https:\/\/www.giovenzana.com\/es\/componente\/ffh\/\">\n                    <img loading=\"lazy\" decoding=\"async\" width=\"250\" height=\"250\" src=\"https:\/\/www.giovenzana.com\/wp-content\/uploads\/FFH-1-300x300.jpg\" class=\"attachment-250x250 size-250x250 wp-post-image\" alt=\"FFH2C-1\" \/>\n\n                                        <span class=\"postProd com \">componente<\/span>\n\n                    <span class=\"titoloProd\">FFH2C-1<\/span>\n\n                    <!--se componente Cam Switches mostrare il mounting-->\n                     \n\n                    <!-- se prodotto \u00e8 nuovo mostrare etichetta -->\n                    \n\n                    <!--<p class=\"riassuntoProd\"><\/p>-->\n                                    <\/a>\n            <\/div>\n        <\/div>\n\t\t\n\t\t\t<\/div>\n\n\n\n\n\n\n\n\n\t\n\n\t<\/div>[\/vc_column_text][\/vc_column][\/vc_row]<\/p>\n<\/div>","protected":false},"excerpt":{"rendered":"<p>[vc_row][vc_column][vc_column_text]Giovenzana ofrece cuatro tipolog\u00edas de finales de carrera de posici\u00f3n, usados en particular en plantas de elevaci\u00f3n industriales y de construcci\u00f3n, en la industria de la automatizaci\u00f3n, en tecnolog\u00edas de etapa, en particular para controlar polipastos, cabrestantes y m\u00e1quinas herramienta. La gama de finales de carrera de posici\u00f3n incluye finales de carrera termopl\u00e1sticos permitiendo una&hellip;<\/p>\n","protected":false},"author":1,"featured_media":0,"parent":12728,"menu_order":3,"comment_status":"closed","ping_status":"closed","template":"page-filtri.php","meta":{"_acf_changed":false,"ngg_post_thumbnail":0,"footnotes":""},"class_list":["post-11638","page","type-page","status-publish","hentry","description-off"],"acf":[],"yoast_head":"<!-- This site is optimized with the Yoast SEO plugin v24.4 - https:\/\/yoast.com\/wordpress\/plugins\/seo\/ -->\n<title>FINALES DE CARRERA DE POSICI\u00d3N &#8211; Giovenzana<\/title>\n<meta name=\"robots\" content=\"index, follow, max-snippet:-1, max-image-preview:large, max-video-preview:-1\" \/>\n<link rel=\"canonical\" href=\"https:\/\/www.giovenzana.com\/es\/productos\/sistemas-de-elevacion\/finales-de-carrera-de-posicion\/\" \/>\n<meta property=\"og:locale\" content=\"es_ES\" \/>\n<meta property=\"og:type\" content=\"article\" \/>\n<meta property=\"og:title\" content=\"FINALES DE CARRERA DE POSICI\u00d3N &#8211; Giovenzana\" \/>\n<meta property=\"og:description\" content=\"[vc_row][vc_column][vc_column_text]Giovenzana ofrece cuatro tipolog\u00edas de finales de carrera de posici\u00f3n, usados en particular en plantas de elevaci\u00f3n industriales y de construcci\u00f3n, en la industria de la automatizaci\u00f3n, en tecnolog\u00edas de etapa, en particular para controlar polipastos, cabrestantes y m\u00e1quinas herramienta. La gama de finales de carrera de posici\u00f3n incluye finales de carrera termopl\u00e1sticos permitiendo una&hellip;\" \/>\n<meta property=\"og:url\" content=\"https:\/\/www.giovenzana.com\/es\/productos\/sistemas-de-elevacion\/finales-de-carrera-de-posicion\/\" \/>\n<meta property=\"og:site_name\" content=\"Giovenzana\" \/>\n<meta property=\"article:publisher\" content=\"https:\/\/www.facebook.com\/giovenzanainternational\" \/>\n<meta property=\"article:modified_time\" content=\"2023-01-20T08:59:54+00:00\" \/>\n<meta name=\"twitter:card\" content=\"summary_large_image\" \/>\n<meta name=\"twitter:label1\" content=\"Tiempo de lectura\" \/>\n\t<meta name=\"twitter:data1\" content=\"1 minuto\" \/>\n<script type=\"application\/ld+json\" class=\"yoast-schema-graph\">{\"@context\":\"https:\/\/schema.org\",\"@graph\":[{\"@type\":\"WebPage\",\"@id\":\"https:\/\/www.giovenzana.com\/es\/productos\/sistemas-de-elevacion\/finales-de-carrera-de-posicion\/\",\"url\":\"https:\/\/www.giovenzana.com\/es\/productos\/sistemas-de-elevacion\/finales-de-carrera-de-posicion\/\",\"name\":\"FINALES DE CARRERA DE POSICI\u00d3N &#8211; Giovenzana\",\"isPartOf\":{\"@id\":\"https:\/\/www.giovenzana.com\/es\/#website\"},\"datePublished\":\"2020-03-02T16:37:47+00:00\",\"dateModified\":\"2023-01-20T08:59:54+00:00\",\"breadcrumb\":{\"@id\":\"https:\/\/www.giovenzana.com\/es\/productos\/sistemas-de-elevacion\/finales-de-carrera-de-posicion\/#breadcrumb\"},\"inLanguage\":\"es\",\"potentialAction\":[{\"@type\":\"ReadAction\",\"target\":[\"https:\/\/www.giovenzana.com\/es\/productos\/sistemas-de-elevacion\/finales-de-carrera-de-posicion\/\"]}]},{\"@type\":\"BreadcrumbList\",\"@id\":\"https:\/\/www.giovenzana.com\/es\/productos\/sistemas-de-elevacion\/finales-de-carrera-de-posicion\/#breadcrumb\",\"itemListElement\":[{\"@type\":\"ListItem\",\"position\":1,\"name\":\"Home\",\"item\":\"https:\/\/www.giovenzana.com\/es\/\"},{\"@type\":\"ListItem\",\"position\":2,\"name\":\"Productos\",\"item\":\"https:\/\/www.giovenzana.com\/es\/productos\/\"},{\"@type\":\"ListItem\",\"position\":3,\"name\":\"ELEVACI\u00d3N\",\"item\":\"https:\/\/www.giovenzana.com\/es\/productos\/sistemas-de-elevacion\/\"},{\"@type\":\"ListItem\",\"position\":4,\"name\":\"FINALES DE CARRERA DE POSICI\u00d3N\"}]},{\"@type\":\"WebSite\",\"@id\":\"https:\/\/www.giovenzana.com\/es\/#website\",\"url\":\"https:\/\/www.giovenzana.com\/es\/\",\"name\":\"Giovenzana\",\"description\":\"Piccoli oggetti d\u2019arte di grande tecnologia\",\"publisher\":{\"@id\":\"https:\/\/www.giovenzana.com\/es\/#organization\"},\"potentialAction\":[{\"@type\":\"SearchAction\",\"target\":{\"@type\":\"EntryPoint\",\"urlTemplate\":\"https:\/\/www.giovenzana.com\/es\/?s={search_term_string}\"},\"query-input\":{\"@type\":\"PropertyValueSpecification\",\"valueRequired\":true,\"valueName\":\"search_term_string\"}}],\"inLanguage\":\"es\"},{\"@type\":\"Organization\",\"@id\":\"https:\/\/www.giovenzana.com\/es\/#organization\",\"name\":\"Giovenzana International B.V.\",\"url\":\"https:\/\/www.giovenzana.com\/es\/\",\"logo\":{\"@type\":\"ImageObject\",\"inLanguage\":\"es\",\"@id\":\"https:\/\/www.giovenzana.com\/es\/#\/schema\/logo\/image\/\",\"url\":\"https:\/\/www.giovenzana.com\/wp-content\/uploads\/logo-giovenzana-international.png\",\"contentUrl\":\"https:\/\/www.giovenzana.com\/wp-content\/uploads\/logo-giovenzana-international.png\",\"width\":301,\"height\":98,\"caption\":\"Giovenzana International B.V.\"},\"image\":{\"@id\":\"https:\/\/www.giovenzana.com\/es\/#\/schema\/logo\/image\/\"},\"sameAs\":[\"https:\/\/www.facebook.com\/giovenzanainternational\",\"https:\/\/www.linkedin.com\/company\/giovenzanainternational\",\"https:\/\/www.youtube.com\/channel\/UCN-H9aOP26hpeo4zqxpGTxw\"]}]}<\/script>\n<!-- \/ Yoast SEO plugin. -->","yoast_head_json":{"title":"FINALES DE CARRERA DE POSICI\u00d3N &#8211; Giovenzana","robots":{"index":"index","follow":"follow","max-snippet":"max-snippet:-1","max-image-preview":"max-image-preview:large","max-video-preview":"max-video-preview:-1"},"canonical":"https:\/\/www.giovenzana.com\/es\/productos\/sistemas-de-elevacion\/finales-de-carrera-de-posicion\/","og_locale":"es_ES","og_type":"article","og_title":"FINALES DE CARRERA DE POSICI\u00d3N &#8211; Giovenzana","og_description":"[vc_row][vc_column][vc_column_text]Giovenzana ofrece cuatro tipolog\u00edas de finales de carrera de posici\u00f3n, usados en particular en plantas de elevaci\u00f3n industriales y de construcci\u00f3n, en la industria de la automatizaci\u00f3n, en tecnolog\u00edas de etapa, en particular para controlar polipastos, cabrestantes y m\u00e1quinas herramienta. La gama de finales de carrera de posici\u00f3n incluye finales de carrera termopl\u00e1sticos permitiendo una&hellip;","og_url":"https:\/\/www.giovenzana.com\/es\/productos\/sistemas-de-elevacion\/finales-de-carrera-de-posicion\/","og_site_name":"Giovenzana","article_publisher":"https:\/\/www.facebook.com\/giovenzanainternational","article_modified_time":"2023-01-20T08:59:54+00:00","twitter_card":"summary_large_image","twitter_misc":{"Tiempo de lectura":"1 minuto"},"schema":{"@context":"https:\/\/schema.org","@graph":[{"@type":"WebPage","@id":"https:\/\/www.giovenzana.com\/es\/productos\/sistemas-de-elevacion\/finales-de-carrera-de-posicion\/","url":"https:\/\/www.giovenzana.com\/es\/productos\/sistemas-de-elevacion\/finales-de-carrera-de-posicion\/","name":"FINALES DE CARRERA DE POSICI\u00d3N &#8211; Giovenzana","isPartOf":{"@id":"https:\/\/www.giovenzana.com\/es\/#website"},"datePublished":"2020-03-02T16:37:47+00:00","dateModified":"2023-01-20T08:59:54+00:00","breadcrumb":{"@id":"https:\/\/www.giovenzana.com\/es\/productos\/sistemas-de-elevacion\/finales-de-carrera-de-posicion\/#breadcrumb"},"inLanguage":"es","potentialAction":[{"@type":"ReadAction","target":["https:\/\/www.giovenzana.com\/es\/productos\/sistemas-de-elevacion\/finales-de-carrera-de-posicion\/"]}]},{"@type":"BreadcrumbList","@id":"https:\/\/www.giovenzana.com\/es\/productos\/sistemas-de-elevacion\/finales-de-carrera-de-posicion\/#breadcrumb","itemListElement":[{"@type":"ListItem","position":1,"name":"Home","item":"https:\/\/www.giovenzana.com\/es\/"},{"@type":"ListItem","position":2,"name":"Productos","item":"https:\/\/www.giovenzana.com\/es\/productos\/"},{"@type":"ListItem","position":3,"name":"ELEVACI\u00d3N","item":"https:\/\/www.giovenzana.com\/es\/productos\/sistemas-de-elevacion\/"},{"@type":"ListItem","position":4,"name":"FINALES DE CARRERA DE POSICI\u00d3N"}]},{"@type":"WebSite","@id":"https:\/\/www.giovenzana.com\/es\/#website","url":"https:\/\/www.giovenzana.com\/es\/","name":"Giovenzana","description":"Piccoli oggetti d\u2019arte di grande tecnologia","publisher":{"@id":"https:\/\/www.giovenzana.com\/es\/#organization"},"potentialAction":[{"@type":"SearchAction","target":{"@type":"EntryPoint","urlTemplate":"https:\/\/www.giovenzana.com\/es\/?s={search_term_string}"},"query-input":{"@type":"PropertyValueSpecification","valueRequired":true,"valueName":"search_term_string"}}],"inLanguage":"es"},{"@type":"Organization","@id":"https:\/\/www.giovenzana.com\/es\/#organization","name":"Giovenzana International B.V.","url":"https:\/\/www.giovenzana.com\/es\/","logo":{"@type":"ImageObject","inLanguage":"es","@id":"https:\/\/www.giovenzana.com\/es\/#\/schema\/logo\/image\/","url":"https:\/\/www.giovenzana.com\/wp-content\/uploads\/logo-giovenzana-international.png","contentUrl":"https:\/\/www.giovenzana.com\/wp-content\/uploads\/logo-giovenzana-international.png","width":301,"height":98,"caption":"Giovenzana International B.V."},"image":{"@id":"https:\/\/www.giovenzana.com\/es\/#\/schema\/logo\/image\/"},"sameAs":["https:\/\/www.facebook.com\/giovenzanainternational","https:\/\/www.linkedin.com\/company\/giovenzanainternational","https:\/\/www.youtube.com\/channel\/UCN-H9aOP26hpeo4zqxpGTxw"]}]}},"_links":{"self":[{"href":"https:\/\/www.giovenzana.com\/es\/wp-json\/wp\/v2\/pages\/11638","targetHints":{"allow":["GET"]}}],"collection":[{"href":"https:\/\/www.giovenzana.com\/es\/wp-json\/wp\/v2\/pages"}],"about":[{"href":"https:\/\/www.giovenzana.com\/es\/wp-json\/wp\/v2\/types\/page"}],"author":[{"embeddable":true,"href":"https:\/\/www.giovenzana.com\/es\/wp-json\/wp\/v2\/users\/1"}],"replies":[{"embeddable":true,"href":"https:\/\/www.giovenzana.com\/es\/wp-json\/wp\/v2\/comments?post=11638"}],"version-history":[{"count":4,"href":"https:\/\/www.giovenzana.com\/es\/wp-json\/wp\/v2\/pages\/11638\/revisions"}],"predecessor-version":[{"id":46343,"href":"https:\/\/www.giovenzana.com\/es\/wp-json\/wp\/v2\/pages\/11638\/revisions\/46343"}],"up":[{"embeddable":true,"href":"https:\/\/www.giovenzana.com\/es\/wp-json\/wp\/v2\/pages\/12728"}],"wp:attachment":[{"href":"https:\/\/www.giovenzana.com\/es\/wp-json\/wp\/v2\/media?parent=11638"}],"curies":[{"name":"wp","href":"https:\/\/api.w.org\/{rel}","templated":true}]}}