{"id":12460,"date":"2019-07-19T12:16:26","date_gmt":"2019-07-19T10:16:26","guid":{"rendered":"https:\/\/www.giovenzana.com\/envolventes-regolus-ex\/"},"modified":"2023-01-20T10:12:03","modified_gmt":"2023-01-20T09:12:03","slug":"envolventes-regolus-ex","status":"publish","type":"page","link":"https:\/\/www.giovenzana.com\/es\/productos\/atex-iecex\/envolventes-regolus-ex\/","title":{"rendered":"ENVOLVENTES REGOLUS Ex"},"content":{"rendered":"<div class=\"wpb-content-wrapper\"><p>[vc_row][vc_column][vc_column_text]<strong>ATEX y IECEx: Envolventes Regolus Ex<\/strong><br \/>\nEquipos para atm\u00f3sferas potencialmente explosivas.<\/p>\n<p><strong>| II 2G Ex e IIC Gb &#8211; II 2D Ex tb IIIC Db | Zona 1-2-21-22 (Gas y Polvo) | Tamb = -60\u00b0C \/+150\u00b0C | IP65 |<\/strong><\/p>\n<p>Las nuevas Envolventes Regolus Ex son cajas realizadas en aleaci\u00f3n de aluminio para uso en ambientes con riesgo de explosi\u00f3n seg\u00fan la Directiva ATEX 2014\/34\/EU. Estas envolventes deben ser consideradas como componentes. Los componentes requieren una certificaci\u00f3n \/ declaraci\u00f3n posterior por el usuario.<br \/>\nLa tapa se fija al fondo con tornillos de acero inoxidable, la impermeabilidad se asegura con una junta de silicona que permite mantener un grado de protecci\u00f3n IP65. Los contenedores est\u00e1n provistos con diferentes versiones dependiendo del tama\u00f1o de la caja met\u00e1lica (y, por tanto, de la energ\u00eda m\u00e1xima que puede ser disipada) y las varias coloraciones.<br \/>\nLa marca ATEX (ATm\u00f3sferas EXplosivas) hace referencia a dos directivas europeas relativas al riesgo de deflagraci\u00f3n en atm\u00f3sferas potencialmente explosivas.<\/p>\n<p><strong>\u00c1REA DE CLASIFICACI\u00d3N \u201cGas\u201d:<\/strong><br \/>\n<strong>Zona 1<\/strong>: lugar en el cual una atm\u00f3sfera explosiva consistente en una mezcla de aire con sustancias inflamables en forma de gas, vapor o niebla es probablemente presente durante la operaci\u00f3n normal.<br \/>\n<strong>Zona 2<\/strong>: lugar en el cual una atm\u00f3sfera explosiva consistente en una mezcla de aire con sustancias inflamables en forma de gas, vapor o niebla no es probablemente presente durante la operaci\u00f3n normal, pero si ocurre, persistir\u00e1 s\u00f3lo durante un breve per\u00edodo de tiempo.<\/p>\n<p><strong>\u00c1REA DE CLASIFICACI\u00d3N \u201cPolvo\u201d:<\/strong><br \/>\n<strong>Zona 21<\/strong>: \u00e1rea en la cual una atm\u00f3sfera explosiva en forma de nube de polvo combustible en el aire es probablemente presente durante la operaci\u00f3n normal.<br \/>\n<strong>Zona 22<\/strong>: \u00e1rea en la cual una atm\u00f3sfera explosiva en forma de nube de polvo combustible en el aire no es probablemente presente durante la operaci\u00f3n normal, pero si ocurre, persistir\u00e1 s\u00f3lo durante un breve per\u00edodo de tiempo.<\/p>\n<p><strong>TIPO DE PROTECCI\u00d3N<\/strong><br \/>\nSeguridad aumentada (Ex \u201ce\u201d)<br \/>\nProtecci\u00f3n por envolventes (Ex \u201ctb\u201d)<br \/>\n<strong>MARCADO<\/strong><br \/>\nEx e Gb II 2G &#8211; Ex tb IIIC Db en cumplimiento con IEC 60079-0, 60079-31, 60079-7.<br \/>\n<strong>PRINCIPIO<\/strong><br \/>\nMedidas adicionales proporcionan un nivel m\u00e1s elevado de protecci\u00f3n. Esto garantiza una mayor seguridad contra la posibilidad que la instalaci\u00f3n no produzca arcos, chispas o temperaturas excesivas durante el funcionamiento normal o en condiciones an\u00f3malas, tanto en la parte interna como externa del equipo.<br \/>\n<strong>PAR\u00c1METROS DE DISE\u00d1O<\/strong><\/p>\n<ul>\n<li>Para las partes en tensi\u00f3n, sin aislamiento, se aplican requisitos de protecci\u00f3n especiales.<\/li>\n<li>Las brechas de aire y de fuga se ampl\u00edan m\u00e1s de lo que generalmente se aplica en la industria. Condiciones especiales se aplican al grado de protecci\u00f3n IP al que se adhiere.<\/li>\n<li>Para bobinados, resistencias mec\u00e1nicas y aislantes, se aplican requisitos m\u00e1s elevados y los bobinados deben ser protegidos de un aumento de la temperatura.<\/li>\n<li>Se estipulan secciones m\u00ednimas para el bobinado de los cables, la impregnaci\u00f3n y el refuerzo de las bobinas y para los aparatos de control t\u00e9rmico.<\/li>\n<\/ul>\n<p><strong>APLICACIONES<\/strong><br \/>\nEquipos de instalaci\u00f3n como cajas de conexi\u00f3n, cuadros de conexi\u00f3n para sistemas de calefacci\u00f3n, bater\u00edas, transformadores, balastos y motores.[\/vc_column_text][vc_empty_space height=\u00bb20px\u00bb][\/vc_column][\/vc_row][vc_row equal_height=\u00bbyes\u00bb content_placement=\u00bbtop\u00bb][vc_column width=\u00bb1\/3&#8243; el_id=\u00bbsidebar-filtri\u00bb offset=\u00bbvc_col-md-3&#8243;]<div class=\"ult_row_spacer\"><div class=\"ult-sticky-anchor\"><div class=\"ult-sticky-section ult-sticky \"  data-gutter= '150' data-stick_behaviour= 'stick_with_scroll'  data-sticky_position= 'top' data-mobile='no' data-support='no'>[vc_column_text]<form data-sf-form-id='26346' data-is-rtl='0' data-maintain-state='' data-results-url='https:\/\/www.giovenzana.com\/es\/productos\/atex-iecex\/envolventes-regolus-ex\/' data-ajax-url='https:\/\/www.giovenzana.com\/es\/?sfid=26346&amp;sf_action=get_data&amp;sf_data=all' data-ajax-form-url='https:\/\/www.giovenzana.com\/es\/?sfid=26346&amp;sf_action=get_data&amp;sf_data=form' data-display-result-method='shortcode' data-use-history-api='1' data-template-loaded='0' data-lang-code='es' data-ajax='1' data-ajax-data-type='json' data-ajax-links-selector='.pagination a' data-ajax-target='#search-filter-results-26346' data-ajax-pagination-type='infinite_scroll' data-show-scroll-loader='1' data-infinite-scroll-container='#risultati' data-infinite-scroll-trigger='-100' data-update-ajax-url='0' data-only-results-ajax='1' data-scroll-to-pos='0' data-init-paged='1' data-auto-update='1' data-auto-count='1' data-auto-count-refresh-mode='1' action='https:\/\/www.giovenzana.com\/es\/productos\/atex-iecex\/envolventes-regolus-ex\/' method='post' class='searchandfilter' id='search-filter-form-26346' autocomplete='off' data-instance-count='1'><ul><li class=\"sf-field-search\" data-sf-field-name=\"search\" data-sf-field-type=\"search\" data-sf-field-input-type=\"\">\t\t<label>\n\t\t\t\t   \t\t\t<span class=\"screen-reader-text\">Busca...<\/span><input placeholder=\"Busca...\" name=\"_sf_search[]\" class=\"sf-input-text\" type=\"text\" value=\"\" title=\"Busca...\"><\/label>\t\t<\/li><\/ul><\/form>[\/vc_column_text]<\/div><div class=\"ult-space\"><\/div><\/div><\/div>[\/vc_column][vc_column width=\u00bb2\/3&#8243; offset=\u00bbvc_col-md-9&#8243;][vc_column_text]<div class=\"search-filter-results\" id=\"search-filter-results-26346\">\t<div class=\"esitoRisu\">\t\t\n\t\tEncontrado 4 resultados\t\n\t\t\t\t\n\t<\/div>\n\n\t \n\n\n\n\n\n\n\n\n\t<div id=\"risultati\">\n\t\t\t\n\t\t<div class=\"vc_column-inner vc_col-xs-6 vc_col-md-4 filter-item\">\n            <div>\n                <a href=\"https:\/\/www.giovenzana.com\/es\/componente\/bna-8ngex\/\">\n                    <img loading=\"lazy\" decoding=\"async\" width=\"250\" height=\"250\" src=\"https:\/\/www.giovenzana.com\/wp-content\/uploads\/BNA_8NGEX-300x300.jpg\" class=\"attachment-250x250 size-250x250 wp-post-image\" alt=\"BNA\/8NGEX\" \/>\n\n                                        <span class=\"postProd com \">componente<\/span>\n\n                    <span class=\"titoloProd\">BNA\/8NGEX<\/span>\n\n                    <!--se componente Cam Switches mostrare il mounting-->\n                     \n\n                    <!-- se prodotto \u00e8 nuovo mostrare etichetta -->\n                    \n\n                    <!--<p class=\"riassuntoProd\"><\/p>-->\n                                    <\/a>\n            <\/div>\n        <\/div>\n\t\t\n\t\t\t\t\n\t\t<div class=\"vc_column-inner vc_col-xs-6 vc_col-md-4 filter-item\">\n            <div>\n                <a href=\"https:\/\/www.giovenzana.com\/es\/componente\/bna-8nyex\/\">\n                    <img loading=\"lazy\" decoding=\"async\" width=\"250\" height=\"250\" src=\"https:\/\/www.giovenzana.com\/wp-content\/uploads\/BNA_8NYEX-300x300.jpg\" class=\"attachment-250x250 size-250x250 wp-post-image\" alt=\"BNA\/8NYEX\" \/>\n\n                                        <span class=\"postProd com \">componente<\/span>\n\n                    <span class=\"titoloProd\">BNA\/8NYEX<\/span>\n\n                    <!--se componente Cam Switches mostrare il mounting-->\n                     \n\n                    <!-- se prodotto \u00e8 nuovo mostrare etichetta -->\n                    \n\n                    <!--<p class=\"riassuntoProd\"><\/p>-->\n                                    <\/a>\n            <\/div>\n        <\/div>\n\t\t\n\t\t\t\t\n\t\t<div class=\"vc_column-inner vc_col-xs-6 vc_col-md-4 filter-item\">\n            <div>\n                <a href=\"https:\/\/www.giovenzana.com\/es\/componente\/bnb-8ngex\/\">\n                    <img loading=\"lazy\" decoding=\"async\" width=\"250\" height=\"250\" src=\"https:\/\/www.giovenzana.com\/wp-content\/uploads\/BNB_8NGEX-300x300.jpg\" class=\"attachment-250x250 size-250x250 wp-post-image\" alt=\"BNB\/8NGEX\" \/>\n\n                                        <span class=\"postProd com \">componente<\/span>\n\n                    <span class=\"titoloProd\">BNB\/8NGEX<\/span>\n\n                    <!--se componente Cam Switches mostrare il mounting-->\n                     \n\n                    <!-- se prodotto \u00e8 nuovo mostrare etichetta -->\n                    \n\n                    <!--<p class=\"riassuntoProd\"><\/p>-->\n                                    <\/a>\n            <\/div>\n        <\/div>\n\t\t\n\t\t\t\t\n\t\t<div class=\"vc_column-inner vc_col-xs-6 vc_col-md-4 filter-item\">\n            <div>\n                <a href=\"https:\/\/www.giovenzana.com\/es\/componente\/bnb-8nyex\/\">\n                    <img loading=\"lazy\" decoding=\"async\" width=\"250\" height=\"250\" src=\"https:\/\/www.giovenzana.com\/wp-content\/uploads\/BNB_8NYEX-300x300.jpg\" class=\"attachment-250x250 size-250x250 wp-post-image\" alt=\"BNB\/8NYEX\" \/>\n\n                                        <span class=\"postProd com \">componente<\/span>\n\n                    <span class=\"titoloProd\">BNB\/8NYEX<\/span>\n\n                    <!--se componente Cam Switches mostrare il mounting-->\n                     \n\n                    <!-- se prodotto \u00e8 nuovo mostrare etichetta -->\n                    \n\n                    <!--<p class=\"riassuntoProd\"><\/p>-->\n                                    <\/a>\n            <\/div>\n        <\/div>\n\t\t\n\t\t\t<\/div>\n\n\n\n\n\n\n\n\n\t\n\n\t<\/div>[\/vc_column_text][\/vc_column][\/vc_row]<\/p>\n<\/div>","protected":false},"excerpt":{"rendered":"<p>[vc_row][vc_column][vc_column_text]ATEX y IECEx: Envolventes Regolus Ex Equipos para atm\u00f3sferas potencialmente explosivas. | II 2G Ex e IIC Gb &#8211; II 2D Ex tb IIIC Db | Zona 1-2-21-22 (Gas y Polvo) | Tamb = -60\u00b0C \/+150\u00b0C | IP65 | Las nuevas Envolventes Regolus Ex son cajas realizadas en aleaci\u00f3n de aluminio para uso en ambientes&hellip;<\/p>\n","protected":false},"author":1,"featured_media":12734,"parent":12732,"menu_order":2,"comment_status":"closed","ping_status":"closed","template":"page-filtri.php","meta":{"_acf_changed":false,"ngg_post_thumbnail":0,"footnotes":""},"class_list":["post-12460","page","type-page","status-publish","has-post-thumbnail","hentry","description-off"],"acf":[],"yoast_head":"<!-- This site is optimized with the Yoast SEO plugin v24.4 - https:\/\/yoast.com\/wordpress\/plugins\/seo\/ -->\n<title>ENVOLVENTES REGOLUS Ex &#8211; Giovenzana<\/title>\n<meta name=\"robots\" content=\"index, follow, max-snippet:-1, max-image-preview:large, max-video-preview:-1\" \/>\n<link rel=\"canonical\" href=\"https:\/\/www.giovenzana.com\/es\/productos\/atex-iecex\/envolventes-regolus-ex\/\" \/>\n<meta property=\"og:locale\" content=\"es_ES\" \/>\n<meta property=\"og:type\" content=\"article\" \/>\n<meta property=\"og:title\" content=\"ENVOLVENTES REGOLUS Ex &#8211; Giovenzana\" \/>\n<meta property=\"og:description\" content=\"[vc_row][vc_column][vc_column_text]ATEX y IECEx: Envolventes Regolus Ex Equipos para atm\u00f3sferas potencialmente explosivas. | II 2G Ex e IIC Gb &#8211; II 2D Ex tb IIIC Db | Zona 1-2-21-22 (Gas y Polvo) | Tamb = -60\u00b0C \/+150\u00b0C | IP65 | Las nuevas Envolventes Regolus Ex son cajas realizadas en aleaci\u00f3n de aluminio para uso en ambientes&hellip;\" \/>\n<meta property=\"og:url\" content=\"https:\/\/www.giovenzana.com\/es\/productos\/atex-iecex\/envolventes-regolus-ex\/\" \/>\n<meta property=\"og:site_name\" content=\"Giovenzana\" \/>\n<meta property=\"article:publisher\" content=\"https:\/\/www.facebook.com\/giovenzanainternational\" \/>\n<meta property=\"article:modified_time\" content=\"2023-01-20T09:12:03+00:00\" \/>\n<meta property=\"og:image\" content=\"https:\/\/www.giovenzana.com\/wp-content\/uploads\/Atex_Cover.jpg\" \/>\n\t<meta property=\"og:image:width\" content=\"1700\" \/>\n\t<meta property=\"og:image:height\" content=\"200\" \/>\n\t<meta property=\"og:image:type\" content=\"image\/jpeg\" \/>\n<meta name=\"twitter:card\" content=\"summary_large_image\" \/>\n<meta name=\"twitter:label1\" content=\"Tiempo de lectura\" \/>\n\t<meta name=\"twitter:data1\" content=\"3 minutos\" \/>\n<script type=\"application\/ld+json\" class=\"yoast-schema-graph\">{\"@context\":\"https:\/\/schema.org\",\"@graph\":[{\"@type\":\"WebPage\",\"@id\":\"https:\/\/www.giovenzana.com\/es\/productos\/atex-iecex\/envolventes-regolus-ex\/\",\"url\":\"https:\/\/www.giovenzana.com\/es\/productos\/atex-iecex\/envolventes-regolus-ex\/\",\"name\":\"ENVOLVENTES REGOLUS Ex &#8211; Giovenzana\",\"isPartOf\":{\"@id\":\"https:\/\/www.giovenzana.com\/es\/#website\"},\"primaryImageOfPage\":{\"@id\":\"https:\/\/www.giovenzana.com\/es\/productos\/atex-iecex\/envolventes-regolus-ex\/#primaryimage\"},\"image\":{\"@id\":\"https:\/\/www.giovenzana.com\/es\/productos\/atex-iecex\/envolventes-regolus-ex\/#primaryimage\"},\"thumbnailUrl\":\"https:\/\/www.giovenzana.com\/wp-content\/uploads\/Atex_Cover.jpg\",\"datePublished\":\"2019-07-19T10:16:26+00:00\",\"dateModified\":\"2023-01-20T09:12:03+00:00\",\"breadcrumb\":{\"@id\":\"https:\/\/www.giovenzana.com\/es\/productos\/atex-iecex\/envolventes-regolus-ex\/#breadcrumb\"},\"inLanguage\":\"es\",\"potentialAction\":[{\"@type\":\"ReadAction\",\"target\":[\"https:\/\/www.giovenzana.com\/es\/productos\/atex-iecex\/envolventes-regolus-ex\/\"]}]},{\"@type\":\"ImageObject\",\"inLanguage\":\"es\",\"@id\":\"https:\/\/www.giovenzana.com\/es\/productos\/atex-iecex\/envolventes-regolus-ex\/#primaryimage\",\"url\":\"https:\/\/www.giovenzana.com\/wp-content\/uploads\/Atex_Cover.jpg\",\"contentUrl\":\"https:\/\/www.giovenzana.com\/wp-content\/uploads\/Atex_Cover.jpg\",\"width\":1700,\"height\":200,\"caption\":\"Giovenzana Cover Atex\"},{\"@type\":\"BreadcrumbList\",\"@id\":\"https:\/\/www.giovenzana.com\/es\/productos\/atex-iecex\/envolventes-regolus-ex\/#breadcrumb\",\"itemListElement\":[{\"@type\":\"ListItem\",\"position\":1,\"name\":\"Home\",\"item\":\"https:\/\/www.giovenzana.com\/es\/\"},{\"@type\":\"ListItem\",\"position\":2,\"name\":\"Productos\",\"item\":\"https:\/\/www.giovenzana.com\/es\/productos\/\"},{\"@type\":\"ListItem\",\"position\":3,\"name\":\"ATEX y IECEx\",\"item\":\"https:\/\/www.giovenzana.com\/es\/productos\/atex-iecex\/\"},{\"@type\":\"ListItem\",\"position\":4,\"name\":\"ENVOLVENTES REGOLUS Ex\"}]},{\"@type\":\"WebSite\",\"@id\":\"https:\/\/www.giovenzana.com\/es\/#website\",\"url\":\"https:\/\/www.giovenzana.com\/es\/\",\"name\":\"Giovenzana\",\"description\":\"Piccoli oggetti d\u2019arte di grande tecnologia\",\"publisher\":{\"@id\":\"https:\/\/www.giovenzana.com\/es\/#organization\"},\"potentialAction\":[{\"@type\":\"SearchAction\",\"target\":{\"@type\":\"EntryPoint\",\"urlTemplate\":\"https:\/\/www.giovenzana.com\/es\/?s={search_term_string}\"},\"query-input\":{\"@type\":\"PropertyValueSpecification\",\"valueRequired\":true,\"valueName\":\"search_term_string\"}}],\"inLanguage\":\"es\"},{\"@type\":\"Organization\",\"@id\":\"https:\/\/www.giovenzana.com\/es\/#organization\",\"name\":\"Giovenzana International B.V.\",\"url\":\"https:\/\/www.giovenzana.com\/es\/\",\"logo\":{\"@type\":\"ImageObject\",\"inLanguage\":\"es\",\"@id\":\"https:\/\/www.giovenzana.com\/es\/#\/schema\/logo\/image\/\",\"url\":\"https:\/\/www.giovenzana.com\/wp-content\/uploads\/logo-giovenzana-international.png\",\"contentUrl\":\"https:\/\/www.giovenzana.com\/wp-content\/uploads\/logo-giovenzana-international.png\",\"width\":301,\"height\":98,\"caption\":\"Giovenzana International B.V.\"},\"image\":{\"@id\":\"https:\/\/www.giovenzana.com\/es\/#\/schema\/logo\/image\/\"},\"sameAs\":[\"https:\/\/www.facebook.com\/giovenzanainternational\",\"https:\/\/www.linkedin.com\/company\/giovenzanainternational\",\"https:\/\/www.youtube.com\/channel\/UCN-H9aOP26hpeo4zqxpGTxw\"]}]}<\/script>\n<!-- \/ Yoast SEO plugin. -->","yoast_head_json":{"title":"ENVOLVENTES REGOLUS Ex &#8211; Giovenzana","robots":{"index":"index","follow":"follow","max-snippet":"max-snippet:-1","max-image-preview":"max-image-preview:large","max-video-preview":"max-video-preview:-1"},"canonical":"https:\/\/www.giovenzana.com\/es\/productos\/atex-iecex\/envolventes-regolus-ex\/","og_locale":"es_ES","og_type":"article","og_title":"ENVOLVENTES REGOLUS Ex &#8211; Giovenzana","og_description":"[vc_row][vc_column][vc_column_text]ATEX y IECEx: Envolventes Regolus Ex Equipos para atm\u00f3sferas potencialmente explosivas. | II 2G Ex e IIC Gb &#8211; II 2D Ex tb IIIC Db | Zona 1-2-21-22 (Gas y Polvo) | Tamb = -60\u00b0C \/+150\u00b0C | IP65 | Las nuevas Envolventes Regolus Ex son cajas realizadas en aleaci\u00f3n de aluminio para uso en ambientes&hellip;","og_url":"https:\/\/www.giovenzana.com\/es\/productos\/atex-iecex\/envolventes-regolus-ex\/","og_site_name":"Giovenzana","article_publisher":"https:\/\/www.facebook.com\/giovenzanainternational","article_modified_time":"2023-01-20T09:12:03+00:00","og_image":[{"width":1700,"height":200,"url":"https:\/\/www.giovenzana.com\/wp-content\/uploads\/Atex_Cover.jpg","type":"image\/jpeg"}],"twitter_card":"summary_large_image","twitter_misc":{"Tiempo de lectura":"3 minutos"},"schema":{"@context":"https:\/\/schema.org","@graph":[{"@type":"WebPage","@id":"https:\/\/www.giovenzana.com\/es\/productos\/atex-iecex\/envolventes-regolus-ex\/","url":"https:\/\/www.giovenzana.com\/es\/productos\/atex-iecex\/envolventes-regolus-ex\/","name":"ENVOLVENTES REGOLUS Ex &#8211; Giovenzana","isPartOf":{"@id":"https:\/\/www.giovenzana.com\/es\/#website"},"primaryImageOfPage":{"@id":"https:\/\/www.giovenzana.com\/es\/productos\/atex-iecex\/envolventes-regolus-ex\/#primaryimage"},"image":{"@id":"https:\/\/www.giovenzana.com\/es\/productos\/atex-iecex\/envolventes-regolus-ex\/#primaryimage"},"thumbnailUrl":"https:\/\/www.giovenzana.com\/wp-content\/uploads\/Atex_Cover.jpg","datePublished":"2019-07-19T10:16:26+00:00","dateModified":"2023-01-20T09:12:03+00:00","breadcrumb":{"@id":"https:\/\/www.giovenzana.com\/es\/productos\/atex-iecex\/envolventes-regolus-ex\/#breadcrumb"},"inLanguage":"es","potentialAction":[{"@type":"ReadAction","target":["https:\/\/www.giovenzana.com\/es\/productos\/atex-iecex\/envolventes-regolus-ex\/"]}]},{"@type":"ImageObject","inLanguage":"es","@id":"https:\/\/www.giovenzana.com\/es\/productos\/atex-iecex\/envolventes-regolus-ex\/#primaryimage","url":"https:\/\/www.giovenzana.com\/wp-content\/uploads\/Atex_Cover.jpg","contentUrl":"https:\/\/www.giovenzana.com\/wp-content\/uploads\/Atex_Cover.jpg","width":1700,"height":200,"caption":"Giovenzana Cover Atex"},{"@type":"BreadcrumbList","@id":"https:\/\/www.giovenzana.com\/es\/productos\/atex-iecex\/envolventes-regolus-ex\/#breadcrumb","itemListElement":[{"@type":"ListItem","position":1,"name":"Home","item":"https:\/\/www.giovenzana.com\/es\/"},{"@type":"ListItem","position":2,"name":"Productos","item":"https:\/\/www.giovenzana.com\/es\/productos\/"},{"@type":"ListItem","position":3,"name":"ATEX y IECEx","item":"https:\/\/www.giovenzana.com\/es\/productos\/atex-iecex\/"},{"@type":"ListItem","position":4,"name":"ENVOLVENTES REGOLUS Ex"}]},{"@type":"WebSite","@id":"https:\/\/www.giovenzana.com\/es\/#website","url":"https:\/\/www.giovenzana.com\/es\/","name":"Giovenzana","description":"Piccoli oggetti d\u2019arte di grande tecnologia","publisher":{"@id":"https:\/\/www.giovenzana.com\/es\/#organization"},"potentialAction":[{"@type":"SearchAction","target":{"@type":"EntryPoint","urlTemplate":"https:\/\/www.giovenzana.com\/es\/?s={search_term_string}"},"query-input":{"@type":"PropertyValueSpecification","valueRequired":true,"valueName":"search_term_string"}}],"inLanguage":"es"},{"@type":"Organization","@id":"https:\/\/www.giovenzana.com\/es\/#organization","name":"Giovenzana International B.V.","url":"https:\/\/www.giovenzana.com\/es\/","logo":{"@type":"ImageObject","inLanguage":"es","@id":"https:\/\/www.giovenzana.com\/es\/#\/schema\/logo\/image\/","url":"https:\/\/www.giovenzana.com\/wp-content\/uploads\/logo-giovenzana-international.png","contentUrl":"https:\/\/www.giovenzana.com\/wp-content\/uploads\/logo-giovenzana-international.png","width":301,"height":98,"caption":"Giovenzana International B.V."},"image":{"@id":"https:\/\/www.giovenzana.com\/es\/#\/schema\/logo\/image\/"},"sameAs":["https:\/\/www.facebook.com\/giovenzanainternational","https:\/\/www.linkedin.com\/company\/giovenzanainternational","https:\/\/www.youtube.com\/channel\/UCN-H9aOP26hpeo4zqxpGTxw"]}]}},"_links":{"self":[{"href":"https:\/\/www.giovenzana.com\/es\/wp-json\/wp\/v2\/pages\/12460","targetHints":{"allow":["GET"]}}],"collection":[{"href":"https:\/\/www.giovenzana.com\/es\/wp-json\/wp\/v2\/pages"}],"about":[{"href":"https:\/\/www.giovenzana.com\/es\/wp-json\/wp\/v2\/types\/page"}],"author":[{"embeddable":true,"href":"https:\/\/www.giovenzana.com\/es\/wp-json\/wp\/v2\/users\/1"}],"replies":[{"embeddable":true,"href":"https:\/\/www.giovenzana.com\/es\/wp-json\/wp\/v2\/comments?post=12460"}],"version-history":[{"count":6,"href":"https:\/\/www.giovenzana.com\/es\/wp-json\/wp\/v2\/pages\/12460\/revisions"}],"predecessor-version":[{"id":46373,"href":"https:\/\/www.giovenzana.com\/es\/wp-json\/wp\/v2\/pages\/12460\/revisions\/46373"}],"up":[{"embeddable":true,"href":"https:\/\/www.giovenzana.com\/es\/wp-json\/wp\/v2\/pages\/12732"}],"wp:featuredmedia":[{"embeddable":true,"href":"https:\/\/www.giovenzana.com\/es\/wp-json\/wp\/v2\/media\/12734"}],"wp:attachment":[{"href":"https:\/\/www.giovenzana.com\/es\/wp-json\/wp\/v2\/media?parent=12460"}],"curies":[{"name":"wp","href":"https:\/\/api.w.org\/{rel}","templated":true}]}}