{"id":12728,"date":"2019-03-19T12:40:37","date_gmt":"2019-03-19T11:40:37","guid":{"rendered":"https:\/\/www.giovenzana.com\/productos\/sistemas-de-elevacion\/"},"modified":"2024-11-21T16:21:20","modified_gmt":"2024-11-21T15:21:20","slug":"sistemas-de-elevacion","status":"publish","type":"page","link":"https:\/\/www.giovenzana.com\/es\/productos\/sistemas-de-elevacion\/","title":{"rendered":"ELEVACI\u00d3N"},"content":{"rendered":"<div class=\"wpb-content-wrapper\"><p>[vc_row][vc_column][vc_column_text css=\u00bb\u00bb]<strong>Una amplia experiencia<\/strong> y consideraci\u00f3n de la mejores necesidades de nuestros clientes nos permiten trabajar mano a mano con industrias dentro de los sectores industriales. Fabricamos equipamiento personalizado y est\u00e1ndar en nuestras unidades de producci\u00f3n, dise\u00f1ado por un equipo de ingenieros expertos del departamento de I+D+I.<\/p>\n<p>Nuestra <strong>gama de productos para sistemas de elevaci\u00f3n<\/strong> incluye botoneras colgantes de fila \u00fanica y doble de hasta 14 pulsadores para control y conmutaci\u00f3n directa, finales de carrera de eje sin fin y de posici\u00f3n, avisadores ac\u00fasticos, ra\u00edles conductores busbar, l\u00ednea multipolar y sistema fest\u00f3n.[\/vc_column_text][\/vc_column][\/vc_row][vc_row css_animation=\u00bbfadeInUp\u00bb][vc_column width=\u00bb1\/3&#8243;]<div class=\"ult-ih-container ult-adjust-bottom-margin  \" >\t<ul class=\"ult-ih-list \"  data-shape=\"circle\"  data-width=\"300\"  data-height=\"300\"  style=\"text-align:center; \"><li id=\"ult-ih-list-item-7445\" class=\"ult-ih-list-item\" style=\"height: 300px; width: 300px;  margin: 15px\"><div style=\"height: 300px; width: 300px; \" class=\"ult-ih-item ult-ih-effect1    ult-ih-top_to_bottom \"><div class=\"ult-ih-image-block\" style=\"height: 300px; width: 300px; \">\t<div class=\"ult-ih-wrapper\" style=\"border-style: solid; border-color: rgba(255,255,255,0.2); border-width: 20px;\"><\/div>\t<img decoding=\"async\" class=\"ult-ih-image\" src=\"https:\/\/www.giovenzana.com\/wp-content\/uploads\/HP08.jpg\" alt=\"null\"><\/div><div class=\"ult-ih-info\" >\t<div class=\"ult-ih-info-back\" style=\"background-color: rgba(0,0,0,0.75); \">\t<div class=\"ult-ih-content\">\t\t\t<div class=\"ult-ih-heading-block\" style=\"\">\t\t\t\t<h3 class=\"ult-ih-heading ult-responsive\" style=\"color:#ffffff;\"  data-ultimate-target='#ult-ih-list-item-7445 .ult-ih-heading'  data-responsive-json-new='{\"font-size\":\"desktop:22px;\",\"line-height\":\"desktop:28px;\"}' >Botoneras colgantes<\/h3>\t\t\t<\/div>\t\t\t<div class=\"ult-ih-divider-block\" style=\"height:1px;\">\t\t\t\t<span class=\"ult-ih-line\" style=\"border-style:solid;border-color:rgba(255,255,255,0.75);width:100px;border-width:1px;\"><\/span>\t\t\t<\/div>\t\t\t<div class=\"ult-ih-description-block\" style=\"\">\t\t\t\t<div class=\"ult-ih-description ult-responsive\" style=\"color:#bbbbbb;\"  data-ultimate-target='#ult-ih-list-item-7445 .ult-ih-description, #ult-ih-list-item-7445 .ult-ih-description p'  data-responsive-json-new='{\"font-size\":\"desktop:12px;\",\"line-height\":\"desktop:18px;\"}' ><p><a href=\"https:\/\/www.giovenzana.com\/es\/productos\/sistemas-de-elevacion\/botoneras-colgantes\/\"><span style=\"font-size: 18px; color: #ffcf00;\"><strong>Leer m\u00e1s &gt;<\/strong><\/span><\/a><\/p>\n\t\t\t\t<\/div>\t\t\t<\/div>\t<\/div>\t<\/div><\/div><\/div><\/li>\t<\/ul><\/div>[\/vc_column][vc_column width=\u00bb1\/3&#8243;]<div class=\"ult-ih-container ult-adjust-bottom-margin  \" >\t<ul class=\"ult-ih-list \"  data-shape=\"circle\"  data-width=\"300\"  data-height=\"300\"  style=\"text-align:center; \"><li id=\"ult-ih-list-item-5638\" class=\"ult-ih-list-item\" style=\"height: 300px; width: 300px;  margin: 15px\"><div style=\"height: 300px; width: 300px; \" class=\"ult-ih-item ult-ih-effect1    ult-ih-top_to_bottom \"><div class=\"ult-ih-image-block\" style=\"height: 300px; width: 300px; \">\t<div class=\"ult-ih-wrapper\" style=\"border-style: solid; border-color: rgba(255,255,255,0.2); border-width: 20px;\"><\/div>\t<img decoding=\"async\" class=\"ult-ih-image\" src=\"https:\/\/www.giovenzana.com\/wp-content\/uploads\/FGR2-BASE.jpg\" alt=\"null\"><\/div><div class=\"ult-ih-info\" >\t<div class=\"ult-ih-info-back\" style=\"background-color: rgba(0,0,0,0.75); \">\t<div class=\"ult-ih-content\">\t\t\t<div class=\"ult-ih-heading-block\" style=\"\">\t\t\t\t<h3 class=\"ult-ih-heading ult-responsive\" style=\"color:#ffffff;\"  data-ultimate-target='#ult-ih-list-item-5638 .ult-ih-heading'  data-responsive-json-new='{\"font-size\":\"desktop:22px;\",\"line-height\":\"desktop:28px;\"}' >Finales de carrera eje sin fin<\/h3>\t\t\t<\/div>\t\t\t<div class=\"ult-ih-divider-block\" style=\"height:1px;\">\t\t\t\t<span class=\"ult-ih-line\" style=\"border-style:solid;border-color:rgba(255,255,255,0.75);width:100px;border-width:1px;\"><\/span>\t\t\t<\/div>\t\t\t<div class=\"ult-ih-description-block\" style=\"\">\t\t\t\t<div class=\"ult-ih-description ult-responsive\" style=\"color:#bbbbbb;\"  data-ultimate-target='#ult-ih-list-item-5638 .ult-ih-description, #ult-ih-list-item-5638 .ult-ih-description p'  data-responsive-json-new='{\"font-size\":\"desktop:12px;\",\"line-height\":\"desktop:18px;\"}' ><p><a href=\"https:\/\/www.giovenzana.com\/es\/productos\/sistemas-de-elevacion\/finales-de-carrera-eje-sin-fin\/\"><span style=\"font-size: 18px; color: #ffcf00;\"><strong>Leer m\u00e1s &gt;<\/strong><\/span><\/a><\/p>\n\t\t\t\t<\/div>\t\t\t<\/div>\t<\/div>\t<\/div><\/div><\/div><\/li>\t<\/ul><\/div>[\/vc_column][vc_column width=\u00bb1\/3&#8243;]<div class=\"ult-ih-container ult-adjust-bottom-margin  \" >\t<ul class=\"ult-ih-list \"  data-shape=\"circle\"  data-width=\"300\"  data-height=\"300\"  style=\"text-align:center; \"><li id=\"ult-ih-list-item-1449\" class=\"ult-ih-list-item\" style=\"height: 300px; width: 300px;  margin: 15px\"><div style=\"height: 300px; width: 300px; \" class=\"ult-ih-item ult-ih-effect1    ult-ih-top_to_bottom \"><div class=\"ult-ih-image-block\" style=\"height: 300px; width: 300px; \">\t<div class=\"ult-ih-wrapper\" style=\"border-style: solid; border-color: rgba(255,255,255,0.2); border-width: 20px;\"><\/div>\t<img decoding=\"async\" class=\"ult-ih-image\" src=\"https:\/\/www.giovenzana.com\/wp-content\/uploads\/FCR-1.jpg\" alt=\"null\"><\/div><div class=\"ult-ih-info\" >\t<div class=\"ult-ih-info-back\" style=\"background-color: rgba(0,0,0,0.75); \">\t<div class=\"ult-ih-content\">\t\t\t<div class=\"ult-ih-heading-block\" style=\"\">\t\t\t\t<h3 class=\"ult-ih-heading ult-responsive\" style=\"color:#ffffff;\"  data-ultimate-target='#ult-ih-list-item-1449 .ult-ih-heading'  data-responsive-json-new='{\"font-size\":\"desktop:22px;\",\"line-height\":\"desktop:28px;\"}' >Finales de carrera de posici\u00f3n<\/h3>\t\t\t<\/div>\t\t\t<div class=\"ult-ih-divider-block\" style=\"height:1px;\">\t\t\t\t<span class=\"ult-ih-line\" style=\"border-style:solid;border-color:rgba(255,255,255,0.75);width:100px;border-width:1px;\"><\/span>\t\t\t<\/div>\t\t\t<div class=\"ult-ih-description-block\" style=\"\">\t\t\t\t<div class=\"ult-ih-description ult-responsive\" style=\"color:#bbbbbb;\"  data-ultimate-target='#ult-ih-list-item-1449 .ult-ih-description, #ult-ih-list-item-1449 .ult-ih-description p'  data-responsive-json-new='{\"font-size\":\"desktop:12px;\",\"line-height\":\"desktop:18px;\"}' ><p><a href=\"https:\/\/www.giovenzana.com\/es\/productos\/sistemas-de-elevacion\/finales-de-carrera-de-posicion\/\"><span style=\"font-size: 18px; color: #ffcf00;\"><strong>Leer m\u00e1s &gt;<\/strong><\/span><\/a><\/p>\n\t\t\t\t<\/div>\t\t\t<\/div>\t<\/div>\t<\/div><\/div><\/div><\/li>\t<\/ul><\/div>[\/vc_column][vc_column width=\u00bb1\/3&#8243;]<div class=\"ult-ih-container ult-adjust-bottom-margin  \" >\t<ul class=\"ult-ih-list \"  data-shape=\"circle\"  data-width=\"300\"  data-height=\"300\"  style=\"text-align:center; \"><li id=\"ult-ih-list-item-1034\" class=\"ult-ih-list-item\" style=\"height: 300px; width: 300px;  margin: 15px\"><div style=\"height: 300px; width: 300px; \" class=\"ult-ih-item ult-ih-effect1    ult-ih-top_to_bottom \"><div class=\"ult-ih-image-block\" style=\"height: 300px; width: 300px; \">\t<div class=\"ult-ih-wrapper\" style=\"border-style: solid; border-color: rgba(255,255,255,0.2); border-width: 20px;\"><\/div>\t<img decoding=\"async\" class=\"ult-ih-image\" src=\"https:\/\/www.giovenzana.com\/wp-content\/uploads\/G75.jpg\" alt=\"null\"><\/div><div class=\"ult-ih-info\" >\t<div class=\"ult-ih-info-back\" style=\"background-color: rgba(0,0,0,0.75); \">\t<div class=\"ult-ih-content\">\t\t\t<div class=\"ult-ih-heading-block\" style=\"\">\t\t\t\t<h3 class=\"ult-ih-heading ult-responsive\" style=\"color:#ffffff;\"  data-ultimate-target='#ult-ih-list-item-1034 .ult-ih-heading'  data-responsive-json-new='{\"font-size\":\"desktop:22px;\",\"line-height\":\"desktop:28px;\"}' >Avisadores Ac\u00fasticos<\/h3>\t\t\t<\/div>\t\t\t<div class=\"ult-ih-divider-block\" style=\"height:1px;\">\t\t\t\t<span class=\"ult-ih-line\" style=\"border-style:solid;border-color:rgba(255,255,255,0.75);width:100px;border-width:1px;\"><\/span>\t\t\t<\/div>\t\t\t<div class=\"ult-ih-description-block\" style=\"\">\t\t\t\t<div class=\"ult-ih-description ult-responsive\" style=\"color:#bbbbbb;\"  data-ultimate-target='#ult-ih-list-item-1034 .ult-ih-description, #ult-ih-list-item-1034 .ult-ih-description p'  data-responsive-json-new='{\"font-size\":\"desktop:12px;\",\"line-height\":\"desktop:18px;\"}' ><p><a href=\"https:\/\/www.giovenzana.com\/es\/productos\/sistemas-de-elevacion\/avisadores-acusticos\/\"><span style=\"font-size: 18px; color: #ffcf00;\"><strong>Leer m\u00e1s &gt;<\/strong><\/span><\/a><\/p>\n\t\t\t\t<\/div>\t\t\t<\/div>\t<\/div>\t<\/div><\/div><\/div><\/li>\t<\/ul><\/div>[\/vc_column][vc_column width=\u00bb1\/3&#8243;]<div class=\"ult-ih-container ult-adjust-bottom-margin  \" >\t<ul class=\"ult-ih-list \"  data-shape=\"circle\"  data-width=\"300\"  data-height=\"300\"  style=\"text-align:center; \"><li id=\"ult-ih-list-item-3577\" class=\"ult-ih-list-item\" style=\"height: 300px; width: 300px;  margin: 15px\"><div style=\"height: 300px; width: 300px; \" class=\"ult-ih-item ult-ih-effect1    ult-ih-top_to_bottom \"><div class=\"ult-ih-image-block\" style=\"height: 300px; width: 300px; \">\t<div class=\"ult-ih-wrapper\" style=\"border-style: solid; border-color: rgba(255,255,255,0.2); border-width: 20px;\"><\/div>\t<img decoding=\"async\" class=\"ult-ih-image\" src=\"https:\/\/www.giovenzana.com\/wp-content\/uploads\/TR6000W.jpg\" alt=\"null\"><\/div><div class=\"ult-ih-info\" >\t<div class=\"ult-ih-info-back\" style=\"background-color: rgba(0,0,0,0.75); \">\t<div class=\"ult-ih-content\">\t\t\t<div class=\"ult-ih-heading-block\" style=\"\">\t\t\t\t<h3 class=\"ult-ih-heading ult-responsive\" style=\"color:#ffffff;\"  data-ultimate-target='#ult-ih-list-item-3577 .ult-ih-heading'  data-responsive-json-new='{\"font-size\":\"desktop:22px;\",\"line-height\":\"desktop:28px;\"}' >L\u00edneas de Alimentaci\u00f3n<\/h3>\t\t\t<\/div>\t\t\t<div class=\"ult-ih-divider-block\" style=\"height:1px;\">\t\t\t\t<span class=\"ult-ih-line\" style=\"border-style:solid;border-color:rgba(255,255,255,0.75);width:100px;border-width:1px;\"><\/span>\t\t\t<\/div>\t\t\t<div class=\"ult-ih-description-block\" style=\"\">\t\t\t\t<div class=\"ult-ih-description ult-responsive\" style=\"color:#bbbbbb;\"  data-ultimate-target='#ult-ih-list-item-3577 .ult-ih-description, #ult-ih-list-item-3577 .ult-ih-description p'  data-responsive-json-new='{\"font-size\":\"desktop:12px;\",\"line-height\":\"desktop:18px;\"}' ><p><a href=\"https:\/\/www.giovenzana.com\/es\/productos\/sistemas-de-elevacion\/lineas-de-alimentacion\/\"><span style=\"font-size: 18px; color: #ffcf00;\"><strong>Leer m\u00e1s &gt;<\/strong><\/span><\/a><\/p>\n\t\t\t\t<\/div>\t\t\t<\/div>\t<\/div>\t<\/div><\/div><\/div><\/li>\t<\/ul><\/div>[\/vc_column][\/vc_row]<\/p>\n<\/div>","protected":false},"excerpt":{"rendered":"<p>Nuestra gama de productos para sistemas de elevaci\u00f3n incluye botoneras colgantes de fila \u00fanica y doble de hasta 14 pulsadores para control y conmutaci\u00f3n directa, finales de carrera de eje sin fin y de posici\u00f3n, anillos colectores, avisadores ac\u00fasticos, ra\u00edles conductores busbar, l\u00ednea multipolar y sistema fest\u00f3n.<\/p>\n","protected":false},"author":1,"featured_media":0,"parent":11729,"menu_order":3,"comment_status":"closed","ping_status":"closed","template":"","meta":{"_acf_changed":false,"ngg_post_thumbnail":0,"footnotes":""},"class_list":["post-12728","page","type-page","status-publish","hentry","description-off"],"acf":[],"yoast_head":"<!-- This site is optimized with the Yoast SEO plugin v24.4 - https:\/\/yoast.com\/wordpress\/plugins\/seo\/ -->\n<title>ELEVACI\u00d3N &#8211; Giovenzana<\/title>\n<meta name=\"robots\" content=\"index, follow, max-snippet:-1, max-image-preview:large, max-video-preview:-1\" \/>\n<link rel=\"canonical\" href=\"https:\/\/www.giovenzana.com\/es\/productos\/sistemas-de-elevacion\/\" \/>\n<meta property=\"og:locale\" content=\"es_ES\" \/>\n<meta property=\"og:type\" content=\"article\" \/>\n<meta property=\"og:title\" content=\"ELEVACI\u00d3N &#8211; Giovenzana\" \/>\n<meta property=\"og:description\" content=\"Nuestra gama de productos para sistemas de elevaci\u00f3n incluye botoneras colgantes de fila \u00fanica y doble de hasta 14 pulsadores para control y conmutaci\u00f3n directa, finales de carrera de eje sin fin y de posici\u00f3n, anillos colectores, avisadores ac\u00fasticos, ra\u00edles conductores busbar, l\u00ednea multipolar y sistema fest\u00f3n.\" \/>\n<meta property=\"og:url\" content=\"https:\/\/www.giovenzana.com\/es\/productos\/sistemas-de-elevacion\/\" \/>\n<meta property=\"og:site_name\" content=\"Giovenzana\" \/>\n<meta property=\"article:publisher\" content=\"https:\/\/www.facebook.com\/giovenzanainternational\" \/>\n<meta property=\"article:modified_time\" content=\"2024-11-21T15:21:20+00:00\" \/>\n<meta name=\"twitter:card\" content=\"summary_large_image\" \/>\n<meta name=\"twitter:label1\" content=\"Tiempo de lectura\" \/>\n\t<meta name=\"twitter:data1\" content=\"1 minuto\" \/>\n<script type=\"application\/ld+json\" class=\"yoast-schema-graph\">{\"@context\":\"https:\/\/schema.org\",\"@graph\":[{\"@type\":\"WebPage\",\"@id\":\"https:\/\/www.giovenzana.com\/es\/productos\/sistemas-de-elevacion\/\",\"url\":\"https:\/\/www.giovenzana.com\/es\/productos\/sistemas-de-elevacion\/\",\"name\":\"ELEVACI\u00d3N &#8211; Giovenzana\",\"isPartOf\":{\"@id\":\"https:\/\/www.giovenzana.com\/es\/#website\"},\"datePublished\":\"2019-03-19T11:40:37+00:00\",\"dateModified\":\"2024-11-21T15:21:20+00:00\",\"breadcrumb\":{\"@id\":\"https:\/\/www.giovenzana.com\/es\/productos\/sistemas-de-elevacion\/#breadcrumb\"},\"inLanguage\":\"es\",\"potentialAction\":[{\"@type\":\"ReadAction\",\"target\":[\"https:\/\/www.giovenzana.com\/es\/productos\/sistemas-de-elevacion\/\"]}]},{\"@type\":\"BreadcrumbList\",\"@id\":\"https:\/\/www.giovenzana.com\/es\/productos\/sistemas-de-elevacion\/#breadcrumb\",\"itemListElement\":[{\"@type\":\"ListItem\",\"position\":1,\"name\":\"Home\",\"item\":\"https:\/\/www.giovenzana.com\/es\/\"},{\"@type\":\"ListItem\",\"position\":2,\"name\":\"Productos\",\"item\":\"https:\/\/www.giovenzana.com\/es\/productos\/\"},{\"@type\":\"ListItem\",\"position\":3,\"name\":\"ELEVACI\u00d3N\"}]},{\"@type\":\"WebSite\",\"@id\":\"https:\/\/www.giovenzana.com\/es\/#website\",\"url\":\"https:\/\/www.giovenzana.com\/es\/\",\"name\":\"Giovenzana\",\"description\":\"Piccoli oggetti d\u2019arte di grande tecnologia\",\"publisher\":{\"@id\":\"https:\/\/www.giovenzana.com\/es\/#organization\"},\"potentialAction\":[{\"@type\":\"SearchAction\",\"target\":{\"@type\":\"EntryPoint\",\"urlTemplate\":\"https:\/\/www.giovenzana.com\/es\/?s={search_term_string}\"},\"query-input\":{\"@type\":\"PropertyValueSpecification\",\"valueRequired\":true,\"valueName\":\"search_term_string\"}}],\"inLanguage\":\"es\"},{\"@type\":\"Organization\",\"@id\":\"https:\/\/www.giovenzana.com\/es\/#organization\",\"name\":\"Giovenzana International B.V.\",\"url\":\"https:\/\/www.giovenzana.com\/es\/\",\"logo\":{\"@type\":\"ImageObject\",\"inLanguage\":\"es\",\"@id\":\"https:\/\/www.giovenzana.com\/es\/#\/schema\/logo\/image\/\",\"url\":\"https:\/\/www.giovenzana.com\/wp-content\/uploads\/logo-giovenzana-international.png\",\"contentUrl\":\"https:\/\/www.giovenzana.com\/wp-content\/uploads\/logo-giovenzana-international.png\",\"width\":301,\"height\":98,\"caption\":\"Giovenzana International B.V.\"},\"image\":{\"@id\":\"https:\/\/www.giovenzana.com\/es\/#\/schema\/logo\/image\/\"},\"sameAs\":[\"https:\/\/www.facebook.com\/giovenzanainternational\",\"https:\/\/www.linkedin.com\/company\/giovenzanainternational\",\"https:\/\/www.youtube.com\/channel\/UCN-H9aOP26hpeo4zqxpGTxw\"]}]}<\/script>\n<!-- \/ Yoast SEO plugin. -->","yoast_head_json":{"title":"ELEVACI\u00d3N &#8211; Giovenzana","robots":{"index":"index","follow":"follow","max-snippet":"max-snippet:-1","max-image-preview":"max-image-preview:large","max-video-preview":"max-video-preview:-1"},"canonical":"https:\/\/www.giovenzana.com\/es\/productos\/sistemas-de-elevacion\/","og_locale":"es_ES","og_type":"article","og_title":"ELEVACI\u00d3N &#8211; Giovenzana","og_description":"Nuestra gama de productos para sistemas de elevaci\u00f3n incluye botoneras colgantes de fila \u00fanica y doble de hasta 14 pulsadores para control y conmutaci\u00f3n directa, finales de carrera de eje sin fin y de posici\u00f3n, anillos colectores, avisadores ac\u00fasticos, ra\u00edles conductores busbar, l\u00ednea multipolar y sistema fest\u00f3n.","og_url":"https:\/\/www.giovenzana.com\/es\/productos\/sistemas-de-elevacion\/","og_site_name":"Giovenzana","article_publisher":"https:\/\/www.facebook.com\/giovenzanainternational","article_modified_time":"2024-11-21T15:21:20+00:00","twitter_card":"summary_large_image","twitter_misc":{"Tiempo de lectura":"1 minuto"},"schema":{"@context":"https:\/\/schema.org","@graph":[{"@type":"WebPage","@id":"https:\/\/www.giovenzana.com\/es\/productos\/sistemas-de-elevacion\/","url":"https:\/\/www.giovenzana.com\/es\/productos\/sistemas-de-elevacion\/","name":"ELEVACI\u00d3N &#8211; Giovenzana","isPartOf":{"@id":"https:\/\/www.giovenzana.com\/es\/#website"},"datePublished":"2019-03-19T11:40:37+00:00","dateModified":"2024-11-21T15:21:20+00:00","breadcrumb":{"@id":"https:\/\/www.giovenzana.com\/es\/productos\/sistemas-de-elevacion\/#breadcrumb"},"inLanguage":"es","potentialAction":[{"@type":"ReadAction","target":["https:\/\/www.giovenzana.com\/es\/productos\/sistemas-de-elevacion\/"]}]},{"@type":"BreadcrumbList","@id":"https:\/\/www.giovenzana.com\/es\/productos\/sistemas-de-elevacion\/#breadcrumb","itemListElement":[{"@type":"ListItem","position":1,"name":"Home","item":"https:\/\/www.giovenzana.com\/es\/"},{"@type":"ListItem","position":2,"name":"Productos","item":"https:\/\/www.giovenzana.com\/es\/productos\/"},{"@type":"ListItem","position":3,"name":"ELEVACI\u00d3N"}]},{"@type":"WebSite","@id":"https:\/\/www.giovenzana.com\/es\/#website","url":"https:\/\/www.giovenzana.com\/es\/","name":"Giovenzana","description":"Piccoli oggetti d\u2019arte di grande tecnologia","publisher":{"@id":"https:\/\/www.giovenzana.com\/es\/#organization"},"potentialAction":[{"@type":"SearchAction","target":{"@type":"EntryPoint","urlTemplate":"https:\/\/www.giovenzana.com\/es\/?s={search_term_string}"},"query-input":{"@type":"PropertyValueSpecification","valueRequired":true,"valueName":"search_term_string"}}],"inLanguage":"es"},{"@type":"Organization","@id":"https:\/\/www.giovenzana.com\/es\/#organization","name":"Giovenzana International B.V.","url":"https:\/\/www.giovenzana.com\/es\/","logo":{"@type":"ImageObject","inLanguage":"es","@id":"https:\/\/www.giovenzana.com\/es\/#\/schema\/logo\/image\/","url":"https:\/\/www.giovenzana.com\/wp-content\/uploads\/logo-giovenzana-international.png","contentUrl":"https:\/\/www.giovenzana.com\/wp-content\/uploads\/logo-giovenzana-international.png","width":301,"height":98,"caption":"Giovenzana International B.V."},"image":{"@id":"https:\/\/www.giovenzana.com\/es\/#\/schema\/logo\/image\/"},"sameAs":["https:\/\/www.facebook.com\/giovenzanainternational","https:\/\/www.linkedin.com\/company\/giovenzanainternational","https:\/\/www.youtube.com\/channel\/UCN-H9aOP26hpeo4zqxpGTxw"]}]}},"_links":{"self":[{"href":"https:\/\/www.giovenzana.com\/es\/wp-json\/wp\/v2\/pages\/12728","targetHints":{"allow":["GET"]}}],"collection":[{"href":"https:\/\/www.giovenzana.com\/es\/wp-json\/wp\/v2\/pages"}],"about":[{"href":"https:\/\/www.giovenzana.com\/es\/wp-json\/wp\/v2\/types\/page"}],"author":[{"embeddable":true,"href":"https:\/\/www.giovenzana.com\/es\/wp-json\/wp\/v2\/users\/1"}],"replies":[{"embeddable":true,"href":"https:\/\/www.giovenzana.com\/es\/wp-json\/wp\/v2\/comments?post=12728"}],"version-history":[{"count":7,"href":"https:\/\/www.giovenzana.com\/es\/wp-json\/wp\/v2\/pages\/12728\/revisions"}],"predecessor-version":[{"id":51287,"href":"https:\/\/www.giovenzana.com\/es\/wp-json\/wp\/v2\/pages\/12728\/revisions\/51287"}],"up":[{"embeddable":true,"href":"https:\/\/www.giovenzana.com\/es\/wp-json\/wp\/v2\/pages\/11729"}],"wp:attachment":[{"href":"https:\/\/www.giovenzana.com\/es\/wp-json\/wp\/v2\/media?parent=12728"}],"curies":[{"name":"wp","href":"https:\/\/api.w.org\/{rel}","templated":true}]}}