{"id":12755,"date":"2018-12-04T15:34:16","date_gmt":"2018-12-04T14:34:16","guid":{"rendered":"https:\/\/www.giovenzana.com\/certificaciones-de-empresa\/"},"modified":"2025-06-26T08:53:45","modified_gmt":"2025-06-26T06:53:45","slug":"certificaciones-de-empresa","status":"publish","type":"page","link":"https:\/\/www.giovenzana.com\/es\/certificaciones-de-empresa\/","title":{"rendered":"Certificaciones de empresa"},"content":{"rendered":"<div class=\"wpb-content-wrapper\"><p>[vc_row][vc_column]<h1 id=\"uvc-type-wrap-4085\"  data-ultimate-target='#uvc-type-wrap-4085'  data-responsive-json-new='{\"font-size\":\"desktop:40px;\",\"line-height\":\"desktop:40px;\"}'  class=\"uvc-type-wrap  ult-adjust-bottom-margin ult-responsive  uvc-type-align-center  uvc-wrap-362449463269f5671dbd7cb\" style=\"text-align:center;\"><span  data-ultimate-target='#uvc-type-wrap-4085 .mycustfancy'  data-responsive-json-new='{\"font-size\":\"desktop:40px;\",\"line-height\":\"desktop:40px;\"}'  class=\"ultimate-ticker-prefix mycustfancy ult-responsive\" style=\"font-weight:bold;color:#000000; text-transform: unset;\">DESCARGA NUESTRAS<\/span><div id=\"vticker-362449463269f5671dbd7cb\"  data-ultimate-target=&#039;#uvc-type-wrap-4085&#039;  data-responsive-json-new=&#039;{&quot;font-size&quot;:&quot;desktop:40px;&quot;,&quot;line-height&quot;:&quot;desktop:40px;&quot;}&#039;  class=\"ultimate-vticker ticker  ultimate-fancy-text-inherit\" style=\"color:#ffcf00; font-weight:bold; text-transform: unset;\"><ul><li style=&quot;opacity:1&quot;>CERTIFICACIONES<\/li><li style=&quot;opacity:0&quot;>GARANT\u00cdA<\/li><li style=&quot;opacity:0&quot;>DECLARACIONES<\/li><\/ul><\/div><script type=\"text\/javascript\">\n\t\t\t\t\t\tjQuery(function($){\n\t\t\t\t\t\t\t$(document).ready(function(){\n\t\t\t\t\t\t\t\tif( typeof jQuery(\"#vticker-362449463269f5671dbd7cb\").easyTicker == \"function\"){\n\t\t\t\t\t\t\t\t\t$(\"#vticker-362449463269f5671dbd7cb\").find(\"li\").css(\"opacity\",\"1\");\n\t\t\t\t\t\t\t\t\t\n\t\t\t\t\t\t\t\t\t$(\"#vticker-362449463269f5671dbd7cb\").easyTicker({\n\t\t\t\t\t\t\t\t\t\tdirection: \"up\",\n\t\t\t\t\t\t\t\t\t\teasing: \"swing\",\n\t\t\t\t\t\t\t\t\t\tspeed: \"150\",\n\t\t\t\t\t\t\t\t\t\tinterval: \"1900\",\n\t\t\t\t\t\t\t\t\t\theight: \"auto\",\n\t\t\t\t\t\t\t\t\t\tvisible: \"1\",\n\t\t\t\t\t\t\t\t\t\tmousePause: \"0\",\n\t\t\t\t\t\t\t\t\t\tcontrols: {\n\t\t\t\t\t\t\t\t\t\t\tup: \"\",\n\t\t\t\t\t\t\t\t\t\t\tdown: \"\",\n\t\t\t\t\t\t\t\t\t\t\ttoggle: \"\",\n\t\t\t\t\t\t\t\t\t\t\tplayText: \"Play\",\n\t\t\t\t\t\t\t\t\t\t\tstopText: \"Stop\"\n\t\t\t\t\t\t\t\t\t\t}\n\t\t\t\t\t\t\t\t\t});\n\t\t\t\t\t\t\t\t}\n\t\t\t\t\t\t\t});\n\t\t\t\t\t\t});\n\t\t\t\t\t<\/script><\/h1>[\/vc_column][\/vc_row][vc_row full_width=\u00bbstretch_row\u00bb bg_type=\u00bbimage\u00bb parallax_style=\u00bbvcpb-vz-jquery\u00bb bg_image_new=\u00bbid^397|url^https:\/\/www.giovenzana.com\/wp-content\/uploads\/giovenzana-company-02.jpg|caption^null|alt^null|title^Giovenzana Company 02|description^null\u00bb bg_image_repeat=\u00bbno-repeat\u00bb parallax_sense=\u00bb30&#8243; disable_on_mobile_img_parallax=\u00bbdisable_on_mobile_img_parallax_value\u00bb enable_overlay=\u00bbenable_overlay_value\u00bb overlay_color=\u00bbrgba(237,196,33,0.55)\u00bb overlay_pattern=\u00bb08.png\u00bb overlay_pattern_opacity=\u00bb50&#8243; overlay_pattern_size=\u00bb2&#8243; seperator_enable=\u00bbseperator_enable_value\u00bb seperator_type=\u00bbround_split_seperator\u00bb seperator_shape_background=\u00bb#ffffff\u00bb el_class=\u00bbquality\u00bb][vc_column][vc_empty_space height=\u00bb60px\u00bb]<div class=\"file-lang\"><div class=\"file-img\"><img loading=\"lazy\" decoding=\"async\" width=\"1706\" height=\"2420\" src=\"https:\/\/www.giovenzana.com\/wp-content\/uploads\/Screenshot-2025-02-14-alle-10.42.17\u202fAM.png\" class=\"attachment-giov_cat-lang size-giov_cat-lang\" alt=\"QUALITY ENVIRONMENTAL POLICY ENG\" \/><\/div>\n\t\t\n\t\t\t\t<div class=\"file-info\"><h4>Quality &amp; Environmental Policy<\/h4> <\/div>  \n\t\t\t\t\n\t\t\t\t<div class=\"file-links\"><a href=\"https:\/\/static.giovenzana.com\/certificates\/company\/Politica-Qualita-Ambiente-Sicurezza_2025.pdf\" target=\"_blank\" title=\"Apri catalogo\">\n\t\t\t\t\t\t\t\t\t<img decoding=\"async\" src=\"\/wp-content\/uploads\/flags\/flag-it.png\" alt=\"catalogo-italiano-Quality &amp; Environmental Policy\" width=\"22px\" height=\"auto\"\/>\n\t\t\t\t\t\t\t\t\t<\/a><a href=\"https:\/\/static.giovenzana.com\/certificates\/company\/Quality-Environmental-Safety-Policy_2025.pdf\" target=\"_blank\" title=\"Open catalogue\">\n\t\t\t\t\t\t\t\t\t<img decoding=\"async\" src=\"\/wp-content\/uploads\/flags\/flag-en.png\" alt=\"english-catalogue-Quality &amp; Environmental Policy\" width=\"22px\" height=\"auto\"\/>\n\t\t\t\t\t\t\t\t\t<\/a><\/div><\/div>[\/vc_column][\/vc_row][vc_row][vc_column css=\u00bb.vc_custom_1557494530683{padding-top: 100px !important;padding-bottom: 40px !important;}\u00bb][vc_column_text]<\/p>\n<p style=\"text-align: center;\">Los productos Giovenzana se usan en \u00e1reas donde la seguridad es clave, por esta raz\u00f3n, \u00a1el asunto m\u00e1s importante para nosotros es la seguridad de los operadores!<br \/>\nEsto significa Normativas Europeas e Internacionales, productos certificados y conciencia de marca.<\/p>\n<p>[\/vc_column_text][\/vc_column][\/vc_row][vc_row full_width=\u00bbstretch_row\u00bb bg_type=\u00bbimage\u00bb parallax_style=\u00bbvcpb-vz-jquery\u00bb bg_image_new=\u00bbid^2557|url^https:\/\/www.giovenzana.com\/wp-content\/uploads\/CeMAT-WIN-INDIA-2015-2.jpg|caption^null|alt^null|title^CeMAT WIN INDIA 2015 2|description^null\u00bb bg_image_repeat=\u00bbno-repeat\u00bb parallax_sense=\u00bb30&#8243; disable_on_mobile_img_parallax=\u00bbdisable_on_mobile_img_parallax_value\u00bb enable_overlay=\u00bbenable_overlay_value\u00bb overlay_color=\u00bbrgba(35,35,35,0.45)\u00bb overlay_pattern=\u00bb08.png\u00bb overlay_pattern_opacity=\u00bb50&#8243; overlay_pattern_size=\u00bb2&#8243; seperator_enable=\u00bbseperator_enable_value\u00bb seperator_type=\u00bbround_split_seperator\u00bb seperator_shape_background=\u00bb#ffffff\u00bb][vc_column el_class=\u00bbfile-tre-col file-white\u00bb][vc_empty_space height=\u00bb60px\u00bb]<div class=\"file-lang\"><div class=\"file-img\"><img loading=\"lazy\" decoding=\"async\" width=\"1702\" height=\"2416\" src=\"https:\/\/www.giovenzana.com\/wp-content\/uploads\/ROHS.jpg\" class=\"attachment-giov_cat-lang size-giov_cat-lang\" alt=\"\" \/><\/div>\n\t\t\n\t\t\t\t<div class=\"file-info\"><h4>ROHS Directiva 2011-65-UE<\/h4> <\/div>  \n\t\t\t\t\n\t\t\t\t<div class=\"file-links\"><a href=\"https:\/\/static.giovenzana.com\/certificates\/company\/ROHS-ENG.pdf\" target=\"_blank\" title=\"Open catalogue\">\n\t\t\t\t\t\t\t\t\t<img decoding=\"async\" src=\"\/wp-content\/uploads\/flags\/flag-en.png\" alt=\"english-catalogue-ROHS Directiva 2011-65-UE\" width=\"22px\" height=\"auto\"\/>\n\t\t\t\t\t\t\t\t\t<\/a><\/div><\/div><div class=\"file-lang\"><div class=\"file-img\"><img loading=\"lazy\" decoding=\"async\" width=\"1718\" height=\"2426\" src=\"https:\/\/www.giovenzana.com\/wp-content\/uploads\/REACH.jpg\" class=\"attachment-giov_cat-lang size-giov_cat-lang\" alt=\"\" \/><\/div>\n\t\t\n\t\t\t\t<div class=\"file-info\"><h4>REACH (SVHC) Candidate List<\/h4> <\/div>  \n\t\t\t\t\n\t\t\t\t<div class=\"file-links\"><a href=\"https:\/\/static.giovenzana.com\/certificates\/company\/REACH-ENG.pdf\" target=\"_blank\" title=\"Open catalogue\">\n\t\t\t\t\t\t\t\t\t<img decoding=\"async\" src=\"\/wp-content\/uploads\/flags\/flag-en.png\" alt=\"english-catalogue-REACH (SVHC) Candidate List\" width=\"22px\" height=\"auto\"\/>\n\t\t\t\t\t\t\t\t\t<\/a><\/div><\/div><div class=\"file-lang\"><div class=\"file-img\"><img loading=\"lazy\" decoding=\"async\" width=\"906\" height=\"1288\" src=\"https:\/\/www.giovenzana.com\/wp-content\/uploads\/LONG-TERM-SUPPLIERs-DECLARATION.png\" class=\"attachment-giov_cat-lang size-giov_cat-lang\" alt=\"\" \/><\/div>\n\t\t\n\t\t\t\t<div class=\"file-info\"><h4>Declaraci\u00f3n del proveedor a largo plazo 2025<\/h4> <\/div>  \n\t\t\t\t\n\t\t\t\t<div class=\"file-links\"><a href=\"https:\/\/static.giovenzana.com\/certificates\/company\/LONG-TERM-SUPPLIERsDECLARATION-2025.pdf\" target=\"_blank\" title=\"Open catalogue\">\n\t\t\t\t\t\t\t\t\t<img decoding=\"async\" src=\"\/wp-content\/uploads\/flags\/flag-en.png\" alt=\"english-catalogue-Declaraci\u00f3n del proveedor a largo plazo 2025\" width=\"22px\" height=\"auto\"\/>\n\t\t\t\t\t\t\t\t\t<\/a><\/div><\/div><div class=\"file-lang\"><div class=\"file-img\"><img loading=\"lazy\" decoding=\"async\" width=\"1724\" height=\"2442\" src=\"https:\/\/www.giovenzana.com\/wp-content\/uploads\/WARRANTY-CONDITIONS-GBV_EN.png\" class=\"attachment-giov_cat-lang size-giov_cat-lang\" alt=\"\" \/><\/div>\n\t\t\n\t\t\t\t<div class=\"file-info\"><h4>Condiciones de Garant\u00eda<\/h4> <\/div>  \n\t\t\t\t\n\t\t\t\t<div class=\"file-links\"><a href=\"https:\/\/static.giovenzana.com\/certificates\/company\/CONDIZIONI-GARANZIA-GBV_IT.pdf\" target=\"_blank\" title=\"Apri catalogo\">\n\t\t\t\t\t\t\t\t\t<img decoding=\"async\" src=\"\/wp-content\/uploads\/flags\/flag-it.png\" alt=\"catalogo-italiano-Condiciones de Garant\u00eda\" width=\"22px\" height=\"auto\"\/>\n\t\t\t\t\t\t\t\t\t<\/a><a href=\"https:\/\/static.giovenzana.com\/certificates\/company\/WARRANTY-CONDITIONS-GBV_EN.pdf\" target=\"_blank\" title=\"Open catalogue\">\n\t\t\t\t\t\t\t\t\t<img decoding=\"async\" src=\"\/wp-content\/uploads\/flags\/flag-en.png\" alt=\"english-catalogue-Condiciones de Garant\u00eda\" width=\"22px\" height=\"auto\"\/>\n\t\t\t\t\t\t\t\t\t<\/a><a href=\"https:\/\/static.giovenzana.com\/certificates\/company\/\u0423\u0421\u041b\u041e\u0412\u0418\u042f-\u0413\u0410\u0420\u0410\u041d\u0422\u0418\u0418-GBV_RU.pdf\" target=\"_blank\" title=\"\u041e\u0442\u043a\u0440\u044b\u0442\u044c \u043a\u0430\u0442\u0430\u043b\u043e\u0433.\">\n\t\t\t\t\t\t\t\t\t<img decoding=\"async\" src=\"\/wp-content\/uploads\/flags\/flag-ru.png\" alt=\"\u0440\u0443\u0441\u0441\u043a\u0438\u0439-\u043a\u0430\u0442\u0430\u043b\u043e\u0433-Condiciones de Garant\u00eda\" width=\"22px\" height=\"auto\"\/>\n\t\t\t\t\t\t\t\t\t<\/a><a href=\"https:\/\/static.giovenzana.com\/certificates\/company\/TERMOSdeGARANTIA-GCB_PT.pdf\" target=\"_blank\" title=\"Abra o cat\u00e1logo\">\n\t\t\t\t\t\t\t\t\t<img decoding=\"async\" src=\"\/wp-content\/uploads\/flags\/flag-pt.png\" alt=\"cat\u00e1logo-portugu\u00easCondiciones de Garant\u00eda\" width=\"22px\" height=\"auto\"\/>\n\t\t\t\t\t\t\t\t\t<\/a><\/div><\/div>[\/vc_column][\/vc_row]<\/p>\n<\/div>","protected":false},"excerpt":{"rendered":"<p>[vc_row][vc_column][\/vc_column][\/vc_row][vc_row full_width=\u00bbstretch_row\u00bb bg_type=\u00bbimage\u00bb parallax_style=\u00bbvcpb-vz-jquery\u00bb bg_image_new=\u00bbid^397|url^https:\/\/www.giovenzana.com\/wp-content\/uploads\/giovenzana-company-02.jpg|caption^null|alt^null|title^Giovenzana Company 02|description^null\u00bb bg_image_repeat=\u00bbno-repeat\u00bb parallax_sense=\u00bb30&#8243; disable_on_mobile_img_parallax=\u00bbdisable_on_mobile_img_parallax_value\u00bb enable_overlay=\u00bbenable_overlay_value\u00bb overlay_color=\u00bbrgba(237,196,33,0.55)\u00bb overlay_pattern=\u00bb08.png\u00bb overlay_pattern_opacity=\u00bb50&#8243; overlay_pattern_size=\u00bb2&#8243; seperator_enable=\u00bbseperator_enable_value\u00bb seperator_type=\u00bbround_split_seperator\u00bb seperator_shape_background=\u00bb#ffffff\u00bb el_class=\u00bbquality\u00bb][vc_column][vc_empty_space height=\u00bb60px\u00bb][\/vc_column][\/vc_row][vc_row][vc_column css=\u00bb.vc_custom_1557494530683{padding-top: 100px !important;padding-bottom: 40px !important;}\u00bb][vc_column_text] Los productos Giovenzana se usan en \u00e1reas donde la seguridad es clave, por esta raz\u00f3n, \u00a1el asunto m\u00e1s importante para nosotros es la seguridad de los operadores! Esto significa Normativas&hellip;<\/p>\n","protected":false},"author":1,"featured_media":0,"parent":0,"menu_order":8,"comment_status":"closed","ping_status":"closed","template":"","meta":{"_acf_changed":false,"ngg_post_thumbnail":0,"footnotes":""},"class_list":["post-12755","page","type-page","status-publish","hentry","description-off"],"acf":[],"yoast_head":"<!-- This site is optimized with the Yoast SEO plugin v24.4 - https:\/\/yoast.com\/wordpress\/plugins\/seo\/ -->\n<title>Certificaciones de empresa &#8211; Giovenzana<\/title>\n<meta name=\"robots\" content=\"index, follow, max-snippet:-1, max-image-preview:large, max-video-preview:-1\" \/>\n<link rel=\"canonical\" href=\"https:\/\/www.giovenzana.com\/es\/certificaciones-de-empresa\/\" \/>\n<meta property=\"og:locale\" content=\"es_ES\" \/>\n<meta property=\"og:type\" content=\"article\" \/>\n<meta property=\"og:title\" content=\"Certificaciones de empresa &#8211; Giovenzana\" \/>\n<meta property=\"og:description\" content=\"[vc_row][vc_column][\/vc_column][\/vc_row][vc_row full_width=\u00bbstretch_row\u00bb bg_type=\u00bbimage\u00bb parallax_style=\u00bbvcpb-vz-jquery\u00bb bg_image_new=\u00bbid^397|url^https:\/\/www.giovenzana.com\/wp-content\/uploads\/giovenzana-company-02.jpg|caption^null|alt^null|title^Giovenzana Company 02|description^null\u00bb bg_image_repeat=\u00bbno-repeat\u00bb parallax_sense=\u00bb30&#8243; disable_on_mobile_img_parallax=\u00bbdisable_on_mobile_img_parallax_value\u00bb enable_overlay=\u00bbenable_overlay_value\u00bb overlay_color=\u00bbrgba(237,196,33,0.55)\u00bb overlay_pattern=\u00bb08.png\u00bb overlay_pattern_opacity=\u00bb50&#8243; overlay_pattern_size=\u00bb2&#8243; seperator_enable=\u00bbseperator_enable_value\u00bb seperator_type=\u00bbround_split_seperator\u00bb seperator_shape_background=\u00bb#ffffff\u00bb el_class=\u00bbquality\u00bb][vc_column][vc_empty_space height=\u00bb60px\u00bb][\/vc_column][\/vc_row][vc_row][vc_column css=\u00bb.vc_custom_1557494530683{padding-top: 100px !important;padding-bottom: 40px !important;}\u00bb][vc_column_text] Los productos Giovenzana se usan en \u00e1reas donde la seguridad es clave, por esta raz\u00f3n, \u00a1el asunto m\u00e1s importante para nosotros es la seguridad de los operadores! Esto significa Normativas&hellip;\" \/>\n<meta property=\"og:url\" content=\"https:\/\/www.giovenzana.com\/es\/certificaciones-de-empresa\/\" \/>\n<meta property=\"og:site_name\" content=\"Giovenzana\" \/>\n<meta property=\"article:publisher\" content=\"https:\/\/www.facebook.com\/giovenzanainternational\" \/>\n<meta property=\"article:modified_time\" content=\"2025-06-26T06:53:45+00:00\" \/>\n<meta name=\"twitter:card\" content=\"summary_large_image\" \/>\n<meta name=\"twitter:label1\" content=\"Tiempo de lectura\" \/>\n\t<meta name=\"twitter:data1\" content=\"2 minutos\" \/>\n<script type=\"application\/ld+json\" class=\"yoast-schema-graph\">{\"@context\":\"https:\/\/schema.org\",\"@graph\":[{\"@type\":\"WebPage\",\"@id\":\"https:\/\/www.giovenzana.com\/es\/certificaciones-de-empresa\/\",\"url\":\"https:\/\/www.giovenzana.com\/es\/certificaciones-de-empresa\/\",\"name\":\"Certificaciones de empresa &#8211; Giovenzana\",\"isPartOf\":{\"@id\":\"https:\/\/www.giovenzana.com\/es\/#website\"},\"datePublished\":\"2018-12-04T14:34:16+00:00\",\"dateModified\":\"2025-06-26T06:53:45+00:00\",\"breadcrumb\":{\"@id\":\"https:\/\/www.giovenzana.com\/es\/certificaciones-de-empresa\/#breadcrumb\"},\"inLanguage\":\"es\",\"potentialAction\":[{\"@type\":\"ReadAction\",\"target\":[\"https:\/\/www.giovenzana.com\/es\/certificaciones-de-empresa\/\"]}]},{\"@type\":\"BreadcrumbList\",\"@id\":\"https:\/\/www.giovenzana.com\/es\/certificaciones-de-empresa\/#breadcrumb\",\"itemListElement\":[{\"@type\":\"ListItem\",\"position\":1,\"name\":\"Home\",\"item\":\"https:\/\/www.giovenzana.com\/es\/\"},{\"@type\":\"ListItem\",\"position\":2,\"name\":\"Certificaciones de empresa\"}]},{\"@type\":\"WebSite\",\"@id\":\"https:\/\/www.giovenzana.com\/es\/#website\",\"url\":\"https:\/\/www.giovenzana.com\/es\/\",\"name\":\"Giovenzana\",\"description\":\"Piccoli oggetti d\u2019arte di grande tecnologia\",\"publisher\":{\"@id\":\"https:\/\/www.giovenzana.com\/es\/#organization\"},\"potentialAction\":[{\"@type\":\"SearchAction\",\"target\":{\"@type\":\"EntryPoint\",\"urlTemplate\":\"https:\/\/www.giovenzana.com\/es\/?s={search_term_string}\"},\"query-input\":{\"@type\":\"PropertyValueSpecification\",\"valueRequired\":true,\"valueName\":\"search_term_string\"}}],\"inLanguage\":\"es\"},{\"@type\":\"Organization\",\"@id\":\"https:\/\/www.giovenzana.com\/es\/#organization\",\"name\":\"Giovenzana International B.V.\",\"url\":\"https:\/\/www.giovenzana.com\/es\/\",\"logo\":{\"@type\":\"ImageObject\",\"inLanguage\":\"es\",\"@id\":\"https:\/\/www.giovenzana.com\/es\/#\/schema\/logo\/image\/\",\"url\":\"https:\/\/www.giovenzana.com\/wp-content\/uploads\/logo-giovenzana-international.png\",\"contentUrl\":\"https:\/\/www.giovenzana.com\/wp-content\/uploads\/logo-giovenzana-international.png\",\"width\":301,\"height\":98,\"caption\":\"Giovenzana International B.V.\"},\"image\":{\"@id\":\"https:\/\/www.giovenzana.com\/es\/#\/schema\/logo\/image\/\"},\"sameAs\":[\"https:\/\/www.facebook.com\/giovenzanainternational\",\"https:\/\/www.linkedin.com\/company\/giovenzanainternational\",\"https:\/\/www.youtube.com\/channel\/UCN-H9aOP26hpeo4zqxpGTxw\"]}]}<\/script>\n<!-- \/ Yoast SEO plugin. -->","yoast_head_json":{"title":"Certificaciones de empresa &#8211; Giovenzana","robots":{"index":"index","follow":"follow","max-snippet":"max-snippet:-1","max-image-preview":"max-image-preview:large","max-video-preview":"max-video-preview:-1"},"canonical":"https:\/\/www.giovenzana.com\/es\/certificaciones-de-empresa\/","og_locale":"es_ES","og_type":"article","og_title":"Certificaciones de empresa &#8211; Giovenzana","og_description":"[vc_row][vc_column][\/vc_column][\/vc_row][vc_row full_width=\u00bbstretch_row\u00bb bg_type=\u00bbimage\u00bb parallax_style=\u00bbvcpb-vz-jquery\u00bb bg_image_new=\u00bbid^397|url^https:\/\/www.giovenzana.com\/wp-content\/uploads\/giovenzana-company-02.jpg|caption^null|alt^null|title^Giovenzana Company 02|description^null\u00bb bg_image_repeat=\u00bbno-repeat\u00bb parallax_sense=\u00bb30&#8243; disable_on_mobile_img_parallax=\u00bbdisable_on_mobile_img_parallax_value\u00bb enable_overlay=\u00bbenable_overlay_value\u00bb overlay_color=\u00bbrgba(237,196,33,0.55)\u00bb overlay_pattern=\u00bb08.png\u00bb overlay_pattern_opacity=\u00bb50&#8243; overlay_pattern_size=\u00bb2&#8243; seperator_enable=\u00bbseperator_enable_value\u00bb seperator_type=\u00bbround_split_seperator\u00bb seperator_shape_background=\u00bb#ffffff\u00bb el_class=\u00bbquality\u00bb][vc_column][vc_empty_space height=\u00bb60px\u00bb][\/vc_column][\/vc_row][vc_row][vc_column css=\u00bb.vc_custom_1557494530683{padding-top: 100px !important;padding-bottom: 40px !important;}\u00bb][vc_column_text] Los productos Giovenzana se usan en \u00e1reas donde la seguridad es clave, por esta raz\u00f3n, \u00a1el asunto m\u00e1s importante para nosotros es la seguridad de los operadores! Esto significa Normativas&hellip;","og_url":"https:\/\/www.giovenzana.com\/es\/certificaciones-de-empresa\/","og_site_name":"Giovenzana","article_publisher":"https:\/\/www.facebook.com\/giovenzanainternational","article_modified_time":"2025-06-26T06:53:45+00:00","twitter_card":"summary_large_image","twitter_misc":{"Tiempo de lectura":"2 minutos"},"schema":{"@context":"https:\/\/schema.org","@graph":[{"@type":"WebPage","@id":"https:\/\/www.giovenzana.com\/es\/certificaciones-de-empresa\/","url":"https:\/\/www.giovenzana.com\/es\/certificaciones-de-empresa\/","name":"Certificaciones de empresa &#8211; Giovenzana","isPartOf":{"@id":"https:\/\/www.giovenzana.com\/es\/#website"},"datePublished":"2018-12-04T14:34:16+00:00","dateModified":"2025-06-26T06:53:45+00:00","breadcrumb":{"@id":"https:\/\/www.giovenzana.com\/es\/certificaciones-de-empresa\/#breadcrumb"},"inLanguage":"es","potentialAction":[{"@type":"ReadAction","target":["https:\/\/www.giovenzana.com\/es\/certificaciones-de-empresa\/"]}]},{"@type":"BreadcrumbList","@id":"https:\/\/www.giovenzana.com\/es\/certificaciones-de-empresa\/#breadcrumb","itemListElement":[{"@type":"ListItem","position":1,"name":"Home","item":"https:\/\/www.giovenzana.com\/es\/"},{"@type":"ListItem","position":2,"name":"Certificaciones de empresa"}]},{"@type":"WebSite","@id":"https:\/\/www.giovenzana.com\/es\/#website","url":"https:\/\/www.giovenzana.com\/es\/","name":"Giovenzana","description":"Piccoli oggetti d\u2019arte di grande tecnologia","publisher":{"@id":"https:\/\/www.giovenzana.com\/es\/#organization"},"potentialAction":[{"@type":"SearchAction","target":{"@type":"EntryPoint","urlTemplate":"https:\/\/www.giovenzana.com\/es\/?s={search_term_string}"},"query-input":{"@type":"PropertyValueSpecification","valueRequired":true,"valueName":"search_term_string"}}],"inLanguage":"es"},{"@type":"Organization","@id":"https:\/\/www.giovenzana.com\/es\/#organization","name":"Giovenzana International B.V.","url":"https:\/\/www.giovenzana.com\/es\/","logo":{"@type":"ImageObject","inLanguage":"es","@id":"https:\/\/www.giovenzana.com\/es\/#\/schema\/logo\/image\/","url":"https:\/\/www.giovenzana.com\/wp-content\/uploads\/logo-giovenzana-international.png","contentUrl":"https:\/\/www.giovenzana.com\/wp-content\/uploads\/logo-giovenzana-international.png","width":301,"height":98,"caption":"Giovenzana International B.V."},"image":{"@id":"https:\/\/www.giovenzana.com\/es\/#\/schema\/logo\/image\/"},"sameAs":["https:\/\/www.facebook.com\/giovenzanainternational","https:\/\/www.linkedin.com\/company\/giovenzanainternational","https:\/\/www.youtube.com\/channel\/UCN-H9aOP26hpeo4zqxpGTxw"]}]}},"_links":{"self":[{"href":"https:\/\/www.giovenzana.com\/es\/wp-json\/wp\/v2\/pages\/12755","targetHints":{"allow":["GET"]}}],"collection":[{"href":"https:\/\/www.giovenzana.com\/es\/wp-json\/wp\/v2\/pages"}],"about":[{"href":"https:\/\/www.giovenzana.com\/es\/wp-json\/wp\/v2\/types\/page"}],"author":[{"embeddable":true,"href":"https:\/\/www.giovenzana.com\/es\/wp-json\/wp\/v2\/users\/1"}],"replies":[{"embeddable":true,"href":"https:\/\/www.giovenzana.com\/es\/wp-json\/wp\/v2\/comments?post=12755"}],"version-history":[{"count":7,"href":"https:\/\/www.giovenzana.com\/es\/wp-json\/wp\/v2\/pages\/12755\/revisions"}],"predecessor-version":[{"id":52978,"href":"https:\/\/www.giovenzana.com\/es\/wp-json\/wp\/v2\/pages\/12755\/revisions\/52978"}],"wp:attachment":[{"href":"https:\/\/www.giovenzana.com\/es\/wp-json\/wp\/v2\/media?parent=12755"}],"curies":[{"name":"wp","href":"https:\/\/api.w.org\/{rel}","templated":true}]}}