{"id":46582,"date":"2023-04-17T15:53:52","date_gmt":"2023-04-17T13:53:52","guid":{"rendered":"https:\/\/www.giovenzana.com\/?page_id=46582"},"modified":"2023-04-18T15:03:11","modified_gmt":"2023-04-18T13:03:11","slug":"estaciones-de-control-ex","status":"publish","type":"page","link":"https:\/\/www.giovenzana.com\/es\/productos\/atex-iecex\/estaciones-de-control-ex\/","title":{"rendered":"ESTACIONES DE CONTROL Ex"},"content":{"rendered":"<div class=\"wpb-content-wrapper\"><p>[vc_row][vc_column width=\u00bb1\/4&#8243;][vc_column_text css_animation=\u00bbnone\u00bb css=\u00bb.vc_custom_1677164383663{padding-top: 100px !important;}\u00bb]<strong>\u00a1Descargue el <a href=\"https:\/\/static.giovenzana.com\/catalogues\/ENGLISH\/CXE.pdf\">cat\u00e1logo ATEX<\/a> y el <a href=\"https:\/\/static.giovenzana.com\/attachments\/leaflets\/EN-IT_JunctionBoxes-LocalControlStations_USE.pdf\">manual de instrucciones<\/a> para tener m\u00e1s detalles para la oportunidad de personalizaci\u00f3n!<\/strong><\/p>\n<div class=\"page\" title=\"P\u00e1gina 39\">\n<div class=\"section\">\n<div class=\"layoutArea\">\n<div class=\"column\">\n<p><em>Nuestro departamento t\u00e9cnico le ayudar\u00e1 a dise\u00f1ar la mejor soluci\u00f3n seg\u00fan sus necesidades y dentro de los l\u00edmites del certificado.<\/em><\/p>\n<\/div>\n<\/div>\n<\/div>\n<\/div>\n<p>[\/vc_column_text][vc_single_image image=\u00bb46626&#8243; img_size=\u00bbfull\u00bb][vc_single_image image=\u00bb46619&#8243; img_size=\u00bbfull\u00bb][vc_single_image image=\u00bb46612&#8243; img_size=\u00bbfull\u00bb][\/vc_column][vc_column width=\u00bb3\/4&#8243;][vc_column_text]<\/p>\n<div class=\"page\" title=\"Page 39\">\n<div class=\"section\">\n<div class=\"layoutArea\">\n<div class=\"column\">\n<div class=\"page\" title=\"Page 39\">\n<div class=\"section\">\n<div class=\"layoutArea\">\n<div class=\"column\">\n<h3><span style=\"color: #ffcc33;\"><strong>ESTACIONES DE CONTROL LOCALES \u00bb SERIE CS**S\/A\/G****EX..<\/strong><\/span><\/h3>\n<p>&nbsp;<\/p>\n<\/div>\n<p><strong>Equipo para atm\u00f3sferas explosivas de GAS y POLVO<\/strong>, con un nivel \u00abalto\u00bb de protecci\u00f3n, que no es una fuente de ignici\u00f3n en funcionamiento normal o durante el mal funcionamiento previsto.<br \/>\nSoluciones ideales para el funcionamiento eficiente y la supervisi\u00f3n de m\u00faltiples circuitos el\u00e9ctricos y maquinaria en \u00e1reas peligrosas de explosi\u00f3n.<\/p>\n<p><strong>Dise\u00f1ado para cumplir con los requisitos de uso ON y OFF-SHORE,<\/strong> en aplicaciones petroqu\u00edmicas y marinas y para cualquier otra industria donde pueda existir una atm\u00f3sfera explosiva.<br \/>\nEl producto es totalmente personalizable en tama\u00f1o y material de la carcasa, n\u00famero de orificios, tipo de operadores.<\/p>\n<div class=\"page\" title=\"Page 39\">\n<div class=\"section\">\n<div class=\"layoutArea\">\n<div class=\"column\">\n<p>Se puede equipar con los siguientes <strong>componentes certificados Ex de<\/strong>:<\/p>\n<div class=\"layoutArea\">\n<div class=\"column\">\n<ul>\n<li>Contactos y jefes de operaci\u00f3n;<\/li>\n<li>Botones de emergencia;<\/li>\n<li>L\u00e1mparas de se\u00f1alizaci\u00f3n con o sin pulsador;<\/li>\n<li>Instrumentos de medici\u00f3n: amper\u00edmetros, volt\u00edmetros, molinillos;<\/li>\n<li>Disyuntor, contactores, rel\u00e9s miniatura, barras colectoras;<\/li>\n<li>Interruptores de aislamiento de carga con mango;<\/li>\n<li>Interruptores rotativos;<\/li>\n<li>Ventanas de funcionamiento;<\/li>\n<li>Prensado de terminales de l\u00ednea.<\/li>\n<\/ul>\n<\/div>\n<p>[\/vc_column_text][vc_separator css=\u00bb.vc_custom_1677164018482{padding-top: 30px !important;}\u00bb][vc_column_text]<\/p>\n<div class=\"page\" title=\"P\u00e1gina 39\">\n<div class=\"section\">\n<div class=\"layoutArea\">\n<div class=\"column\">\n<div class=\"page\" title=\"P\u00e1gina 39\">\n<div class=\"section\">\n<div class=\"layoutArea\">\n<div class=\"column\"><\/div>\n<div class=\"page\" title=\"P\u00e1gina 39\">\n<div class=\"section\">\n<div class=\"layoutArea\">\n<h4><span style=\"color: #ffcc33;\"><strong>CARACTER\u00cdSTICAS GENERALES:<\/strong><\/span><\/h4>\n<div class=\"column\">\n<div class=\"page\" title=\"P\u00e1gina 40\">\n<div class=\"layoutArea\">\n<div class=\"column\">\n<p><strong>Materiales:<\/strong> Acero inoxidable AISI 316L, Aluminio con bajo contenido de cobre y GRP (Glassfiber reforzado con poli\u00e9ster).<\/p>\n<div class=\"page\" title=\"P\u00e1gina 40\">\n<div class=\"layoutArea\">\n<div class=\"column\">\n<p><strong>Tratamiento superficial:<\/strong> Acero inoxidable: Tratamiento \u00e1cido (decapado) \/ Aluminio: Est\u00e1ndar con recubrimiento de polvo de poli\u00e9ster RAL 7001.<\/p>\n<div class=\"page\" title=\"P\u00e1gina 40\">\n<div class=\"layoutArea\">\n<div class=\"column\">\n<p><strong>Accesorios opcionales en funci\u00f3n del material del armario:<\/strong><\/p>\n<div class=\"page\" title=\"P\u00e1gina 40\">\n<div class=\"layoutArea\">\n<ul>\n<li class=\"column\">Tratamiento electropolaco (solo acero inoxidable);<\/li>\n<li class=\"column\">Placas de prensaestopas laterales (solo de acero inoxidable);<\/li>\n<li class=\"column\">Bisagras;<\/li>\n<li class=\"column\">V\u00e1lvula de drenaje\/respiradero;<\/li>\n<li class=\"column\">Traffolyte\/ etiqueta de certificado de acero inoxidable;<\/li>\n<li class=\"column\">Placa de montaje interno;<\/li>\n<li class=\"column\">Instalaci\u00f3n de bloqueo (solo de acero inoxidable);<\/li>\n<li class=\"column\">Placas de continuidad de la Tierra (solo GRP);<\/li>\n<li class=\"column\">Pasando por un rayo de tierra.<\/li>\n<\/ul>\n<div class=\"column\">\n<div class=\"page\" title=\"P\u00e1gina 40\">\n<div class=\"layoutArea\">\n<div class=\"column\">\n<p><strong>Grado de protecci\u00f3n:<\/strong> IP66 \/ IP67<\/p>\n<div class=\"page\" title=\"P\u00e1gina 40\">\n<div class=\"layoutArea\">\n<div class=\"column\">\n<p><strong>Rango de temperatura ambiente:<\/strong> -50\u00b0C a 95\u00b0C (dependiendo del componente utilizado). Otros rangos posibles son con:<\/p>\n<ul>\n<li>temperatura m\u00ednima: -50\u00b0C a -20\u00b0C;<\/li>\n<li>temperatura m\u00e1xima de: 40\u00b0C a 95\u00b0C.<\/li>\n<\/ul>\n<div class=\"page\" title=\"P\u00e1gina 40\">\n<div class=\"layoutArea\">\n<div class=\"column\">\n<p><strong>Cuerpo:<\/strong><\/p>\n<div class=\"page\" title=\"P\u00e1gina 40\">\n<div class=\"section\">\n<div class=\"layoutArea\">\n<ul>\n<li class=\"column\">Serie CS\/JB**A\/G****EX Aluminio sin cobre\/ GRP<\/li>\n<li class=\"column\">Acero inoxidable CS\/JB** S*****EX AISI 316L<\/li>\n<\/ul>\n<\/div>\n<div class=\"page\" title=\"P\u00e1gina 40\">\n<div class=\"layoutArea\">\n<div class=\"column\">\n<p><strong>Herrajes, tornillos y dispositivos de bloqueo:<\/strong> acero inoxidable AISI 316L<\/p>\n<div class=\"page\" title=\"P\u00e1gina 40\">\n<div class=\"layoutArea\">\n<div class=\"column\">\n<p><strong>Datos el\u00e9ctricos:<\/strong> Dependiendo de los componentes montados.<\/p>\n<div class=\"page\" title=\"P\u00e1gina 40\">\n<div class=\"layoutArea\">\n<div class=\"column\">\n<p><strong>Clase de temperatura:<\/strong> T6 (T85\u00b0C), T5 (T100\u00b0C), T4 (135\u00b0C) (dependiendo del componente utilizado).<\/p>\n<div class=\"page\" title=\"P\u00e1gina 40\">\n<div class=\"layoutArea\">\n<div class=\"column\">\n<p><strong>Marcado:<\/strong><\/p>\n<div class=\"page\" title=\"P\u00e1gina 40\">\n<div class=\"layoutArea\">\n<div class=\"column\">\n<p><strong>Mundial (IECEx):<\/strong><br \/>\nEx ia IIC\/IIB T6\/T5\/T4 Ga2 o<br \/>\nEx eb IIC\/IIB T6\/T5\/T4 Gb1 o<br \/>\nEx e IIC\/IIB T6\/T5\/T4 Gb1 o<br \/>\nEx db eb ia\/ib mb [3] IIC\/IIB T6\/T5\/T4 Gb1 y\/o Ex tb IIIC T85\u00b0C\/T100\u00b0C\/T135\u00b0C Db<\/p>\n<p><strong>Europa (ATEX):<\/strong><br \/>\nII 1 G Ex ia IIC\/IIB T6\/T5\/T4 Ga2 o<br \/>\nII 2 G Ex eb IIC\/IIB T6\/T5\/T4 Gb1 o<br \/>\nII 2(1) G Ex db eb ia\/ib mb [3] IIC\/IIB T6\/T5\/T4 Gb1 o<br \/>\nII 2G (1D) Ex db e ia\/ib mb  [Ex iaD]  IIC\/IIB T6\/T5\/T4 Gb1 y\/o II 2 D Ex tb IIIC T85\u00b0C\/T100\u00b0C\/T135\u00b0C Db<\/p>\n<div class=\"page\" title=\"P\u00e1gina 40\">\n<div class=\"section\">\n<div class=\"layoutArea\">\n<div class=\"column\">\n<p><strong>Notas:<\/strong><\/p>\n<div class=\"page\" title=\"P\u00e1gina 40\">\n<div class=\"section\">\n<div class=\"layoutArea\">\n<div class=\"column\">\n<p>1) Otro tipo de protecci\u00f3n adicional a Ex e\/eb en funci\u00f3n de los componentes realmente montados.<br \/>\n2) En el caso de recintos que contengan terminales Ex e\/Ex eb y\/o componentes Ex ia Ga ya certificados (con marcado compatible).<br \/>\n3) Protecci\u00f3n del equipo asociado en funci\u00f3n de los componentes realmente montados (v\u00e9anse las listas): p.ej.[ia\/ib Ga\/ia IIIC Da] y\/o [ia IIIC Da] o [ia\/ib\/ia Ga\/ia IIIC Da] y\/o [ia\/ib\/ia Ga] [ia IIIC Da]<\/p>\n<div class=\"page\" title=\"P\u00e1gina 40\">\n<div class=\"section\">\n<div class=\"layoutArea\">\n<div class=\"column\">\n<p><strong>Etiqueta de certificado est\u00e1ndar:<\/strong> Hecho por el poli\u00e9ster autoadhesivo UV y resistente a la corrosi\u00f3n, aprobado por el laboratorio certificado.<\/p>\n<div class=\"page\" title=\"P\u00e1gina 40\">\n<div class=\"section\">\n<div class=\"layoutArea\">\n<div class=\"column\">\n<p><strong>Conforme con:<\/strong><\/p>\n<div class=\"page\" title=\"P\u00e1gina 40\">\n<div class=\"section\">\n<div class=\"layoutArea\">\n<div class=\"column\">\n<p>IEC 60079-0 &amp; EN IEC 60079-0 &#8211; Equipamiento &#8211; Requisitos generales<br \/>\nIEC 60079-1 &amp; EN IEC 60079-1 &#8211; Protecci\u00f3n de equipos mediante carcasas ign\u00edfugas \u00abd\u00bb IEC 60079-7 &amp; EN IEC 60079-7 &#8211; Protecci\u00f3n de equipos mediante una mayor seguridad \u00abe\u00bb IEC 60079-11 &amp; EN IEC 60079-11 &#8211; Protecci\u00f3n de equipos mediante seguridad intr\u00ednseca \u00abi\u00bb IEC 60079-18 &amp; EN 60079-1118 &#8211; Protecci\u00f3n de equipos mediante encapsulaci\u00f3n \u00abm\u00bb<br \/>\nIEC 60079-31 &amp; EN 60079-31 &#8211; Equipo de protecci\u00f3n contra la ignici\u00f3n de polvo por el recinto \u00abt\u00bb<\/p>\n<div class=\"page\" title=\"P\u00e1gina 40\">\n<div class=\"section\">\n<div class=\"layoutArea\">\n<div class=\"column\">\n<p><strong>Cerramientos:<\/strong><\/p>\n<ul>\n<li><strong>Tipo de protecci\u00f3n Ex eb:<\/strong> Proporciona una carcasa resistente al impacto para equipos el\u00e9ctricos y asegura que el contenido no producir\u00e1 una chispa, temperatura o corriente de fluencia que podr\u00eda encender la atm\u00f3sfera inflamable externa en una zona peligrosa, ubicaci\u00f3n o espacio de trabajo.<\/li>\n<li><strong>Tipo de protecci\u00f3n Ex tb:<\/strong> Evita la penetraci\u00f3n de polvo combustible (IIIC) en el recinto y garantiza la limitaci\u00f3n de la temperatura superficial para su uso en atm\u00f3sferas de polvo explosivo.<\/li>\n<\/ul>\n<p><strong>COMPONENTES: <\/strong><\/p>\n<ul>\n<li><strong>Tipo de protecci\u00f3n Ex db:<\/strong> El equipo el\u00e9ctrico se instala en un recinto adecuado para soportar la presi\u00f3n elevada durante la explosi\u00f3n interna y evita la transmisi\u00f3n de la llama a la atm\u00f3sfera externa potencialmente explosiva.<\/li>\n<li><strong>Tipo de protecci\u00f3n Ex ia \/ ib<\/strong>: La energ\u00eda del circuito que podr\u00eda ser capaz de encender una atm\u00f3sfera potencialmente explosiva est\u00e1 limitada de modo que ni la chispa ni el calentamiento de los componentes el\u00e9ctricos pueden encender la atm\u00f3sfera potencialmente explosiva circundante.<\/li>\n<li><strong>Tipo de protecci\u00f3n Ex mb:<\/strong> La encapsulaci\u00f3n permite la separaci\u00f3n de las partes vivas de la atm\u00f3sfera explosiva.<strong><br \/>\n<\/strong><\/li>\n<\/ul>\n<div class=\"page\" title=\"P\u00e1gina 39\">\n<div class=\"section\">\n<div class=\"layoutArea\"><\/div>\n<\/div>\n<\/div>\n<\/div>\n<\/div>\n<\/div>\n<\/div>\n<\/div>\n<\/div>\n<\/div>\n<\/div>\n<\/div>\n<\/div>\n<\/div>\n<\/div>\n<\/div>\n<\/div>\n<\/div>\n<\/div>\n<\/div>\n<\/div>\n<\/div>\n<\/div>\n<\/div>\n<\/div>\n<\/div>\n<\/div>\n<\/div>\n<\/div>\n<\/div>\n<\/div>\n<\/div>\n<\/div>\n<\/div>\n<\/div>\n<\/div>\n<\/div>\n<\/div>\n<\/div>\n<\/div>\n<\/div>\n<\/div>\n<\/div>\n<\/div>\n<\/div>\n<\/div>\n<\/div>\n<\/div>\n<\/div>\n<\/div>\n<\/div>\n<\/div>\n<\/div>\n<\/div>\n<\/div>\n<\/div>\n<\/div>\n<\/div>\n<\/div>\n<\/div>\n<\/div>\n<\/div>\n<\/div>\n<\/div>\n<\/div>\n<\/div>\n<\/div>\n<\/div>\n<\/div>\n<\/div>\n<\/div>\n<\/div>\n<\/div>\n<\/div>\n<\/div>\n<\/div>\n<p>[\/vc_column_text][\/vc_column][\/vc_row][vc_row equal_height=\u00bbyes\u00bb content_placement=\u00bbtop\u00bb disable_element=\u00bbyes\u00bb][vc_column el_id=\u00bbsidebar-filtri\u00bb offset=\u00bbvc_col-md-3&#8243;]<div class=\"ult_row_spacer\"><div class=\"ult-sticky-anchor\"><div class=\"ult-sticky-section ult-sticky \"  data-gutter= '150' data-stick_behaviour= 'stick_with_scroll'  data-sticky_position= 'top' data-mobile='no' data-support='no'>[vc_column_text]<form data-sf-form-id='26377' data-is-rtl='0' data-maintain-state='' data-results-url='https:\/\/www.giovenzana.com\/es\/productos\/atex-iecex\/interruptores-de-levas-phoenix-ex\/' data-ajax-url='https:\/\/www.giovenzana.com\/es\/?sfid=26377&amp;sf_action=get_data&amp;sf_data=all' data-ajax-form-url='https:\/\/www.giovenzana.com\/es\/?sfid=26377&amp;sf_action=get_data&amp;sf_data=form' data-display-result-method='shortcode' data-use-history-api='1' data-template-loaded='0' data-lang-code='es' data-ajax='1' data-ajax-data-type='json' data-ajax-links-selector='.pagination a' data-ajax-target='#search-filter-results-26377' data-ajax-pagination-type='infinite_scroll' data-show-scroll-loader='1' data-infinite-scroll-container='#risultati' data-infinite-scroll-trigger='-100' data-update-ajax-url='0' data-only-results-ajax='1' data-scroll-to-pos='0' data-init-paged='1' data-auto-update='1' data-auto-count='1' data-auto-count-refresh-mode='1' action='https:\/\/www.giovenzana.com\/es\/productos\/atex-iecex\/interruptores-de-levas-phoenix-ex\/' method='post' class='searchandfilter' id='search-filter-form-26377' autocomplete='off' data-instance-count='1'><ul><li class=\"sf-field-search\" data-sf-field-name=\"search\" data-sf-field-type=\"search\" data-sf-field-input-type=\"\">\t\t<label>\n\t\t\t\t   \t\t\t<span class=\"screen-reader-text\">Busca...<\/span><input placeholder=\"Busca...\" name=\"_sf_search[]\" class=\"sf-input-text\" type=\"text\" value=\"\" title=\"Busca...\"><\/label>\t\t<\/li><\/ul><\/form>[\/vc_column_text]<\/div><div class=\"ult-space\"><\/div><\/div><\/div>[vc_column_text]<div class=\"search-filter-results\" id=\"search-filter-results-26377\"><div style=\"display:block; bottom: 20px; text-align:center; width:100%;  position: absolute;\">No other Results Found<\/div><\/div>[\/vc_column_text][\/vc_column][\/vc_row][vc_row][vc_column][vc_column_text]<\/p>\n<p>[\/vc_column_text][\/vc_column][\/vc_row][vc_row][vc_column][vc_column_text]<\/p>\n<\/div>\n<\/div>\n<\/div>\n<\/div>\n<\/div>\n<\/div>\n<\/div>\n<\/div>\n<\/div>\n<\/div>\n<\/div>\n<\/div>\n<p>[\/vc_column_text][\/vc_column][\/vc_row]<\/p>\n<\/div>","protected":false},"excerpt":{"rendered":"<p>[vc_row][vc_column width=\u00bb1\/4&#8243;][vc_column_text css_animation=\u00bbnone\u00bb css=\u00bb.vc_custom_1677164383663{padding-top: 100px !important;}\u00bb]\u00a1Descargue el cat\u00e1logo ATEX y el manual de instrucciones para tener m\u00e1s detalles para la oportunidad de personalizaci\u00f3n! Nuestro departamento t\u00e9cnico le ayudar\u00e1 a dise\u00f1ar la mejor soluci\u00f3n seg\u00fan sus necesidades y dentro de los l\u00edmites del certificado. [\/vc_column_text][vc_single_image image=\u00bb46626&#8243; img_size=\u00bbfull\u00bb][vc_single_image image=\u00bb46619&#8243; img_size=\u00bbfull\u00bb][vc_single_image image=\u00bb46612&#8243; img_size=\u00bbfull\u00bb][\/vc_column][vc_column width=\u00bb3\/4&#8243;][vc_column_text] ESTACIONES DE CONTROL LOCALES&hellip;<\/p>\n","protected":false},"author":14,"featured_media":46626,"parent":12732,"menu_order":7,"comment_status":"closed","ping_status":"closed","template":"page-filtri.php","meta":{"_acf_changed":false,"ngg_post_thumbnail":0,"footnotes":""},"class_list":["post-46582","page","type-page","status-publish","has-post-thumbnail","hentry","description-off"],"acf":[],"yoast_head":"<!-- This site is optimized with the Yoast SEO plugin v24.4 - https:\/\/yoast.com\/wordpress\/plugins\/seo\/ -->\n<title>ESTACIONES DE CONTROL Ex &#8211; Giovenzana<\/title>\n<meta name=\"description\" content=\"Estaciones de control ATEX, IECEx de Giovenzana\" \/>\n<meta name=\"robots\" content=\"index, follow, max-snippet:-1, max-image-preview:large, max-video-preview:-1\" \/>\n<link rel=\"canonical\" href=\"https:\/\/www.giovenzana.com\/es\/productos\/atex-iecex\/estaciones-de-control-ex\/\" \/>\n<meta property=\"og:locale\" content=\"es_ES\" \/>\n<meta property=\"og:type\" content=\"article\" \/>\n<meta property=\"og:title\" content=\"ESTACIONES DE CONTROL Ex &#8211; Giovenzana\" \/>\n<meta property=\"og:description\" content=\"Estaciones de control ATEX, IECEx de Giovenzana\" \/>\n<meta property=\"og:url\" content=\"https:\/\/www.giovenzana.com\/es\/productos\/atex-iecex\/estaciones-de-control-ex\/\" \/>\n<meta property=\"og:site_name\" content=\"Giovenzana\" \/>\n<meta property=\"article:publisher\" content=\"https:\/\/www.facebook.com\/giovenzanainternational\" \/>\n<meta property=\"article:modified_time\" content=\"2023-04-18T13:03:11+00:00\" \/>\n<meta property=\"og:image\" content=\"https:\/\/www.giovenzana.com\/wp-content\/uploads\/AISI.png\" \/>\n\t<meta property=\"og:image:width\" content=\"984\" \/>\n\t<meta property=\"og:image:height\" content=\"1754\" \/>\n\t<meta property=\"og:image:type\" content=\"image\/png\" \/>\n<meta name=\"twitter:card\" content=\"summary_large_image\" \/>\n<meta name=\"twitter:label1\" content=\"Tiempo de lectura\" \/>\n\t<meta name=\"twitter:data1\" content=\"5 minutos\" \/>\n<script type=\"application\/ld+json\" class=\"yoast-schema-graph\">{\"@context\":\"https:\/\/schema.org\",\"@graph\":[{\"@type\":\"WebPage\",\"@id\":\"https:\/\/www.giovenzana.com\/es\/productos\/atex-iecex\/estaciones-de-control-ex\/\",\"url\":\"https:\/\/www.giovenzana.com\/es\/productos\/atex-iecex\/estaciones-de-control-ex\/\",\"name\":\"ESTACIONES DE CONTROL Ex &#8211; Giovenzana\",\"isPartOf\":{\"@id\":\"https:\/\/www.giovenzana.com\/es\/#website\"},\"primaryImageOfPage\":{\"@id\":\"https:\/\/www.giovenzana.com\/es\/productos\/atex-iecex\/estaciones-de-control-ex\/#primaryimage\"},\"image\":{\"@id\":\"https:\/\/www.giovenzana.com\/es\/productos\/atex-iecex\/estaciones-de-control-ex\/#primaryimage\"},\"thumbnailUrl\":\"https:\/\/www.giovenzana.com\/wp-content\/uploads\/AISI.png\",\"datePublished\":\"2023-04-17T13:53:52+00:00\",\"dateModified\":\"2023-04-18T13:03:11+00:00\",\"description\":\"Estaciones de control ATEX, IECEx de Giovenzana\",\"breadcrumb\":{\"@id\":\"https:\/\/www.giovenzana.com\/es\/productos\/atex-iecex\/estaciones-de-control-ex\/#breadcrumb\"},\"inLanguage\":\"es\",\"potentialAction\":[{\"@type\":\"ReadAction\",\"target\":[\"https:\/\/www.giovenzana.com\/es\/productos\/atex-iecex\/estaciones-de-control-ex\/\"]}]},{\"@type\":\"ImageObject\",\"inLanguage\":\"es\",\"@id\":\"https:\/\/www.giovenzana.com\/es\/productos\/atex-iecex\/estaciones-de-control-ex\/#primaryimage\",\"url\":\"https:\/\/www.giovenzana.com\/wp-content\/uploads\/AISI.png\",\"contentUrl\":\"https:\/\/www.giovenzana.com\/wp-content\/uploads\/AISI.png\",\"width\":984,\"height\":1754,\"caption\":\"localcontrolstation-aisi-316l\"},{\"@type\":\"BreadcrumbList\",\"@id\":\"https:\/\/www.giovenzana.com\/es\/productos\/atex-iecex\/estaciones-de-control-ex\/#breadcrumb\",\"itemListElement\":[{\"@type\":\"ListItem\",\"position\":1,\"name\":\"Home\",\"item\":\"https:\/\/www.giovenzana.com\/es\/\"},{\"@type\":\"ListItem\",\"position\":2,\"name\":\"Productos\",\"item\":\"https:\/\/www.giovenzana.com\/es\/productos\/\"},{\"@type\":\"ListItem\",\"position\":3,\"name\":\"ATEX y IECEx\",\"item\":\"https:\/\/www.giovenzana.com\/es\/productos\/atex-iecex\/\"},{\"@type\":\"ListItem\",\"position\":4,\"name\":\"ESTACIONES DE CONTROL Ex\"}]},{\"@type\":\"WebSite\",\"@id\":\"https:\/\/www.giovenzana.com\/es\/#website\",\"url\":\"https:\/\/www.giovenzana.com\/es\/\",\"name\":\"Giovenzana\",\"description\":\"Piccoli oggetti d\u2019arte di grande tecnologia\",\"publisher\":{\"@id\":\"https:\/\/www.giovenzana.com\/es\/#organization\"},\"potentialAction\":[{\"@type\":\"SearchAction\",\"target\":{\"@type\":\"EntryPoint\",\"urlTemplate\":\"https:\/\/www.giovenzana.com\/es\/?s={search_term_string}\"},\"query-input\":{\"@type\":\"PropertyValueSpecification\",\"valueRequired\":true,\"valueName\":\"search_term_string\"}}],\"inLanguage\":\"es\"},{\"@type\":\"Organization\",\"@id\":\"https:\/\/www.giovenzana.com\/es\/#organization\",\"name\":\"Giovenzana International B.V.\",\"url\":\"https:\/\/www.giovenzana.com\/es\/\",\"logo\":{\"@type\":\"ImageObject\",\"inLanguage\":\"es\",\"@id\":\"https:\/\/www.giovenzana.com\/es\/#\/schema\/logo\/image\/\",\"url\":\"https:\/\/www.giovenzana.com\/wp-content\/uploads\/logo-giovenzana-international.png\",\"contentUrl\":\"https:\/\/www.giovenzana.com\/wp-content\/uploads\/logo-giovenzana-international.png\",\"width\":301,\"height\":98,\"caption\":\"Giovenzana International B.V.\"},\"image\":{\"@id\":\"https:\/\/www.giovenzana.com\/es\/#\/schema\/logo\/image\/\"},\"sameAs\":[\"https:\/\/www.facebook.com\/giovenzanainternational\",\"https:\/\/www.linkedin.com\/company\/giovenzanainternational\",\"https:\/\/www.youtube.com\/channel\/UCN-H9aOP26hpeo4zqxpGTxw\"]}]}<\/script>\n<!-- \/ Yoast SEO plugin. -->","yoast_head_json":{"title":"ESTACIONES DE CONTROL Ex &#8211; Giovenzana","description":"Estaciones de control ATEX, IECEx de Giovenzana","robots":{"index":"index","follow":"follow","max-snippet":"max-snippet:-1","max-image-preview":"max-image-preview:large","max-video-preview":"max-video-preview:-1"},"canonical":"https:\/\/www.giovenzana.com\/es\/productos\/atex-iecex\/estaciones-de-control-ex\/","og_locale":"es_ES","og_type":"article","og_title":"ESTACIONES DE CONTROL Ex &#8211; Giovenzana","og_description":"Estaciones de control ATEX, IECEx de Giovenzana","og_url":"https:\/\/www.giovenzana.com\/es\/productos\/atex-iecex\/estaciones-de-control-ex\/","og_site_name":"Giovenzana","article_publisher":"https:\/\/www.facebook.com\/giovenzanainternational","article_modified_time":"2023-04-18T13:03:11+00:00","og_image":[{"width":984,"height":1754,"url":"https:\/\/www.giovenzana.com\/wp-content\/uploads\/AISI.png","type":"image\/png"}],"twitter_card":"summary_large_image","twitter_misc":{"Tiempo de lectura":"5 minutos"},"schema":{"@context":"https:\/\/schema.org","@graph":[{"@type":"WebPage","@id":"https:\/\/www.giovenzana.com\/es\/productos\/atex-iecex\/estaciones-de-control-ex\/","url":"https:\/\/www.giovenzana.com\/es\/productos\/atex-iecex\/estaciones-de-control-ex\/","name":"ESTACIONES DE CONTROL Ex &#8211; Giovenzana","isPartOf":{"@id":"https:\/\/www.giovenzana.com\/es\/#website"},"primaryImageOfPage":{"@id":"https:\/\/www.giovenzana.com\/es\/productos\/atex-iecex\/estaciones-de-control-ex\/#primaryimage"},"image":{"@id":"https:\/\/www.giovenzana.com\/es\/productos\/atex-iecex\/estaciones-de-control-ex\/#primaryimage"},"thumbnailUrl":"https:\/\/www.giovenzana.com\/wp-content\/uploads\/AISI.png","datePublished":"2023-04-17T13:53:52+00:00","dateModified":"2023-04-18T13:03:11+00:00","description":"Estaciones de control ATEX, IECEx de Giovenzana","breadcrumb":{"@id":"https:\/\/www.giovenzana.com\/es\/productos\/atex-iecex\/estaciones-de-control-ex\/#breadcrumb"},"inLanguage":"es","potentialAction":[{"@type":"ReadAction","target":["https:\/\/www.giovenzana.com\/es\/productos\/atex-iecex\/estaciones-de-control-ex\/"]}]},{"@type":"ImageObject","inLanguage":"es","@id":"https:\/\/www.giovenzana.com\/es\/productos\/atex-iecex\/estaciones-de-control-ex\/#primaryimage","url":"https:\/\/www.giovenzana.com\/wp-content\/uploads\/AISI.png","contentUrl":"https:\/\/www.giovenzana.com\/wp-content\/uploads\/AISI.png","width":984,"height":1754,"caption":"localcontrolstation-aisi-316l"},{"@type":"BreadcrumbList","@id":"https:\/\/www.giovenzana.com\/es\/productos\/atex-iecex\/estaciones-de-control-ex\/#breadcrumb","itemListElement":[{"@type":"ListItem","position":1,"name":"Home","item":"https:\/\/www.giovenzana.com\/es\/"},{"@type":"ListItem","position":2,"name":"Productos","item":"https:\/\/www.giovenzana.com\/es\/productos\/"},{"@type":"ListItem","position":3,"name":"ATEX y IECEx","item":"https:\/\/www.giovenzana.com\/es\/productos\/atex-iecex\/"},{"@type":"ListItem","position":4,"name":"ESTACIONES DE CONTROL Ex"}]},{"@type":"WebSite","@id":"https:\/\/www.giovenzana.com\/es\/#website","url":"https:\/\/www.giovenzana.com\/es\/","name":"Giovenzana","description":"Piccoli oggetti d\u2019arte di grande tecnologia","publisher":{"@id":"https:\/\/www.giovenzana.com\/es\/#organization"},"potentialAction":[{"@type":"SearchAction","target":{"@type":"EntryPoint","urlTemplate":"https:\/\/www.giovenzana.com\/es\/?s={search_term_string}"},"query-input":{"@type":"PropertyValueSpecification","valueRequired":true,"valueName":"search_term_string"}}],"inLanguage":"es"},{"@type":"Organization","@id":"https:\/\/www.giovenzana.com\/es\/#organization","name":"Giovenzana International B.V.","url":"https:\/\/www.giovenzana.com\/es\/","logo":{"@type":"ImageObject","inLanguage":"es","@id":"https:\/\/www.giovenzana.com\/es\/#\/schema\/logo\/image\/","url":"https:\/\/www.giovenzana.com\/wp-content\/uploads\/logo-giovenzana-international.png","contentUrl":"https:\/\/www.giovenzana.com\/wp-content\/uploads\/logo-giovenzana-international.png","width":301,"height":98,"caption":"Giovenzana International B.V."},"image":{"@id":"https:\/\/www.giovenzana.com\/es\/#\/schema\/logo\/image\/"},"sameAs":["https:\/\/www.facebook.com\/giovenzanainternational","https:\/\/www.linkedin.com\/company\/giovenzanainternational","https:\/\/www.youtube.com\/channel\/UCN-H9aOP26hpeo4zqxpGTxw"]}]}},"_links":{"self":[{"href":"https:\/\/www.giovenzana.com\/es\/wp-json\/wp\/v2\/pages\/46582","targetHints":{"allow":["GET"]}}],"collection":[{"href":"https:\/\/www.giovenzana.com\/es\/wp-json\/wp\/v2\/pages"}],"about":[{"href":"https:\/\/www.giovenzana.com\/es\/wp-json\/wp\/v2\/types\/page"}],"author":[{"embeddable":true,"href":"https:\/\/www.giovenzana.com\/es\/wp-json\/wp\/v2\/users\/14"}],"replies":[{"embeddable":true,"href":"https:\/\/www.giovenzana.com\/es\/wp-json\/wp\/v2\/comments?post=46582"}],"version-history":[{"count":7,"href":"https:\/\/www.giovenzana.com\/es\/wp-json\/wp\/v2\/pages\/46582\/revisions"}],"predecessor-version":[{"id":47017,"href":"https:\/\/www.giovenzana.com\/es\/wp-json\/wp\/v2\/pages\/46582\/revisions\/47017"}],"up":[{"embeddable":true,"href":"https:\/\/www.giovenzana.com\/es\/wp-json\/wp\/v2\/pages\/12732"}],"wp:featuredmedia":[{"embeddable":true,"href":"https:\/\/www.giovenzana.com\/es\/wp-json\/wp\/v2\/media\/46626"}],"wp:attachment":[{"href":"https:\/\/www.giovenzana.com\/es\/wp-json\/wp\/v2\/media?parent=46582"}],"curies":[{"name":"wp","href":"https:\/\/api.w.org\/{rel}","templated":true}]}}