{"id":47069,"date":"2023-04-18T11:38:59","date_gmt":"2023-04-18T09:38:59","guid":{"rendered":"https:\/\/www.giovenzana.com\/?page_id=47069"},"modified":"2023-04-18T15:03:12","modified_gmt":"2023-04-18T13:03:12","slug":"envolventes-de-seguridad-aumentada-ex","status":"publish","type":"page","link":"https:\/\/www.giovenzana.com\/es\/productos\/atex-iecex\/envolventes-de-seguridad-aumentada-ex\/","title":{"rendered":"ENVOLVENTES DE SEGURIDAD AUMENTADA Ex"},"content":{"rendered":"<div class=\"wpb-content-wrapper\"><p>[vc_row][vc_column width=\u00bb1\/4&#8243;][vc_column_text css_animation=\u00bbnone\u00bb css=\u00bb.vc_custom_1677164383663{padding-top: 100px !important;}\u00bb]<strong>\u00a1Descargue el <a href=\"https:\/\/static.giovenzana.com\/catalogues\/ENGLISH\/CXE.pdf\">cat\u00e1logo ATEX<\/a> y el <a href=\"https:\/\/static.giovenzana.com\/attachments\/leaflets\/EN-IT_JunctionBoxes-LocalControlStations_USE.pdf\">manual de instrucciones<\/a> para tener m\u00e1s detalles para la oportunidad de personalizaci\u00f3n!<\/strong><\/p>\n<div class=\"page\" title=\"P\u00e1gina 39\">\n<div class=\"section\">\n<div class=\"layoutArea\">\n<div class=\"column\">\n<p><em>Nuestro departamento t\u00e9cnico le ayudar\u00e1 a dise\u00f1ar la mejor soluci\u00f3n seg\u00fan sus necesidades y dentro de los l\u00edmites del certificado.<\/em><\/p>\n<\/div>\n<\/div>\n<\/div>\n<\/div>\n<p>[\/vc_column_text][vc_single_image image=\u00bb47090&#8243; img_size=\u00bbfull\u00bb][vc_single_image image=\u00bb47097&#8243; img_size=\u00bbfull\u00bb][vc_single_image image=\u00bb47104&#8243; img_size=\u00bbfull\u00bb][\/vc_column][vc_column width=\u00bb3\/4&#8243;][vc_column_text]<\/p>\n<div class=\"page\" title=\"P\u00e1gina 39\">\n<div class=\"section\">\n<div class=\"layoutArea\">\n<div class=\"column\">\n<div class=\"page\" title=\"P\u00e1gina 39\">\n<div class=\"section\">\n<div class=\"layoutArea\">\n<div class=\"column\">\n<h3><span style=\"color: #ffcc33;\"><strong><span dir=\"ltr\" role=\"presentation\">ENVOLVENTES DE SEGURIDAD AUMENTADA <\/span><span dir=\"ltr\" role=\"presentation\">\u00bb SERIE A\/G\/S*****EX..<\/span><br \/>\n<\/strong><\/span><\/h3>\n<p>&nbsp;<\/p>\n<\/div>\n<p><span dir=\"ltr\" role=\"presentation\">Componentes dise\u00f1ados para cumplir los requisitos<\/span> <strong><span dir=\"ltr\" role=\"presentation\">de uso ON y OFF-SHORE<\/span><\/strong><span dir=\"ltr\" role=\"presentation\">, en aplicaciones petroqu\u00edmicas y marinas<\/span> <span dir=\"ltr\" role=\"presentation\">y para cualquier otra industria en la que pueda existir una atm\u00f3sfera explosiva.<\/span><\/p>\n<\/div>\n<div class=\"layoutArea\"><br role=\"presentation\"><strong><span dir=\"ltr\" role=\"presentation\">A\/G\/S****EX&#8230; Serie<\/span><\/strong> <span dir=\"ltr\" role=\"presentation\">es adecuada para equipos para atm\u00f3sferas explosivas de GAS y POLVO, con un nivel \u00abalto\u00bb de protecci\u00f3n,<\/span> <span dir=\"ltr\" role=\"presentation\">que no es una fuente de ignici\u00f3n en funcionamiento normal o durante el mal funcionamiento previsto.<\/span><\/div>\n<div class=\"layoutArea\"><br role=\"presentation\"><span dir=\"ltr\" role=\"presentation\">Aplicaciones tales como: cajas de conexiones, estaciones de control locales y paneles de control locales para<\/span> <span dir=\"ltr\" role=\"presentation\">aplicaciones en interiores y exteriores.<\/span><\/div>\n<div class=\"layoutArea\"><br role=\"presentation\"><span dir=\"ltr\" role=\"presentation\">\u2022<\/span> <span dir=\"ltr\" role=\"presentation\">Totalmente personalizable<\/span> <span dir=\"ltr\" role=\"presentation\">para el tama\u00f1o y el material del recinto, el n\u00famero de agujeros y el mecanizado mec\u00e1nico.<\/span><\/div>\n<\/div>\n<\/div>\n<\/div>\n<\/div>\n<\/div>\n<\/div>\n<p>[\/vc_column_text][vc_separator css=\u00bb.vc_custom_1677164018482{padding-top: 30px !important;}\u00bb][vc_column_text]<\/p>\n<div class=\"page\" title=\"P\u00e1gina 39\">\n<div class=\"section\">\n<div class=\"layoutArea\">\n<div class=\"column\">\n<div class=\"page\" title=\"P\u00e1gina 39\">\n<div class=\"section\">\n<div class=\"layoutArea\">\n<div class=\"column\"><\/div>\n<div class=\"page\" title=\"P\u00e1gina 39\">\n<div class=\"section\">\n<div class=\"layoutArea\">\n<h4><span style=\"color: #ffcc33;\"><strong>CARACTER\u00cdSTICAS GENERALES:<\/strong><\/span><\/h4>\n<div class=\"column\">\n<div class=\"page\" title=\"P\u00e1gina 40\">\n<div class=\"layoutArea\">\n<div class=\"column\">\n<p><strong>Materiales:<\/strong> Acero inoxidable AISI 316L, Aluminio con bajo contenido de cobre y GRP (Glassfiber reforzado con poli\u00e9ster).<\/p>\n<div class=\"page\" title=\"P\u00e1gina 40\">\n<div class=\"layoutArea\">\n<div class=\"column\">\n<p><strong>Tratamiento superficial:<\/strong> Acero inoxidable: Tratamiento \u00e1cido (decapado) \/ Aluminio: Est\u00e1ndar con recubrimiento de polvo de poli\u00e9ster RAL 7001.<\/p>\n<div class=\"page\" title=\"P\u00e1gina 40\">\n<div class=\"layoutArea\">\n<div class=\"column\">\n<p><strong>Accesorios opcionales en funci\u00f3n del material del armario:<\/strong><\/p>\n<div class=\"page\" title=\"P\u00e1gina 40\">\n<div class=\"layoutArea\">\n<ul>\n<li class=\"column\">Tratamiento electropolaco (solo acero inoxidable);<\/li>\n<li class=\"column\">Placas de prensaestopas laterales (solo de acero inoxidable);<\/li>\n<li class=\"column\">Bisagras (GPR y aluminio);<\/li>\n<li class=\"column\">V\u00e1lvula de drenaje\/respiradero;<\/li>\n<li class=\"column\">Traffolyte\/ etiqueta de certificado de acero inoxidable;<\/li>\n<li class=\"column\">Placa de montaje interno;<\/li>\n<li class=\"column\">Instalaci\u00f3n de bloqueo (solo de acero inoxidable);<\/li>\n<li class=\"column\">Placas de continuidad de la Tierra (solo GRP);<\/li>\n<li class=\"column\">Pasando por un rayo de tierra.<\/li>\n<\/ul>\n<div class=\"column\">\n<div class=\"page\" title=\"P\u00e1gina 40\">\n<div class=\"layoutArea\">\n<div class=\"column\">\n<p><strong>Grado de protecci\u00f3n:<\/strong> IP66, <span dir=\"ltr\" role=\"presentation\">IP66\/IP67 (S****EX&#8230; solo sin elemento de mango giratorio).<\/span><\/p>\n<p><strong><span dir=\"ltr\" role=\"presentation\">Grupo de polvo<\/span>:<\/strong>IIIC.<\/p>\n<div class=\"page\" title=\"P\u00e1gina 40\">\n<div class=\"layoutArea\">\n<div class=\"column\">\n<p><strong>Ts <span dir=\"ltr\" role=\"presentation\">Rango de temperatura<\/span>:<\/strong><span dir=\"ltr\" role=\"presentation\">-50\u00b0C a 105\u00b0C (dependiendo del material y del mecanizado mec\u00e1nico).<\/span><\/p>\n<div class=\"page\" title=\"P\u00e1gina 40\">\n<div class=\"layoutArea\">\n<div class=\"column\">\n<p><strong>Cuerpo:<\/strong><\/p>\n<div class=\"page\" title=\"P\u00e1gina 40\">\n<div class=\"section\">\n<div class=\"layoutArea\">\n<ul>\n<li><span dir=\"ltr\" role=\"presentation\">A******EX&#8230; Aluminio sin cobre<\/span><\/li>\n<li><span dir=\"ltr\" role=\"presentation\">G******EX&#8230; GRP<\/span><\/li>\n<li><span dir=\"ltr\" role=\"presentation\">Acero inoxidable S****EX AISI 316L<\/span><\/li>\n<\/ul>\n<\/div>\n<div class=\"page\" title=\"P\u00e1gina 40\">\n<div class=\"layoutArea\">\n<div class=\"column\">\n<p><strong>Herrajes, tornillos y dispositivos de bloqueo:<\/strong> acero inoxidable AISI 316L<\/p>\n<div class=\"page\" title=\"P\u00e1gina 40\">\n<div class=\"layoutArea\">\n<div class=\"column\">\n<div class=\"page\" title=\"P\u00e1gina 40\">\n<div class=\"layoutArea\">\n<div class=\"column\">\n<div class=\"page\" title=\"P\u00e1gina 40\">\n<div class=\"layoutArea\">\n<div class=\"column\">\n<p><strong>Marcado:<\/strong><\/p>\n<div class=\"page\" title=\"P\u00e1gina 40\">\n<div class=\"layoutArea\">\n<div class=\"column\">\n<p><strong>Mundial (IECEx):<\/strong><br \/>\n<span dir=\"ltr\" role=\"presentation\">Ex eb IIC Gb<\/span><br role=\"presentation\"><span dir=\"ltr\" role=\"presentation\">Ex tb IIIC Db<\/span><\/p>\n<p><strong>Europa (ATEX):<\/strong><br \/>\n<span dir=\"ltr\" role=\"presentation\">II 2 G Ex eb IIC Gb<\/span><br role=\"presentation\"><span dir=\"ltr\" role=\"presentation\">II 2 D Ex tb IIIC Db<\/span><\/p>\n<div class=\"page\" title=\"P\u00e1gina 40\">\n<div class=\"section\">\n<div class=\"layoutArea\">\n<div class=\"column\">\n<div class=\"page\" title=\"P\u00e1gina 40\">\n<div class=\"section\">\n<div class=\"layoutArea\">\n<div class=\"column\">\n<div class=\"page\" title=\"P\u00e1gina 40\">\n<div class=\"section\">\n<div class=\"layoutArea\">\n<div class=\"column\">\n<p><strong>Etiqueta de certificado est\u00e1ndar:<\/strong> Hecho por el poli\u00e9ster autoadhesivo UV y resistente a la corrosi\u00f3n, aprobado por el laboratorio certificado.<\/p>\n<div class=\"page\" title=\"P\u00e1gina 40\">\n<div class=\"section\">\n<div class=\"layoutArea\">\n<div class=\"column\">\n<p><strong>Conforme con:<\/strong><\/p>\n<div class=\"page\" title=\"P\u00e1gina 40\">\n<div class=\"section\">\n<div class=\"layoutArea\">\n<div class=\"column\">\n<p>IEC 60079-0 &amp; EN IEC 60079-0 &#8211; Equipamiento &#8211; Requisitos generales<br \/>\nIEC 60079-7 &amp; EN IEC 60079-7 &#8211; Protecci\u00f3n de equipos mediante el aumento de la seguridad \u00abe\u00bb<br \/>\nIEC 60079-31 &amp; EN 60079-31 &#8211; Equipo de protecci\u00f3n contra la ignici\u00f3n de polvo por el recinto \u00abt\u00bb<\/p>\n<div class=\"page\" title=\"P\u00e1gina 40\">\n<div class=\"section\">\n<div class=\"layoutArea\">\n<div class=\"column\">\n<p><strong>Cerramientos:<\/strong><\/p>\n<ul>\n<li><strong>Tipo de protecci\u00f3n Ex eb:<\/strong> Proporciona una carcasa resistente al impacto para equipos el\u00e9ctricos y asegura que el contenido no producir\u00e1 una chispa, temperatura o corriente de fluencia que podr\u00eda encender la atm\u00f3sfera inflamable externa en una zona peligrosa, ubicaci\u00f3n o espacio de trabajo.<\/li>\n<li><strong>Tipo de protecci\u00f3n Ex tb:<\/strong> Evita la penetraci\u00f3n de polvo combustible (IIIC) en el recinto y garantiza la limitaci\u00f3n de la temperatura superficial para su uso en atm\u00f3sferas de polvo explosivo.<\/li>\n<\/ul>\n<div class=\"page\" title=\"P\u00e1gina 39\"><\/div>\n<\/div>\n<\/div>\n<\/div>\n<\/div>\n<\/div>\n<\/div>\n<\/div>\n<\/div>\n<\/div>\n<\/div>\n<\/div>\n<\/div>\n<\/div>\n<\/div>\n<\/div>\n<\/div>\n<\/div>\n<\/div>\n<\/div>\n<\/div>\n<\/div>\n<\/div>\n<\/div>\n<\/div>\n<\/div>\n<\/div>\n<\/div>\n<\/div>\n<\/div>\n<\/div>\n<\/div>\n<\/div>\n<\/div>\n<\/div>\n<\/div>\n<\/div>\n<\/div>\n<\/div>\n<\/div>\n<\/div>\n<\/div>\n<\/div>\n<\/div>\n<\/div>\n<\/div>\n<\/div>\n<\/div>\n<\/div>\n<\/div>\n<\/div>\n<\/div>\n<\/div>\n<\/div>\n<\/div>\n<\/div>\n<\/div>\n<\/div>\n<\/div>\n<\/div>\n<\/div>\n<\/div>\n<\/div>\n<\/div>\n<\/div>\n<\/div>\n<\/div>\n<\/div>\n<\/div>\n<\/div>\n<\/div>\n<\/div>\n<\/div>\n<\/div>\n<p>[\/vc_column_text][\/vc_column][\/vc_row][vc_row equal_height=\u00bbyes\u00bb content_placement=\u00bbtop\u00bb disable_element=\u00bbyes\u00bb][vc_column el_id=\u00bbsidebar-filtri\u00bb offset=\u00bbvc_col-md-3&#8243;]<div class=\"ult_row_spacer\"><div class=\"ult-sticky-anchor\"><div class=\"ult-sticky-section ult-sticky \"  data-gutter= '150' data-stick_behaviour= 'stick_with_scroll'  data-sticky_position= 'top' data-mobile='no' data-support='no'>[vc_column_text]<form data-sf-form-id='26377' data-is-rtl='0' data-maintain-state='' data-results-url='https:\/\/www.giovenzana.com\/es\/productos\/atex-iecex\/interruptores-de-levas-phoenix-ex\/' data-ajax-url='https:\/\/www.giovenzana.com\/es\/?sfid=26377&amp;sf_action=get_data&amp;sf_data=all' data-ajax-form-url='https:\/\/www.giovenzana.com\/es\/?sfid=26377&amp;sf_action=get_data&amp;sf_data=form' data-display-result-method='shortcode' data-use-history-api='1' data-template-loaded='0' data-lang-code='es' data-ajax='1' data-ajax-data-type='json' data-ajax-links-selector='.pagination a' data-ajax-target='#search-filter-results-26377' data-ajax-pagination-type='infinite_scroll' data-show-scroll-loader='1' data-infinite-scroll-container='#risultati' data-infinite-scroll-trigger='-100' data-update-ajax-url='0' data-only-results-ajax='1' data-scroll-to-pos='0' data-init-paged='1' data-auto-update='1' data-auto-count='1' data-auto-count-refresh-mode='1' action='https:\/\/www.giovenzana.com\/es\/productos\/atex-iecex\/interruptores-de-levas-phoenix-ex\/' method='post' class='searchandfilter' id='search-filter-form-26377' autocomplete='off' data-instance-count='1'><ul><li class=\"sf-field-search\" data-sf-field-name=\"search\" data-sf-field-type=\"search\" data-sf-field-input-type=\"\">\t\t<label>\n\t\t\t\t   \t\t\t<span class=\"screen-reader-text\">Busca...<\/span><input placeholder=\"Busca...\" name=\"_sf_search[]\" class=\"sf-input-text\" type=\"text\" value=\"\" title=\"Busca...\"><\/label>\t\t<\/li><\/ul><\/form>[\/vc_column_text]<\/div><div class=\"ult-space\"><\/div><\/div><\/div>[vc_column_text]<div class=\"search-filter-results\" id=\"search-filter-results-26377\"><div style=\"display:block; bottom: 20px; text-align:center; width:100%;  position: absolute;\">No other Results Found<\/div><\/div>[\/vc_column_text][\/vc_column][\/vc_row][vc_row][vc_column][vc_column_text]<\/p>\n<p>[\/vc_column_text][\/vc_column][\/vc_row][vc_row][vc_column][vc_column_text]<\/p>\n<p>[\/vc_column_text][\/vc_column][\/vc_row]<\/p>\n<\/div>","protected":false},"excerpt":{"rendered":"<p>[vc_row][vc_column width=\u00bb1\/4&#8243;][vc_column_text css_animation=\u00bbnone\u00bb css=\u00bb.vc_custom_1677164383663{padding-top: 100px !important;}\u00bb]\u00a1Descargue el cat\u00e1logo ATEX y el manual de instrucciones para tener m\u00e1s detalles para la oportunidad de personalizaci\u00f3n! Nuestro departamento t\u00e9cnico le ayudar\u00e1 a dise\u00f1ar la mejor soluci\u00f3n seg\u00fan sus necesidades y dentro de los l\u00edmites del certificado. [\/vc_column_text][vc_single_image image=\u00bb47090&#8243; img_size=\u00bbfull\u00bb][vc_single_image image=\u00bb47097&#8243; img_size=\u00bbfull\u00bb][vc_single_image image=\u00bb47104&#8243; img_size=\u00bbfull\u00bb][\/vc_column][vc_column width=\u00bb3\/4&#8243;][vc_column_text] ENVOLVENTES DE SEGURIDAD AUMENTADA&hellip;<\/p>\n","protected":false},"author":14,"featured_media":47090,"parent":12732,"menu_order":9,"comment_status":"closed","ping_status":"closed","template":"page-filtri.php","meta":{"_acf_changed":false,"ngg_post_thumbnail":0,"footnotes":""},"class_list":["post-47069","page","type-page","status-publish","has-post-thumbnail","hentry","description-off"],"acf":[],"yoast_head":"<!-- This site is optimized with the Yoast SEO plugin v24.4 - https:\/\/yoast.com\/wordpress\/plugins\/seo\/ -->\n<title>ENVOLVENTES DE SEGURIDAD AUMENTADA Ex &#8211; Giovenzana<\/title>\n<meta name=\"description\" content=\"ATEX, IECEx de Giovenzana Envolventes de seguridad aumentada\" \/>\n<meta name=\"robots\" content=\"index, follow, max-snippet:-1, max-image-preview:large, max-video-preview:-1\" \/>\n<link rel=\"canonical\" href=\"https:\/\/www.giovenzana.com\/es\/productos\/atex-iecex\/envolventes-de-seguridad-aumentada-ex\/\" \/>\n<meta property=\"og:locale\" content=\"es_ES\" \/>\n<meta property=\"og:type\" content=\"article\" \/>\n<meta property=\"og:title\" content=\"ENVOLVENTES DE SEGURIDAD AUMENTADA Ex &#8211; Giovenzana\" \/>\n<meta property=\"og:description\" content=\"ATEX, IECEx de Giovenzana Envolventes de seguridad aumentada\" \/>\n<meta property=\"og:url\" content=\"https:\/\/www.giovenzana.com\/es\/productos\/atex-iecex\/envolventes-de-seguridad-aumentada-ex\/\" \/>\n<meta property=\"og:site_name\" content=\"Giovenzana\" \/>\n<meta property=\"article:publisher\" content=\"https:\/\/www.facebook.com\/giovenzanainternational\" \/>\n<meta property=\"article:modified_time\" content=\"2023-04-18T13:03:12+00:00\" \/>\n<meta property=\"og:image\" content=\"https:\/\/www.giovenzana.com\/wp-content\/uploads\/SE-01.png\" \/>\n\t<meta property=\"og:image:width\" content=\"624\" \/>\n\t<meta property=\"og:image:height\" content=\"960\" \/>\n\t<meta property=\"og:image:type\" content=\"image\/png\" \/>\n<meta name=\"twitter:card\" content=\"summary_large_image\" \/>\n<meta name=\"twitter:label1\" content=\"Tiempo de lectura\" \/>\n\t<meta name=\"twitter:data1\" content=\"3 minutos\" \/>\n<script type=\"application\/ld+json\" class=\"yoast-schema-graph\">{\"@context\":\"https:\/\/schema.org\",\"@graph\":[{\"@type\":\"WebPage\",\"@id\":\"https:\/\/www.giovenzana.com\/es\/productos\/atex-iecex\/envolventes-de-seguridad-aumentada-ex\/\",\"url\":\"https:\/\/www.giovenzana.com\/es\/productos\/atex-iecex\/envolventes-de-seguridad-aumentada-ex\/\",\"name\":\"ENVOLVENTES DE SEGURIDAD AUMENTADA Ex &#8211; Giovenzana\",\"isPartOf\":{\"@id\":\"https:\/\/www.giovenzana.com\/es\/#website\"},\"primaryImageOfPage\":{\"@id\":\"https:\/\/www.giovenzana.com\/es\/productos\/atex-iecex\/envolventes-de-seguridad-aumentada-ex\/#primaryimage\"},\"image\":{\"@id\":\"https:\/\/www.giovenzana.com\/es\/productos\/atex-iecex\/envolventes-de-seguridad-aumentada-ex\/#primaryimage\"},\"thumbnailUrl\":\"https:\/\/www.giovenzana.com\/wp-content\/uploads\/SE-01.png\",\"datePublished\":\"2023-04-18T09:38:59+00:00\",\"dateModified\":\"2023-04-18T13:03:12+00:00\",\"description\":\"ATEX, IECEx de Giovenzana Envolventes de seguridad aumentada\",\"breadcrumb\":{\"@id\":\"https:\/\/www.giovenzana.com\/es\/productos\/atex-iecex\/envolventes-de-seguridad-aumentada-ex\/#breadcrumb\"},\"inLanguage\":\"es\",\"potentialAction\":[{\"@type\":\"ReadAction\",\"target\":[\"https:\/\/www.giovenzana.com\/es\/productos\/atex-iecex\/envolventes-de-seguridad-aumentada-ex\/\"]}]},{\"@type\":\"ImageObject\",\"inLanguage\":\"es\",\"@id\":\"https:\/\/www.giovenzana.com\/es\/productos\/atex-iecex\/envolventes-de-seguridad-aumentada-ex\/#primaryimage\",\"url\":\"https:\/\/www.giovenzana.com\/wp-content\/uploads\/SE-01.png\",\"contentUrl\":\"https:\/\/www.giovenzana.com\/wp-content\/uploads\/SE-01.png\",\"width\":624,\"height\":960,\"caption\":\"aisi-316l\"},{\"@type\":\"BreadcrumbList\",\"@id\":\"https:\/\/www.giovenzana.com\/es\/productos\/atex-iecex\/envolventes-de-seguridad-aumentada-ex\/#breadcrumb\",\"itemListElement\":[{\"@type\":\"ListItem\",\"position\":1,\"name\":\"Home\",\"item\":\"https:\/\/www.giovenzana.com\/es\/\"},{\"@type\":\"ListItem\",\"position\":2,\"name\":\"Productos\",\"item\":\"https:\/\/www.giovenzana.com\/es\/productos\/\"},{\"@type\":\"ListItem\",\"position\":3,\"name\":\"ATEX y IECEx\",\"item\":\"https:\/\/www.giovenzana.com\/es\/productos\/atex-iecex\/\"},{\"@type\":\"ListItem\",\"position\":4,\"name\":\"ENVOLVENTES DE SEGURIDAD AUMENTADA Ex\"}]},{\"@type\":\"WebSite\",\"@id\":\"https:\/\/www.giovenzana.com\/es\/#website\",\"url\":\"https:\/\/www.giovenzana.com\/es\/\",\"name\":\"Giovenzana\",\"description\":\"Piccoli oggetti d\u2019arte di grande tecnologia\",\"publisher\":{\"@id\":\"https:\/\/www.giovenzana.com\/es\/#organization\"},\"potentialAction\":[{\"@type\":\"SearchAction\",\"target\":{\"@type\":\"EntryPoint\",\"urlTemplate\":\"https:\/\/www.giovenzana.com\/es\/?s={search_term_string}\"},\"query-input\":{\"@type\":\"PropertyValueSpecification\",\"valueRequired\":true,\"valueName\":\"search_term_string\"}}],\"inLanguage\":\"es\"},{\"@type\":\"Organization\",\"@id\":\"https:\/\/www.giovenzana.com\/es\/#organization\",\"name\":\"Giovenzana International B.V.\",\"url\":\"https:\/\/www.giovenzana.com\/es\/\",\"logo\":{\"@type\":\"ImageObject\",\"inLanguage\":\"es\",\"@id\":\"https:\/\/www.giovenzana.com\/es\/#\/schema\/logo\/image\/\",\"url\":\"https:\/\/www.giovenzana.com\/wp-content\/uploads\/logo-giovenzana-international.png\",\"contentUrl\":\"https:\/\/www.giovenzana.com\/wp-content\/uploads\/logo-giovenzana-international.png\",\"width\":301,\"height\":98,\"caption\":\"Giovenzana International B.V.\"},\"image\":{\"@id\":\"https:\/\/www.giovenzana.com\/es\/#\/schema\/logo\/image\/\"},\"sameAs\":[\"https:\/\/www.facebook.com\/giovenzanainternational\",\"https:\/\/www.linkedin.com\/company\/giovenzanainternational\",\"https:\/\/www.youtube.com\/channel\/UCN-H9aOP26hpeo4zqxpGTxw\"]}]}<\/script>\n<!-- \/ Yoast SEO plugin. -->","yoast_head_json":{"title":"ENVOLVENTES DE SEGURIDAD AUMENTADA Ex &#8211; Giovenzana","description":"ATEX, IECEx de Giovenzana Envolventes de seguridad aumentada","robots":{"index":"index","follow":"follow","max-snippet":"max-snippet:-1","max-image-preview":"max-image-preview:large","max-video-preview":"max-video-preview:-1"},"canonical":"https:\/\/www.giovenzana.com\/es\/productos\/atex-iecex\/envolventes-de-seguridad-aumentada-ex\/","og_locale":"es_ES","og_type":"article","og_title":"ENVOLVENTES DE SEGURIDAD AUMENTADA Ex &#8211; Giovenzana","og_description":"ATEX, IECEx de Giovenzana Envolventes de seguridad aumentada","og_url":"https:\/\/www.giovenzana.com\/es\/productos\/atex-iecex\/envolventes-de-seguridad-aumentada-ex\/","og_site_name":"Giovenzana","article_publisher":"https:\/\/www.facebook.com\/giovenzanainternational","article_modified_time":"2023-04-18T13:03:12+00:00","og_image":[{"width":624,"height":960,"url":"https:\/\/www.giovenzana.com\/wp-content\/uploads\/SE-01.png","type":"image\/png"}],"twitter_card":"summary_large_image","twitter_misc":{"Tiempo de lectura":"3 minutos"},"schema":{"@context":"https:\/\/schema.org","@graph":[{"@type":"WebPage","@id":"https:\/\/www.giovenzana.com\/es\/productos\/atex-iecex\/envolventes-de-seguridad-aumentada-ex\/","url":"https:\/\/www.giovenzana.com\/es\/productos\/atex-iecex\/envolventes-de-seguridad-aumentada-ex\/","name":"ENVOLVENTES DE SEGURIDAD AUMENTADA Ex &#8211; Giovenzana","isPartOf":{"@id":"https:\/\/www.giovenzana.com\/es\/#website"},"primaryImageOfPage":{"@id":"https:\/\/www.giovenzana.com\/es\/productos\/atex-iecex\/envolventes-de-seguridad-aumentada-ex\/#primaryimage"},"image":{"@id":"https:\/\/www.giovenzana.com\/es\/productos\/atex-iecex\/envolventes-de-seguridad-aumentada-ex\/#primaryimage"},"thumbnailUrl":"https:\/\/www.giovenzana.com\/wp-content\/uploads\/SE-01.png","datePublished":"2023-04-18T09:38:59+00:00","dateModified":"2023-04-18T13:03:12+00:00","description":"ATEX, IECEx de Giovenzana Envolventes de seguridad aumentada","breadcrumb":{"@id":"https:\/\/www.giovenzana.com\/es\/productos\/atex-iecex\/envolventes-de-seguridad-aumentada-ex\/#breadcrumb"},"inLanguage":"es","potentialAction":[{"@type":"ReadAction","target":["https:\/\/www.giovenzana.com\/es\/productos\/atex-iecex\/envolventes-de-seguridad-aumentada-ex\/"]}]},{"@type":"ImageObject","inLanguage":"es","@id":"https:\/\/www.giovenzana.com\/es\/productos\/atex-iecex\/envolventes-de-seguridad-aumentada-ex\/#primaryimage","url":"https:\/\/www.giovenzana.com\/wp-content\/uploads\/SE-01.png","contentUrl":"https:\/\/www.giovenzana.com\/wp-content\/uploads\/SE-01.png","width":624,"height":960,"caption":"aisi-316l"},{"@type":"BreadcrumbList","@id":"https:\/\/www.giovenzana.com\/es\/productos\/atex-iecex\/envolventes-de-seguridad-aumentada-ex\/#breadcrumb","itemListElement":[{"@type":"ListItem","position":1,"name":"Home","item":"https:\/\/www.giovenzana.com\/es\/"},{"@type":"ListItem","position":2,"name":"Productos","item":"https:\/\/www.giovenzana.com\/es\/productos\/"},{"@type":"ListItem","position":3,"name":"ATEX y IECEx","item":"https:\/\/www.giovenzana.com\/es\/productos\/atex-iecex\/"},{"@type":"ListItem","position":4,"name":"ENVOLVENTES DE SEGURIDAD AUMENTADA Ex"}]},{"@type":"WebSite","@id":"https:\/\/www.giovenzana.com\/es\/#website","url":"https:\/\/www.giovenzana.com\/es\/","name":"Giovenzana","description":"Piccoli oggetti d\u2019arte di grande tecnologia","publisher":{"@id":"https:\/\/www.giovenzana.com\/es\/#organization"},"potentialAction":[{"@type":"SearchAction","target":{"@type":"EntryPoint","urlTemplate":"https:\/\/www.giovenzana.com\/es\/?s={search_term_string}"},"query-input":{"@type":"PropertyValueSpecification","valueRequired":true,"valueName":"search_term_string"}}],"inLanguage":"es"},{"@type":"Organization","@id":"https:\/\/www.giovenzana.com\/es\/#organization","name":"Giovenzana International B.V.","url":"https:\/\/www.giovenzana.com\/es\/","logo":{"@type":"ImageObject","inLanguage":"es","@id":"https:\/\/www.giovenzana.com\/es\/#\/schema\/logo\/image\/","url":"https:\/\/www.giovenzana.com\/wp-content\/uploads\/logo-giovenzana-international.png","contentUrl":"https:\/\/www.giovenzana.com\/wp-content\/uploads\/logo-giovenzana-international.png","width":301,"height":98,"caption":"Giovenzana International B.V."},"image":{"@id":"https:\/\/www.giovenzana.com\/es\/#\/schema\/logo\/image\/"},"sameAs":["https:\/\/www.facebook.com\/giovenzanainternational","https:\/\/www.linkedin.com\/company\/giovenzanainternational","https:\/\/www.youtube.com\/channel\/UCN-H9aOP26hpeo4zqxpGTxw"]}]}},"_links":{"self":[{"href":"https:\/\/www.giovenzana.com\/es\/wp-json\/wp\/v2\/pages\/47069","targetHints":{"allow":["GET"]}}],"collection":[{"href":"https:\/\/www.giovenzana.com\/es\/wp-json\/wp\/v2\/pages"}],"about":[{"href":"https:\/\/www.giovenzana.com\/es\/wp-json\/wp\/v2\/types\/page"}],"author":[{"embeddable":true,"href":"https:\/\/www.giovenzana.com\/es\/wp-json\/wp\/v2\/users\/14"}],"replies":[{"embeddable":true,"href":"https:\/\/www.giovenzana.com\/es\/wp-json\/wp\/v2\/comments?post=47069"}],"version-history":[{"count":7,"href":"https:\/\/www.giovenzana.com\/es\/wp-json\/wp\/v2\/pages\/47069\/revisions"}],"predecessor-version":[{"id":47117,"href":"https:\/\/www.giovenzana.com\/es\/wp-json\/wp\/v2\/pages\/47069\/revisions\/47117"}],"up":[{"embeddable":true,"href":"https:\/\/www.giovenzana.com\/es\/wp-json\/wp\/v2\/pages\/12732"}],"wp:featuredmedia":[{"embeddable":true,"href":"https:\/\/www.giovenzana.com\/es\/wp-json\/wp\/v2\/media\/47090"}],"wp:attachment":[{"href":"https:\/\/www.giovenzana.com\/es\/wp-json\/wp\/v2\/media?parent=47069"}],"curies":[{"name":"wp","href":"https:\/\/api.w.org\/{rel}","templated":true}]}}