{"id":47186,"date":"2023-04-19T09:48:29","date_gmt":"2023-04-19T07:48:29","guid":{"rendered":"https:\/\/www.giovenzana.com\/?page_id=47186"},"modified":"2023-04-19T13:12:08","modified_gmt":"2023-04-19T11:12:08","slug":"barra-colectora-vertical","status":"publish","type":"page","link":"https:\/\/www.giovenzana.com\/es\/productos\/sistemas-de-elevacion\/lineas-de-alimentacion\/barra-colectora-vertical\/","title":{"rendered":"Barra colectora vertical"},"content":{"rendered":"<div class=\"wpb-content-wrapper\"><p>[vc_row][vc_column width=\u00bb1\/4&#8243;][vc_column_text css_animation=\u00bbnone\u00bb css=\u00bb.vc_custom_1681887682133{padding-top: 100px !important;}\u00bb]<strong>\u00a1Descargue el <a href=\"https:\/\/static.giovenzana.com\/catalogues\/ENGLISH\/CSE-TS.pdf\">Cat\u00e1logo de l\u00edneas de transmisi\u00f3n de energ\u00eda<\/a> para tener m\u00e1s detalles para la construcci\u00f3n de la l\u00ednea!<\/strong><\/p>\n<div class=\"page\" title=\"P\u00e1gina 39\">\n<div class=\"section\">\n<div class=\"layoutArea\">\n<div class=\"column\">\n<p><em>Nuestro departamento t\u00e9cnico le ayudar\u00e1 a dise\u00f1ar la mejor soluci\u00f3n seg\u00fan sus necesidades.<\/em><\/p>\n<\/div>\n<\/div>\n<\/div>\n<\/div>\n<p>[\/vc_column_text][vc_single_image image=\u00bb47209&#8243; img_size=\u00bbfull\u00bb][\/vc_column][vc_column width=\u00bb3\/4&#8243;][vc_column_text]<\/p>\n<div class=\"page\" title=\"P\u00e1gina 39\">\n<div class=\"section\">\n<div class=\"layoutArea\">\n<div class=\"column\">\n<div class=\"page\" title=\"P\u00e1gina 39\">\n<div class=\"section\">\n<div class=\"layoutArea\">\n<div class=\"column\">\n<h3><span style=\"color: #ffcc33;\"><strong>BARRA VERTICAL \u00bb SERIE TRV<\/strong><\/span><\/h3>\n<h6>Dise\u00f1ado para tareas de elevaci\u00f3n en sistemas de manipulaci\u00f3n de materiales y tecnolog\u00eda de elevaci\u00f3n para exteriores y obras de construcci\u00f3n.<\/h6>\n<\/div>\n<p><strong>SISTEMA DE BARRAS COLECTORAS VERTICALES CON 6 CONDUCTORES PREMONTADOS<\/strong><\/p>\n<p>Sistema de transmisi\u00f3n de energ\u00eda equipado con 6 conductores con juntas. Corriente de funcionamiento: 50, 100 o 160 A, dependiendo de la barra colectora. Disposici\u00f3n vertical adecuada para ascensores de obra.<\/p>\n<p>Est\u00e1 compuesto por los siguientes componentes, disponibles bajo petici\u00f3n:<\/p>\n<ul>\n<li><strong>TRV06P006 &#8211; Tap\u00f3n final:<\/strong> Cierre y proteja el extremo de la barra colectora.<\/li>\n<li><strong>TR6012 &#8211; Junta:<\/strong> En PVC el\u00e1stico de alto rendimiento.<\/li>\n<li><strong>TRVS06P160 &#8211; Interruptor de desconexi\u00f3n: <\/strong>El interruptor permite interrumpir la corriente dentro de una l\u00ednea TRV para permitir que la l\u00ednea se extienda en longitud sin tener que intervenir en el interruptor principal. <strong>Solo bajo petici\u00f3n espec\u00edfica.<br \/>\n<\/strong><\/li>\n<li><strong>TRV06P&#8230; &#8211; Barra aislada 50A \/ 100A \/ 150A:<\/strong> Carcasa r\u00edgida de PVC con 6 conductores de cobre cerrados. En cada extremidad, la tira de cobre tiene conector para conexi\u00f3n el\u00e9ctrica y mec\u00e1nica con la siguiente barra.<strong><br \/>\n<\/strong><\/li>\n<li><strong>TRV06P011 &#8211; Colector de corriente de carro: <\/strong> Para proporcionar energ\u00eda al polipasto de construcci\u00f3n. Los cepillos de carbono con resortes garantizan un contacto el\u00e9ctrico uniforme.<strong><br \/>\n<\/strong><\/li>\n<li><strong>TRV06P001 &#8211; Caja de conexi\u00f3n:<\/strong> Compuesta por una caja de juntas, placa base con conectores y dos cubiertas de juntas. Los conectores se montan sobre una placa base. Las fases en barra colectora se comprometen a garantizar la continuidad mec\u00e1nica y el\u00e9ctrica.<\/li>\n<li><strong>TRV06P003 &#8211; Caja de alimentaci\u00f3n: <\/strong>Compuesta por barra aislada, proporciona conexi\u00f3n entre el sistema y el cable dentro de la caja correspondiente.<\/li>\n<\/ul>\n<\/div>\n<h3><span style=\"color: #ffcc33;\"><strong>SOLUCI\u00d3N INTELIGENTE EVITAR EL SISTEMA DE DISTRIBUCI\u00d3N DE CABLE CONVENCIONAL!<\/strong><\/span><\/h3>\n<p>Este sistema tiene algunas ventajas:<\/p>\n<ul>\n<li><strong>Optimizaci\u00f3n del espacio.<\/strong><br \/>\nEl dise\u00f1o compacto de la barra sin cables permite la optimizaci\u00f3n de la instalaci\u00f3n y el espacio de uso.<\/li>\n<li><strong>Es la respuesta de seguridad a un problema que nunca se ha resuelto.<\/strong><br \/>\nPuede resolver el problema de la interrupci\u00f3n del conductor en el cable de alimentaci\u00f3n utilizado actualmente para alimentar los ascensores del sitio de construcci\u00f3n. No hay problema de da\u00f1os o desgaste<br \/>\nen el cable.<\/li>\n<li><strong>Proporciona una instalaci\u00f3n m\u00e1s f\u00e1cil y r\u00e1pida.<\/strong><br \/>\nLa modularidad de enclavamiento de los<br \/>\ncomponentes individuales significa que no se necesitan herramientas para la instalaci\u00f3n y menos trabajos de construcci\u00f3n significa una instalaci\u00f3n menos costosa.<\/li>\n<li><strong>Flexibilidad de uso.<\/strong><br \/>\nCompatible con cualquier tipo de estructura y cualquier configuraci\u00f3n.<\/li>\n<\/ul>\n<p>&nbsp;<\/p>\n<h6><\/h6>\n<h5><span dir=\"ltr\" role=\"presentation\">Es una soluci\u00f3n \u00fanica,<\/span> <span dir=\"ltr\" role=\"presentation\">una excelente alternativa al<\/span> <span dir=\"ltr\" role=\"presentation\">reemplazo de cables.<\/span><\/h5>\n<p>&nbsp;<\/p>\n<p>Una soluci\u00f3n para reducir los costes de instalaci\u00f3n, aumentar la vida \u00fatil del producto, garantizar que el operador no pueda entrar en contacto con partes el\u00e9ctricas expuestas y permitir que la l\u00ednea se reutilice en otras instalaciones.<\/p>\n<\/div>\n<p><em>Puede obtener asesoramiento sobre la construcci\u00f3n de l\u00edneas y recibir el manual de instrucciones enviando su solicitud por correo electr\u00f3nico a giovenzana@giovenzana.com o poni\u00e9ndose en contacto con el representante de ventas en su \u00e1rea.<\/em><\/p>\n<p>Elija a la persona adecuada en nuestra <a href=\"https:\/\/www.giovenzana.com\/es\/red-de-ventas\/\">red de ventas<\/a>.<\/p>\n<\/div>\n<\/div>\n<\/div>\n<\/div>\n<\/div>\n<p>[\/vc_column_text][\/vc_column][\/vc_row][vc_row equal_height=\u00bbyes\u00bb content_placement=\u00bbtop\u00bb disable_element=\u00bbyes\u00bb][vc_column el_id=\u00bbsidebar-filtri\u00bb offset=\u00bbvc_col-md-3&#8243;]<div class=\"ult_row_spacer\"><div class=\"ult-sticky-anchor\"><div class=\"ult-sticky-section ult-sticky \"  data-gutter= '150' data-stick_behaviour= 'stick_with_scroll'  data-sticky_position= 'top' data-mobile='no' data-support='no'>[vc_column_text]<form data-sf-form-id='26377' data-is-rtl='0' data-maintain-state='' data-results-url='https:\/\/www.giovenzana.com\/es\/productos\/atex-iecex\/interruptores-de-levas-phoenix-ex\/' data-ajax-url='https:\/\/www.giovenzana.com\/es\/?sfid=26377&amp;sf_action=get_data&amp;sf_data=all' data-ajax-form-url='https:\/\/www.giovenzana.com\/es\/?sfid=26377&amp;sf_action=get_data&amp;sf_data=form' data-display-result-method='shortcode' data-use-history-api='1' data-template-loaded='0' data-lang-code='es' data-ajax='1' data-ajax-data-type='json' data-ajax-links-selector='.pagination a' data-ajax-target='#search-filter-results-26377' data-ajax-pagination-type='infinite_scroll' data-show-scroll-loader='1' data-infinite-scroll-container='#risultati' data-infinite-scroll-trigger='-100' data-update-ajax-url='0' data-only-results-ajax='1' data-scroll-to-pos='0' data-init-paged='1' data-auto-update='1' data-auto-count='1' data-auto-count-refresh-mode='1' action='https:\/\/www.giovenzana.com\/es\/productos\/atex-iecex\/interruptores-de-levas-phoenix-ex\/' method='post' class='searchandfilter' id='search-filter-form-26377' autocomplete='off' data-instance-count='1'><ul><li class=\"sf-field-search\" data-sf-field-name=\"search\" data-sf-field-type=\"search\" data-sf-field-input-type=\"\">\t\t<label>\n\t\t\t\t   \t\t\t<span class=\"screen-reader-text\">Busca...<\/span><input placeholder=\"Busca...\" name=\"_sf_search[]\" class=\"sf-input-text\" type=\"text\" value=\"\" title=\"Busca...\"><\/label>\t\t<\/li><\/ul><\/form>[\/vc_column_text]<\/div><div class=\"ult-space\"><\/div><\/div><\/div>[vc_column_text]<div class=\"search-filter-results\" id=\"search-filter-results-26377\"><div style=\"display:block; bottom: 20px; text-align:center; width:100%;  position: absolute;\">No other Results Found<\/div><\/div>[\/vc_column_text][\/vc_column][\/vc_row][vc_row][vc_column][vc_column_text]<\/p>\n<p>[\/vc_column_text][\/vc_column][\/vc_row][vc_row][vc_column][vc_column_text]<\/p>\n<p>[\/vc_column_text][\/vc_column][\/vc_row]<\/p>\n<\/div>","protected":false},"excerpt":{"rendered":"<p>[vc_row][vc_column width=\u00bb1\/4&#8243;][vc_column_text css_animation=\u00bbnone\u00bb css=\u00bb.vc_custom_1681887682133{padding-top: 100px !important;}\u00bb]\u00a1Descargue el Cat\u00e1logo de l\u00edneas de transmisi\u00f3n de energ\u00eda para tener m\u00e1s detalles para la construcci\u00f3n de la l\u00ednea! Nuestro departamento t\u00e9cnico le ayudar\u00e1 a dise\u00f1ar la mejor soluci\u00f3n seg\u00fan sus necesidades. [\/vc_column_text][vc_single_image image=\u00bb47209&#8243; img_size=\u00bbfull\u00bb][\/vc_column][vc_column width=\u00bb3\/4&#8243;][vc_column_text] BARRA VERTICAL \u00bb SERIE TRV Dise\u00f1ado para tareas de elevaci\u00f3n en sistemas de manipulaci\u00f3n&hellip;<\/p>\n","protected":false},"author":14,"featured_media":17835,"parent":11712,"menu_order":4,"comment_status":"closed","ping_status":"closed","template":"page-filtri.php","meta":{"_acf_changed":false,"ngg_post_thumbnail":0,"footnotes":""},"class_list":["post-47186","page","type-page","status-publish","has-post-thumbnail","hentry","description-off"],"acf":[],"yoast_head":"<!-- This site is optimized with the Yoast SEO plugin v24.4 - https:\/\/yoast.com\/wordpress\/plugins\/seo\/ -->\n<title>Barra colectora vertical &#8211; Giovenzana<\/title>\n<meta name=\"description\" content=\"Barra colectora vertical - L\u00ednea de transmisi\u00f3n de energ\u00eda. Dise\u00f1ado para tareas de elevaci\u00f3n en sistemas de manipulaci\u00f3n de materiales y tecnolog\u00eda de elevaci\u00f3n para exteriores y obras de construcci\u00f3n.\" \/>\n<meta name=\"robots\" content=\"index, follow, max-snippet:-1, max-image-preview:large, max-video-preview:-1\" \/>\n<link rel=\"canonical\" href=\"https:\/\/www.giovenzana.com\/es\/productos\/sistemas-de-elevacion\/lineas-de-alimentacion\/barra-colectora-vertical\/\" \/>\n<meta property=\"og:locale\" content=\"es_ES\" \/>\n<meta property=\"og:type\" content=\"article\" \/>\n<meta property=\"og:title\" content=\"Barra colectora vertical &#8211; Giovenzana\" \/>\n<meta property=\"og:description\" content=\"Barra colectora vertical - L\u00ednea de transmisi\u00f3n de energ\u00eda. Dise\u00f1ado para tareas de elevaci\u00f3n en sistemas de manipulaci\u00f3n de materiales y tecnolog\u00eda de elevaci\u00f3n para exteriores y obras de construcci\u00f3n.\" \/>\n<meta property=\"og:url\" content=\"https:\/\/www.giovenzana.com\/es\/productos\/sistemas-de-elevacion\/lineas-de-alimentacion\/barra-colectora-vertical\/\" \/>\n<meta property=\"og:site_name\" content=\"Giovenzana\" \/>\n<meta property=\"article:publisher\" content=\"https:\/\/www.facebook.com\/giovenzanainternational\" \/>\n<meta property=\"article:modified_time\" content=\"2023-04-19T11:12:08+00:00\" \/>\n<meta property=\"og:image\" content=\"https:\/\/www.giovenzana.com\/wp-content\/uploads\/Handling_Cover.jpg\" \/>\n\t<meta property=\"og:image:width\" content=\"1700\" \/>\n\t<meta property=\"og:image:height\" content=\"200\" \/>\n\t<meta property=\"og:image:type\" content=\"image\/jpeg\" \/>\n<meta name=\"twitter:card\" content=\"summary_large_image\" \/>\n<meta name=\"twitter:label1\" content=\"Tiempo de lectura\" \/>\n\t<meta name=\"twitter:data1\" content=\"3 minutos\" \/>\n<script type=\"application\/ld+json\" class=\"yoast-schema-graph\">{\"@context\":\"https:\/\/schema.org\",\"@graph\":[{\"@type\":\"WebPage\",\"@id\":\"https:\/\/www.giovenzana.com\/es\/productos\/sistemas-de-elevacion\/lineas-de-alimentacion\/barra-colectora-vertical\/\",\"url\":\"https:\/\/www.giovenzana.com\/es\/productos\/sistemas-de-elevacion\/lineas-de-alimentacion\/barra-colectora-vertical\/\",\"name\":\"Barra colectora vertical &#8211; Giovenzana\",\"isPartOf\":{\"@id\":\"https:\/\/www.giovenzana.com\/es\/#website\"},\"primaryImageOfPage\":{\"@id\":\"https:\/\/www.giovenzana.com\/es\/productos\/sistemas-de-elevacion\/lineas-de-alimentacion\/barra-colectora-vertical\/#primaryimage\"},\"image\":{\"@id\":\"https:\/\/www.giovenzana.com\/es\/productos\/sistemas-de-elevacion\/lineas-de-alimentacion\/barra-colectora-vertical\/#primaryimage\"},\"thumbnailUrl\":\"https:\/\/www.giovenzana.com\/wp-content\/uploads\/Handling_Cover.jpg\",\"datePublished\":\"2023-04-19T07:48:29+00:00\",\"dateModified\":\"2023-04-19T11:12:08+00:00\",\"description\":\"Barra colectora vertical - L\u00ednea de transmisi\u00f3n de energ\u00eda. Dise\u00f1ado para tareas de elevaci\u00f3n en sistemas de manipulaci\u00f3n de materiales y tecnolog\u00eda de elevaci\u00f3n para exteriores y obras de construcci\u00f3n.\",\"breadcrumb\":{\"@id\":\"https:\/\/www.giovenzana.com\/es\/productos\/sistemas-de-elevacion\/lineas-de-alimentacion\/barra-colectora-vertical\/#breadcrumb\"},\"inLanguage\":\"es\",\"potentialAction\":[{\"@type\":\"ReadAction\",\"target\":[\"https:\/\/www.giovenzana.com\/es\/productos\/sistemas-de-elevacion\/lineas-de-alimentacion\/barra-colectora-vertical\/\"]}]},{\"@type\":\"ImageObject\",\"inLanguage\":\"es\",\"@id\":\"https:\/\/www.giovenzana.com\/es\/productos\/sistemas-de-elevacion\/lineas-de-alimentacion\/barra-colectora-vertical\/#primaryimage\",\"url\":\"https:\/\/www.giovenzana.com\/wp-content\/uploads\/Handling_Cover.jpg\",\"contentUrl\":\"https:\/\/www.giovenzana.com\/wp-content\/uploads\/Handling_Cover.jpg\",\"width\":1700,\"height\":200,\"caption\":\"Giovenzana Handling Cover\"},{\"@type\":\"BreadcrumbList\",\"@id\":\"https:\/\/www.giovenzana.com\/es\/productos\/sistemas-de-elevacion\/lineas-de-alimentacion\/barra-colectora-vertical\/#breadcrumb\",\"itemListElement\":[{\"@type\":\"ListItem\",\"position\":1,\"name\":\"Home\",\"item\":\"https:\/\/www.giovenzana.com\/es\/\"},{\"@type\":\"ListItem\",\"position\":2,\"name\":\"Productos\",\"item\":\"https:\/\/www.giovenzana.com\/es\/productos\/\"},{\"@type\":\"ListItem\",\"position\":3,\"name\":\"ELEVACI\u00d3N\",\"item\":\"https:\/\/www.giovenzana.com\/es\/productos\/sistemas-de-elevacion\/\"},{\"@type\":\"ListItem\",\"position\":4,\"name\":\"L\u00cdNEAS DE ALIMENTACI\u00d3N\",\"item\":\"https:\/\/www.giovenzana.com\/es\/productos\/sistemas-de-elevacion\/lineas-de-alimentacion\/\"},{\"@type\":\"ListItem\",\"position\":5,\"name\":\"Barra colectora vertical\"}]},{\"@type\":\"WebSite\",\"@id\":\"https:\/\/www.giovenzana.com\/es\/#website\",\"url\":\"https:\/\/www.giovenzana.com\/es\/\",\"name\":\"Giovenzana\",\"description\":\"Piccoli oggetti d\u2019arte di grande tecnologia\",\"publisher\":{\"@id\":\"https:\/\/www.giovenzana.com\/es\/#organization\"},\"potentialAction\":[{\"@type\":\"SearchAction\",\"target\":{\"@type\":\"EntryPoint\",\"urlTemplate\":\"https:\/\/www.giovenzana.com\/es\/?s={search_term_string}\"},\"query-input\":{\"@type\":\"PropertyValueSpecification\",\"valueRequired\":true,\"valueName\":\"search_term_string\"}}],\"inLanguage\":\"es\"},{\"@type\":\"Organization\",\"@id\":\"https:\/\/www.giovenzana.com\/es\/#organization\",\"name\":\"Giovenzana International B.V.\",\"url\":\"https:\/\/www.giovenzana.com\/es\/\",\"logo\":{\"@type\":\"ImageObject\",\"inLanguage\":\"es\",\"@id\":\"https:\/\/www.giovenzana.com\/es\/#\/schema\/logo\/image\/\",\"url\":\"https:\/\/www.giovenzana.com\/wp-content\/uploads\/logo-giovenzana-international.png\",\"contentUrl\":\"https:\/\/www.giovenzana.com\/wp-content\/uploads\/logo-giovenzana-international.png\",\"width\":301,\"height\":98,\"caption\":\"Giovenzana International B.V.\"},\"image\":{\"@id\":\"https:\/\/www.giovenzana.com\/es\/#\/schema\/logo\/image\/\"},\"sameAs\":[\"https:\/\/www.facebook.com\/giovenzanainternational\",\"https:\/\/www.linkedin.com\/company\/giovenzanainternational\",\"https:\/\/www.youtube.com\/channel\/UCN-H9aOP26hpeo4zqxpGTxw\"]}]}<\/script>\n<!-- \/ Yoast SEO plugin. -->","yoast_head_json":{"title":"Barra colectora vertical &#8211; Giovenzana","description":"Barra colectora vertical - L\u00ednea de transmisi\u00f3n de energ\u00eda. Dise\u00f1ado para tareas de elevaci\u00f3n en sistemas de manipulaci\u00f3n de materiales y tecnolog\u00eda de elevaci\u00f3n para exteriores y obras de construcci\u00f3n.","robots":{"index":"index","follow":"follow","max-snippet":"max-snippet:-1","max-image-preview":"max-image-preview:large","max-video-preview":"max-video-preview:-1"},"canonical":"https:\/\/www.giovenzana.com\/es\/productos\/sistemas-de-elevacion\/lineas-de-alimentacion\/barra-colectora-vertical\/","og_locale":"es_ES","og_type":"article","og_title":"Barra colectora vertical &#8211; Giovenzana","og_description":"Barra colectora vertical - L\u00ednea de transmisi\u00f3n de energ\u00eda. Dise\u00f1ado para tareas de elevaci\u00f3n en sistemas de manipulaci\u00f3n de materiales y tecnolog\u00eda de elevaci\u00f3n para exteriores y obras de construcci\u00f3n.","og_url":"https:\/\/www.giovenzana.com\/es\/productos\/sistemas-de-elevacion\/lineas-de-alimentacion\/barra-colectora-vertical\/","og_site_name":"Giovenzana","article_publisher":"https:\/\/www.facebook.com\/giovenzanainternational","article_modified_time":"2023-04-19T11:12:08+00:00","og_image":[{"width":1700,"height":200,"url":"https:\/\/www.giovenzana.com\/wp-content\/uploads\/Handling_Cover.jpg","type":"image\/jpeg"}],"twitter_card":"summary_large_image","twitter_misc":{"Tiempo de lectura":"3 minutos"},"schema":{"@context":"https:\/\/schema.org","@graph":[{"@type":"WebPage","@id":"https:\/\/www.giovenzana.com\/es\/productos\/sistemas-de-elevacion\/lineas-de-alimentacion\/barra-colectora-vertical\/","url":"https:\/\/www.giovenzana.com\/es\/productos\/sistemas-de-elevacion\/lineas-de-alimentacion\/barra-colectora-vertical\/","name":"Barra colectora vertical &#8211; Giovenzana","isPartOf":{"@id":"https:\/\/www.giovenzana.com\/es\/#website"},"primaryImageOfPage":{"@id":"https:\/\/www.giovenzana.com\/es\/productos\/sistemas-de-elevacion\/lineas-de-alimentacion\/barra-colectora-vertical\/#primaryimage"},"image":{"@id":"https:\/\/www.giovenzana.com\/es\/productos\/sistemas-de-elevacion\/lineas-de-alimentacion\/barra-colectora-vertical\/#primaryimage"},"thumbnailUrl":"https:\/\/www.giovenzana.com\/wp-content\/uploads\/Handling_Cover.jpg","datePublished":"2023-04-19T07:48:29+00:00","dateModified":"2023-04-19T11:12:08+00:00","description":"Barra colectora vertical - L\u00ednea de transmisi\u00f3n de energ\u00eda. Dise\u00f1ado para tareas de elevaci\u00f3n en sistemas de manipulaci\u00f3n de materiales y tecnolog\u00eda de elevaci\u00f3n para exteriores y obras de construcci\u00f3n.","breadcrumb":{"@id":"https:\/\/www.giovenzana.com\/es\/productos\/sistemas-de-elevacion\/lineas-de-alimentacion\/barra-colectora-vertical\/#breadcrumb"},"inLanguage":"es","potentialAction":[{"@type":"ReadAction","target":["https:\/\/www.giovenzana.com\/es\/productos\/sistemas-de-elevacion\/lineas-de-alimentacion\/barra-colectora-vertical\/"]}]},{"@type":"ImageObject","inLanguage":"es","@id":"https:\/\/www.giovenzana.com\/es\/productos\/sistemas-de-elevacion\/lineas-de-alimentacion\/barra-colectora-vertical\/#primaryimage","url":"https:\/\/www.giovenzana.com\/wp-content\/uploads\/Handling_Cover.jpg","contentUrl":"https:\/\/www.giovenzana.com\/wp-content\/uploads\/Handling_Cover.jpg","width":1700,"height":200,"caption":"Giovenzana Handling Cover"},{"@type":"BreadcrumbList","@id":"https:\/\/www.giovenzana.com\/es\/productos\/sistemas-de-elevacion\/lineas-de-alimentacion\/barra-colectora-vertical\/#breadcrumb","itemListElement":[{"@type":"ListItem","position":1,"name":"Home","item":"https:\/\/www.giovenzana.com\/es\/"},{"@type":"ListItem","position":2,"name":"Productos","item":"https:\/\/www.giovenzana.com\/es\/productos\/"},{"@type":"ListItem","position":3,"name":"ELEVACI\u00d3N","item":"https:\/\/www.giovenzana.com\/es\/productos\/sistemas-de-elevacion\/"},{"@type":"ListItem","position":4,"name":"L\u00cdNEAS DE ALIMENTACI\u00d3N","item":"https:\/\/www.giovenzana.com\/es\/productos\/sistemas-de-elevacion\/lineas-de-alimentacion\/"},{"@type":"ListItem","position":5,"name":"Barra colectora vertical"}]},{"@type":"WebSite","@id":"https:\/\/www.giovenzana.com\/es\/#website","url":"https:\/\/www.giovenzana.com\/es\/","name":"Giovenzana","description":"Piccoli oggetti d\u2019arte di grande tecnologia","publisher":{"@id":"https:\/\/www.giovenzana.com\/es\/#organization"},"potentialAction":[{"@type":"SearchAction","target":{"@type":"EntryPoint","urlTemplate":"https:\/\/www.giovenzana.com\/es\/?s={search_term_string}"},"query-input":{"@type":"PropertyValueSpecification","valueRequired":true,"valueName":"search_term_string"}}],"inLanguage":"es"},{"@type":"Organization","@id":"https:\/\/www.giovenzana.com\/es\/#organization","name":"Giovenzana International B.V.","url":"https:\/\/www.giovenzana.com\/es\/","logo":{"@type":"ImageObject","inLanguage":"es","@id":"https:\/\/www.giovenzana.com\/es\/#\/schema\/logo\/image\/","url":"https:\/\/www.giovenzana.com\/wp-content\/uploads\/logo-giovenzana-international.png","contentUrl":"https:\/\/www.giovenzana.com\/wp-content\/uploads\/logo-giovenzana-international.png","width":301,"height":98,"caption":"Giovenzana International B.V."},"image":{"@id":"https:\/\/www.giovenzana.com\/es\/#\/schema\/logo\/image\/"},"sameAs":["https:\/\/www.facebook.com\/giovenzanainternational","https:\/\/www.linkedin.com\/company\/giovenzanainternational","https:\/\/www.youtube.com\/channel\/UCN-H9aOP26hpeo4zqxpGTxw"]}]}},"_links":{"self":[{"href":"https:\/\/www.giovenzana.com\/es\/wp-json\/wp\/v2\/pages\/47186","targetHints":{"allow":["GET"]}}],"collection":[{"href":"https:\/\/www.giovenzana.com\/es\/wp-json\/wp\/v2\/pages"}],"about":[{"href":"https:\/\/www.giovenzana.com\/es\/wp-json\/wp\/v2\/types\/page"}],"author":[{"embeddable":true,"href":"https:\/\/www.giovenzana.com\/es\/wp-json\/wp\/v2\/users\/14"}],"replies":[{"embeddable":true,"href":"https:\/\/www.giovenzana.com\/es\/wp-json\/wp\/v2\/comments?post=47186"}],"version-history":[{"count":7,"href":"https:\/\/www.giovenzana.com\/es\/wp-json\/wp\/v2\/pages\/47186\/revisions"}],"predecessor-version":[{"id":47283,"href":"https:\/\/www.giovenzana.com\/es\/wp-json\/wp\/v2\/pages\/47186\/revisions\/47283"}],"up":[{"embeddable":true,"href":"https:\/\/www.giovenzana.com\/es\/wp-json\/wp\/v2\/pages\/11712"}],"wp:featuredmedia":[{"embeddable":true,"href":"https:\/\/www.giovenzana.com\/es\/wp-json\/wp\/v2\/media\/17835"}],"wp:attachment":[{"href":"https:\/\/www.giovenzana.com\/es\/wp-json\/wp\/v2\/media?parent=47186"}],"curies":[{"name":"wp","href":"https:\/\/api.w.org\/{rel}","templated":true}]}}