{"id":11663,"date":"2019-01-07T17:19:59","date_gmt":"2019-01-07T16:19:59","guid":{"rendered":"https:\/\/www.giovenzana.com\/fiere\/"},"modified":"2025-02-25T12:01:43","modified_gmt":"2025-02-25T11:01:43","slug":"fiere-esposizioni","status":"publish","type":"page","link":"https:\/\/www.giovenzana.com\/it\/fiere-esposizioni\/","title":{"rendered":"Fiere"},"content":{"rendered":"<div class=\"wpb-content-wrapper\"><p>[vc_row][vc_column][vc_empty_space][vc_column_text css=&#8221;&#8221;]<\/p>\n<p data-start=\"0\" data-end=\"427\">Partecipare a fiere ed esposizioni rappresenta un&#8217;opportunit\u00e0 strategica per le aziende che mirano a <strong>rafforzare la propria presenza sul mercato<\/strong>, <strong>ampliare la rete di contatti<\/strong> e <strong>presentare le ultime innovazioni a un pubblico di alta qualit\u00e0<\/strong>. Questi eventi sono occasioni fondamentali per entrare in contatto con i principali attori del settore, analizzare le tendenze emergenti e cogliere nuove opportunit\u00e0 di business.<\/p>\n<p data-start=\"429\" data-end=\"887\" data-is-last-node=\"\" data-is-only-node=\"\">Le fiere offrono una piattaforma unica per presentare prodotti, servizi e soluzioni innovative, favorendo al contempo <strong>l&#8217;interazione<\/strong> <strong>diretta<\/strong> con <strong>clienti<\/strong>, <strong>partner<\/strong> e <strong>potenziali<\/strong> <strong>investitori<\/strong>. Inoltre, le esposizioni rappresentano un&#8217;eccellente occasione per comunicare la missione, l&#8217;esperienza e i valori fondamentali di un&#8217;azienda. Sono anche una preziosa fonte di <strong>feedback<\/strong> che pu\u00f2 orientare le strategie di <strong>marketing<\/strong> e <strong>guidare gli sforzi di ricerca e sviluppo<\/strong>.<\/p>\n<p>[\/vc_column_text][vc_empty_space][\/vc_column][\/vc_row][vc_row equal_height=&#8221;yes&#8221;][vc_column width=&#8221;1\/2&#8243; css=&#8221;.vc_custom_1567066403450{background-color: #ffcf00 !important;}&#8221; offset=&#8221;vc_col-xs-6&#8243;][vc_btn title=&#8221;Archivio fotografico \u203a&#8221; style=&#8221;custom&#8221; custom_background=&#8221;#ffcf00&#8243; custom_text=&#8221;#000000&#8243; size=&#8221;lg&#8221; align=&#8221;center&#8221; i_icon_fontawesome=&#8221;&#8221; add_icon=&#8221;true&#8221; link=&#8221;url:https%3A%2F%2Fwww.giovenzana.com%2Fit%2Ffiere%2Fgalleria-fiere%2F|&#8221;][\/vc_column][vc_column width=&#8221;1\/2&#8243; css=&#8221;.vc_custom_1567066407968{background-color: #222222 !important;}&#8221; offset=&#8221;vc_col-xs-6&#8243;][vc_btn title=&#8221;Archivio delle fiere \u203a&#8221; style=&#8221;custom&#8221; custom_background=&#8221;#222222&#8243; custom_text=&#8221;#ffffff&#8221; size=&#8221;lg&#8221; align=&#8221;center&#8221; i_icon_fontawesome=&#8221;&#8221; add_icon=&#8221;true&#8221; link=&#8221;url:https%3A%2F%2Fwww.giovenzana.com%2Fit%2Ffiere%2Farchivio-fiere%2F|&#8221;][\/vc_column][\/vc_row][vc_row][vc_column][vc_empty_space][vc_column_text]<\/p>\n<h3 style=\"text-align: center;\">Prossimi eventi<\/h3>\n<p>[\/vc_column_text][vc_basic_grid post_type=&#8221;post&#8221; max_items=&#8221;50&#8243; gap=&#8221;35&#8243; orderby=&#8221;meta_value&#8221; order=&#8221;ASC&#8221; item=&#8221;9855&#8243; initial_loading_animation=&#8221;none&#8221; grid_id=&#8221;vc_gid:1740481261266-b8069c4d-c2a1-5&#8243; taxonomies=&#8221;2817&#8243; meta_key=&#8221;exh_dateStart&#8221;][\/vc_column][\/vc_row][vc_row][vc_column][vc_empty_space][vc_column_text css=&#8221;&#8221;]<\/p>\n<p data-start=\"0\" data-end=\"357\">Per Giovenzana, partecipare a questi eventi \u00e8 cruciale perch\u00e9 <strong>riconosciamo il grande valore di rimanere aggiornati<\/strong>, <strong>costruire connessioni significative<\/strong> ed esplorare tematiche specifiche del settore. Lo scambio di idee \u00e8 fondamentale per far parte di una comunit\u00e0 imprenditoriale pi\u00f9 ampia, e le fiere sono l&#8217;ambiente ideale per raggiungere questi obiettivi.<\/p>\n<p data-start=\"359\" data-end=\"496\" data-is-last-node=\"\" data-is-only-node=\"\">In un mercato sempre pi\u00f9 competitivo,<strong> partecipare a fiere ed esposizioni \u00e8 essenziale per favorire la crescita e stimolare l&#8217;innovazione.<\/strong><\/p>\n<p>[\/vc_column_text][\/vc_column][\/vc_row][vc_row][vc_column][vc_separator][\/vc_column][\/vc_row][vc_row][vc_column][vc_empty_space][vc_column_text]<\/p>\n<h3 style=\"text-align: center;\">Eventi passati<\/h3>\n<p>[\/vc_column_text][vc_basic_grid post_type=&#8221;post&#8221; max_items=&#8221;9&#8243; style=&#8221;lazy&#8221; element_width=&#8221;3&#8243; gap=&#8221;35&#8243; item=&#8221;basicGrid_TextFirst&#8221; css=&#8221;.vc_custom_1740481301061{margin-right: 0px !important;margin-left: 0px !important;border-right-width: 0px !important;border-left-width: 0px !important;padding-right: 0px !important;padding-left: 0px !important;}&#8221; grid_id=&#8221;vc_gid:1740481261269-5c0bde43-6329-6&#8243; taxonomies=&#8221;2876&#8243;][\/vc_column][\/vc_row]<\/p>\n<\/div>","protected":false},"excerpt":{"rendered":"<p>[vc_row][vc_column][vc_empty_space][vc_column_text css=&#8221;&#8221;] Partecipare a fiere ed esposizioni rappresenta un&#8217;opportunit\u00e0 strategica per le aziende che mirano a rafforzare la propria presenza sul mercato, ampliare la rete di contatti e presentare le ultime innovazioni a un pubblico di alta qualit\u00e0. Questi eventi sono occasioni fondamentali per entrare in contatto con i principali attori del settore, analizzare le&hellip;<\/p>\n","protected":false},"author":1,"featured_media":49361,"parent":0,"menu_order":5,"comment_status":"closed","ping_status":"closed","template":"","meta":{"_acf_changed":false,"ngg_post_thumbnail":0,"footnotes":""},"class_list":["post-11663","page","type-page","status-publish","has-post-thumbnail","hentry","description-off"],"acf":[],"yoast_head":"<!-- This site is optimized with the Yoast SEO plugin v24.4 - https:\/\/yoast.com\/wordpress\/plugins\/seo\/ -->\n<title>Fiere &#8211; Giovenzana<\/title>\n<meta name=\"description\" content=\"Esposizioni e fiere in cui partecipa Giovenzana. Esplora i nostri eventi passati e futuri. Soluzioni innovative per l&#039;industria.\" \/>\n<meta name=\"robots\" content=\"index, follow, max-snippet:-1, max-image-preview:large, max-video-preview:-1\" \/>\n<link rel=\"canonical\" href=\"https:\/\/www.giovenzana.com\/it\/fiere-esposizioni\/\" \/>\n<meta property=\"og:locale\" content=\"it_IT\" \/>\n<meta property=\"og:type\" content=\"article\" \/>\n<meta property=\"og:title\" content=\"Fiere &#8211; Giovenzana\" \/>\n<meta property=\"og:description\" content=\"Esposizioni e fiere in cui partecipa Giovenzana. Esplora i nostri eventi passati e futuri. Soluzioni innovative per l&#039;industria.\" \/>\n<meta property=\"og:url\" content=\"https:\/\/www.giovenzana.com\/it\/fiere-esposizioni\/\" \/>\n<meta property=\"og:site_name\" content=\"Giovenzana\" \/>\n<meta property=\"article:publisher\" content=\"https:\/\/www.facebook.com\/giovenzanainternational\" \/>\n<meta property=\"article:modified_time\" content=\"2025-02-25T11:01:43+00:00\" \/>\n<meta property=\"og:image\" content=\"https:\/\/www.giovenzana.com\/wp-content\/uploads\/blurred-defocused-background-public-event-exhibition-hall-business-trade-show-concept_B.jpg\" \/>\n\t<meta property=\"og:image:width\" content=\"1920\" \/>\n\t<meta property=\"og:image:height\" content=\"1067\" \/>\n\t<meta property=\"og:image:type\" content=\"image\/jpeg\" \/>\n<meta name=\"twitter:card\" content=\"summary_large_image\" \/>\n<meta name=\"twitter:label1\" content=\"Tempo di lettura stimato\" \/>\n\t<meta name=\"twitter:data1\" content=\"2 minuti\" \/>\n<script type=\"application\/ld+json\" class=\"yoast-schema-graph\">{\"@context\":\"https:\/\/schema.org\",\"@graph\":[{\"@type\":\"WebPage\",\"@id\":\"https:\/\/www.giovenzana.com\/it\/fiere-esposizioni\/\",\"url\":\"https:\/\/www.giovenzana.com\/it\/fiere-esposizioni\/\",\"name\":\"Fiere &#8211; Giovenzana\",\"isPartOf\":{\"@id\":\"https:\/\/www.giovenzana.com\/it\/#website\"},\"primaryImageOfPage\":{\"@id\":\"https:\/\/www.giovenzana.com\/it\/fiere-esposizioni\/#primaryimage\"},\"image\":{\"@id\":\"https:\/\/www.giovenzana.com\/it\/fiere-esposizioni\/#primaryimage\"},\"thumbnailUrl\":\"https:\/\/www.giovenzana.com\/wp-content\/uploads\/blurred-defocused-background-public-event-exhibition-hall-business-trade-show-concept_B.jpg\",\"datePublished\":\"2019-01-07T16:19:59+00:00\",\"dateModified\":\"2025-02-25T11:01:43+00:00\",\"description\":\"Esposizioni e fiere in cui partecipa Giovenzana. Esplora i nostri eventi passati e futuri. Soluzioni innovative per l'industria.\",\"breadcrumb\":{\"@id\":\"https:\/\/www.giovenzana.com\/it\/fiere-esposizioni\/#breadcrumb\"},\"inLanguage\":\"it-IT\",\"potentialAction\":[{\"@type\":\"ReadAction\",\"target\":[\"https:\/\/www.giovenzana.com\/it\/fiere-esposizioni\/\"]}]},{\"@type\":\"ImageObject\",\"inLanguage\":\"it-IT\",\"@id\":\"https:\/\/www.giovenzana.com\/it\/fiere-esposizioni\/#primaryimage\",\"url\":\"https:\/\/www.giovenzana.com\/wp-content\/uploads\/blurred-defocused-background-public-event-exhibition-hall-business-trade-show-concept_B.jpg\",\"contentUrl\":\"https:\/\/www.giovenzana.com\/wp-content\/uploads\/blurred-defocused-background-public-event-exhibition-hall-business-trade-show-concept_B.jpg\",\"width\":1920,\"height\":1067,\"caption\":\"Blurred Defocused Background Public Event Exhibition Hall Business Trade Show Concept B\"},{\"@type\":\"BreadcrumbList\",\"@id\":\"https:\/\/www.giovenzana.com\/it\/fiere-esposizioni\/#breadcrumb\",\"itemListElement\":[{\"@type\":\"ListItem\",\"position\":1,\"name\":\"Home\",\"item\":\"https:\/\/www.giovenzana.com\/it\/\"},{\"@type\":\"ListItem\",\"position\":2,\"name\":\"Fiere\"}]},{\"@type\":\"WebSite\",\"@id\":\"https:\/\/www.giovenzana.com\/it\/#website\",\"url\":\"https:\/\/www.giovenzana.com\/it\/\",\"name\":\"Giovenzana\",\"description\":\"Piccoli oggetti d\u2019arte di grande tecnologia\",\"publisher\":{\"@id\":\"https:\/\/www.giovenzana.com\/it\/#organization\"},\"potentialAction\":[{\"@type\":\"SearchAction\",\"target\":{\"@type\":\"EntryPoint\",\"urlTemplate\":\"https:\/\/www.giovenzana.com\/it\/?s={search_term_string}\"},\"query-input\":{\"@type\":\"PropertyValueSpecification\",\"valueRequired\":true,\"valueName\":\"search_term_string\"}}],\"inLanguage\":\"it-IT\"},{\"@type\":\"Organization\",\"@id\":\"https:\/\/www.giovenzana.com\/it\/#organization\",\"name\":\"Giovenzana International B.V.\",\"url\":\"https:\/\/www.giovenzana.com\/it\/\",\"logo\":{\"@type\":\"ImageObject\",\"inLanguage\":\"it-IT\",\"@id\":\"https:\/\/www.giovenzana.com\/it\/#\/schema\/logo\/image\/\",\"url\":\"https:\/\/www.giovenzana.com\/wp-content\/uploads\/logo-giovenzana-international.png\",\"contentUrl\":\"https:\/\/www.giovenzana.com\/wp-content\/uploads\/logo-giovenzana-international.png\",\"width\":301,\"height\":98,\"caption\":\"Giovenzana International B.V.\"},\"image\":{\"@id\":\"https:\/\/www.giovenzana.com\/it\/#\/schema\/logo\/image\/\"},\"sameAs\":[\"https:\/\/www.facebook.com\/giovenzanainternational\",\"https:\/\/www.linkedin.com\/company\/giovenzanainternational\",\"https:\/\/www.youtube.com\/channel\/UCN-H9aOP26hpeo4zqxpGTxw\"]}]}<\/script>\n<!-- \/ Yoast SEO plugin. -->","yoast_head_json":{"title":"Fiere &#8211; Giovenzana","description":"Esposizioni e fiere in cui partecipa Giovenzana. Esplora i nostri eventi passati e futuri. Soluzioni innovative per l'industria.","robots":{"index":"index","follow":"follow","max-snippet":"max-snippet:-1","max-image-preview":"max-image-preview:large","max-video-preview":"max-video-preview:-1"},"canonical":"https:\/\/www.giovenzana.com\/it\/fiere-esposizioni\/","og_locale":"it_IT","og_type":"article","og_title":"Fiere &#8211; Giovenzana","og_description":"Esposizioni e fiere in cui partecipa Giovenzana. Esplora i nostri eventi passati e futuri. Soluzioni innovative per l'industria.","og_url":"https:\/\/www.giovenzana.com\/it\/fiere-esposizioni\/","og_site_name":"Giovenzana","article_publisher":"https:\/\/www.facebook.com\/giovenzanainternational","article_modified_time":"2025-02-25T11:01:43+00:00","og_image":[{"width":1920,"height":1067,"url":"https:\/\/www.giovenzana.com\/wp-content\/uploads\/blurred-defocused-background-public-event-exhibition-hall-business-trade-show-concept_B.jpg","type":"image\/jpeg"}],"twitter_card":"summary_large_image","twitter_misc":{"Tempo di lettura stimato":"2 minuti"},"schema":{"@context":"https:\/\/schema.org","@graph":[{"@type":"WebPage","@id":"https:\/\/www.giovenzana.com\/it\/fiere-esposizioni\/","url":"https:\/\/www.giovenzana.com\/it\/fiere-esposizioni\/","name":"Fiere &#8211; Giovenzana","isPartOf":{"@id":"https:\/\/www.giovenzana.com\/it\/#website"},"primaryImageOfPage":{"@id":"https:\/\/www.giovenzana.com\/it\/fiere-esposizioni\/#primaryimage"},"image":{"@id":"https:\/\/www.giovenzana.com\/it\/fiere-esposizioni\/#primaryimage"},"thumbnailUrl":"https:\/\/www.giovenzana.com\/wp-content\/uploads\/blurred-defocused-background-public-event-exhibition-hall-business-trade-show-concept_B.jpg","datePublished":"2019-01-07T16:19:59+00:00","dateModified":"2025-02-25T11:01:43+00:00","description":"Esposizioni e fiere in cui partecipa Giovenzana. Esplora i nostri eventi passati e futuri. Soluzioni innovative per l'industria.","breadcrumb":{"@id":"https:\/\/www.giovenzana.com\/it\/fiere-esposizioni\/#breadcrumb"},"inLanguage":"it-IT","potentialAction":[{"@type":"ReadAction","target":["https:\/\/www.giovenzana.com\/it\/fiere-esposizioni\/"]}]},{"@type":"ImageObject","inLanguage":"it-IT","@id":"https:\/\/www.giovenzana.com\/it\/fiere-esposizioni\/#primaryimage","url":"https:\/\/www.giovenzana.com\/wp-content\/uploads\/blurred-defocused-background-public-event-exhibition-hall-business-trade-show-concept_B.jpg","contentUrl":"https:\/\/www.giovenzana.com\/wp-content\/uploads\/blurred-defocused-background-public-event-exhibition-hall-business-trade-show-concept_B.jpg","width":1920,"height":1067,"caption":"Blurred Defocused Background Public Event Exhibition Hall Business Trade Show Concept B"},{"@type":"BreadcrumbList","@id":"https:\/\/www.giovenzana.com\/it\/fiere-esposizioni\/#breadcrumb","itemListElement":[{"@type":"ListItem","position":1,"name":"Home","item":"https:\/\/www.giovenzana.com\/it\/"},{"@type":"ListItem","position":2,"name":"Fiere"}]},{"@type":"WebSite","@id":"https:\/\/www.giovenzana.com\/it\/#website","url":"https:\/\/www.giovenzana.com\/it\/","name":"Giovenzana","description":"Piccoli oggetti d\u2019arte di grande tecnologia","publisher":{"@id":"https:\/\/www.giovenzana.com\/it\/#organization"},"potentialAction":[{"@type":"SearchAction","target":{"@type":"EntryPoint","urlTemplate":"https:\/\/www.giovenzana.com\/it\/?s={search_term_string}"},"query-input":{"@type":"PropertyValueSpecification","valueRequired":true,"valueName":"search_term_string"}}],"inLanguage":"it-IT"},{"@type":"Organization","@id":"https:\/\/www.giovenzana.com\/it\/#organization","name":"Giovenzana International B.V.","url":"https:\/\/www.giovenzana.com\/it\/","logo":{"@type":"ImageObject","inLanguage":"it-IT","@id":"https:\/\/www.giovenzana.com\/it\/#\/schema\/logo\/image\/","url":"https:\/\/www.giovenzana.com\/wp-content\/uploads\/logo-giovenzana-international.png","contentUrl":"https:\/\/www.giovenzana.com\/wp-content\/uploads\/logo-giovenzana-international.png","width":301,"height":98,"caption":"Giovenzana International B.V."},"image":{"@id":"https:\/\/www.giovenzana.com\/it\/#\/schema\/logo\/image\/"},"sameAs":["https:\/\/www.facebook.com\/giovenzanainternational","https:\/\/www.linkedin.com\/company\/giovenzanainternational","https:\/\/www.youtube.com\/channel\/UCN-H9aOP26hpeo4zqxpGTxw"]}]}},"_links":{"self":[{"href":"https:\/\/www.giovenzana.com\/it\/wp-json\/wp\/v2\/pages\/11663","targetHints":{"allow":["GET"]}}],"collection":[{"href":"https:\/\/www.giovenzana.com\/it\/wp-json\/wp\/v2\/pages"}],"about":[{"href":"https:\/\/www.giovenzana.com\/it\/wp-json\/wp\/v2\/types\/page"}],"author":[{"embeddable":true,"href":"https:\/\/www.giovenzana.com\/it\/wp-json\/wp\/v2\/users\/1"}],"replies":[{"embeddable":true,"href":"https:\/\/www.giovenzana.com\/it\/wp-json\/wp\/v2\/comments?post=11663"}],"version-history":[{"count":7,"href":"https:\/\/www.giovenzana.com\/it\/wp-json\/wp\/v2\/pages\/11663\/revisions"}],"predecessor-version":[{"id":52034,"href":"https:\/\/www.giovenzana.com\/it\/wp-json\/wp\/v2\/pages\/11663\/revisions\/52034"}],"wp:featuredmedia":[{"embeddable":true,"href":"https:\/\/www.giovenzana.com\/it\/wp-json\/wp\/v2\/media\/49361"}],"wp:attachment":[{"href":"https:\/\/www.giovenzana.com\/it\/wp-json\/wp\/v2\/media?parent=11663"}],"curies":[{"name":"wp","href":"https:\/\/api.w.org\/{rel}","templated":true}]}}