{"id":10661,"date":"2020-03-02T18:10:37","date_gmt":"2020-03-02T17:10:37","guid":{"rendered":"https:\/\/www.giovenzana.com\/linha-multipolar\/"},"modified":"2023-04-19T13:02:23","modified_gmt":"2023-04-19T11:02:23","slug":"linha-multipolar","status":"publish","type":"page","link":"https:\/\/www.giovenzana.com\/pt-br\/produtos\/sistema-de-movimentacao\/linhas-de-transmissao-de-energia\/linha-multipolar\/","title":{"rendered":"Linha multipolar"},"content":{"rendered":"<div class=\"wpb-content-wrapper\"><p>[vc_row][vc_column width=&#8221;1\/2&#8243;][vc_column_text]<\/p>\n<h4><strong>LINHA MULTIPOLAR<br \/>\n<\/strong><\/h4>\n<p>O sistema Multipolar \u00e9 um dos sistemas isolados mais utilizados para a transmiss\u00e3o de energia.<\/p>\n<p>O perfil alveolar garante alta rigidez e o design do carrinho permite a alimenta\u00e7\u00e3o de dispositivos que possuem velocidade de hightravel (at\u00e9 500 m\/min).<\/p>\n<p><strong>Vers\u00f5es dispon\u00edveis<\/strong><br \/>\n<strong>Condutores pr\u00e9-montados<\/strong>: os condutores j\u00e1 est\u00e3o inseridos no inv\u00f3lucro de pl\u00e1stico.<\/p>\n<p><strong>Utiliza\u00e7\u00f5es comuns<\/strong><br \/>\nAs principais aplica\u00e7\u00f5es s\u00e3o para consumidores m\u00f3veis de energia: armaz\u00e9m autom\u00e1tico, guindastes leves e m\u00e1quinas de embalagem.[\/vc_column_text][\/vc_column][vc_column width=&#8221;1\/2&#8243;][vc_single_image image=&#8221;21986&#8243; img_size=&#8221;full&#8221;][\/vc_column][\/vc_row][vc_row][vc_column width=&#8221;1\/2&#8243;][vc_single_image image=&#8221;21992&#8243; img_size=&#8221;full&#8221;][\/vc_column][vc_column width=&#8221;1\/2&#8243;][vc_single_image image=&#8221;21981&#8243; img_size=&#8221;full&#8221;][\/vc_column][\/vc_row][vc_row equal_height=&#8221;yes&#8221; content_placement=&#8221;top&#8221;][vc_column width=&#8221;1\/3&#8243; el_id=&#8221;sidebar-filtri&#8221; offset=&#8221;vc_col-md-3&#8243;]<div class=\"ult_row_spacer\"><div class=\"ult-sticky-anchor\"><div class=\"ult-sticky-section ult-sticky \"  data-gutter= '150' data-stick_behaviour= 'stick_with_scroll'  data-sticky_position= 'top' data-mobile='no' data-support='no'>[vc_column_text]<form data-sf-form-id='26254' data-is-rtl='0' data-maintain-state='' data-results-url='https:\/\/www.giovenzana.com\/pt-br\/produtos\/sistema-de-manuseio\/linhas-de-transmissao-de-energia\/linha-multipolar\/' data-ajax-url='https:\/\/www.giovenzana.com\/pt-br\/?sfid=26254&amp;sf_action=get_data&amp;sf_data=all' data-ajax-form-url='https:\/\/www.giovenzana.com\/pt-br\/?sfid=26254&amp;sf_action=get_data&amp;sf_data=form' data-display-result-method='shortcode' data-use-history-api='1' data-template-loaded='0' data-lang-code='pt-br' data-ajax='1' data-ajax-data-type='json' data-ajax-links-selector='.pagination a' data-ajax-target='#search-filter-results-26254' data-ajax-pagination-type='infinite_scroll' data-show-scroll-loader='1' data-infinite-scroll-container='#risultati' data-infinite-scroll-trigger='-100' data-update-ajax-url='0' data-only-results-ajax='1' data-scroll-to-pos='0' data-init-paged='1' data-auto-update='1' data-auto-count='1' data-auto-count-refresh-mode='1' action='https:\/\/www.giovenzana.com\/pt-br\/produtos\/sistema-de-manuseio\/linhas-de-transmissao-de-energia\/linha-multipolar\/' method='post' class='searchandfilter' id='search-filter-form-26254' autocomplete='off' data-instance-count='1'><ul><li class=\"sf-field-search\" data-sf-field-name=\"search\" data-sf-field-type=\"search\" data-sf-field-input-type=\"\">\t\t<label>\n\t\t\t\t   \t\t\t<span class=\"screen-reader-text\">Pesquisar...<\/span><input placeholder=\"Pesquisar...\" name=\"_sf_search[]\" class=\"sf-input-text\" type=\"text\" value=\"\" title=\"Pesquisar...\"><\/label>\t\t<\/li><li class=\"sf-field-post_type\" data-sf-field-name=\"_sf_post_type\" data-sf-field-type=\"post_type\" data-sf-field-input-type=\"select\"><h4>Modelo<\/h4>\t\t<label>\n\t\t\t\t   \t\t\t<span class=\"screen-reader-text\">Modelo<\/span>\n\t\t\t\t\t\t\t\t<select name=\"_sf_post_type[]\" class=\"sf-input-select\" title=\"Modelo\">\n\t\t\t\t\t\t  \t\t\t<option class=\"sf-level-0 sf-item-0 sf-option-active\" selected=\"selected\" data-sf-depth=\"0\" value=\"\">Todos os modelos<\/option>\n\t\t\t\t\t\t\t\t\t\t\t<option class=\"sf-level-0 \" data-sf-depth=\"0\" value=\"component\">Componente<\/option>\n\t\t\t\t\t\t\t\t\t\t\t<\/select><\/label>\t\t\t\t\t\t\t\t\t\t<\/li><li class=\"sf-field-taxonomy-series\" data-sf-field-name=\"_sft_series\" data-sf-field-type=\"taxonomy\" data-sf-field-input-type=\"select\" data-sf-combobox=\"1\" data-sf-term-rewrite='[\"https:\\\/\\\/www.giovenzana.com\\\/pt-br\\\/serie\\\/[0]\\\/\",\"https:\\\/\\\/www.giovenzana.com\\\/pt-br\\\/serie\\\/[0]\\\/[1]\\\/\"]'><h4>S\u00e9rie<\/h4>\t\t<label>\n\t\t\t\t   \t\t\t<span class=\"screen-reader-text\">S\u00e9rie<\/span>\n\t\t\t\t\t\t\t\t<select data-combobox=\"1\" name=\"_sft_series[]\" class=\"sf-input-select\" title=\"S\u00e9rie\">\n\t\t\t\t\t\t  \t\t\t<option class=\"sf-level-0 sf-item-0 sf-option-active\" selected=\"selected\" data-sf-count=\"0\" data-sf-depth=\"0\" value=\"\">Todas as s\u00e9ries<\/option>\n\t\t\t\t\t\t\t\t\t\t\t<option class=\"sf-level-0 sf-item-570\" data-sf-count=\"8\" data-sf-depth=\"0\" value=\"sistema-de-manuseio\">SISTEMA DE MANUSEIO&nbsp;&nbsp;(8)<\/option>\n\t\t\t\t\t\t\t\t\t\t\t<option class=\"sf-level-1 sf-item-411\" data-sf-count=\"8\" data-sf-depth=\"1\" value=\"hasy_enlines_mp04p-br\">&nbsp;&nbsp;&nbsp;MP04P&nbsp;&nbsp;(8)<\/option>\n\t\t\t\t\t\t\t\t\t\t\t<\/select><\/label>\t\t\t\t\t\t\t\t\t\t<\/li><\/ul><\/form>[\/vc_column_text]<\/div><div class=\"ult-space\"><\/div><\/div><\/div>[\/vc_column][vc_column width=&#8221;2\/3&#8243; offset=&#8221;vc_col-md-9&#8243;][vc_column_text]<div class=\"search-filter-results\" id=\"search-filter-results-26254\">\t<div class=\"esitoRisu\">\t\t\n\t\tEncontrado 8 resultados\t\n\t\t\t\t\n\t<\/div>\n\n\t \n\n\n\n\n\n\n\n\n\t<div id=\"risultati\">\n\t\t\t\n\t\t<div class=\"vc_column-inner vc_col-xs-6 vc_col-md-4 filter-item\">\n            <div>\n                <a href=\"https:\/\/www.giovenzana.com\/pt-br\/componente\/mp04p001\/\">\n                    <img loading=\"lazy\" decoding=\"async\" width=\"250\" height=\"250\" src=\"https:\/\/www.giovenzana.com\/wp-content\/uploads\/MP04P001-300x300.jpg\" class=\"attachment-250x250 size-250x250 wp-post-image\" alt=\"MP04P001\" \/>\n\n                                        <span class=\"postProd com \">componente<\/span>\n\n                    <span class=\"titoloProd\">MP04P001<\/span>\n\n                    <!--se componente Cam Switches mostrare il mounting-->\n                     \n\n                    <!-- se prodotto \u00e8 nuovo mostrare etichetta -->\n                    \n\n                    <!--<p class=\"riassuntoProd\"><\/p>-->\n                                    <\/a>\n            <\/div>\n        <\/div>\n\t\t\n\t\t\t\t\n\t\t<div class=\"vc_column-inner vc_col-xs-6 vc_col-md-4 filter-item\">\n            <div>\n                <a href=\"https:\/\/www.giovenzana.com\/pt-br\/componente\/mp04p002\/\">\n                    <img loading=\"lazy\" decoding=\"async\" width=\"250\" height=\"250\" src=\"https:\/\/www.giovenzana.com\/wp-content\/uploads\/MP04P002-300x300.jpg\" class=\"attachment-250x250 size-250x250 wp-post-image\" alt=\"MP04P002\" \/>\n\n                                        <span class=\"postProd com \">componente<\/span>\n\n                    <span class=\"titoloProd\">MP04P002<\/span>\n\n                    <!--se componente Cam Switches mostrare il mounting-->\n                     \n\n                    <!-- se prodotto \u00e8 nuovo mostrare etichetta -->\n                    \n\n                    <!--<p class=\"riassuntoProd\"><\/p>-->\n                                    <\/a>\n            <\/div>\n        <\/div>\n\t\t\n\t\t\t\t\n\t\t<div class=\"vc_column-inner vc_col-xs-6 vc_col-md-4 filter-item\">\n            <div>\n                <a href=\"https:\/\/www.giovenzana.com\/pt-br\/componente\/mp04p003\/\">\n                    <img loading=\"lazy\" decoding=\"async\" width=\"250\" height=\"250\" src=\"https:\/\/www.giovenzana.com\/wp-content\/uploads\/MP04P003-300x300.jpg\" class=\"attachment-250x250 size-250x250 wp-post-image\" alt=\"MP04P003\" \/>\n\n                                        <span class=\"postProd com \">componente<\/span>\n\n                    <span class=\"titoloProd\">MP04P003<\/span>\n\n                    <!--se componente Cam Switches mostrare il mounting-->\n                     \n\n                    <!-- se prodotto \u00e8 nuovo mostrare etichetta -->\n                    \n\n                    <!--<p class=\"riassuntoProd\"><\/p>-->\n                                    <\/a>\n            <\/div>\n        <\/div>\n\t\t\n\t\t\t\t\n\t\t<div class=\"vc_column-inner vc_col-xs-6 vc_col-md-4 filter-item\">\n            <div>\n                <a href=\"https:\/\/www.giovenzana.com\/pt-br\/componente\/mp04p006\/\">\n                    <img loading=\"lazy\" decoding=\"async\" width=\"250\" height=\"250\" src=\"https:\/\/www.giovenzana.com\/wp-content\/uploads\/MP04P006-300x300.jpg\" class=\"attachment-250x250 size-250x250 wp-post-image\" alt=\"MP04P006\" \/>\n\n                                        <span class=\"postProd com \">componente<\/span>\n\n                    <span class=\"titoloProd\">MP04P006<\/span>\n\n                    <!--se componente Cam Switches mostrare il mounting-->\n                     \n\n                    <!-- se prodotto \u00e8 nuovo mostrare etichetta -->\n                    \n\n                    <!--<p class=\"riassuntoProd\"><\/p>-->\n                                    <\/a>\n            <\/div>\n        <\/div>\n\t\t\n\t\t\t\t\n\t\t<div class=\"vc_column-inner vc_col-xs-6 vc_col-md-4 filter-item\">\n            <div>\n                <a href=\"https:\/\/www.giovenzana.com\/pt-br\/componente\/mp04p008\/\">\n                    <img loading=\"lazy\" decoding=\"async\" width=\"250\" height=\"250\" src=\"https:\/\/www.giovenzana.com\/wp-content\/uploads\/MP04P008-300x300.jpg\" class=\"attachment-250x250 size-250x250 wp-post-image\" alt=\"MP04P008\" \/>\n\n                                        <span class=\"postProd com \">componente<\/span>\n\n                    <span class=\"titoloProd\">MP04P008<\/span>\n\n                    <!--se componente Cam Switches mostrare il mounting-->\n                     \n\n                    <!-- se prodotto \u00e8 nuovo mostrare etichetta -->\n                    \n\n                    <!--<p class=\"riassuntoProd\"><\/p>-->\n                                    <\/a>\n            <\/div>\n        <\/div>\n\t\t\n\t\t\t\t\n\t\t<div class=\"vc_column-inner vc_col-xs-6 vc_col-md-4 filter-item\">\n            <div>\n                <a href=\"https:\/\/www.giovenzana.com\/pt-br\/componente\/mp04p011-2\/\">\n                    <img loading=\"lazy\" decoding=\"async\" width=\"250\" height=\"250\" src=\"https:\/\/www.giovenzana.com\/wp-content\/uploads\/MP04P011_2-300x300.jpg\" class=\"attachment-250x250 size-250x250 wp-post-image\" alt=\"MP04P011\/2\" \/>\n\n                                        <span class=\"postProd com \">componente<\/span>\n\n                    <span class=\"titoloProd\">MP04P011\/2<\/span>\n\n                    <!--se componente Cam Switches mostrare il mounting-->\n                     \n\n                    <!-- se prodotto \u00e8 nuovo mostrare etichetta -->\n                    \n\n                    <!--<p class=\"riassuntoProd\"><\/p>-->\n                                    <\/a>\n            <\/div>\n        <\/div>\n\t\t\n\t\t\t\t\n\t\t<div class=\"vc_column-inner vc_col-xs-6 vc_col-md-4 filter-item\">\n            <div>\n                <a href=\"https:\/\/www.giovenzana.com\/pt-br\/componente\/mp04p014\/\">\n                    <img loading=\"lazy\" decoding=\"async\" width=\"250\" height=\"250\" src=\"https:\/\/www.giovenzana.com\/wp-content\/uploads\/MP04P014-300x300.jpg\" class=\"attachment-250x250 size-250x250 wp-post-image\" alt=\"MP04P014\" \/>\n\n                                        <span class=\"postProd com \">componente<\/span>\n\n                    <span class=\"titoloProd\">MP04P014<\/span>\n\n                    <!--se componente Cam Switches mostrare il mounting-->\n                     \n\n                    <!-- se prodotto \u00e8 nuovo mostrare etichetta -->\n                    \n\n                    <!--<p class=\"riassuntoProd\"><\/p>-->\n                                    <\/a>\n            <\/div>\n        <\/div>\n\t\t\n\t\t\t\t\n\t\t<div class=\"vc_column-inner vc_col-xs-6 vc_col-md-4 filter-item\">\n            <div>\n                <a href=\"https:\/\/www.giovenzana.com\/pt-br\/componente\/mp04p060-100-140\/\">\n                    <img loading=\"lazy\" decoding=\"async\" width=\"250\" height=\"250\" src=\"https:\/\/www.giovenzana.com\/wp-content\/uploads\/MP04P-300x300.jpg\" class=\"attachment-250x250 size-250x250 wp-post-image\" alt=\"MP04P060\/100\/140\" \/>\n\n                                        <span class=\"postProd com \">componente<\/span>\n\n                    <span class=\"titoloProd\">MP04P060\/100\/140<\/span>\n\n                    <!--se componente Cam Switches mostrare il mounting-->\n                     \n\n                    <!-- se prodotto \u00e8 nuovo mostrare etichetta -->\n                    \n\n                    <!--<p class=\"riassuntoProd\"><\/p>-->\n                                    <\/a>\n            <\/div>\n        <\/div>\n\t\t\n\t\t\t<\/div>\n\n\n\n\n\n\n\n\n\t\n\n\t<\/div>[\/vc_column_text][\/vc_column][\/vc_row]<\/p>\n<\/div>","protected":false},"excerpt":{"rendered":"<p>[vc_row][vc_column width=&#8221;1\/2&#8243;][vc_column_text] LINHA MULTIPOLAR O sistema Multipolar \u00e9 um dos sistemas isolados mais utilizados para a transmiss\u00e3o de energia. O perfil alveolar garante alta rigidez e o design do carrinho permite a alimenta\u00e7\u00e3o de dispositivos que possuem velocidade de hightravel (at\u00e9 500 m\/min). Vers\u00f5es dispon\u00edveis Condutores pr\u00e9-montados: os condutores j\u00e1 est\u00e3o inseridos no inv\u00f3lucro de&hellip;<\/p>\n","protected":false},"author":1,"featured_media":17833,"parent":10668,"menu_order":2,"comment_status":"closed","ping_status":"closed","template":"page-filtri.php","meta":{"_acf_changed":false,"ngg_post_thumbnail":0,"footnotes":""},"class_list":["post-10661","page","type-page","status-publish","has-post-thumbnail","hentry","description-off"],"acf":[],"yoast_head":"<!-- This site is optimized with the Yoast SEO plugin v24.4 - https:\/\/yoast.com\/wordpress\/plugins\/seo\/ -->\n<title>Linha multipolar &#8211; Giovenzana<\/title>\n<meta name=\"description\" content=\"O sistema Multipolar \u00e9 um dos sistemas isolados mais utilizados para a transmiss\u00e3o de energia.\" \/>\n<meta name=\"robots\" content=\"index, follow, max-snippet:-1, max-image-preview:large, max-video-preview:-1\" \/>\n<link rel=\"canonical\" href=\"https:\/\/www.giovenzana.com\/pt-br\/produtos\/sistema-de-movimentacao\/linhas-de-transmissao-de-energia\/linha-multipolar\/\" \/>\n<meta property=\"og:locale\" content=\"pt_BR\" \/>\n<meta property=\"og:type\" content=\"article\" \/>\n<meta property=\"og:title\" content=\"Linha multipolar &#8211; Giovenzana\" \/>\n<meta property=\"og:description\" content=\"O sistema Multipolar \u00e9 um dos sistemas isolados mais utilizados para a transmiss\u00e3o de energia.\" \/>\n<meta property=\"og:url\" content=\"https:\/\/www.giovenzana.com\/pt-br\/produtos\/sistema-de-movimentacao\/linhas-de-transmissao-de-energia\/linha-multipolar\/\" \/>\n<meta property=\"og:site_name\" content=\"Giovenzana\" \/>\n<meta property=\"article:publisher\" content=\"https:\/\/www.facebook.com\/giovenzanainternational\" \/>\n<meta property=\"article:modified_time\" content=\"2023-04-19T11:02:23+00:00\" \/>\n<meta property=\"og:image\" content=\"https:\/\/www.giovenzana.com\/wp-content\/uploads\/Handling_Cover.jpg\" \/>\n\t<meta property=\"og:image:width\" content=\"1700\" \/>\n\t<meta property=\"og:image:height\" content=\"200\" \/>\n\t<meta property=\"og:image:type\" content=\"image\/jpeg\" \/>\n<meta name=\"twitter:card\" content=\"summary_large_image\" \/>\n<meta name=\"twitter:label1\" content=\"Est. tempo de leitura\" \/>\n\t<meta name=\"twitter:data1\" content=\"1 minuto\" \/>\n<script type=\"application\/ld+json\" class=\"yoast-schema-graph\">{\"@context\":\"https:\/\/schema.org\",\"@graph\":[{\"@type\":\"WebPage\",\"@id\":\"https:\/\/www.giovenzana.com\/pt-br\/produtos\/sistema-de-movimentacao\/linhas-de-transmissao-de-energia\/linha-multipolar\/\",\"url\":\"https:\/\/www.giovenzana.com\/pt-br\/produtos\/sistema-de-movimentacao\/linhas-de-transmissao-de-energia\/linha-multipolar\/\",\"name\":\"Linha multipolar &#8211; Giovenzana\",\"isPartOf\":{\"@id\":\"https:\/\/www.giovenzana.com\/pt-br\/#website\"},\"primaryImageOfPage\":{\"@id\":\"https:\/\/www.giovenzana.com\/pt-br\/produtos\/sistema-de-movimentacao\/linhas-de-transmissao-de-energia\/linha-multipolar\/#primaryimage\"},\"image\":{\"@id\":\"https:\/\/www.giovenzana.com\/pt-br\/produtos\/sistema-de-movimentacao\/linhas-de-transmissao-de-energia\/linha-multipolar\/#primaryimage\"},\"thumbnailUrl\":\"https:\/\/www.giovenzana.com\/wp-content\/uploads\/Handling_Cover.jpg\",\"datePublished\":\"2020-03-02T17:10:37+00:00\",\"dateModified\":\"2023-04-19T11:02:23+00:00\",\"description\":\"O sistema Multipolar \u00e9 um dos sistemas isolados mais utilizados para a transmiss\u00e3o de energia.\",\"breadcrumb\":{\"@id\":\"https:\/\/www.giovenzana.com\/pt-br\/produtos\/sistema-de-movimentacao\/linhas-de-transmissao-de-energia\/linha-multipolar\/#breadcrumb\"},\"inLanguage\":\"pt-BR\",\"potentialAction\":[{\"@type\":\"ReadAction\",\"target\":[\"https:\/\/www.giovenzana.com\/pt-br\/produtos\/sistema-de-movimentacao\/linhas-de-transmissao-de-energia\/linha-multipolar\/\"]}]},{\"@type\":\"ImageObject\",\"inLanguage\":\"pt-BR\",\"@id\":\"https:\/\/www.giovenzana.com\/pt-br\/produtos\/sistema-de-movimentacao\/linhas-de-transmissao-de-energia\/linha-multipolar\/#primaryimage\",\"url\":\"https:\/\/www.giovenzana.com\/wp-content\/uploads\/Handling_Cover.jpg\",\"contentUrl\":\"https:\/\/www.giovenzana.com\/wp-content\/uploads\/Handling_Cover.jpg\",\"width\":1700,\"height\":200,\"caption\":\"Giovenzana Handling Cover\"},{\"@type\":\"BreadcrumbList\",\"@id\":\"https:\/\/www.giovenzana.com\/pt-br\/produtos\/sistema-de-movimentacao\/linhas-de-transmissao-de-energia\/linha-multipolar\/#breadcrumb\",\"itemListElement\":[{\"@type\":\"ListItem\",\"position\":1,\"name\":\"Home\",\"item\":\"https:\/\/www.giovenzana.com\/pt-br\/\"},{\"@type\":\"ListItem\",\"position\":2,\"name\":\"Produtos\",\"item\":\"https:\/\/www.giovenzana.com\/pt-br\/produtos\/\"},{\"@type\":\"ListItem\",\"position\":3,\"name\":\"SISTEMA DE MOVIMENTA\u00c7\u00c3O\",\"item\":\"https:\/\/www.giovenzana.com\/pt-br\/produtos\/sistema-de-movimentacao\/\"},{\"@type\":\"ListItem\",\"position\":4,\"name\":\"LINHAS DE TRANSMISS\u00c3O DE ENERGIA\",\"item\":\"https:\/\/www.giovenzana.com\/pt-br\/produtos\/sistema-de-movimentacao\/linhas-de-transmissao-de-energia\/\"},{\"@type\":\"ListItem\",\"position\":5,\"name\":\"Linha multipolar\"}]},{\"@type\":\"WebSite\",\"@id\":\"https:\/\/www.giovenzana.com\/pt-br\/#website\",\"url\":\"https:\/\/www.giovenzana.com\/pt-br\/\",\"name\":\"Giovenzana\",\"description\":\"Piccoli oggetti d\u2019arte di grande tecnologia\",\"publisher\":{\"@id\":\"https:\/\/www.giovenzana.com\/pt-br\/#organization\"},\"potentialAction\":[{\"@type\":\"SearchAction\",\"target\":{\"@type\":\"EntryPoint\",\"urlTemplate\":\"https:\/\/www.giovenzana.com\/pt-br\/?s={search_term_string}\"},\"query-input\":{\"@type\":\"PropertyValueSpecification\",\"valueRequired\":true,\"valueName\":\"search_term_string\"}}],\"inLanguage\":\"pt-BR\"},{\"@type\":\"Organization\",\"@id\":\"https:\/\/www.giovenzana.com\/pt-br\/#organization\",\"name\":\"Giovenzana International B.V.\",\"url\":\"https:\/\/www.giovenzana.com\/pt-br\/\",\"logo\":{\"@type\":\"ImageObject\",\"inLanguage\":\"pt-BR\",\"@id\":\"https:\/\/www.giovenzana.com\/pt-br\/#\/schema\/logo\/image\/\",\"url\":\"https:\/\/www.giovenzana.com\/wp-content\/uploads\/logo-giovenzana-international.png\",\"contentUrl\":\"https:\/\/www.giovenzana.com\/wp-content\/uploads\/logo-giovenzana-international.png\",\"width\":301,\"height\":98,\"caption\":\"Giovenzana International B.V.\"},\"image\":{\"@id\":\"https:\/\/www.giovenzana.com\/pt-br\/#\/schema\/logo\/image\/\"},\"sameAs\":[\"https:\/\/www.facebook.com\/giovenzanainternational\",\"https:\/\/www.linkedin.com\/company\/giovenzanainternational\",\"https:\/\/www.youtube.com\/channel\/UCN-H9aOP26hpeo4zqxpGTxw\"]}]}<\/script>\n<!-- \/ Yoast SEO plugin. -->","yoast_head_json":{"title":"Linha multipolar &#8211; Giovenzana","description":"O sistema Multipolar \u00e9 um dos sistemas isolados mais utilizados para a transmiss\u00e3o de energia.","robots":{"index":"index","follow":"follow","max-snippet":"max-snippet:-1","max-image-preview":"max-image-preview:large","max-video-preview":"max-video-preview:-1"},"canonical":"https:\/\/www.giovenzana.com\/pt-br\/produtos\/sistema-de-movimentacao\/linhas-de-transmissao-de-energia\/linha-multipolar\/","og_locale":"pt_BR","og_type":"article","og_title":"Linha multipolar &#8211; Giovenzana","og_description":"O sistema Multipolar \u00e9 um dos sistemas isolados mais utilizados para a transmiss\u00e3o de energia.","og_url":"https:\/\/www.giovenzana.com\/pt-br\/produtos\/sistema-de-movimentacao\/linhas-de-transmissao-de-energia\/linha-multipolar\/","og_site_name":"Giovenzana","article_publisher":"https:\/\/www.facebook.com\/giovenzanainternational","article_modified_time":"2023-04-19T11:02:23+00:00","og_image":[{"width":1700,"height":200,"url":"https:\/\/www.giovenzana.com\/wp-content\/uploads\/Handling_Cover.jpg","type":"image\/jpeg"}],"twitter_card":"summary_large_image","twitter_misc":{"Est. tempo de leitura":"1 minuto"},"schema":{"@context":"https:\/\/schema.org","@graph":[{"@type":"WebPage","@id":"https:\/\/www.giovenzana.com\/pt-br\/produtos\/sistema-de-movimentacao\/linhas-de-transmissao-de-energia\/linha-multipolar\/","url":"https:\/\/www.giovenzana.com\/pt-br\/produtos\/sistema-de-movimentacao\/linhas-de-transmissao-de-energia\/linha-multipolar\/","name":"Linha multipolar &#8211; Giovenzana","isPartOf":{"@id":"https:\/\/www.giovenzana.com\/pt-br\/#website"},"primaryImageOfPage":{"@id":"https:\/\/www.giovenzana.com\/pt-br\/produtos\/sistema-de-movimentacao\/linhas-de-transmissao-de-energia\/linha-multipolar\/#primaryimage"},"image":{"@id":"https:\/\/www.giovenzana.com\/pt-br\/produtos\/sistema-de-movimentacao\/linhas-de-transmissao-de-energia\/linha-multipolar\/#primaryimage"},"thumbnailUrl":"https:\/\/www.giovenzana.com\/wp-content\/uploads\/Handling_Cover.jpg","datePublished":"2020-03-02T17:10:37+00:00","dateModified":"2023-04-19T11:02:23+00:00","description":"O sistema Multipolar \u00e9 um dos sistemas isolados mais utilizados para a transmiss\u00e3o de energia.","breadcrumb":{"@id":"https:\/\/www.giovenzana.com\/pt-br\/produtos\/sistema-de-movimentacao\/linhas-de-transmissao-de-energia\/linha-multipolar\/#breadcrumb"},"inLanguage":"pt-BR","potentialAction":[{"@type":"ReadAction","target":["https:\/\/www.giovenzana.com\/pt-br\/produtos\/sistema-de-movimentacao\/linhas-de-transmissao-de-energia\/linha-multipolar\/"]}]},{"@type":"ImageObject","inLanguage":"pt-BR","@id":"https:\/\/www.giovenzana.com\/pt-br\/produtos\/sistema-de-movimentacao\/linhas-de-transmissao-de-energia\/linha-multipolar\/#primaryimage","url":"https:\/\/www.giovenzana.com\/wp-content\/uploads\/Handling_Cover.jpg","contentUrl":"https:\/\/www.giovenzana.com\/wp-content\/uploads\/Handling_Cover.jpg","width":1700,"height":200,"caption":"Giovenzana Handling Cover"},{"@type":"BreadcrumbList","@id":"https:\/\/www.giovenzana.com\/pt-br\/produtos\/sistema-de-movimentacao\/linhas-de-transmissao-de-energia\/linha-multipolar\/#breadcrumb","itemListElement":[{"@type":"ListItem","position":1,"name":"Home","item":"https:\/\/www.giovenzana.com\/pt-br\/"},{"@type":"ListItem","position":2,"name":"Produtos","item":"https:\/\/www.giovenzana.com\/pt-br\/produtos\/"},{"@type":"ListItem","position":3,"name":"SISTEMA DE MOVIMENTA\u00c7\u00c3O","item":"https:\/\/www.giovenzana.com\/pt-br\/produtos\/sistema-de-movimentacao\/"},{"@type":"ListItem","position":4,"name":"LINHAS DE TRANSMISS\u00c3O DE ENERGIA","item":"https:\/\/www.giovenzana.com\/pt-br\/produtos\/sistema-de-movimentacao\/linhas-de-transmissao-de-energia\/"},{"@type":"ListItem","position":5,"name":"Linha multipolar"}]},{"@type":"WebSite","@id":"https:\/\/www.giovenzana.com\/pt-br\/#website","url":"https:\/\/www.giovenzana.com\/pt-br\/","name":"Giovenzana","description":"Piccoli oggetti d\u2019arte di grande tecnologia","publisher":{"@id":"https:\/\/www.giovenzana.com\/pt-br\/#organization"},"potentialAction":[{"@type":"SearchAction","target":{"@type":"EntryPoint","urlTemplate":"https:\/\/www.giovenzana.com\/pt-br\/?s={search_term_string}"},"query-input":{"@type":"PropertyValueSpecification","valueRequired":true,"valueName":"search_term_string"}}],"inLanguage":"pt-BR"},{"@type":"Organization","@id":"https:\/\/www.giovenzana.com\/pt-br\/#organization","name":"Giovenzana International B.V.","url":"https:\/\/www.giovenzana.com\/pt-br\/","logo":{"@type":"ImageObject","inLanguage":"pt-BR","@id":"https:\/\/www.giovenzana.com\/pt-br\/#\/schema\/logo\/image\/","url":"https:\/\/www.giovenzana.com\/wp-content\/uploads\/logo-giovenzana-international.png","contentUrl":"https:\/\/www.giovenzana.com\/wp-content\/uploads\/logo-giovenzana-international.png","width":301,"height":98,"caption":"Giovenzana International B.V."},"image":{"@id":"https:\/\/www.giovenzana.com\/pt-br\/#\/schema\/logo\/image\/"},"sameAs":["https:\/\/www.facebook.com\/giovenzanainternational","https:\/\/www.linkedin.com\/company\/giovenzanainternational","https:\/\/www.youtube.com\/channel\/UCN-H9aOP26hpeo4zqxpGTxw"]}]}},"_links":{"self":[{"href":"https:\/\/www.giovenzana.com\/pt-br\/wp-json\/wp\/v2\/pages\/10661","targetHints":{"allow":["GET"]}}],"collection":[{"href":"https:\/\/www.giovenzana.com\/pt-br\/wp-json\/wp\/v2\/pages"}],"about":[{"href":"https:\/\/www.giovenzana.com\/pt-br\/wp-json\/wp\/v2\/types\/page"}],"author":[{"embeddable":true,"href":"https:\/\/www.giovenzana.com\/pt-br\/wp-json\/wp\/v2\/users\/1"}],"replies":[{"embeddable":true,"href":"https:\/\/www.giovenzana.com\/pt-br\/wp-json\/wp\/v2\/comments?post=10661"}],"version-history":[{"count":7,"href":"https:\/\/www.giovenzana.com\/pt-br\/wp-json\/wp\/v2\/pages\/10661\/revisions"}],"predecessor-version":[{"id":47253,"href":"https:\/\/www.giovenzana.com\/pt-br\/wp-json\/wp\/v2\/pages\/10661\/revisions\/47253"}],"up":[{"embeddable":true,"href":"https:\/\/www.giovenzana.com\/pt-br\/wp-json\/wp\/v2\/pages\/10668"}],"wp:featuredmedia":[{"embeddable":true,"href":"https:\/\/www.giovenzana.com\/pt-br\/wp-json\/wp\/v2\/media\/17833"}],"wp:attachment":[{"href":"https:\/\/www.giovenzana.com\/pt-br\/wp-json\/wp\/v2\/media?parent=10661"}],"curies":[{"name":"wp","href":"https:\/\/api.w.org\/{rel}","templated":true}]}}