{"id":10668,"date":"2019-05-27T09:25:02","date_gmt":"2019-05-27T07:25:02","guid":{"rendered":"https:\/\/www.giovenzana.com\/linhas-de-transmissao-de-energia\/"},"modified":"2023-04-19T13:44:15","modified_gmt":"2023-04-19T11:44:15","slug":"linhas-de-transmissao-de-energia","status":"publish","type":"page","link":"https:\/\/www.giovenzana.com\/pt-br\/produtos\/sistema-de-movimentacao\/linhas-de-transmissao-de-energia\/","title":{"rendered":"LINHAS DE TRANSMISS\u00c3O DE ENERGIA"},"content":{"rendered":"<div class=\"wpb-content-wrapper\"><p>[vc_row][vc_column][vc_column_text]A Giovenzana oferece diferentes solu\u00e7\u00f5es para a transmiss\u00e3o de energia: linha de barramento, linha multipolar e sistema de festoon.<\/p>\n<p>Nossa gama de produtos e servi\u00e7os est\u00e1 orientada \u00e0s altas exig\u00eancias da ind\u00fastria relacionadas \u00e0s necessidades pessoais de nossos clientes.<\/p>\n<p>Giovenzana pensa em seguran\u00e7a, sempre e em qualquer lugar. A aten\u00e7\u00e3o \u00e0 alta qualidade de nossos produtos reflete exatamente este objetivo e nossos produtos certificados atendem aos requisitos de qualidade ditados pela ISO 9001:2015.[\/vc_column_text][\/vc_column][\/vc_row][vc_row css_animation=&#8221;fadeInUp&#8221;][vc_column width=&#8221;1\/3&#8243;]<div class=\"ult-ih-container ult-adjust-bottom-margin  \" >\t<ul class=\"ult-ih-list \"  data-shape=\"circle\"  data-width=\"300\"  data-height=\"300\"  style=\"text-align:center; \"><li id=\"ult-ih-list-item-4906\" class=\"ult-ih-list-item\" style=\"height: 300px; width: 300px;  margin: 15px\"><div style=\"height: 300px; width: 300px; \" class=\"ult-ih-item ult-ih-effect1    ult-ih-top_to_bottom \"><div class=\"ult-ih-image-block\" style=\"height: 300px; width: 300px; \">\t<div class=\"ult-ih-wrapper\" style=\"border-style: solid; border-color: rgba(255,255,255,0.2); border-width: 20px;\"><\/div>\t<img decoding=\"async\" class=\"ult-ih-image\" src=\"https:\/\/www.giovenzana.com\/wp-content\/uploads\/TR6000W.jpg\" alt=\"null\"><\/div><div class=\"ult-ih-info\" >\t<div class=\"ult-ih-info-back\" style=\"background-color: rgba(0,0,0,0.75); \">\t<div class=\"ult-ih-content\">\t\t\t<div class=\"ult-ih-heading-block\" style=\"\">\t\t\t\t<h3 class=\"ult-ih-heading ult-responsive\" style=\"color:#ffffff;\"  data-ultimate-target='#ult-ih-list-item-4906 .ult-ih-heading'  data-responsive-json-new='{\"font-size\":\"desktop:22px;\",\"line-height\":\"desktop:28px;\"}' >Linha de barramento<\/h3>\t\t\t<\/div>\t\t\t<div class=\"ult-ih-divider-block\" style=\"height:1px;\">\t\t\t\t<span class=\"ult-ih-line\" style=\"border-style:solid;border-color:rgba(255,255,255,0.75);width:100px;border-width:1px;\"><\/span>\t\t\t<\/div>\t\t\t<div class=\"ult-ih-description-block\" style=\"\">\t\t\t\t<div class=\"ult-ih-description ult-responsive\" style=\"color:#bbbbbb;\"  data-ultimate-target='#ult-ih-list-item-4906 .ult-ih-description, #ult-ih-list-item-4906 .ult-ih-description p'  data-responsive-json-new='{\"font-size\":\"desktop:12px;\",\"line-height\":\"desktop:18px;\"}' ><p><a href=\"https:\/\/www.giovenzana.com\/pt-br\/produtos\/sistema-de-movimentacao\/linhas-de-transmissao-de-energia\/linha-de-barramento\/\"><span style=\"font-size: 18px; color: #ffcf00;\"><strong>Leia mais &gt;<\/strong><\/span><\/a><\/p>\n\t\t\t\t<\/div>\t\t\t<\/div>\t<\/div>\t<\/div><\/div><\/div><\/li>\t<\/ul><\/div>[\/vc_column][vc_column width=&#8221;1\/3&#8243;]<div class=\"ult-ih-container ult-adjust-bottom-margin  \" >\t<ul class=\"ult-ih-list \"  data-shape=\"circle\"  data-width=\"300\"  data-height=\"300\"  style=\"text-align:center; \"><li id=\"ult-ih-list-item-8128\" class=\"ult-ih-list-item\" style=\"height: 300px; width: 300px;  margin: 15px\"><div style=\"height: 300px; width: 300px; \" class=\"ult-ih-item ult-ih-effect1    ult-ih-top_to_bottom \"><div class=\"ult-ih-image-block\" style=\"height: 300px; width: 300px; \">\t<div class=\"ult-ih-wrapper\" style=\"border-style: solid; border-color: rgba(255,255,255,0.2); border-width: 20px;\"><\/div>\t<img decoding=\"async\" class=\"ult-ih-image\" src=\"https:\/\/www.giovenzana.com\/wp-content\/uploads\/Multipole.jpg\" alt=\"null\"><\/div><div class=\"ult-ih-info\" >\t<div class=\"ult-ih-info-back\" style=\"background-color: rgba(0,0,0,0.75); \">\t<div class=\"ult-ih-content\">\t\t\t<div class=\"ult-ih-heading-block\" style=\"\">\t\t\t\t<h3 class=\"ult-ih-heading ult-responsive\" style=\"color:#ffffff;\"  data-ultimate-target='#ult-ih-list-item-8128 .ult-ih-heading'  data-responsive-json-new='{\"font-size\":\"desktop:22px;\",\"line-height\":\"desktop:28px;\"}' >Linha multipolar<\/h3>\t\t\t<\/div>\t\t\t<div class=\"ult-ih-divider-block\" style=\"height:1px;\">\t\t\t\t<span class=\"ult-ih-line\" style=\"border-style:solid;border-color:rgba(255,255,255,0.75);width:100px;border-width:1px;\"><\/span>\t\t\t<\/div>\t\t\t<div class=\"ult-ih-description-block\" style=\"\">\t\t\t\t<div class=\"ult-ih-description ult-responsive\" style=\"color:#bbbbbb;\"  data-ultimate-target='#ult-ih-list-item-8128 .ult-ih-description, #ult-ih-list-item-8128 .ult-ih-description p'  data-responsive-json-new='{\"font-size\":\"desktop:12px;\",\"line-height\":\"desktop:18px;\"}' ><p><a href=\"https:\/\/www.giovenzana.com\/pt-br\/produtos\/sistema-de-movimentacao\/linhas-de-transmissao-de-energia\/linha-multipolar\/\"><span style=\"font-size: 18px; color: #ffcf00;\"><strong>Leia mais &gt;<\/strong><\/span><\/a><\/p>\n\t\t\t\t<\/div>\t\t\t<\/div>\t<\/div>\t<\/div><\/div><\/div><\/li>\t<\/ul><\/div>[\/vc_column][vc_column width=&#8221;1\/3&#8243;]<div class=\"ult-ih-container ult-adjust-bottom-margin  \" >\t<ul class=\"ult-ih-list \"  data-shape=\"circle\"  data-width=\"300\"  data-height=\"300\"  style=\"text-align:center; \"><li id=\"ult-ih-list-item-2205\" class=\"ult-ih-list-item\" style=\"height: 300px; width: 300px;  margin: 15px\"><div style=\"height: 300px; width: 300px; \" class=\"ult-ih-item ult-ih-effect1    ult-ih-top_to_bottom \"><div class=\"ult-ih-image-block\" style=\"height: 300px; width: 300px; \">\t<div class=\"ult-ih-wrapper\" style=\"border-style: solid; border-color: rgba(255,255,255,0.2); border-width: 20px;\"><\/div>\t<img decoding=\"async\" class=\"ult-ih-image\" src=\"https:\/\/www.giovenzana.com\/wp-content\/uploads\/Festoon.jpg\" alt=\"null\"><\/div><div class=\"ult-ih-info\" >\t<div class=\"ult-ih-info-back\" style=\"background-color: rgba(0,0,0,0.75); \">\t<div class=\"ult-ih-content\">\t\t\t<div class=\"ult-ih-heading-block\" style=\"\">\t\t\t\t<h3 class=\"ult-ih-heading ult-responsive\" style=\"color:#ffffff;\"  data-ultimate-target='#ult-ih-list-item-2205 .ult-ih-heading'  data-responsive-json-new='{\"font-size\":\"desktop:22px;\",\"line-height\":\"desktop:28px;\"}' >Sistema de festoon<\/h3>\t\t\t<\/div>\t\t\t<div class=\"ult-ih-divider-block\" style=\"height:1px;\">\t\t\t\t<span class=\"ult-ih-line\" style=\"border-style:solid;border-color:rgba(255,255,255,0.75);width:100px;border-width:1px;\"><\/span>\t\t\t<\/div>\t\t\t<div class=\"ult-ih-description-block\" style=\"\">\t\t\t\t<div class=\"ult-ih-description ult-responsive\" style=\"color:#bbbbbb;\"  data-ultimate-target='#ult-ih-list-item-2205 .ult-ih-description, #ult-ih-list-item-2205 .ult-ih-description p'  data-responsive-json-new='{\"font-size\":\"desktop:12px;\",\"line-height\":\"desktop:18px;\"}' ><p><a href=\"https:\/\/www.giovenzana.com\/pt-br\/produtos\/sistema-de-movimentacao\/linhas-de-transmissao-de-energia\/sistema-de-festoon\/\"><span style=\"font-size: 18px; color: #ffcf00;\"><strong>Leia mais &gt;<\/strong><\/span><\/a><\/p>\n\t\t\t\t<\/div>\t\t\t<\/div>\t<\/div>\t<\/div><\/div><\/div><\/li>\t<\/ul><\/div>[\/vc_column][\/vc_row][vc_row css_animation=&#8221;fadeInUp&#8221;][vc_column width=&#8221;1\/3&#8243;]<div class=\"ult-ih-container ult-adjust-bottom-margin  \" >\t<ul class=\"ult-ih-list \"  data-shape=\"circle\"  data-width=\"300\"  data-height=\"300\"  style=\"text-align:center; \"><li id=\"ult-ih-list-item-9198\" class=\"ult-ih-list-item\" style=\"height: 300px; width: 300px;  margin: 15px\"><div style=\"height: 300px; width: 300px; \" class=\"ult-ih-item ult-ih-effect1    ult-ih-top_to_bottom \"><div class=\"ult-ih-image-block\" style=\"height: 300px; width: 300px; \">\t<div class=\"ult-ih-wrapper\" style=\"border-style: solid; border-color: rgba(255,255,255,0.2); border-width: 20px;\"><\/div>\t<img decoding=\"async\" class=\"ult-ih-image\" src=\"https:\/\/www.giovenzana.com\/wp-content\/uploads\/TRV.jpg\" alt=\"null\"><\/div><div class=\"ult-ih-info\" >\t<div class=\"ult-ih-info-back\" style=\"background-color: rgba(0,0,0,0.75); \">\t<div class=\"ult-ih-content\">\t\t\t<div class=\"ult-ih-heading-block\" style=\"\">\t\t\t\t<h3 class=\"ult-ih-heading ult-responsive\" style=\"color:#ffffff;\"  data-ultimate-target='#ult-ih-list-item-9198 .ult-ih-heading'  data-responsive-json-new='{\"font-size\":\"desktop:22px;\",\"line-height\":\"desktop:28px;\"}' >Barramento Vertical<\/h3>\t\t\t<\/div>\t\t\t<div class=\"ult-ih-divider-block\" style=\"height:1px;\">\t\t\t\t<span class=\"ult-ih-line\" style=\"border-style:solid;border-color:rgba(255,255,255,0.75);width:100px;border-width:1px;\"><\/span>\t\t\t<\/div>\t\t\t<div class=\"ult-ih-description-block\" style=\"\">\t\t\t\t<div class=\"ult-ih-description ult-responsive\" style=\"color:#bbbbbb;\"  data-ultimate-target='#ult-ih-list-item-9198 .ult-ih-description, #ult-ih-list-item-9198 .ult-ih-description p'  data-responsive-json-new='{\"font-size\":\"desktop:12px;\",\"line-height\":\"desktop:18px;\"}' ><p><a href=\"https:\/\/www.giovenzana.com\/pt-br\/produtos\/sistema-de-movimentacao\/linhas-de-transmissao-de-energia\/barramento-vertical\/\"><span style=\"font-size: 18px; color: #ffcf00;\"><strong>Leia mais &gt;<\/strong><\/span><\/a><\/p>\n\t\t\t\t<\/div>\t\t\t<\/div>\t<\/div>\t<\/div><\/div><\/div><\/li>\t<\/ul><\/div>[\/vc_column][vc_column width=&#8221;1\/3&#8243;]<div class=\"ult-ih-container ult-adjust-bottom-margin  \" >\t<ul class=\"ult-ih-list \"  data-shape=\"circle\"  data-width=\"300\"  data-height=\"300\"  style=\"text-align:center; \"><li id=\"ult-ih-list-item-1559\" class=\"ult-ih-list-item\" style=\"height: 300px; width: 300px;  margin: 15px\"><div style=\"height: 300px; width: 300px; \" class=\"ult-ih-item ult-ih-effect1    ult-ih-top_to_bottom \"><div class=\"ult-ih-image-block\" style=\"height: 300px; width: 300px; \">\t<div class=\"ult-ih-wrapper\" style=\"border-style: solid; border-color: rgba(255,255,255,0.2); border-width: 20px;\"><\/div>\t<img decoding=\"async\" class=\"ult-ih-image\" src=\"https:\/\/www.giovenzana.com\/wp-content\/uploads\/UNIPOLE-LINE-scaled-e1681903710291.jpg\" alt=\"null\"><\/div><div class=\"ult-ih-info\" >\t<div class=\"ult-ih-info-back\" style=\"background-color: rgba(0,0,0,0.75); \">\t<div class=\"ult-ih-content\">\t\t\t<div class=\"ult-ih-heading-block\" style=\"\">\t\t\t\t<h3 class=\"ult-ih-heading ult-responsive\" style=\"color:#ffffff;\"  data-ultimate-target='#ult-ih-list-item-1559 .ult-ih-heading'  data-responsive-json-new='{\"font-size\":\"desktop:22px;\",\"line-height\":\"desktop:28px;\"}' >Linea Unipolare<\/h3>\t\t\t<\/div>\t\t\t<div class=\"ult-ih-divider-block\" style=\"height:1px;\">\t\t\t\t<span class=\"ult-ih-line\" style=\"border-style:solid;border-color:rgba(255,255,255,0.75);width:100px;border-width:1px;\"><\/span>\t\t\t<\/div>\t\t\t<div class=\"ult-ih-description-block\" style=\"\">\t\t\t\t<div class=\"ult-ih-description ult-responsive\" style=\"color:#bbbbbb;\"  data-ultimate-target='#ult-ih-list-item-1559 .ult-ih-description, #ult-ih-list-item-1559 .ult-ih-description p'  data-responsive-json-new='{\"font-size\":\"desktop:12px;\",\"line-height\":\"desktop:18px;\"}' ><p><span style=\"font-size: 18px; color: #ffcf00;\"><strong>Em breve!<\/strong><\/span><\/p>\n\t\t\t\t<\/div>\t\t\t<\/div>\t<\/div>\t<\/div><\/div><\/div><\/li>\t<\/ul><\/div>[\/vc_column][vc_column width=&#8221;1\/3&#8243;][\/vc_column][\/vc_row]<\/p>\n<\/div>","protected":false},"excerpt":{"rendered":"<p>[vc_row][vc_column][vc_column_text]A Giovenzana oferece diferentes solu\u00e7\u00f5es para a transmiss\u00e3o de energia: linha de barramento, linha multipolar e sistema de festoon. Nossa gama de produtos e servi\u00e7os est\u00e1 orientada \u00e0s altas exig\u00eancias da ind\u00fastria relacionadas \u00e0s necessidades pessoais de nossos clientes. Giovenzana pensa em seguran\u00e7a, sempre e em qualquer lugar. A aten\u00e7\u00e3o \u00e0 alta qualidade de nossos&hellip;<\/p>\n","protected":false},"author":1,"featured_media":17833,"parent":11600,"menu_order":6,"comment_status":"closed","ping_status":"closed","template":"page-filtri.php","meta":{"_acf_changed":false,"ngg_post_thumbnail":0,"footnotes":""},"class_list":["post-10668","page","type-page","status-publish","has-post-thumbnail","hentry","description-off"],"acf":[],"yoast_head":"<!-- This site is optimized with the Yoast SEO plugin v24.4 - https:\/\/yoast.com\/wordpress\/plugins\/seo\/ -->\n<title>LINHAS DE TRANSMISS\u00c3O DE ENERGIA &#8211; Giovenzana<\/title>\n<meta name=\"description\" content=\"Barramento de alimenta\u00e7\u00e3o\" \/>\n<meta name=\"robots\" content=\"index, follow, max-snippet:-1, max-image-preview:large, max-video-preview:-1\" \/>\n<link rel=\"canonical\" href=\"https:\/\/www.giovenzana.com\/pt-br\/produtos\/sistema-de-movimentacao\/linhas-de-transmissao-de-energia\/\" \/>\n<meta property=\"og:locale\" content=\"pt_BR\" \/>\n<meta property=\"og:type\" content=\"article\" \/>\n<meta property=\"og:title\" content=\"LINHAS DE TRANSMISS\u00c3O DE ENERGIA &#8211; Giovenzana\" \/>\n<meta property=\"og:description\" content=\"Barramento de alimenta\u00e7\u00e3o\" \/>\n<meta property=\"og:url\" content=\"https:\/\/www.giovenzana.com\/pt-br\/produtos\/sistema-de-movimentacao\/linhas-de-transmissao-de-energia\/\" \/>\n<meta property=\"og:site_name\" content=\"Giovenzana\" \/>\n<meta property=\"article:publisher\" content=\"https:\/\/www.facebook.com\/giovenzanainternational\" \/>\n<meta property=\"article:modified_time\" content=\"2023-04-19T11:44:15+00:00\" \/>\n<meta property=\"og:image\" content=\"https:\/\/www.giovenzana.com\/wp-content\/uploads\/Handling_Cover.jpg\" \/>\n\t<meta property=\"og:image:width\" content=\"1700\" \/>\n\t<meta property=\"og:image:height\" content=\"200\" \/>\n\t<meta property=\"og:image:type\" content=\"image\/jpeg\" \/>\n<meta name=\"twitter:card\" content=\"summary_large_image\" \/>\n<meta name=\"twitter:label1\" content=\"Est. tempo de leitura\" \/>\n\t<meta name=\"twitter:data1\" content=\"2 minutos\" \/>\n<script type=\"application\/ld+json\" class=\"yoast-schema-graph\">{\"@context\":\"https:\/\/schema.org\",\"@graph\":[{\"@type\":\"WebPage\",\"@id\":\"https:\/\/www.giovenzana.com\/pt-br\/produtos\/sistema-de-movimentacao\/linhas-de-transmissao-de-energia\/\",\"url\":\"https:\/\/www.giovenzana.com\/pt-br\/produtos\/sistema-de-movimentacao\/linhas-de-transmissao-de-energia\/\",\"name\":\"LINHAS DE TRANSMISS\u00c3O DE ENERGIA &#8211; Giovenzana\",\"isPartOf\":{\"@id\":\"https:\/\/www.giovenzana.com\/pt-br\/#website\"},\"primaryImageOfPage\":{\"@id\":\"https:\/\/www.giovenzana.com\/pt-br\/produtos\/sistema-de-movimentacao\/linhas-de-transmissao-de-energia\/#primaryimage\"},\"image\":{\"@id\":\"https:\/\/www.giovenzana.com\/pt-br\/produtos\/sistema-de-movimentacao\/linhas-de-transmissao-de-energia\/#primaryimage\"},\"thumbnailUrl\":\"https:\/\/www.giovenzana.com\/wp-content\/uploads\/Handling_Cover.jpg\",\"datePublished\":\"2019-05-27T07:25:02+00:00\",\"dateModified\":\"2023-04-19T11:44:15+00:00\",\"description\":\"Barramento de alimenta\u00e7\u00e3o\",\"breadcrumb\":{\"@id\":\"https:\/\/www.giovenzana.com\/pt-br\/produtos\/sistema-de-movimentacao\/linhas-de-transmissao-de-energia\/#breadcrumb\"},\"inLanguage\":\"pt-BR\",\"potentialAction\":[{\"@type\":\"ReadAction\",\"target\":[\"https:\/\/www.giovenzana.com\/pt-br\/produtos\/sistema-de-movimentacao\/linhas-de-transmissao-de-energia\/\"]}]},{\"@type\":\"ImageObject\",\"inLanguage\":\"pt-BR\",\"@id\":\"https:\/\/www.giovenzana.com\/pt-br\/produtos\/sistema-de-movimentacao\/linhas-de-transmissao-de-energia\/#primaryimage\",\"url\":\"https:\/\/www.giovenzana.com\/wp-content\/uploads\/Handling_Cover.jpg\",\"contentUrl\":\"https:\/\/www.giovenzana.com\/wp-content\/uploads\/Handling_Cover.jpg\",\"width\":1700,\"height\":200,\"caption\":\"Giovenzana Handling Cover\"},{\"@type\":\"BreadcrumbList\",\"@id\":\"https:\/\/www.giovenzana.com\/pt-br\/produtos\/sistema-de-movimentacao\/linhas-de-transmissao-de-energia\/#breadcrumb\",\"itemListElement\":[{\"@type\":\"ListItem\",\"position\":1,\"name\":\"Home\",\"item\":\"https:\/\/www.giovenzana.com\/pt-br\/\"},{\"@type\":\"ListItem\",\"position\":2,\"name\":\"Produtos\",\"item\":\"https:\/\/www.giovenzana.com\/pt-br\/produtos\/\"},{\"@type\":\"ListItem\",\"position\":3,\"name\":\"SISTEMA DE MOVIMENTA\u00c7\u00c3O\",\"item\":\"https:\/\/www.giovenzana.com\/pt-br\/produtos\/sistema-de-movimentacao\/\"},{\"@type\":\"ListItem\",\"position\":4,\"name\":\"LINHAS DE TRANSMISS\u00c3O DE ENERGIA\"}]},{\"@type\":\"WebSite\",\"@id\":\"https:\/\/www.giovenzana.com\/pt-br\/#website\",\"url\":\"https:\/\/www.giovenzana.com\/pt-br\/\",\"name\":\"Giovenzana\",\"description\":\"Piccoli oggetti d\u2019arte di grande tecnologia\",\"publisher\":{\"@id\":\"https:\/\/www.giovenzana.com\/pt-br\/#organization\"},\"potentialAction\":[{\"@type\":\"SearchAction\",\"target\":{\"@type\":\"EntryPoint\",\"urlTemplate\":\"https:\/\/www.giovenzana.com\/pt-br\/?s={search_term_string}\"},\"query-input\":{\"@type\":\"PropertyValueSpecification\",\"valueRequired\":true,\"valueName\":\"search_term_string\"}}],\"inLanguage\":\"pt-BR\"},{\"@type\":\"Organization\",\"@id\":\"https:\/\/www.giovenzana.com\/pt-br\/#organization\",\"name\":\"Giovenzana International B.V.\",\"url\":\"https:\/\/www.giovenzana.com\/pt-br\/\",\"logo\":{\"@type\":\"ImageObject\",\"inLanguage\":\"pt-BR\",\"@id\":\"https:\/\/www.giovenzana.com\/pt-br\/#\/schema\/logo\/image\/\",\"url\":\"https:\/\/www.giovenzana.com\/wp-content\/uploads\/logo-giovenzana-international.png\",\"contentUrl\":\"https:\/\/www.giovenzana.com\/wp-content\/uploads\/logo-giovenzana-international.png\",\"width\":301,\"height\":98,\"caption\":\"Giovenzana International B.V.\"},\"image\":{\"@id\":\"https:\/\/www.giovenzana.com\/pt-br\/#\/schema\/logo\/image\/\"},\"sameAs\":[\"https:\/\/www.facebook.com\/giovenzanainternational\",\"https:\/\/www.linkedin.com\/company\/giovenzanainternational\",\"https:\/\/www.youtube.com\/channel\/UCN-H9aOP26hpeo4zqxpGTxw\"]}]}<\/script>\n<!-- \/ Yoast SEO plugin. -->","yoast_head_json":{"title":"LINHAS DE TRANSMISS\u00c3O DE ENERGIA &#8211; Giovenzana","description":"Barramento de alimenta\u00e7\u00e3o","robots":{"index":"index","follow":"follow","max-snippet":"max-snippet:-1","max-image-preview":"max-image-preview:large","max-video-preview":"max-video-preview:-1"},"canonical":"https:\/\/www.giovenzana.com\/pt-br\/produtos\/sistema-de-movimentacao\/linhas-de-transmissao-de-energia\/","og_locale":"pt_BR","og_type":"article","og_title":"LINHAS DE TRANSMISS\u00c3O DE ENERGIA &#8211; Giovenzana","og_description":"Barramento de alimenta\u00e7\u00e3o","og_url":"https:\/\/www.giovenzana.com\/pt-br\/produtos\/sistema-de-movimentacao\/linhas-de-transmissao-de-energia\/","og_site_name":"Giovenzana","article_publisher":"https:\/\/www.facebook.com\/giovenzanainternational","article_modified_time":"2023-04-19T11:44:15+00:00","og_image":[{"width":1700,"height":200,"url":"https:\/\/www.giovenzana.com\/wp-content\/uploads\/Handling_Cover.jpg","type":"image\/jpeg"}],"twitter_card":"summary_large_image","twitter_misc":{"Est. tempo de leitura":"2 minutos"},"schema":{"@context":"https:\/\/schema.org","@graph":[{"@type":"WebPage","@id":"https:\/\/www.giovenzana.com\/pt-br\/produtos\/sistema-de-movimentacao\/linhas-de-transmissao-de-energia\/","url":"https:\/\/www.giovenzana.com\/pt-br\/produtos\/sistema-de-movimentacao\/linhas-de-transmissao-de-energia\/","name":"LINHAS DE TRANSMISS\u00c3O DE ENERGIA &#8211; Giovenzana","isPartOf":{"@id":"https:\/\/www.giovenzana.com\/pt-br\/#website"},"primaryImageOfPage":{"@id":"https:\/\/www.giovenzana.com\/pt-br\/produtos\/sistema-de-movimentacao\/linhas-de-transmissao-de-energia\/#primaryimage"},"image":{"@id":"https:\/\/www.giovenzana.com\/pt-br\/produtos\/sistema-de-movimentacao\/linhas-de-transmissao-de-energia\/#primaryimage"},"thumbnailUrl":"https:\/\/www.giovenzana.com\/wp-content\/uploads\/Handling_Cover.jpg","datePublished":"2019-05-27T07:25:02+00:00","dateModified":"2023-04-19T11:44:15+00:00","description":"Barramento de alimenta\u00e7\u00e3o","breadcrumb":{"@id":"https:\/\/www.giovenzana.com\/pt-br\/produtos\/sistema-de-movimentacao\/linhas-de-transmissao-de-energia\/#breadcrumb"},"inLanguage":"pt-BR","potentialAction":[{"@type":"ReadAction","target":["https:\/\/www.giovenzana.com\/pt-br\/produtos\/sistema-de-movimentacao\/linhas-de-transmissao-de-energia\/"]}]},{"@type":"ImageObject","inLanguage":"pt-BR","@id":"https:\/\/www.giovenzana.com\/pt-br\/produtos\/sistema-de-movimentacao\/linhas-de-transmissao-de-energia\/#primaryimage","url":"https:\/\/www.giovenzana.com\/wp-content\/uploads\/Handling_Cover.jpg","contentUrl":"https:\/\/www.giovenzana.com\/wp-content\/uploads\/Handling_Cover.jpg","width":1700,"height":200,"caption":"Giovenzana Handling Cover"},{"@type":"BreadcrumbList","@id":"https:\/\/www.giovenzana.com\/pt-br\/produtos\/sistema-de-movimentacao\/linhas-de-transmissao-de-energia\/#breadcrumb","itemListElement":[{"@type":"ListItem","position":1,"name":"Home","item":"https:\/\/www.giovenzana.com\/pt-br\/"},{"@type":"ListItem","position":2,"name":"Produtos","item":"https:\/\/www.giovenzana.com\/pt-br\/produtos\/"},{"@type":"ListItem","position":3,"name":"SISTEMA DE MOVIMENTA\u00c7\u00c3O","item":"https:\/\/www.giovenzana.com\/pt-br\/produtos\/sistema-de-movimentacao\/"},{"@type":"ListItem","position":4,"name":"LINHAS DE TRANSMISS\u00c3O DE ENERGIA"}]},{"@type":"WebSite","@id":"https:\/\/www.giovenzana.com\/pt-br\/#website","url":"https:\/\/www.giovenzana.com\/pt-br\/","name":"Giovenzana","description":"Piccoli oggetti d\u2019arte di grande tecnologia","publisher":{"@id":"https:\/\/www.giovenzana.com\/pt-br\/#organization"},"potentialAction":[{"@type":"SearchAction","target":{"@type":"EntryPoint","urlTemplate":"https:\/\/www.giovenzana.com\/pt-br\/?s={search_term_string}"},"query-input":{"@type":"PropertyValueSpecification","valueRequired":true,"valueName":"search_term_string"}}],"inLanguage":"pt-BR"},{"@type":"Organization","@id":"https:\/\/www.giovenzana.com\/pt-br\/#organization","name":"Giovenzana International B.V.","url":"https:\/\/www.giovenzana.com\/pt-br\/","logo":{"@type":"ImageObject","inLanguage":"pt-BR","@id":"https:\/\/www.giovenzana.com\/pt-br\/#\/schema\/logo\/image\/","url":"https:\/\/www.giovenzana.com\/wp-content\/uploads\/logo-giovenzana-international.png","contentUrl":"https:\/\/www.giovenzana.com\/wp-content\/uploads\/logo-giovenzana-international.png","width":301,"height":98,"caption":"Giovenzana International B.V."},"image":{"@id":"https:\/\/www.giovenzana.com\/pt-br\/#\/schema\/logo\/image\/"},"sameAs":["https:\/\/www.facebook.com\/giovenzanainternational","https:\/\/www.linkedin.com\/company\/giovenzanainternational","https:\/\/www.youtube.com\/channel\/UCN-H9aOP26hpeo4zqxpGTxw"]}]}},"_links":{"self":[{"href":"https:\/\/www.giovenzana.com\/pt-br\/wp-json\/wp\/v2\/pages\/10668","targetHints":{"allow":["GET"]}}],"collection":[{"href":"https:\/\/www.giovenzana.com\/pt-br\/wp-json\/wp\/v2\/pages"}],"about":[{"href":"https:\/\/www.giovenzana.com\/pt-br\/wp-json\/wp\/v2\/types\/page"}],"author":[{"embeddable":true,"href":"https:\/\/www.giovenzana.com\/pt-br\/wp-json\/wp\/v2\/users\/1"}],"replies":[{"embeddable":true,"href":"https:\/\/www.giovenzana.com\/pt-br\/wp-json\/wp\/v2\/comments?post=10668"}],"version-history":[{"count":7,"href":"https:\/\/www.giovenzana.com\/pt-br\/wp-json\/wp\/v2\/pages\/10668\/revisions"}],"predecessor-version":[{"id":47332,"href":"https:\/\/www.giovenzana.com\/pt-br\/wp-json\/wp\/v2\/pages\/10668\/revisions\/47332"}],"up":[{"embeddable":true,"href":"https:\/\/www.giovenzana.com\/pt-br\/wp-json\/wp\/v2\/pages\/11600"}],"wp:featuredmedia":[{"embeddable":true,"href":"https:\/\/www.giovenzana.com\/pt-br\/wp-json\/wp\/v2\/media\/17833"}],"wp:attachment":[{"href":"https:\/\/www.giovenzana.com\/pt-br\/wp-json\/wp\/v2\/media?parent=10668"}],"curies":[{"name":"wp","href":"https:\/\/api.w.org\/{rel}","templated":true}]}}