{"id":10758,"date":"2020-03-02T17:37:47","date_gmt":"2020-03-02T16:37:47","guid":{"rendered":"https:\/\/www.giovenzana.com\/chaves-limite-fim-de-curso\/"},"modified":"2023-01-20T10:28:42","modified_gmt":"2023-01-20T09:28:42","slug":"chaves-limite-fim-de-curso","status":"publish","type":"page","link":"https:\/\/www.giovenzana.com\/pt-br\/produtos\/sistema-de-movimentacao\/chaves-limite-fim-de-curso\/","title":{"rendered":"CHAVES LIMITE FIM DE CURSO"},"content":{"rendered":"<div class=\"wpb-content-wrapper\"><p>[vc_row][vc_column][vc_column_text]A Giovenzana adquiriu experi\u00eancia no projeto e fabrica\u00e7\u00e3o de chaves fim de curso, fornecendo agora quatro tipologias diferentes de chaves limite fim de curso, usadas principalmente em instala\u00e7\u00f5es industriais e de constru\u00e7\u00e3o de aparelhos de eleva\u00e7\u00e3o, na ind\u00fastria de automa\u00e7\u00e3o, em fase de lan\u00e7amento, em especial no controle de talhas, guinchos e demais equipamentos de movimenta\u00e7\u00e3o.<\/p>\n<p>A variedade de chaves de limite de posi\u00e7\u00e3o inclui chaves de limite de alum\u00ednio ou material termopl\u00e1stico, com haste \u00fanica com rolo, hastes cruzadas, hastes \u201cT\u201d, permitindo modos de ativa\u00e7\u00e3o diversificados. Cada s\u00e9rie de chaves fim de curso possui recursos espec\u00edficos, permitindo escolher a chave final que melhor se adapta \u00e0s suas necessidades espec\u00edficas.<\/p>\n<p>A chave de limite de posi\u00e7\u00e3o (angular-rotativa) \u00e9 usada para controlar v\u00e1rios sistemas de manuseio:<br \/>\n<strong>SISTEMA SOFISTICADO DE GUINDASTE<\/strong><br \/>\nA unidade controla o sistema de opera\u00e7\u00e3o (ex. PLC) e permite que o guindante desacelere e\/ou pare de correr.<br \/>\n<strong>GUINDASTES<\/strong><br \/>\nA unidade \u00e9 usada para parar o guincho de rodar sempre que atingir a posi\u00e7\u00e3o &#8220;limite&#8221;.<\/p>\n<p>Personaliza\u00e7\u00e3o dispon\u00edvel em pedido.[\/vc_column_text][vc_empty_space][\/vc_column][\/vc_row][vc_row equal_height=&#8221;yes&#8221; content_placement=&#8221;top&#8221;][vc_column width=&#8221;1\/3&#8243; el_id=&#8221;sidebar-filtri&#8221; offset=&#8221;vc_col-md-3&#8243;]<div class=\"ult_row_spacer\"><div class=\"ult-sticky-anchor\"><div class=\"ult-sticky-section ult-sticky \"  data-gutter= '150' data-stick_behaviour= 'stick_with_scroll'  data-sticky_position= 'top' data-mobile='no' data-support='no'>[vc_column_text]<form data-sf-form-id='26216' data-is-rtl='0' data-maintain-state='' data-results-url='https:\/\/www.giovenzana.com\/pt-br\/produtos\/sistema-de-manuseio\/chaves-limite-fim-de-curso\/' data-ajax-url='https:\/\/www.giovenzana.com\/pt-br\/?sfid=26216&amp;sf_action=get_data&amp;sf_data=all' data-ajax-form-url='https:\/\/www.giovenzana.com\/pt-br\/?sfid=26216&amp;sf_action=get_data&amp;sf_data=form' data-display-result-method='shortcode' data-use-history-api='1' data-template-loaded='0' data-lang-code='pt-br' data-ajax='1' data-ajax-data-type='json' data-ajax-links-selector='.pagination a' data-ajax-target='#search-filter-results-26216' data-ajax-pagination-type='infinite_scroll' data-show-scroll-loader='1' data-infinite-scroll-container='#risultati' data-infinite-scroll-trigger='-100' data-update-ajax-url='0' data-only-results-ajax='1' data-scroll-to-pos='0' data-init-paged='1' data-auto-update='1' data-auto-count='1' data-auto-count-refresh-mode='1' action='https:\/\/www.giovenzana.com\/pt-br\/produtos\/sistema-de-manuseio\/chaves-limite-fim-de-curso\/' method='post' class='searchandfilter' id='search-filter-form-26216' autocomplete='off' data-instance-count='1'><ul><li class=\"sf-field-search\" data-sf-field-name=\"search\" data-sf-field-type=\"search\" data-sf-field-input-type=\"\">\t\t<label>\n\t\t\t\t   \t\t\t<span class=\"screen-reader-text\">Pesquisar...<\/span><input placeholder=\"Pesquisar...\" name=\"_sf_search[]\" class=\"sf-input-text\" type=\"text\" value=\"\" title=\"Pesquisar...\"><\/label>\t\t<\/li><li class=\"sf-field-taxonomy-series\" data-sf-field-name=\"_sft_series\" data-sf-field-type=\"taxonomy\" data-sf-field-input-type=\"select\" data-sf-combobox=\"1\" data-sf-term-rewrite='[\"https:\\\/\\\/www.giovenzana.com\\\/pt-br\\\/serie\\\/sistema-de-manuseio\\\/[0]\\\/\"]'><h4>S\u00e9rie<\/h4>\t\t<label>\n\t\t\t\t   \t\t\t<span class=\"screen-reader-text\">S\u00e9rie<\/span>\n\t\t\t\t\t\t\t\t<select data-combobox=\"1\" name=\"_sft_series[]\" class=\"sf-input-select\" title=\"S\u00e9rie\">\n\t\t\t\t\t\t  \t\t\t<option class=\"sf-level-0 sf-item-0 sf-option-active\" selected=\"selected\" data-sf-count=\"0\" data-sf-depth=\"0\" value=\"\">Todas as s\u00e9ries<\/option>\n\t\t\t\t\t\t\t\t\t\t\t<option class=\"sf-level-0 sf-item-364\" data-sf-count=\"1\" data-sf-depth=\"0\" value=\"hasy_limit_fcp-br\">FCP&nbsp;&nbsp;(1)<\/option>\n\t\t\t\t\t\t\t\t\t\t\t<option class=\"sf-level-0 sf-item-367\" data-sf-count=\"1\" data-sf-depth=\"0\" value=\"hasy_limit_fcr-br\">FCR&nbsp;&nbsp;(1)<\/option>\n\t\t\t\t\t\t\t\t\t\t\t<option class=\"sf-level-0 sf-item-370\" data-sf-count=\"2\" data-sf-depth=\"0\" value=\"hasy_limit_ffh-br\">FFH&nbsp;&nbsp;(2)<\/option>\n\t\t\t\t\t\t\t\t\t\t\t<\/select><\/label>\t\t\t\t\t\t\t\t\t\t<\/li><\/ul><\/form>[\/vc_column_text]<\/div><div class=\"ult-space\"><\/div><\/div><\/div>[\/vc_column][vc_column width=&#8221;2\/3&#8243; offset=&#8221;vc_col-md-9&#8243;][vc_column_text]<div class=\"search-filter-results\" id=\"search-filter-results-26216\">\t<div class=\"esitoRisu\">\t\t\n\t\tEncontrado 4 resultados\t\n\t\t\t\t\n\t<\/div>\n\n\t \n\n\n\n\n\n\n\n\n\t<div id=\"risultati\">\n\t\t\t\n\t\t<div class=\"vc_column-inner vc_col-xs-6 vc_col-md-4 filter-item\">\n            <div>\n                <a href=\"https:\/\/www.giovenzana.com\/pt-br\/componente\/fcp245\/\">\n                    <img loading=\"lazy\" decoding=\"async\" width=\"250\" height=\"250\" src=\"https:\/\/www.giovenzana.com\/wp-content\/uploads\/FCP-1-300x300.jpg\" class=\"attachment-250x250 size-250x250 wp-post-image\" alt=\"FCP245\" \/>\n\n                                        <span class=\"postProd com \">componente<\/span>\n\n                    <span class=\"titoloProd\">FCP245<\/span>\n\n                    <!--se componente Cam Switches mostrare il mounting-->\n                     \n\n                    <!-- se prodotto \u00e8 nuovo mostrare etichetta -->\n                    \n\n                    <!--<p class=\"riassuntoProd\"><\/p>-->\n                                    <\/a>\n            <\/div>\n        <\/div>\n\t\t\n\t\t\t\t\n\t\t<div class=\"vc_column-inner vc_col-xs-6 vc_col-md-4 filter-item\">\n            <div>\n                <a href=\"https:\/\/www.giovenzana.com\/pt-br\/componente\/fcr\/\">\n                    <img loading=\"lazy\" decoding=\"async\" width=\"250\" height=\"250\" src=\"https:\/\/www.giovenzana.com\/wp-content\/uploads\/FCR-1-300x300.jpg\" class=\"attachment-250x250 size-250x250 wp-post-image\" alt=\"FCR&#8230;\" \/>\n\n                                        <span class=\"postProd com \">componente<\/span>\n\n                    <span class=\"titoloProd\">FCR&#8230;<\/span>\n\n                    <!--se componente Cam Switches mostrare il mounting-->\n                     \n\n                    <!-- se prodotto \u00e8 nuovo mostrare etichetta -->\n                    \n\n                    <!--<p class=\"riassuntoProd\"><\/p>-->\n                                    <\/a>\n            <\/div>\n        <\/div>\n\t\t\n\t\t\t\t\n\t\t<div class=\"vc_column-inner vc_col-xs-6 vc_col-md-4 filter-item\">\n            <div>\n                <a href=\"https:\/\/www.giovenzana.com\/pt-br\/componente\/ffh-2\/\">\n                    <img loading=\"lazy\" decoding=\"async\" width=\"250\" height=\"250\" src=\"https:\/\/www.giovenzana.com\/wp-content\/uploads\/FFH-2-300x300.jpg\" class=\"attachment-250x250 size-250x250 wp-post-image\" alt=\"FFH&#8230;\" \/>\n\n                                        <span class=\"postProd com \">componente<\/span>\n\n                    <span class=\"titoloProd\">FFH&#8230;<\/span>\n\n                    <!--se componente Cam Switches mostrare il mounting-->\n                     \n\n                    <!-- se prodotto \u00e8 nuovo mostrare etichetta -->\n                    \n\n                    <!--<p class=\"riassuntoProd\"><\/p>-->\n                                    <\/a>\n            <\/div>\n        <\/div>\n\t\t\n\t\t\t\t\n\t\t<div class=\"vc_column-inner vc_col-xs-6 vc_col-md-4 filter-item\">\n            <div>\n                <a href=\"https:\/\/www.giovenzana.com\/pt-br\/componente\/ffh\/\">\n                    <img loading=\"lazy\" decoding=\"async\" width=\"250\" height=\"250\" src=\"https:\/\/www.giovenzana.com\/wp-content\/uploads\/FFH-1-300x300.jpg\" class=\"attachment-250x250 size-250x250 wp-post-image\" alt=\"FFH2C-1\" \/>\n\n                                        <span class=\"postProd com \">componente<\/span>\n\n                    <span class=\"titoloProd\">FFH2C-1<\/span>\n\n                    <!--se componente Cam Switches mostrare il mounting-->\n                     \n\n                    <!-- se prodotto \u00e8 nuovo mostrare etichetta -->\n                    \n\n                    <!--<p class=\"riassuntoProd\"><\/p>-->\n                                    <\/a>\n            <\/div>\n        <\/div>\n\t\t\n\t\t\t<\/div>\n\n\n\n\n\n\n\n\n\t\n\n\t<\/div>[\/vc_column_text][\/vc_column][\/vc_row]<\/p>\n<\/div>","protected":false},"excerpt":{"rendered":"<p>[vc_row][vc_column][vc_column_text]A Giovenzana adquiriu experi\u00eancia no projeto e fabrica\u00e7\u00e3o de chaves fim de curso, fornecendo agora quatro tipologias diferentes de chaves limite fim de curso, usadas principalmente em instala\u00e7\u00f5es industriais e de constru\u00e7\u00e3o de aparelhos de eleva\u00e7\u00e3o, na ind\u00fastria de automa\u00e7\u00e3o, em fase de lan\u00e7amento, em especial no controle de talhas, guinchos e demais equipamentos de&hellip;<\/p>\n","protected":false},"author":1,"featured_media":0,"parent":11600,"menu_order":3,"comment_status":"closed","ping_status":"closed","template":"page-filtri.php","meta":{"_acf_changed":false,"ngg_post_thumbnail":0,"footnotes":""},"class_list":["post-10758","page","type-page","status-publish","hentry","description-off"],"acf":[],"yoast_head":"<!-- This site is optimized with the Yoast SEO plugin v24.4 - https:\/\/yoast.com\/wordpress\/plugins\/seo\/ -->\n<title>CHAVES LIMITE FIM DE CURSO &#8211; Giovenzana<\/title>\n<meta name=\"robots\" content=\"index, follow, max-snippet:-1, max-image-preview:large, max-video-preview:-1\" \/>\n<link rel=\"canonical\" href=\"https:\/\/www.giovenzana.com\/pt-br\/produtos\/sistema-de-movimentacao\/chaves-limite-fim-de-curso\/\" \/>\n<meta property=\"og:locale\" content=\"pt_BR\" \/>\n<meta property=\"og:type\" content=\"article\" \/>\n<meta property=\"og:title\" content=\"CHAVES LIMITE FIM DE CURSO &#8211; Giovenzana\" \/>\n<meta property=\"og:description\" content=\"[vc_row][vc_column][vc_column_text]A Giovenzana adquiriu experi\u00eancia no projeto e fabrica\u00e7\u00e3o de chaves fim de curso, fornecendo agora quatro tipologias diferentes de chaves limite fim de curso, usadas principalmente em instala\u00e7\u00f5es industriais e de constru\u00e7\u00e3o de aparelhos de eleva\u00e7\u00e3o, na ind\u00fastria de automa\u00e7\u00e3o, em fase de lan\u00e7amento, em especial no controle de talhas, guinchos e demais equipamentos de&hellip;\" \/>\n<meta property=\"og:url\" content=\"https:\/\/www.giovenzana.com\/pt-br\/produtos\/sistema-de-movimentacao\/chaves-limite-fim-de-curso\/\" \/>\n<meta property=\"og:site_name\" content=\"Giovenzana\" \/>\n<meta property=\"article:publisher\" content=\"https:\/\/www.facebook.com\/giovenzanainternational\" \/>\n<meta property=\"article:modified_time\" content=\"2023-01-20T09:28:42+00:00\" \/>\n<meta name=\"twitter:card\" content=\"summary_large_image\" \/>\n<meta name=\"twitter:label1\" content=\"Est. tempo de leitura\" \/>\n\t<meta name=\"twitter:data1\" content=\"1 minuto\" \/>\n<script type=\"application\/ld+json\" class=\"yoast-schema-graph\">{\"@context\":\"https:\/\/schema.org\",\"@graph\":[{\"@type\":\"WebPage\",\"@id\":\"https:\/\/www.giovenzana.com\/pt-br\/produtos\/sistema-de-movimentacao\/chaves-limite-fim-de-curso\/\",\"url\":\"https:\/\/www.giovenzana.com\/pt-br\/produtos\/sistema-de-movimentacao\/chaves-limite-fim-de-curso\/\",\"name\":\"CHAVES LIMITE FIM DE CURSO &#8211; Giovenzana\",\"isPartOf\":{\"@id\":\"https:\/\/www.giovenzana.com\/pt-br\/#website\"},\"datePublished\":\"2020-03-02T16:37:47+00:00\",\"dateModified\":\"2023-01-20T09:28:42+00:00\",\"breadcrumb\":{\"@id\":\"https:\/\/www.giovenzana.com\/pt-br\/produtos\/sistema-de-movimentacao\/chaves-limite-fim-de-curso\/#breadcrumb\"},\"inLanguage\":\"pt-BR\",\"potentialAction\":[{\"@type\":\"ReadAction\",\"target\":[\"https:\/\/www.giovenzana.com\/pt-br\/produtos\/sistema-de-movimentacao\/chaves-limite-fim-de-curso\/\"]}]},{\"@type\":\"BreadcrumbList\",\"@id\":\"https:\/\/www.giovenzana.com\/pt-br\/produtos\/sistema-de-movimentacao\/chaves-limite-fim-de-curso\/#breadcrumb\",\"itemListElement\":[{\"@type\":\"ListItem\",\"position\":1,\"name\":\"Home\",\"item\":\"https:\/\/www.giovenzana.com\/pt-br\/\"},{\"@type\":\"ListItem\",\"position\":2,\"name\":\"Produtos\",\"item\":\"https:\/\/www.giovenzana.com\/pt-br\/produtos\/\"},{\"@type\":\"ListItem\",\"position\":3,\"name\":\"SISTEMA DE MOVIMENTA\u00c7\u00c3O\",\"item\":\"https:\/\/www.giovenzana.com\/pt-br\/produtos\/sistema-de-movimentacao\/\"},{\"@type\":\"ListItem\",\"position\":4,\"name\":\"CHAVES LIMITE FIM DE CURSO\"}]},{\"@type\":\"WebSite\",\"@id\":\"https:\/\/www.giovenzana.com\/pt-br\/#website\",\"url\":\"https:\/\/www.giovenzana.com\/pt-br\/\",\"name\":\"Giovenzana\",\"description\":\"Piccoli oggetti d\u2019arte di grande tecnologia\",\"publisher\":{\"@id\":\"https:\/\/www.giovenzana.com\/pt-br\/#organization\"},\"potentialAction\":[{\"@type\":\"SearchAction\",\"target\":{\"@type\":\"EntryPoint\",\"urlTemplate\":\"https:\/\/www.giovenzana.com\/pt-br\/?s={search_term_string}\"},\"query-input\":{\"@type\":\"PropertyValueSpecification\",\"valueRequired\":true,\"valueName\":\"search_term_string\"}}],\"inLanguage\":\"pt-BR\"},{\"@type\":\"Organization\",\"@id\":\"https:\/\/www.giovenzana.com\/pt-br\/#organization\",\"name\":\"Giovenzana International B.V.\",\"url\":\"https:\/\/www.giovenzana.com\/pt-br\/\",\"logo\":{\"@type\":\"ImageObject\",\"inLanguage\":\"pt-BR\",\"@id\":\"https:\/\/www.giovenzana.com\/pt-br\/#\/schema\/logo\/image\/\",\"url\":\"https:\/\/www.giovenzana.com\/wp-content\/uploads\/logo-giovenzana-international.png\",\"contentUrl\":\"https:\/\/www.giovenzana.com\/wp-content\/uploads\/logo-giovenzana-international.png\",\"width\":301,\"height\":98,\"caption\":\"Giovenzana International B.V.\"},\"image\":{\"@id\":\"https:\/\/www.giovenzana.com\/pt-br\/#\/schema\/logo\/image\/\"},\"sameAs\":[\"https:\/\/www.facebook.com\/giovenzanainternational\",\"https:\/\/www.linkedin.com\/company\/giovenzanainternational\",\"https:\/\/www.youtube.com\/channel\/UCN-H9aOP26hpeo4zqxpGTxw\"]}]}<\/script>\n<!-- \/ Yoast SEO plugin. -->","yoast_head_json":{"title":"CHAVES LIMITE FIM DE CURSO &#8211; Giovenzana","robots":{"index":"index","follow":"follow","max-snippet":"max-snippet:-1","max-image-preview":"max-image-preview:large","max-video-preview":"max-video-preview:-1"},"canonical":"https:\/\/www.giovenzana.com\/pt-br\/produtos\/sistema-de-movimentacao\/chaves-limite-fim-de-curso\/","og_locale":"pt_BR","og_type":"article","og_title":"CHAVES LIMITE FIM DE CURSO &#8211; Giovenzana","og_description":"[vc_row][vc_column][vc_column_text]A Giovenzana adquiriu experi\u00eancia no projeto e fabrica\u00e7\u00e3o de chaves fim de curso, fornecendo agora quatro tipologias diferentes de chaves limite fim de curso, usadas principalmente em instala\u00e7\u00f5es industriais e de constru\u00e7\u00e3o de aparelhos de eleva\u00e7\u00e3o, na ind\u00fastria de automa\u00e7\u00e3o, em fase de lan\u00e7amento, em especial no controle de talhas, guinchos e demais equipamentos de&hellip;","og_url":"https:\/\/www.giovenzana.com\/pt-br\/produtos\/sistema-de-movimentacao\/chaves-limite-fim-de-curso\/","og_site_name":"Giovenzana","article_publisher":"https:\/\/www.facebook.com\/giovenzanainternational","article_modified_time":"2023-01-20T09:28:42+00:00","twitter_card":"summary_large_image","twitter_misc":{"Est. tempo de leitura":"1 minuto"},"schema":{"@context":"https:\/\/schema.org","@graph":[{"@type":"WebPage","@id":"https:\/\/www.giovenzana.com\/pt-br\/produtos\/sistema-de-movimentacao\/chaves-limite-fim-de-curso\/","url":"https:\/\/www.giovenzana.com\/pt-br\/produtos\/sistema-de-movimentacao\/chaves-limite-fim-de-curso\/","name":"CHAVES LIMITE FIM DE CURSO &#8211; Giovenzana","isPartOf":{"@id":"https:\/\/www.giovenzana.com\/pt-br\/#website"},"datePublished":"2020-03-02T16:37:47+00:00","dateModified":"2023-01-20T09:28:42+00:00","breadcrumb":{"@id":"https:\/\/www.giovenzana.com\/pt-br\/produtos\/sistema-de-movimentacao\/chaves-limite-fim-de-curso\/#breadcrumb"},"inLanguage":"pt-BR","potentialAction":[{"@type":"ReadAction","target":["https:\/\/www.giovenzana.com\/pt-br\/produtos\/sistema-de-movimentacao\/chaves-limite-fim-de-curso\/"]}]},{"@type":"BreadcrumbList","@id":"https:\/\/www.giovenzana.com\/pt-br\/produtos\/sistema-de-movimentacao\/chaves-limite-fim-de-curso\/#breadcrumb","itemListElement":[{"@type":"ListItem","position":1,"name":"Home","item":"https:\/\/www.giovenzana.com\/pt-br\/"},{"@type":"ListItem","position":2,"name":"Produtos","item":"https:\/\/www.giovenzana.com\/pt-br\/produtos\/"},{"@type":"ListItem","position":3,"name":"SISTEMA DE MOVIMENTA\u00c7\u00c3O","item":"https:\/\/www.giovenzana.com\/pt-br\/produtos\/sistema-de-movimentacao\/"},{"@type":"ListItem","position":4,"name":"CHAVES LIMITE FIM DE CURSO"}]},{"@type":"WebSite","@id":"https:\/\/www.giovenzana.com\/pt-br\/#website","url":"https:\/\/www.giovenzana.com\/pt-br\/","name":"Giovenzana","description":"Piccoli oggetti d\u2019arte di grande tecnologia","publisher":{"@id":"https:\/\/www.giovenzana.com\/pt-br\/#organization"},"potentialAction":[{"@type":"SearchAction","target":{"@type":"EntryPoint","urlTemplate":"https:\/\/www.giovenzana.com\/pt-br\/?s={search_term_string}"},"query-input":{"@type":"PropertyValueSpecification","valueRequired":true,"valueName":"search_term_string"}}],"inLanguage":"pt-BR"},{"@type":"Organization","@id":"https:\/\/www.giovenzana.com\/pt-br\/#organization","name":"Giovenzana International B.V.","url":"https:\/\/www.giovenzana.com\/pt-br\/","logo":{"@type":"ImageObject","inLanguage":"pt-BR","@id":"https:\/\/www.giovenzana.com\/pt-br\/#\/schema\/logo\/image\/","url":"https:\/\/www.giovenzana.com\/wp-content\/uploads\/logo-giovenzana-international.png","contentUrl":"https:\/\/www.giovenzana.com\/wp-content\/uploads\/logo-giovenzana-international.png","width":301,"height":98,"caption":"Giovenzana International B.V."},"image":{"@id":"https:\/\/www.giovenzana.com\/pt-br\/#\/schema\/logo\/image\/"},"sameAs":["https:\/\/www.facebook.com\/giovenzanainternational","https:\/\/www.linkedin.com\/company\/giovenzanainternational","https:\/\/www.youtube.com\/channel\/UCN-H9aOP26hpeo4zqxpGTxw"]}]}},"_links":{"self":[{"href":"https:\/\/www.giovenzana.com\/pt-br\/wp-json\/wp\/v2\/pages\/10758","targetHints":{"allow":["GET"]}}],"collection":[{"href":"https:\/\/www.giovenzana.com\/pt-br\/wp-json\/wp\/v2\/pages"}],"about":[{"href":"https:\/\/www.giovenzana.com\/pt-br\/wp-json\/wp\/v2\/types\/page"}],"author":[{"embeddable":true,"href":"https:\/\/www.giovenzana.com\/pt-br\/wp-json\/wp\/v2\/users\/1"}],"replies":[{"embeddable":true,"href":"https:\/\/www.giovenzana.com\/pt-br\/wp-json\/wp\/v2\/comments?post=10758"}],"version-history":[{"count":7,"href":"https:\/\/www.giovenzana.com\/pt-br\/wp-json\/wp\/v2\/pages\/10758\/revisions"}],"predecessor-version":[{"id":46410,"href":"https:\/\/www.giovenzana.com\/pt-br\/wp-json\/wp\/v2\/pages\/10758\/revisions\/46410"}],"up":[{"embeddable":true,"href":"https:\/\/www.giovenzana.com\/pt-br\/wp-json\/wp\/v2\/pages\/11600"}],"wp:attachment":[{"href":"https:\/\/www.giovenzana.com\/pt-br\/wp-json\/wp\/v2\/media?parent=10758"}],"curies":[{"name":"wp","href":"https:\/\/api.w.org\/{rel}","templated":true}]}}