{"id":11533,"date":"2019-07-19T17:28:21","date_gmt":"2019-07-19T15:28:21","guid":{"rendered":"https:\/\/www.giovenzana.com\/politica-de-cookie\/"},"modified":"2022-12-14T11:38:03","modified_gmt":"2022-12-14T10:38:03","slug":"cookie","status":"publish","type":"page","link":"https:\/\/www.giovenzana.com\/pt-br\/cookie\/","title":{"rendered":"Pol\u00edtica de Cookie"},"content":{"rendered":"<div class=\"wpb-content-wrapper\"><p>[vc_row][vc_column][vc_column_text]<a class=\"iubenda-white no-brand iubenda-noiframe iubenda-embed iubenda-noiframe iub-body-embed\" title=\"Cookie Policy\" href=\"https:\/\/www.iubenda.com\/privacy-policy\/94426839\/cookie-policy\">Cookie Policy<\/a><script type=\"text\/javascript\">(function (w,d) {var loader = function () {var s = d.createElement(\"script\"), tag = d.getElementsByTagName(\"script\")[0]; s.src=\"https:\/\/cdn.iubenda.com\/iubenda.js\"; tag.parentNode.insertBefore(s,tag);}; if(w.addEventListener){w.addEventListener(\"load\", loader, false);}else if(w.attachEvent){w.attachEvent(\"onload\", loader);}else{w.onload = loader;}})(window, document);<\/script>[\/vc_column_text][\/vc_column][\/vc_row][vc_row disable_element=&#8221;yes&#8221;][vc_column][vc_column_text]Essa pol\u00edtica de Cookies do site <a href=\"https:\/\/www.giovenzana.com\/pt-br\/\">www.giovenzana.com<\/a> &nbsp; \u00e9 disponibilizada aos titulares dos dados para estar em conformidade com o art. 13 do Regulamento da UE n. 2016\/679 GDPR (hereinafter, &#8220;GDPR&#8221;).<\/p>\n<p>&nbsp;<\/p>\n<p>As informa\u00e7\u00f5es s\u00e3o preparadas e atualizadas pelo Controle de Dados: Giovenzana International B.V., Strawinskylaan 1105, 1077 XX Amsterdam (NL). Contatos: <a href=\"mailto:privacy@giovenzana.com\">privacy@giovenzana.com<\/a> e telefone +31 204413456.<br \/>\nQuaisquer outras solicita\u00e7\u00f5es relacionadas ao uso de cookies neste site podem ser enviadas para o endere\u00e7o de e-mail <a href=\"mailto:privacy@giovenzana.com\">privacy@giovenzana.com<\/a><\/p>\n<p>&nbsp;<\/p>\n<p>Voc\u00ea pode usar o mesmo endere\u00e7o para exercer a qualquer momento os direitos que a lei atribuir aos titulares de dados como uma parte interessada (art. 15 e seguintes do Regulamento da UE N\u00ba 2016\/679 GDPR): por exemplo, acesso, cancelamento, atualiza\u00e7\u00e3o, retifica\u00e7\u00e3o , integra\u00e7\u00e3o etc.), bem como solicitar a lista atualizada dos Processadores de Dados designados. Em qualquer caso, seus dados pessoais s\u00e3o processados \u200b\u200bpor pessoas espec\u00edficas respons\u00e1veis \u200b\u200bpelo Controlador de Dados e n\u00e3o s\u00e3o comunicados nem divulgados.<\/p>\n<p>&nbsp;<\/p>\n<p><strong>O que s\u00e3o cookies?<\/strong><\/p>\n<p>Cookies s\u00e3o pequenas cadeias de texto que um site pode enviar, enquanto navega, para o seu dispositivo (seja um PC, notebook, smartphone, tablet; geralmente s\u00e3o armazenados diretamente no navegador usado para navega\u00e7\u00e3o). &nbsp;O mesmo site que os transmitiu, pode ler e gravar os cookies que est\u00e3o no mesmo dispositivo para obter v\u00e1rios tipos de informa\u00e7\u00f5es. Qual? Para cada tipo de cookie h\u00e1 um papel claramente definido.<\/p>\n<p>&nbsp;<\/p>\n<p><strong>Quantos tipos de cookies h\u00e1?<\/strong><\/p>\n<p>Existem duas macro-categorias b\u00e1sicas, com caracter\u00edsticas diferentes: cookies t\u00e9cnicos e cookies de perfil. Geralmente, os cookies t\u00e9cnicos s\u00e3o necess\u00e1rios para o bom funcionamento do site e para permitir a navega\u00e7\u00e3o; sem eles, talvez voc\u00ea n\u00e3o consiga visualizar as p\u00e1ginas corretamente ou usar alguns servi\u00e7os. Por exemplo, um cookie t\u00e9cnico \u00e9 essencial para manter o usu\u00e1rio conectado durante toda a visita a um site ou para memorizar as configura\u00e7\u00f5es de idioma, a exibi\u00e7\u00e3o e assim por diante.<\/p>\n<p>&nbsp;<\/p>\n<p>Os cookies t\u00e9cnicos podem ser divididos em:<\/p>\n<ul>\n<li>cookies de navega\u00e7\u00e3o, que garantem a navega\u00e7\u00e3o e o uso normais do site (permitindo, por exemplo, fazer uma compra ou autenticar para acessar \u00e1reas restritas);<\/li>\n<li>cookies de an\u00e1lise, semelhantes aos cookies t\u00e9cnicos somente quando usados \u200b\u200bdiretamente pelo gerente do site para coletar informa\u00e7\u00f5es, de forma agregada, sobre o n\u00famero de usu\u00e1rios e como eles visitam o site.<\/li>\n<li>cookies de funcionalidade, que permitem ao usu\u00e1rio navegar com base em uma s\u00e9rie de crit\u00e9rios selecionados (por exemplo, o idioma, os produtos selecionados para compra), a fim de melhorar o servi\u00e7o prestado ao mesmo.<\/li>\n<\/ul>\n<p>&nbsp;<\/p>\n<p>Os cookies de cria\u00e7\u00e3o de perfil s\u00e3o mais sofisticados! Esses cookies t\u00eam a tarefa de criar um perfil do usu\u00e1rio e s\u00e3o usados \u200b\u200bpara enviar mensagens publicit\u00e1rias de acordo com as prefer\u00eancias mostradas pelo mesmo durante sua navega\u00e7\u00e3o.<\/p>\n<p>&nbsp;<\/p>\n<p><strong>Quais cookies este site usa?<\/strong><\/p>\n<p>Utilizamos cookies t\u00e9cnicos, destinados a garantir o bom funcionamento do nosso site, como o Google Analytics.<\/p>\n<p>O Google Analytics \u00e9 um servi\u00e7o de an\u00e1lise da web fornecido pelo Google, por meio do lan\u00e7amento em seu terminal de cookies espec\u00edficos que s\u00e3o usados \u200b\u200bapenas para obter informa\u00e7\u00f5es estat\u00edsticas an\u00f4nimas sobre o uso do site.<\/p>\n<p>Esses cookies podem ser enviados pelo fornecedor da ferramenta, mas s\u00e3o usados \u200b\u200bapenas para fins relacionados ao site.<\/p>\n<p>Este site n\u00e3o usa cookies de cria\u00e7\u00e3o de perfil.<\/p>\n<p>&nbsp;<\/p>\n<p><strong>__EC_TEST__ &#8211; Cookie t\u00e9cnico<\/strong><\/p>\n<p>Descri\u00e7\u00e3o da finalidade dos cookies: Usado para lembrar se o usu\u00e1rio est\u00e1 acessando o site a partir de um computador ou dispositivo m\u00f3vel.<\/p>\n<p>&nbsp;<\/p>\n<p><strong>CookieConsent &#8211; Cookie t\u00e9cnico<\/strong><\/p>\n<p>Descri\u00e7\u00e3o do objetivo dos cookies: armazena o status de consentimento dos cookies do usu\u00e1rio no dom\u00ednio atual.<\/p>\n<p>&nbsp;<\/p>\n<p><strong>JSESSIONID &#8211; Cookie T\u00e9cnico<\/strong><\/p>\n<p>Descri\u00e7\u00e3o da finalidade dos cookies: preserva o status do usu\u00e1rio nas diversas p\u00e1ginas do site.<\/p>\n<p>&nbsp;<\/p>\n<p><strong>_icl_current_language &#8211; Cookie T\u00e9cnico<\/strong><\/p>\n<p>Descri\u00e7\u00e3o da finalidade dos cookies: salva o idioma preferido do usu\u00e1rio no site.<\/p>\n<p>&nbsp;<\/p>\n<p><strong>_ga &#8211; Cookie T\u00e9cnico<\/strong><\/p>\n<p>Descri\u00e7\u00e3o da finalidade dos cookies: registrar um ID exclusivo usado para gerar dados estat\u00edsticos sobre como o visitante usa o site.<\/p>\n<p>&nbsp;<\/p>\n<p><strong>_gat &#8211; Cookie T\u00e9cnico<\/strong><\/p>\n<p>Descri\u00e7\u00e3o do objetivo dos cookies: usado pelo Google Analytics para limitar a frequ\u00eancia das solicita\u00e7\u00f5es.<\/p>\n<p>&nbsp;<\/p>\n<p><strong>_gid &#8211; Cookie T\u00e9cnico<\/strong><\/p>\n<p>Descri\u00e7\u00e3o da finalidade dos cookies: registrar um ID exclusivo usado para gerar dados estat\u00edsticos sobre como o visitante usa o site.<\/p>\n<p>&nbsp;<\/p>\n<p><strong>Collect &#8211; Cookie T\u00e9cnico<\/strong><\/p>\n<p>Descri\u00e7\u00e3o do objetivo dos cookies: usado para enviar dados ao Google Analytics sobre o dispositivo e o comportamento do usu\u00e1rio.<\/p>\n<p><strong>&nbsp;<\/strong>[\/vc_column_text][\/vc_column][\/vc_row]<\/p>\n<\/div>","protected":false},"excerpt":{"rendered":"<p>[vc_row][vc_column][vc_column_text]Cookie Policy[\/vc_column_text][\/vc_column][\/vc_row][vc_row disable_element=&#8221;yes&#8221;][vc_column][vc_column_text]Essa pol\u00edtica de Cookies do site www.giovenzana.com &nbsp; \u00e9 disponibilizada aos titulares dos dados para estar em conformidade com o art. 13 do Regulamento da UE n. 2016\/679 GDPR (hereinafter, &#8220;GDPR&#8221;). &nbsp; As informa\u00e7\u00f5es s\u00e3o preparadas e atualizadas pelo Controle de Dados: Giovenzana International B.V., Strawinskylaan 1105, 1077 XX Amsterdam (NL). Contatos: privacy@giovenzana.com&hellip;<\/p>\n","protected":false},"author":1,"featured_media":0,"parent":0,"menu_order":12,"comment_status":"closed","ping_status":"closed","template":"","meta":{"_acf_changed":false,"ngg_post_thumbnail":0,"footnotes":""},"class_list":["post-11533","page","type-page","status-publish","hentry","description-off"],"acf":[],"yoast_head":"<!-- This site is optimized with the Yoast SEO plugin v24.4 - https:\/\/yoast.com\/wordpress\/plugins\/seo\/ -->\n<title>Pol\u00edtica de Cookie &#8211; Giovenzana<\/title>\n<meta name=\"robots\" content=\"noindex, nofollow\" \/>\n<meta property=\"og:locale\" content=\"pt_BR\" \/>\n<meta property=\"og:type\" content=\"article\" \/>\n<meta property=\"og:title\" content=\"Pol\u00edtica de Cookie &#8211; Giovenzana\" \/>\n<meta property=\"og:description\" content=\"[vc_row][vc_column][vc_column_text]Cookie Policy[\/vc_column_text][\/vc_column][\/vc_row][vc_row disable_element=&#8221;yes&#8221;][vc_column][vc_column_text]Essa pol\u00edtica de Cookies do site www.giovenzana.com &nbsp; \u00e9 disponibilizada aos titulares dos dados para estar em conformidade com o art. 13 do Regulamento da UE n. 2016\/679 GDPR (hereinafter, &#8220;GDPR&#8221;). &nbsp; As informa\u00e7\u00f5es s\u00e3o preparadas e atualizadas pelo Controle de Dados: Giovenzana International B.V., Strawinskylaan 1105, 1077 XX Amsterdam (NL). Contatos: privacy@giovenzana.com&hellip;\" \/>\n<meta property=\"og:url\" content=\"https:\/\/www.giovenzana.com\/pt-br\/cookie\/\" \/>\n<meta property=\"og:site_name\" content=\"Giovenzana\" \/>\n<meta property=\"article:publisher\" content=\"https:\/\/www.facebook.com\/giovenzanainternational\" \/>\n<meta property=\"article:modified_time\" content=\"2022-12-14T10:38:03+00:00\" \/>\n<meta name=\"twitter:card\" content=\"summary_large_image\" \/>\n<meta name=\"twitter:label1\" content=\"Est. tempo de leitura\" \/>\n\t<meta name=\"twitter:data1\" content=\"4 minutos\" \/>\n<script type=\"application\/ld+json\" class=\"yoast-schema-graph\">{\"@context\":\"https:\/\/schema.org\",\"@graph\":[{\"@type\":\"WebPage\",\"@id\":\"https:\/\/www.giovenzana.com\/pt-br\/cookie\/\",\"url\":\"https:\/\/www.giovenzana.com\/pt-br\/cookie\/\",\"name\":\"Pol\u00edtica de Cookie &#8211; Giovenzana\",\"isPartOf\":{\"@id\":\"https:\/\/www.giovenzana.com\/pt-br\/#website\"},\"datePublished\":\"2019-07-19T15:28:21+00:00\",\"dateModified\":\"2022-12-14T10:38:03+00:00\",\"breadcrumb\":{\"@id\":\"https:\/\/www.giovenzana.com\/pt-br\/cookie\/#breadcrumb\"},\"inLanguage\":\"pt-BR\",\"potentialAction\":[{\"@type\":\"ReadAction\",\"target\":[\"https:\/\/www.giovenzana.com\/pt-br\/cookie\/\"]}]},{\"@type\":\"BreadcrumbList\",\"@id\":\"https:\/\/www.giovenzana.com\/pt-br\/cookie\/#breadcrumb\",\"itemListElement\":[{\"@type\":\"ListItem\",\"position\":1,\"name\":\"Home\",\"item\":\"https:\/\/www.giovenzana.com\/pt-br\/\"},{\"@type\":\"ListItem\",\"position\":2,\"name\":\"Pol\u00edtica de Cookie\"}]},{\"@type\":\"WebSite\",\"@id\":\"https:\/\/www.giovenzana.com\/pt-br\/#website\",\"url\":\"https:\/\/www.giovenzana.com\/pt-br\/\",\"name\":\"Giovenzana\",\"description\":\"Piccoli oggetti d\u2019arte di grande tecnologia\",\"publisher\":{\"@id\":\"https:\/\/www.giovenzana.com\/pt-br\/#organization\"},\"potentialAction\":[{\"@type\":\"SearchAction\",\"target\":{\"@type\":\"EntryPoint\",\"urlTemplate\":\"https:\/\/www.giovenzana.com\/pt-br\/?s={search_term_string}\"},\"query-input\":{\"@type\":\"PropertyValueSpecification\",\"valueRequired\":true,\"valueName\":\"search_term_string\"}}],\"inLanguage\":\"pt-BR\"},{\"@type\":\"Organization\",\"@id\":\"https:\/\/www.giovenzana.com\/pt-br\/#organization\",\"name\":\"Giovenzana International B.V.\",\"url\":\"https:\/\/www.giovenzana.com\/pt-br\/\",\"logo\":{\"@type\":\"ImageObject\",\"inLanguage\":\"pt-BR\",\"@id\":\"https:\/\/www.giovenzana.com\/pt-br\/#\/schema\/logo\/image\/\",\"url\":\"https:\/\/www.giovenzana.com\/wp-content\/uploads\/logo-giovenzana-international.png\",\"contentUrl\":\"https:\/\/www.giovenzana.com\/wp-content\/uploads\/logo-giovenzana-international.png\",\"width\":301,\"height\":98,\"caption\":\"Giovenzana International B.V.\"},\"image\":{\"@id\":\"https:\/\/www.giovenzana.com\/pt-br\/#\/schema\/logo\/image\/\"},\"sameAs\":[\"https:\/\/www.facebook.com\/giovenzanainternational\",\"https:\/\/www.linkedin.com\/company\/giovenzanainternational\",\"https:\/\/www.youtube.com\/channel\/UCN-H9aOP26hpeo4zqxpGTxw\"]}]}<\/script>\n<!-- \/ Yoast SEO plugin. -->","yoast_head_json":{"title":"Pol\u00edtica de Cookie &#8211; Giovenzana","robots":{"index":"noindex","follow":"nofollow"},"og_locale":"pt_BR","og_type":"article","og_title":"Pol\u00edtica de Cookie &#8211; Giovenzana","og_description":"[vc_row][vc_column][vc_column_text]Cookie Policy[\/vc_column_text][\/vc_column][\/vc_row][vc_row disable_element=&#8221;yes&#8221;][vc_column][vc_column_text]Essa pol\u00edtica de Cookies do site www.giovenzana.com &nbsp; \u00e9 disponibilizada aos titulares dos dados para estar em conformidade com o art. 13 do Regulamento da UE n. 2016\/679 GDPR (hereinafter, &#8220;GDPR&#8221;). &nbsp; As informa\u00e7\u00f5es s\u00e3o preparadas e atualizadas pelo Controle de Dados: Giovenzana International B.V., Strawinskylaan 1105, 1077 XX Amsterdam (NL). Contatos: privacy@giovenzana.com&hellip;","og_url":"https:\/\/www.giovenzana.com\/pt-br\/cookie\/","og_site_name":"Giovenzana","article_publisher":"https:\/\/www.facebook.com\/giovenzanainternational","article_modified_time":"2022-12-14T10:38:03+00:00","twitter_card":"summary_large_image","twitter_misc":{"Est. tempo de leitura":"4 minutos"},"schema":{"@context":"https:\/\/schema.org","@graph":[{"@type":"WebPage","@id":"https:\/\/www.giovenzana.com\/pt-br\/cookie\/","url":"https:\/\/www.giovenzana.com\/pt-br\/cookie\/","name":"Pol\u00edtica de Cookie &#8211; Giovenzana","isPartOf":{"@id":"https:\/\/www.giovenzana.com\/pt-br\/#website"},"datePublished":"2019-07-19T15:28:21+00:00","dateModified":"2022-12-14T10:38:03+00:00","breadcrumb":{"@id":"https:\/\/www.giovenzana.com\/pt-br\/cookie\/#breadcrumb"},"inLanguage":"pt-BR","potentialAction":[{"@type":"ReadAction","target":["https:\/\/www.giovenzana.com\/pt-br\/cookie\/"]}]},{"@type":"BreadcrumbList","@id":"https:\/\/www.giovenzana.com\/pt-br\/cookie\/#breadcrumb","itemListElement":[{"@type":"ListItem","position":1,"name":"Home","item":"https:\/\/www.giovenzana.com\/pt-br\/"},{"@type":"ListItem","position":2,"name":"Pol\u00edtica de Cookie"}]},{"@type":"WebSite","@id":"https:\/\/www.giovenzana.com\/pt-br\/#website","url":"https:\/\/www.giovenzana.com\/pt-br\/","name":"Giovenzana","description":"Piccoli oggetti d\u2019arte di grande tecnologia","publisher":{"@id":"https:\/\/www.giovenzana.com\/pt-br\/#organization"},"potentialAction":[{"@type":"SearchAction","target":{"@type":"EntryPoint","urlTemplate":"https:\/\/www.giovenzana.com\/pt-br\/?s={search_term_string}"},"query-input":{"@type":"PropertyValueSpecification","valueRequired":true,"valueName":"search_term_string"}}],"inLanguage":"pt-BR"},{"@type":"Organization","@id":"https:\/\/www.giovenzana.com\/pt-br\/#organization","name":"Giovenzana International B.V.","url":"https:\/\/www.giovenzana.com\/pt-br\/","logo":{"@type":"ImageObject","inLanguage":"pt-BR","@id":"https:\/\/www.giovenzana.com\/pt-br\/#\/schema\/logo\/image\/","url":"https:\/\/www.giovenzana.com\/wp-content\/uploads\/logo-giovenzana-international.png","contentUrl":"https:\/\/www.giovenzana.com\/wp-content\/uploads\/logo-giovenzana-international.png","width":301,"height":98,"caption":"Giovenzana International B.V."},"image":{"@id":"https:\/\/www.giovenzana.com\/pt-br\/#\/schema\/logo\/image\/"},"sameAs":["https:\/\/www.facebook.com\/giovenzanainternational","https:\/\/www.linkedin.com\/company\/giovenzanainternational","https:\/\/www.youtube.com\/channel\/UCN-H9aOP26hpeo4zqxpGTxw"]}]}},"_links":{"self":[{"href":"https:\/\/www.giovenzana.com\/pt-br\/wp-json\/wp\/v2\/pages\/11533","targetHints":{"allow":["GET"]}}],"collection":[{"href":"https:\/\/www.giovenzana.com\/pt-br\/wp-json\/wp\/v2\/pages"}],"about":[{"href":"https:\/\/www.giovenzana.com\/pt-br\/wp-json\/wp\/v2\/types\/page"}],"author":[{"embeddable":true,"href":"https:\/\/www.giovenzana.com\/pt-br\/wp-json\/wp\/v2\/users\/1"}],"replies":[{"embeddable":true,"href":"https:\/\/www.giovenzana.com\/pt-br\/wp-json\/wp\/v2\/comments?post=11533"}],"version-history":[{"count":10,"href":"https:\/\/www.giovenzana.com\/pt-br\/wp-json\/wp\/v2\/pages\/11533\/revisions"}],"predecessor-version":[{"id":37520,"href":"https:\/\/www.giovenzana.com\/pt-br\/wp-json\/wp\/v2\/pages\/11533\/revisions\/37520"}],"wp:attachment":[{"href":"https:\/\/www.giovenzana.com\/pt-br\/wp-json\/wp\/v2\/media?parent=11533"}],"curies":[{"name":"wp","href":"https:\/\/api.w.org\/{rel}","templated":true}]}}