{"id":11548,"date":"2019-07-19T12:27:20","date_gmt":"2019-07-19T10:27:20","guid":{"rendered":"https:\/\/www.giovenzana.com\/equipamento-rotativo-chaves-fim-de-curso-fgr2-ex\/"},"modified":"2023-01-20T10:57:15","modified_gmt":"2023-01-20T09:57:15","slug":"equipamento-rotativo-chaves-fim-de-curso-fgr2-ex","status":"publish","type":"page","link":"https:\/\/www.giovenzana.com\/pt-br\/produtos\/atex-iecex\/equipamento-rotativo-chaves-fim-de-curso-fgr2-ex\/","title":{"rendered":"EQUIPAMENTO ROTATIVO CHAVES FIM DE CURSO FGR2-Ex"},"content":{"rendered":"<div class=\"wpb-content-wrapper\"><p>[vc_row][vc_column][vc_column_text]<strong>ATEX &amp; IECEx: Equipamento Rotativo Chaves Fim de Curso FGR2-Ex<\/strong><br \/>\nFGR2-Ex S\u00e9rie para atmosferas potencialmente explosivas, eixo duplo \u00fanico ou traseiro,<br \/>\ncom 4 ou 6 micro interruptores e taxa de transmiss\u00e3o de 012 a 200.<\/p>\n<p><strong>| II 3G Ex dc ec IIB T5 Gc | II 2D Ex tb IIIC T85\u00b0C Db | Zona 2-21 (G\u00e1s &amp; Poeira) | Tamb = -20\u00b0C\/+70\u00b0C | IP65 |<\/strong><\/p>\n<p><strong>Nova Chave Fim de Curso FGR2-Ex<\/strong>, certificada ATEX e IECEx, em caixa de alum\u00ednio e pl\u00e1stico antiest\u00e1tico, adequado para uso na Zona 2 (G\u00e1s) e Zona 21 (Poeira). O dispositivo funciona atrav\u00e9s de uma transmiss\u00e3o de engrenagem, aciona um sistema de came que opera em 4 ou 6 microinterruptores que, ap\u00f3s um certo n\u00famero de revolu\u00e7\u00f5es, predisp\u00f5em o motor ou o equipamento na inicializa\u00e7\u00e3o ou na parada. Cada came \u00e9 fornecida com um parafuso de ajuste para ajustar o &#8220;micr\u00f4metro&#8221; que opera independentemente e, assim, pode calibrar a abertura e o fechamento de cada microinterruptor de acordo com os requisitos funcionais necess\u00e1rios. O sistema de transmiss\u00e3o permite escolher diferentes rela\u00e7\u00f5es e pode ser fornecido mesmo na vers\u00e3o com eixo traseiro duplo.<\/p>\n<p><strong>Padr\u00f5es de refer\u00eancia:<\/strong> EN 80079-34, EN 60947-3, EN 61241-0, EN60079-0, EN60079-31, EN60079-15.<br \/>\n<strong>Diretiva:<\/strong> ATEX 2014\/34\/UE.<\/p>\n<p><strong>\u00c1REA DE CLASSIFICA\u00c7\u00c3O \u201cG\u00e1s &amp; Poeira\u201d:<\/strong><br \/>\n<strong>Zona 2:<\/strong> local em que n\u00e3o \u00e9 prov\u00e1vel que ocorra uma atmosfera explosiva que consiste em uma mistura com ar de subst\u00e2ncias inflam\u00e1veis \u200b\u200bna forma de g\u00e1s, vapor ou n\u00e9voa, em opera\u00e7\u00e3o normal, mas, se ocorrer, persistir\u00e1 apenas por um curto per\u00edodo.<br \/>\n<strong>Zona 21:<\/strong> \u00e1rea em que uma atmosfera explosiva na forma de nuvem de poeira combust\u00edvel no ar provavelmente ocorra ocasionalmente em opera\u00e7\u00e3o normal.<\/p>\n<p><strong>TIPO DE PROTE\u00c7\u00c3O DE G\u00c1S<\/strong><br \/>\nCaso de respira\u00e7\u00e3o restrita (Ex \u201cdc ec\u201d).<br \/>\n<strong>MARCA\u00c7\u00c3O<\/strong><br \/>\nII 3G Ex dc ec IIB T5 Gc em conformidade com<br \/>\nIEC 60079-0; 60079-15.<br \/>\n<strong>PRINC\u00cdPIO<\/strong><br \/>\nLimitado em dissipa\u00e7\u00e3o de energia (\u0394T limitado), de modo que a depress\u00e3o criada quando desenergizada \u00e9 de modo a atrasar a entrada de atmosfera explosiva por um prazo especificado pela norma.<\/p>\n<p><strong>TIPO DE PROTE\u00c7\u00c3O DE POEIRA<\/strong><br \/>\nProte\u00e7\u00e3o por inv\u00f3lucro (Ex \u201ctb\u201d).<br \/>\n<strong>MARCA\u00c7\u00c3O<\/strong><br \/>\nII 2D Ex tb IIIC T 85\u00b0C Db em conformidade com<br \/>\nIEC 60079-0, 60079-31.<br \/>\n<strong>PRINC\u00cdPIO<\/strong><br \/>\nO acoplamento do inv\u00f3lucro \u00e9 hermeticamente vedado com veda\u00e7\u00f5es especiais, para que o p\u00f3 combust\u00edvel n\u00e3o possa entrar. A temperatura da superf\u00edcie externa \u00e9 limitada.<\/p>\n<p><strong>APLICA\u00c7\u00d5ES<\/strong><br \/>\nCom o objetivo de controlar as revolu\u00e7\u00f5es das pe\u00e7as rotativas de m\u00e1quinas industriais e de constru\u00e7\u00e3o, como cordas de enrolamento de tambor, m\u00e1quinas, port\u00f5es, guindastes etc&#8230;<br \/>\nO tipo de gabinete projetado e adotado para componentes internos, conforma este equipamento para uso em \u00e1reas com potencial atmosfera explosiva, tanto para g\u00e1s quanto para poeira, de acordo com a Diretiva ATEX 2014\/34\/UE.[\/vc_column_text][vc_empty_space height=&#8221;20px&#8221;][\/vc_column][\/vc_row][vc_row equal_height=&#8221;yes&#8221; content_placement=&#8221;top&#8221;][vc_column width=&#8221;1\/3&#8243; el_id=&#8221;sidebar-filtri&#8221; offset=&#8221;vc_col-md-3&#8243;]<div class=\"ult_row_spacer\"><div class=\"ult-sticky-anchor\"><div class=\"ult-sticky-section ult-sticky \"  data-gutter= '150' data-stick_behaviour= 'stick_with_scroll'  data-sticky_position= 'top' data-mobile='no' data-support='no'>[vc_column_text]<form data-sf-form-id='26276' data-is-rtl='0' data-maintain-state='' data-results-url='https:\/\/www.giovenzana.com\/pt-br\/produtos\/atex-iecex\/equipamento-rotativo-chaves-fim-de-curso-fgr2-ex\/' data-ajax-url='https:\/\/www.giovenzana.com\/pt-br\/?sfid=26276&amp;sf_action=get_data&amp;sf_data=all' data-ajax-form-url='https:\/\/www.giovenzana.com\/pt-br\/?sfid=26276&amp;sf_action=get_data&amp;sf_data=form' data-display-result-method='shortcode' data-use-history-api='1' data-template-loaded='0' data-lang-code='pt-br' data-ajax='1' data-ajax-data-type='json' data-ajax-links-selector='.pagination a' data-ajax-target='#search-filter-results-26276' data-ajax-pagination-type='infinite_scroll' data-show-scroll-loader='1' data-infinite-scroll-container='#risultati' data-infinite-scroll-trigger='-100' data-update-ajax-url='0' data-only-results-ajax='1' data-scroll-to-pos='0' data-init-paged='1' data-auto-update='1' data-auto-count='1' data-auto-count-refresh-mode='1' action='https:\/\/www.giovenzana.com\/pt-br\/produtos\/atex-iecex\/equipamento-rotativo-chaves-fim-de-curso-fgr2-ex\/' method='post' class='searchandfilter' id='search-filter-form-26276' autocomplete='off' data-instance-count='1'><ul><li class=\"sf-field-search\" data-sf-field-name=\"search\" data-sf-field-type=\"search\" data-sf-field-input-type=\"\">\t\t<label>\n\t\t\t\t   \t\t\t<span class=\"screen-reader-text\">Pesquisar...<\/span><input placeholder=\"Pesquisar...\" name=\"_sf_search[]\" class=\"sf-input-text\" type=\"text\" value=\"\" title=\"Pesquisar...\"><\/label>\t\t<\/li><\/ul><\/form>[\/vc_column_text]<\/div><div class=\"ult-space\"><\/div><\/div><\/div>[\/vc_column][vc_column width=&#8221;2\/3&#8243; offset=&#8221;vc_col-md-9&#8243;][vc_column_text]<div class=\"search-filter-results\" id=\"search-filter-results-26276\">\t<div class=\"esitoRisu\">\t\t\n\t\tEncontrado 4 resultados\t\n\t\t\t\t\n\t<\/div>\n\n\t \n\n\n\n\n\n\n\n\n\t<div id=\"risultati\">\n\t\t\t\n\t\t<div class=\"vc_column-inner vc_col-xs-6 vc_col-md-4 filter-item\">\n            <div>\n                <a href=\"https:\/\/www.giovenzana.com\/pt-br\/componente\/fgr200-6ex\/\">\n                    <img loading=\"lazy\" decoding=\"async\" width=\"250\" height=\"250\" src=\"https:\/\/www.giovenzana.com\/wp-content\/uploads\/FGREX-300x300.jpg\" class=\"attachment-250x250 size-250x250 wp-post-image\" alt=\"FGR200&#8230;6EX\" \/>\n\n                                        <span class=\"postProd com \">componente<\/span>\n\n                    <span class=\"titoloProd\">FGR200&#8230;6EX<\/span>\n\n                    <!--se componente Cam Switches mostrare il mounting-->\n                     \n\n                    <!-- se prodotto \u00e8 nuovo mostrare etichetta -->\n                    \n\n                    <!--<p class=\"riassuntoProd\"><\/p>-->\n                                    <\/a>\n            <\/div>\n        <\/div>\n\t\t\n\t\t\t\t\n\t\t<div class=\"vc_column-inner vc_col-xs-6 vc_col-md-4 filter-item\">\n            <div>\n                <a href=\"https:\/\/www.giovenzana.com\/pt-br\/componente\/fgr200-b6ex\/\">\n                    <img loading=\"lazy\" decoding=\"async\" width=\"250\" height=\"250\" src=\"https:\/\/www.giovenzana.com\/wp-content\/uploads\/FGRBEX-300x300.jpg\" class=\"attachment-250x250 size-250x250 wp-post-image\" alt=\"FGR200&#8230;B6EX\" \/>\n\n                                        <span class=\"postProd com \">componente<\/span>\n\n                    <span class=\"titoloProd\">FGR200&#8230;B6EX<\/span>\n\n                    <!--se componente Cam Switches mostrare il mounting-->\n                     \n\n                    <!-- se prodotto \u00e8 nuovo mostrare etichetta -->\n                    \n\n                    <!--<p class=\"riassuntoProd\"><\/p>-->\n                                    <\/a>\n            <\/div>\n        <\/div>\n\t\t\n\t\t\t\t\n\t\t<div class=\"vc_column-inner vc_col-xs-6 vc_col-md-4 filter-item\">\n            <div>\n                <a href=\"https:\/\/www.giovenzana.com\/pt-br\/componente\/fgr200-bex\/\">\n                    <img loading=\"lazy\" decoding=\"async\" width=\"250\" height=\"250\" src=\"https:\/\/www.giovenzana.com\/wp-content\/uploads\/FGRBEX-300x300.jpg\" class=\"attachment-250x250 size-250x250 wp-post-image\" alt=\"FGR200&#8230;BEX\" \/>\n\n                                        <span class=\"postProd com \">componente<\/span>\n\n                    <span class=\"titoloProd\">FGR200&#8230;BEX<\/span>\n\n                    <!--se componente Cam Switches mostrare il mounting-->\n                     \n\n                    <!-- se prodotto \u00e8 nuovo mostrare etichetta -->\n                    \n\n                    <!--<p class=\"riassuntoProd\"><\/p>-->\n                                    <\/a>\n            <\/div>\n        <\/div>\n\t\t\n\t\t\t\t\n\t\t<div class=\"vc_column-inner vc_col-xs-6 vc_col-md-4 filter-item\">\n            <div>\n                <a href=\"https:\/\/www.giovenzana.com\/pt-br\/componente\/fgr200-ex\/\">\n                    <img loading=\"lazy\" decoding=\"async\" width=\"250\" height=\"250\" src=\"https:\/\/www.giovenzana.com\/wp-content\/uploads\/FGREX-300x300.jpg\" class=\"attachment-250x250 size-250x250 wp-post-image\" alt=\"FGR200&#8230;EX\" \/>\n\n                                        <span class=\"postProd com \">componente<\/span>\n\n                    <span class=\"titoloProd\">FGR200&#8230;EX<\/span>\n\n                    <!--se componente Cam Switches mostrare il mounting-->\n                     \n\n                    <!-- se prodotto \u00e8 nuovo mostrare etichetta -->\n                    \n\n                    <!--<p class=\"riassuntoProd\"><\/p>-->\n                                    <\/a>\n            <\/div>\n        <\/div>\n\t\t\n\t\t\t<\/div>\n\n\n\n\n\n\n\n\n\t\n\n\t<\/div>[\/vc_column_text][\/vc_column][\/vc_row]<\/p>\n<\/div>","protected":false},"excerpt":{"rendered":"<p>[vc_row][vc_column][vc_column_text]ATEX &amp; IECEx: Equipamento Rotativo Chaves Fim de Curso FGR2-Ex FGR2-Ex S\u00e9rie para atmosferas potencialmente explosivas, eixo duplo \u00fanico ou traseiro, com 4 ou 6 micro interruptores e taxa de transmiss\u00e3o de 012 a 200. | II 3G Ex dc ec IIB T5 Gc | II 2D Ex tb IIIC T85\u00b0C Db | Zona 2-21&hellip;<\/p>\n","protected":false},"author":1,"featured_media":11706,"parent":11705,"menu_order":3,"comment_status":"closed","ping_status":"closed","template":"page-filtri.php","meta":{"_acf_changed":false,"ngg_post_thumbnail":0,"footnotes":""},"class_list":["post-11548","page","type-page","status-publish","has-post-thumbnail","hentry","description-off"],"acf":[],"yoast_head":"<!-- This site is optimized with the Yoast SEO plugin v24.4 - https:\/\/yoast.com\/wordpress\/plugins\/seo\/ -->\n<title>EQUIPAMENTO ROTATIVO CHAVES FIM DE CURSO FGR2-Ex &#8211; Giovenzana<\/title>\n<meta name=\"robots\" content=\"index, follow, max-snippet:-1, max-image-preview:large, max-video-preview:-1\" \/>\n<link rel=\"canonical\" href=\"https:\/\/www.giovenzana.com\/pt-br\/produtos\/atex-iecex\/equipamento-rotativo-chaves-fim-de-curso-fgr2-ex\/\" \/>\n<meta property=\"og:locale\" content=\"pt_BR\" \/>\n<meta property=\"og:type\" content=\"article\" \/>\n<meta property=\"og:title\" content=\"EQUIPAMENTO ROTATIVO CHAVES FIM DE CURSO FGR2-Ex &#8211; Giovenzana\" \/>\n<meta property=\"og:description\" content=\"[vc_row][vc_column][vc_column_text]ATEX &amp; IECEx: Equipamento Rotativo Chaves Fim de Curso FGR2-Ex FGR2-Ex S\u00e9rie para atmosferas potencialmente explosivas, eixo duplo \u00fanico ou traseiro, com 4 ou 6 micro interruptores e taxa de transmiss\u00e3o de 012 a 200. | II 3G Ex dc ec IIB T5 Gc | II 2D Ex tb IIIC T85\u00b0C Db | Zona 2-21&hellip;\" \/>\n<meta property=\"og:url\" content=\"https:\/\/www.giovenzana.com\/pt-br\/produtos\/atex-iecex\/equipamento-rotativo-chaves-fim-de-curso-fgr2-ex\/\" \/>\n<meta property=\"og:site_name\" content=\"Giovenzana\" \/>\n<meta property=\"article:publisher\" content=\"https:\/\/www.facebook.com\/giovenzanainternational\" \/>\n<meta property=\"article:modified_time\" content=\"2023-01-20T09:57:15+00:00\" \/>\n<meta property=\"og:image\" content=\"https:\/\/www.giovenzana.com\/wp-content\/uploads\/Atex_Cover.jpg\" \/>\n\t<meta property=\"og:image:width\" content=\"1700\" \/>\n\t<meta property=\"og:image:height\" content=\"200\" \/>\n\t<meta property=\"og:image:type\" content=\"image\/jpeg\" \/>\n<meta name=\"twitter:card\" content=\"summary_large_image\" \/>\n<meta name=\"twitter:label1\" content=\"Est. tempo de leitura\" \/>\n\t<meta name=\"twitter:data1\" content=\"3 minutos\" \/>\n<script type=\"application\/ld+json\" class=\"yoast-schema-graph\">{\"@context\":\"https:\/\/schema.org\",\"@graph\":[{\"@type\":\"WebPage\",\"@id\":\"https:\/\/www.giovenzana.com\/pt-br\/produtos\/atex-iecex\/equipamento-rotativo-chaves-fim-de-curso-fgr2-ex\/\",\"url\":\"https:\/\/www.giovenzana.com\/pt-br\/produtos\/atex-iecex\/equipamento-rotativo-chaves-fim-de-curso-fgr2-ex\/\",\"name\":\"EQUIPAMENTO ROTATIVO CHAVES FIM DE CURSO FGR2-Ex &#8211; Giovenzana\",\"isPartOf\":{\"@id\":\"https:\/\/www.giovenzana.com\/pt-br\/#website\"},\"primaryImageOfPage\":{\"@id\":\"https:\/\/www.giovenzana.com\/pt-br\/produtos\/atex-iecex\/equipamento-rotativo-chaves-fim-de-curso-fgr2-ex\/#primaryimage\"},\"image\":{\"@id\":\"https:\/\/www.giovenzana.com\/pt-br\/produtos\/atex-iecex\/equipamento-rotativo-chaves-fim-de-curso-fgr2-ex\/#primaryimage\"},\"thumbnailUrl\":\"https:\/\/www.giovenzana.com\/wp-content\/uploads\/Atex_Cover.jpg\",\"datePublished\":\"2019-07-19T10:27:20+00:00\",\"dateModified\":\"2023-01-20T09:57:15+00:00\",\"breadcrumb\":{\"@id\":\"https:\/\/www.giovenzana.com\/pt-br\/produtos\/atex-iecex\/equipamento-rotativo-chaves-fim-de-curso-fgr2-ex\/#breadcrumb\"},\"inLanguage\":\"pt-BR\",\"potentialAction\":[{\"@type\":\"ReadAction\",\"target\":[\"https:\/\/www.giovenzana.com\/pt-br\/produtos\/atex-iecex\/equipamento-rotativo-chaves-fim-de-curso-fgr2-ex\/\"]}]},{\"@type\":\"ImageObject\",\"inLanguage\":\"pt-BR\",\"@id\":\"https:\/\/www.giovenzana.com\/pt-br\/produtos\/atex-iecex\/equipamento-rotativo-chaves-fim-de-curso-fgr2-ex\/#primaryimage\",\"url\":\"https:\/\/www.giovenzana.com\/wp-content\/uploads\/Atex_Cover.jpg\",\"contentUrl\":\"https:\/\/www.giovenzana.com\/wp-content\/uploads\/Atex_Cover.jpg\",\"width\":1700,\"height\":200,\"caption\":\"Giovenzana Cover Atex\"},{\"@type\":\"BreadcrumbList\",\"@id\":\"https:\/\/www.giovenzana.com\/pt-br\/produtos\/atex-iecex\/equipamento-rotativo-chaves-fim-de-curso-fgr2-ex\/#breadcrumb\",\"itemListElement\":[{\"@type\":\"ListItem\",\"position\":1,\"name\":\"Home\",\"item\":\"https:\/\/www.giovenzana.com\/pt-br\/\"},{\"@type\":\"ListItem\",\"position\":2,\"name\":\"Produtos\",\"item\":\"https:\/\/www.giovenzana.com\/pt-br\/produtos\/\"},{\"@type\":\"ListItem\",\"position\":3,\"name\":\"ATEX E IECEx\",\"item\":\"https:\/\/www.giovenzana.com\/pt-br\/produtos\/atex-iecex\/\"},{\"@type\":\"ListItem\",\"position\":4,\"name\":\"EQUIPAMENTO ROTATIVO CHAVES FIM DE CURSO FGR2-Ex\"}]},{\"@type\":\"WebSite\",\"@id\":\"https:\/\/www.giovenzana.com\/pt-br\/#website\",\"url\":\"https:\/\/www.giovenzana.com\/pt-br\/\",\"name\":\"Giovenzana\",\"description\":\"Piccoli oggetti d\u2019arte di grande tecnologia\",\"publisher\":{\"@id\":\"https:\/\/www.giovenzana.com\/pt-br\/#organization\"},\"potentialAction\":[{\"@type\":\"SearchAction\",\"target\":{\"@type\":\"EntryPoint\",\"urlTemplate\":\"https:\/\/www.giovenzana.com\/pt-br\/?s={search_term_string}\"},\"query-input\":{\"@type\":\"PropertyValueSpecification\",\"valueRequired\":true,\"valueName\":\"search_term_string\"}}],\"inLanguage\":\"pt-BR\"},{\"@type\":\"Organization\",\"@id\":\"https:\/\/www.giovenzana.com\/pt-br\/#organization\",\"name\":\"Giovenzana International B.V.\",\"url\":\"https:\/\/www.giovenzana.com\/pt-br\/\",\"logo\":{\"@type\":\"ImageObject\",\"inLanguage\":\"pt-BR\",\"@id\":\"https:\/\/www.giovenzana.com\/pt-br\/#\/schema\/logo\/image\/\",\"url\":\"https:\/\/www.giovenzana.com\/wp-content\/uploads\/logo-giovenzana-international.png\",\"contentUrl\":\"https:\/\/www.giovenzana.com\/wp-content\/uploads\/logo-giovenzana-international.png\",\"width\":301,\"height\":98,\"caption\":\"Giovenzana International B.V.\"},\"image\":{\"@id\":\"https:\/\/www.giovenzana.com\/pt-br\/#\/schema\/logo\/image\/\"},\"sameAs\":[\"https:\/\/www.facebook.com\/giovenzanainternational\",\"https:\/\/www.linkedin.com\/company\/giovenzanainternational\",\"https:\/\/www.youtube.com\/channel\/UCN-H9aOP26hpeo4zqxpGTxw\"]}]}<\/script>\n<!-- \/ Yoast SEO plugin. -->","yoast_head_json":{"title":"EQUIPAMENTO ROTATIVO CHAVES FIM DE CURSO FGR2-Ex &#8211; Giovenzana","robots":{"index":"index","follow":"follow","max-snippet":"max-snippet:-1","max-image-preview":"max-image-preview:large","max-video-preview":"max-video-preview:-1"},"canonical":"https:\/\/www.giovenzana.com\/pt-br\/produtos\/atex-iecex\/equipamento-rotativo-chaves-fim-de-curso-fgr2-ex\/","og_locale":"pt_BR","og_type":"article","og_title":"EQUIPAMENTO ROTATIVO CHAVES FIM DE CURSO FGR2-Ex &#8211; Giovenzana","og_description":"[vc_row][vc_column][vc_column_text]ATEX &amp; IECEx: Equipamento Rotativo Chaves Fim de Curso FGR2-Ex FGR2-Ex S\u00e9rie para atmosferas potencialmente explosivas, eixo duplo \u00fanico ou traseiro, com 4 ou 6 micro interruptores e taxa de transmiss\u00e3o de 012 a 200. | II 3G Ex dc ec IIB T5 Gc | II 2D Ex tb IIIC T85\u00b0C Db | Zona 2-21&hellip;","og_url":"https:\/\/www.giovenzana.com\/pt-br\/produtos\/atex-iecex\/equipamento-rotativo-chaves-fim-de-curso-fgr2-ex\/","og_site_name":"Giovenzana","article_publisher":"https:\/\/www.facebook.com\/giovenzanainternational","article_modified_time":"2023-01-20T09:57:15+00:00","og_image":[{"width":1700,"height":200,"url":"https:\/\/www.giovenzana.com\/wp-content\/uploads\/Atex_Cover.jpg","type":"image\/jpeg"}],"twitter_card":"summary_large_image","twitter_misc":{"Est. tempo de leitura":"3 minutos"},"schema":{"@context":"https:\/\/schema.org","@graph":[{"@type":"WebPage","@id":"https:\/\/www.giovenzana.com\/pt-br\/produtos\/atex-iecex\/equipamento-rotativo-chaves-fim-de-curso-fgr2-ex\/","url":"https:\/\/www.giovenzana.com\/pt-br\/produtos\/atex-iecex\/equipamento-rotativo-chaves-fim-de-curso-fgr2-ex\/","name":"EQUIPAMENTO ROTATIVO CHAVES FIM DE CURSO FGR2-Ex &#8211; Giovenzana","isPartOf":{"@id":"https:\/\/www.giovenzana.com\/pt-br\/#website"},"primaryImageOfPage":{"@id":"https:\/\/www.giovenzana.com\/pt-br\/produtos\/atex-iecex\/equipamento-rotativo-chaves-fim-de-curso-fgr2-ex\/#primaryimage"},"image":{"@id":"https:\/\/www.giovenzana.com\/pt-br\/produtos\/atex-iecex\/equipamento-rotativo-chaves-fim-de-curso-fgr2-ex\/#primaryimage"},"thumbnailUrl":"https:\/\/www.giovenzana.com\/wp-content\/uploads\/Atex_Cover.jpg","datePublished":"2019-07-19T10:27:20+00:00","dateModified":"2023-01-20T09:57:15+00:00","breadcrumb":{"@id":"https:\/\/www.giovenzana.com\/pt-br\/produtos\/atex-iecex\/equipamento-rotativo-chaves-fim-de-curso-fgr2-ex\/#breadcrumb"},"inLanguage":"pt-BR","potentialAction":[{"@type":"ReadAction","target":["https:\/\/www.giovenzana.com\/pt-br\/produtos\/atex-iecex\/equipamento-rotativo-chaves-fim-de-curso-fgr2-ex\/"]}]},{"@type":"ImageObject","inLanguage":"pt-BR","@id":"https:\/\/www.giovenzana.com\/pt-br\/produtos\/atex-iecex\/equipamento-rotativo-chaves-fim-de-curso-fgr2-ex\/#primaryimage","url":"https:\/\/www.giovenzana.com\/wp-content\/uploads\/Atex_Cover.jpg","contentUrl":"https:\/\/www.giovenzana.com\/wp-content\/uploads\/Atex_Cover.jpg","width":1700,"height":200,"caption":"Giovenzana Cover Atex"},{"@type":"BreadcrumbList","@id":"https:\/\/www.giovenzana.com\/pt-br\/produtos\/atex-iecex\/equipamento-rotativo-chaves-fim-de-curso-fgr2-ex\/#breadcrumb","itemListElement":[{"@type":"ListItem","position":1,"name":"Home","item":"https:\/\/www.giovenzana.com\/pt-br\/"},{"@type":"ListItem","position":2,"name":"Produtos","item":"https:\/\/www.giovenzana.com\/pt-br\/produtos\/"},{"@type":"ListItem","position":3,"name":"ATEX E IECEx","item":"https:\/\/www.giovenzana.com\/pt-br\/produtos\/atex-iecex\/"},{"@type":"ListItem","position":4,"name":"EQUIPAMENTO ROTATIVO CHAVES FIM DE CURSO FGR2-Ex"}]},{"@type":"WebSite","@id":"https:\/\/www.giovenzana.com\/pt-br\/#website","url":"https:\/\/www.giovenzana.com\/pt-br\/","name":"Giovenzana","description":"Piccoli oggetti d\u2019arte di grande tecnologia","publisher":{"@id":"https:\/\/www.giovenzana.com\/pt-br\/#organization"},"potentialAction":[{"@type":"SearchAction","target":{"@type":"EntryPoint","urlTemplate":"https:\/\/www.giovenzana.com\/pt-br\/?s={search_term_string}"},"query-input":{"@type":"PropertyValueSpecification","valueRequired":true,"valueName":"search_term_string"}}],"inLanguage":"pt-BR"},{"@type":"Organization","@id":"https:\/\/www.giovenzana.com\/pt-br\/#organization","name":"Giovenzana International B.V.","url":"https:\/\/www.giovenzana.com\/pt-br\/","logo":{"@type":"ImageObject","inLanguage":"pt-BR","@id":"https:\/\/www.giovenzana.com\/pt-br\/#\/schema\/logo\/image\/","url":"https:\/\/www.giovenzana.com\/wp-content\/uploads\/logo-giovenzana-international.png","contentUrl":"https:\/\/www.giovenzana.com\/wp-content\/uploads\/logo-giovenzana-international.png","width":301,"height":98,"caption":"Giovenzana International B.V."},"image":{"@id":"https:\/\/www.giovenzana.com\/pt-br\/#\/schema\/logo\/image\/"},"sameAs":["https:\/\/www.facebook.com\/giovenzanainternational","https:\/\/www.linkedin.com\/company\/giovenzanainternational","https:\/\/www.youtube.com\/channel\/UCN-H9aOP26hpeo4zqxpGTxw"]}]}},"_links":{"self":[{"href":"https:\/\/www.giovenzana.com\/pt-br\/wp-json\/wp\/v2\/pages\/11548","targetHints":{"allow":["GET"]}}],"collection":[{"href":"https:\/\/www.giovenzana.com\/pt-br\/wp-json\/wp\/v2\/pages"}],"about":[{"href":"https:\/\/www.giovenzana.com\/pt-br\/wp-json\/wp\/v2\/types\/page"}],"author":[{"embeddable":true,"href":"https:\/\/www.giovenzana.com\/pt-br\/wp-json\/wp\/v2\/users\/1"}],"replies":[{"embeddable":true,"href":"https:\/\/www.giovenzana.com\/pt-br\/wp-json\/wp\/v2\/comments?post=11548"}],"version-history":[{"count":7,"href":"https:\/\/www.giovenzana.com\/pt-br\/wp-json\/wp\/v2\/pages\/11548\/revisions"}],"predecessor-version":[{"id":46439,"href":"https:\/\/www.giovenzana.com\/pt-br\/wp-json\/wp\/v2\/pages\/11548\/revisions\/46439"}],"up":[{"embeddable":true,"href":"https:\/\/www.giovenzana.com\/pt-br\/wp-json\/wp\/v2\/pages\/11705"}],"wp:featuredmedia":[{"embeddable":true,"href":"https:\/\/www.giovenzana.com\/pt-br\/wp-json\/wp\/v2\/media\/11706"}],"wp:attachment":[{"href":"https:\/\/www.giovenzana.com\/pt-br\/wp-json\/wp\/v2\/media?parent=11548"}],"curies":[{"name":"wp","href":"https:\/\/api.w.org\/{rel}","templated":true}]}}