{"id":11560,"date":"2019-07-19T12:25:20","date_gmt":"2019-07-19T10:25:20","guid":{"rendered":"https:\/\/www.giovenzana.com\/comutadores-de-came-phoenix-ex\/"},"modified":"2023-01-20T11:00:30","modified_gmt":"2023-01-20T10:00:30","slug":"comutadores-de-came-phoenix-ex","status":"publish","type":"page","link":"https:\/\/www.giovenzana.com\/pt-br\/produtos\/atex-iecex\/comutadores-de-came-phoenix-ex\/","title":{"rendered":"COMUTADORES DE CAME PHOENIX EX"},"content":{"rendered":"<div class=\"wpb-content-wrapper\"><p>[vc_row][vc_column width=&#8221;1\/4&#8243;][vc_single_image image=&#8221;23117&#8243; img_size=&#8221;medium&#8221;][\/vc_column][vc_column width=&#8221;3\/4&#8243;][vc_column_text]<strong>ATEX &amp; IECEx: Chaves de Came Phoenix Ex<\/strong><br \/>\nEquipamento para atmosferas potencialmente explosivas.<\/p>\n<p><strong> | II 2D Ex tb IIIC T85\u00b0C Db | Zona 21-22 (Poeira) | Tamb = -20\u00b0C \/+55\u00b0C | IP65 |<\/strong><\/p>\n<p>Nova Chave Came ATEX e IECEx em caixa de liga de alum\u00ednio pintada em cinza RAL 7035 e amarelo 102C PANTONE, para serem usadas nas zonas 21 e 22 (Poeira) com corrente calculada de 12A \u00e0 40A.<\/p>\n<p><strong>Padr\u00e3o de refer\u00eancia:<\/strong> EN 80079-34, EN 60947-3, EN60079-0, EN60079-31.<br \/>\n<strong>Diretiva:<\/strong> ATEX 2014\/34\/UE.<\/p>\n<p><strong>\u00c1REA DE CLASSIFICA\u00c7\u00c3O \u201cPoeira\u201d:<\/strong><br \/>\n<strong>Zona 21:<\/strong> \u00e1rea em que uma atmosfera explosiva na forma de nuvem de poeira combust\u00edvel no ar provavelmente ocorra ocasionalmente em opera\u00e7\u00e3o normal.<br \/>\n<strong>Zona 22:<\/strong> \u00e1rea em que uma atmosfera explosiva na forma de uma nuvem de poeira combust\u00edvel no ar provavelmente n\u00e3o ocorrer\u00e1 em opera\u00e7\u00e3o normal, mas, se ocorrer, persistir\u00e1 apenas por um curto per\u00edodo.<\/p>\n<p><strong>TIPO DE PROTE\u00c7\u00c3O<\/strong><br \/>\nProte\u00e7\u00e3o por caixas (Ex \u201ctb\u201d).<br \/>\n<strong>MARCA\u00c7\u00c3O<\/strong><br \/>\nEx ta\/tb\/tc Da\/Db\/Dc II 1\/2\/3 D de acordo com IEC 60079-0; 60079-31.<br \/>\n<strong>PRINC\u00cdPIO<\/strong><br \/>\nA caixa \u00e9 vedada com tanta for\u00e7a que n\u00e3o pode entrar poeira combust\u00edvel. A temperatura da superf\u00edcie da caixa externa \u00e9 limitada.<\/p>\n<p><strong>PAR\u00c2METROS DE PROJETO<\/strong><\/p>\n<ul>\n<li>Grau m\u00ednimo de prote\u00e7\u00e3o de acordo com IEC\/EN 60529 \u2265 IP 6X.<\/li>\n<li>\u00c9 poss\u00edvel considerar o ac\u00famulo de poeira na superf\u00edcie e reduzir a temperatura permitida da superf\u00edcie com a camada de poeira \u2265 5 mm.<\/li>\n<\/ul>\n<p><strong>APLICA\u00c7\u00d5ES<\/strong><br \/>\nOs comutadores de came S\u00e9rie PHOENIX Ex podem ser envolvidos em diferentes aplica\u00e7\u00f5es, da ind\u00fastria de automa\u00e7\u00e3o a m\u00e1quinas de alimentos (m\u00e1quinas de caf\u00e9 profissionais, produ\u00e7\u00e3o de massas, engarrafadoras, &#8230;) passando pelo fornecimento de motores, uso em quadros de distribui\u00e7\u00e3o e controles para soldadores profissionais. Gra\u00e7as ao tipo de prote\u00e7\u00e3o que eles podem oferecer, eles podem ser usados \u200b\u200bem \u00e1reas perigosas com atmosferas explosivas em potencial.<\/p>\n<p><strong>LINHAS DE PRODUTOS DISPON\u00cdVEIS<\/strong><\/p>\n<ul>\n<li>PO &amp; PX Series de 12A, 16A e 20A (M\u00e1ximo 3 pastilhas)<\/li>\n<li>C0 &amp; CX Series de 25A, 32A, 40A (M\u00e1ximo 2 pastilhas)<\/li>\n<\/ul>\n<p>A pedido, \u00e9 poss\u00edvel fornecer configura\u00e7\u00f5es el\u00e9tricas especiais (por exemplo: fechamentos el\u00e9tricos, n\u00b0 de posi\u00e7\u00f5es, \u00e2ngulos de comuta\u00e7\u00e3o, etc.)<\/p>\n<p>Baixe a <a href=\"https:\/\/static.giovenzana.com\/attachments\/datasheets\/DS-P0-PX-C0-CX-EX-EN.pdf\">folha de dados t\u00e9cnicos<\/a> e o <a href=\"https:\/\/static.giovenzana.com\/attachments\/leaflets\/13000045.pdf\">manual de instru\u00e7\u00f5es<\/a> para ter mais detalhes para a oportunidade de personaliza\u00e7\u00e3o!<\/p>\n<p>Para mais informa\u00e7\u00f5es, contate nosso Suporte T\u00e9cnico.<br \/>\nE-mail: gcb@giovenzana.com[\/vc_column_text][\/vc_column][\/vc_row][vc_row equal_height=&#8221;yes&#8221; content_placement=&#8221;top&#8221; disable_element=&#8221;yes&#8221;][vc_column width=&#8221;1\/3&#8243; el_id=&#8221;sidebar-filtri&#8221; offset=&#8221;vc_col-md-3&#8243;]<div class=\"ult_row_spacer\"><div class=\"ult-sticky-anchor\"><div class=\"ult-sticky-section ult-sticky \"  data-gutter= '150' data-stick_behaviour= 'stick_with_scroll'  data-sticky_position= 'top' data-mobile='no' data-support='no'>[vc_column_text]<form data-sf-form-id='26280' data-is-rtl='0' data-maintain-state='' data-results-url='https:\/\/www.giovenzana.com\/pt-br\/produtos\/atex-iecex\/comutadores-de-came-phoenix-ex\/' data-ajax-url='https:\/\/www.giovenzana.com\/pt-br\/?sfid=26280&amp;sf_action=get_data&amp;sf_data=all' data-ajax-form-url='https:\/\/www.giovenzana.com\/pt-br\/?sfid=26280&amp;sf_action=get_data&amp;sf_data=form' data-display-result-method='shortcode' data-use-history-api='1' data-template-loaded='0' data-lang-code='pt-br' data-ajax='1' data-ajax-data-type='json' data-ajax-links-selector='.pagination a' data-ajax-target='#search-filter-results-26280' data-ajax-pagination-type='infinite_scroll' data-show-scroll-loader='1' data-infinite-scroll-container='#risultati' data-infinite-scroll-trigger='-100' data-update-ajax-url='0' data-only-results-ajax='1' data-scroll-to-pos='0' data-init-paged='1' data-auto-update='1' data-auto-count='1' data-auto-count-refresh-mode='1' action='https:\/\/www.giovenzana.com\/pt-br\/produtos\/atex-iecex\/comutadores-de-came-phoenix-ex\/' method='post' class='searchandfilter' id='search-filter-form-26280' autocomplete='off' data-instance-count='1'><ul><li class=\"sf-field-search\" data-sf-field-name=\"search\" data-sf-field-type=\"search\" data-sf-field-input-type=\"\">\t\t<label>\n\t\t\t\t   \t\t\t<span class=\"screen-reader-text\">Pesquisar...<\/span><input placeholder=\"Pesquisar...\" name=\"_sf_search[]\" class=\"sf-input-text\" type=\"text\" value=\"\" title=\"Pesquisar...\"><\/label>\t\t<\/li><\/ul><\/form>[\/vc_column_text]<\/div><div class=\"ult-space\"><\/div><\/div><\/div>[\/vc_column][vc_column width=&#8221;2\/3&#8243; offset=&#8221;vc_col-md-9&#8243;][vc_column_text]<div class=\"search-filter-results\" id=\"search-filter-results-26280\"><div style=\"display:block; bottom: 20px; text-align:center; width:100%;  position: absolute;\">No other Results Found<\/div><\/div>[\/vc_column_text][\/vc_column][\/vc_row]<\/p>\n<\/div>","protected":false},"excerpt":{"rendered":"<p>[vc_row][vc_column width=&#8221;1\/4&#8243;][vc_single_image image=&#8221;23117&#8243; img_size=&#8221;medium&#8221;][\/vc_column][vc_column width=&#8221;3\/4&#8243;][vc_column_text]ATEX &amp; IECEx: Chaves de Came Phoenix Ex Equipamento para atmosferas potencialmente explosivas. | II 2D Ex tb IIIC T85\u00b0C Db | Zona 21-22 (Poeira) | Tamb = -20\u00b0C \/+55\u00b0C | IP65 | Nova Chave Came ATEX e IECEx em caixa de liga de alum\u00ednio pintada em cinza RAL 7035 e&hellip;<\/p>\n","protected":false},"author":1,"featured_media":11706,"parent":11705,"menu_order":5,"comment_status":"closed","ping_status":"closed","template":"page-filtri.php","meta":{"_acf_changed":false,"ngg_post_thumbnail":0,"footnotes":""},"class_list":["post-11560","page","type-page","status-publish","has-post-thumbnail","hentry","description-off"],"acf":[],"yoast_head":"<!-- This site is optimized with the Yoast SEO plugin v24.4 - https:\/\/yoast.com\/wordpress\/plugins\/seo\/ -->\n<title>COMUTADORES DE CAME PHOENIX EX &#8211; Giovenzana<\/title>\n<meta name=\"robots\" content=\"index, follow, max-snippet:-1, max-image-preview:large, max-video-preview:-1\" \/>\n<link rel=\"canonical\" href=\"https:\/\/www.giovenzana.com\/pt-br\/produtos\/atex-iecex\/comutadores-de-came-phoenix-ex\/\" \/>\n<meta property=\"og:locale\" content=\"pt_BR\" \/>\n<meta property=\"og:type\" content=\"article\" \/>\n<meta property=\"og:title\" content=\"COMUTADORES DE CAME PHOENIX EX &#8211; Giovenzana\" \/>\n<meta property=\"og:description\" content=\"[vc_row][vc_column width=&#8221;1\/4&#8243;][vc_single_image image=&#8221;23117&#8243; img_size=&#8221;medium&#8221;][\/vc_column][vc_column width=&#8221;3\/4&#8243;][vc_column_text]ATEX &amp; IECEx: Chaves de Came Phoenix Ex Equipamento para atmosferas potencialmente explosivas. | II 2D Ex tb IIIC T85\u00b0C Db | Zona 21-22 (Poeira) | Tamb = -20\u00b0C \/+55\u00b0C | IP65 | Nova Chave Came ATEX e IECEx em caixa de liga de alum\u00ednio pintada em cinza RAL 7035 e&hellip;\" \/>\n<meta property=\"og:url\" content=\"https:\/\/www.giovenzana.com\/pt-br\/produtos\/atex-iecex\/comutadores-de-came-phoenix-ex\/\" \/>\n<meta property=\"og:site_name\" content=\"Giovenzana\" \/>\n<meta property=\"article:publisher\" content=\"https:\/\/www.facebook.com\/giovenzanainternational\" \/>\n<meta property=\"article:modified_time\" content=\"2023-01-20T10:00:30+00:00\" \/>\n<meta property=\"og:image\" content=\"https:\/\/www.giovenzana.com\/wp-content\/uploads\/Atex_Cover.jpg\" \/>\n\t<meta property=\"og:image:width\" content=\"1700\" \/>\n\t<meta property=\"og:image:height\" content=\"200\" \/>\n\t<meta property=\"og:image:type\" content=\"image\/jpeg\" \/>\n<meta name=\"twitter:card\" content=\"summary_large_image\" \/>\n<meta name=\"twitter:label1\" content=\"Est. tempo de leitura\" \/>\n\t<meta name=\"twitter:data1\" content=\"2 minutos\" \/>\n<script type=\"application\/ld+json\" class=\"yoast-schema-graph\">{\"@context\":\"https:\/\/schema.org\",\"@graph\":[{\"@type\":\"WebPage\",\"@id\":\"https:\/\/www.giovenzana.com\/pt-br\/produtos\/atex-iecex\/comutadores-de-came-phoenix-ex\/\",\"url\":\"https:\/\/www.giovenzana.com\/pt-br\/produtos\/atex-iecex\/comutadores-de-came-phoenix-ex\/\",\"name\":\"COMUTADORES DE CAME PHOENIX EX &#8211; Giovenzana\",\"isPartOf\":{\"@id\":\"https:\/\/www.giovenzana.com\/pt-br\/#website\"},\"primaryImageOfPage\":{\"@id\":\"https:\/\/www.giovenzana.com\/pt-br\/produtos\/atex-iecex\/comutadores-de-came-phoenix-ex\/#primaryimage\"},\"image\":{\"@id\":\"https:\/\/www.giovenzana.com\/pt-br\/produtos\/atex-iecex\/comutadores-de-came-phoenix-ex\/#primaryimage\"},\"thumbnailUrl\":\"https:\/\/www.giovenzana.com\/wp-content\/uploads\/Atex_Cover.jpg\",\"datePublished\":\"2019-07-19T10:25:20+00:00\",\"dateModified\":\"2023-01-20T10:00:30+00:00\",\"breadcrumb\":{\"@id\":\"https:\/\/www.giovenzana.com\/pt-br\/produtos\/atex-iecex\/comutadores-de-came-phoenix-ex\/#breadcrumb\"},\"inLanguage\":\"pt-BR\",\"potentialAction\":[{\"@type\":\"ReadAction\",\"target\":[\"https:\/\/www.giovenzana.com\/pt-br\/produtos\/atex-iecex\/comutadores-de-came-phoenix-ex\/\"]}]},{\"@type\":\"ImageObject\",\"inLanguage\":\"pt-BR\",\"@id\":\"https:\/\/www.giovenzana.com\/pt-br\/produtos\/atex-iecex\/comutadores-de-came-phoenix-ex\/#primaryimage\",\"url\":\"https:\/\/www.giovenzana.com\/wp-content\/uploads\/Atex_Cover.jpg\",\"contentUrl\":\"https:\/\/www.giovenzana.com\/wp-content\/uploads\/Atex_Cover.jpg\",\"width\":1700,\"height\":200,\"caption\":\"Giovenzana Cover Atex\"},{\"@type\":\"BreadcrumbList\",\"@id\":\"https:\/\/www.giovenzana.com\/pt-br\/produtos\/atex-iecex\/comutadores-de-came-phoenix-ex\/#breadcrumb\",\"itemListElement\":[{\"@type\":\"ListItem\",\"position\":1,\"name\":\"Home\",\"item\":\"https:\/\/www.giovenzana.com\/pt-br\/\"},{\"@type\":\"ListItem\",\"position\":2,\"name\":\"Produtos\",\"item\":\"https:\/\/www.giovenzana.com\/pt-br\/produtos\/\"},{\"@type\":\"ListItem\",\"position\":3,\"name\":\"ATEX E IECEx\",\"item\":\"https:\/\/www.giovenzana.com\/pt-br\/produtos\/atex-iecex\/\"},{\"@type\":\"ListItem\",\"position\":4,\"name\":\"COMUTADORES DE CAME PHOENIX EX\"}]},{\"@type\":\"WebSite\",\"@id\":\"https:\/\/www.giovenzana.com\/pt-br\/#website\",\"url\":\"https:\/\/www.giovenzana.com\/pt-br\/\",\"name\":\"Giovenzana\",\"description\":\"Piccoli oggetti d\u2019arte di grande tecnologia\",\"publisher\":{\"@id\":\"https:\/\/www.giovenzana.com\/pt-br\/#organization\"},\"potentialAction\":[{\"@type\":\"SearchAction\",\"target\":{\"@type\":\"EntryPoint\",\"urlTemplate\":\"https:\/\/www.giovenzana.com\/pt-br\/?s={search_term_string}\"},\"query-input\":{\"@type\":\"PropertyValueSpecification\",\"valueRequired\":true,\"valueName\":\"search_term_string\"}}],\"inLanguage\":\"pt-BR\"},{\"@type\":\"Organization\",\"@id\":\"https:\/\/www.giovenzana.com\/pt-br\/#organization\",\"name\":\"Giovenzana International B.V.\",\"url\":\"https:\/\/www.giovenzana.com\/pt-br\/\",\"logo\":{\"@type\":\"ImageObject\",\"inLanguage\":\"pt-BR\",\"@id\":\"https:\/\/www.giovenzana.com\/pt-br\/#\/schema\/logo\/image\/\",\"url\":\"https:\/\/www.giovenzana.com\/wp-content\/uploads\/logo-giovenzana-international.png\",\"contentUrl\":\"https:\/\/www.giovenzana.com\/wp-content\/uploads\/logo-giovenzana-international.png\",\"width\":301,\"height\":98,\"caption\":\"Giovenzana International B.V.\"},\"image\":{\"@id\":\"https:\/\/www.giovenzana.com\/pt-br\/#\/schema\/logo\/image\/\"},\"sameAs\":[\"https:\/\/www.facebook.com\/giovenzanainternational\",\"https:\/\/www.linkedin.com\/company\/giovenzanainternational\",\"https:\/\/www.youtube.com\/channel\/UCN-H9aOP26hpeo4zqxpGTxw\"]}]}<\/script>\n<!-- \/ Yoast SEO plugin. -->","yoast_head_json":{"title":"COMUTADORES DE CAME PHOENIX EX &#8211; Giovenzana","robots":{"index":"index","follow":"follow","max-snippet":"max-snippet:-1","max-image-preview":"max-image-preview:large","max-video-preview":"max-video-preview:-1"},"canonical":"https:\/\/www.giovenzana.com\/pt-br\/produtos\/atex-iecex\/comutadores-de-came-phoenix-ex\/","og_locale":"pt_BR","og_type":"article","og_title":"COMUTADORES DE CAME PHOENIX EX &#8211; Giovenzana","og_description":"[vc_row][vc_column width=&#8221;1\/4&#8243;][vc_single_image image=&#8221;23117&#8243; img_size=&#8221;medium&#8221;][\/vc_column][vc_column width=&#8221;3\/4&#8243;][vc_column_text]ATEX &amp; IECEx: Chaves de Came Phoenix Ex Equipamento para atmosferas potencialmente explosivas. | II 2D Ex tb IIIC T85\u00b0C Db | Zona 21-22 (Poeira) | Tamb = -20\u00b0C \/+55\u00b0C | IP65 | Nova Chave Came ATEX e IECEx em caixa de liga de alum\u00ednio pintada em cinza RAL 7035 e&hellip;","og_url":"https:\/\/www.giovenzana.com\/pt-br\/produtos\/atex-iecex\/comutadores-de-came-phoenix-ex\/","og_site_name":"Giovenzana","article_publisher":"https:\/\/www.facebook.com\/giovenzanainternational","article_modified_time":"2023-01-20T10:00:30+00:00","og_image":[{"width":1700,"height":200,"url":"https:\/\/www.giovenzana.com\/wp-content\/uploads\/Atex_Cover.jpg","type":"image\/jpeg"}],"twitter_card":"summary_large_image","twitter_misc":{"Est. tempo de leitura":"2 minutos"},"schema":{"@context":"https:\/\/schema.org","@graph":[{"@type":"WebPage","@id":"https:\/\/www.giovenzana.com\/pt-br\/produtos\/atex-iecex\/comutadores-de-came-phoenix-ex\/","url":"https:\/\/www.giovenzana.com\/pt-br\/produtos\/atex-iecex\/comutadores-de-came-phoenix-ex\/","name":"COMUTADORES DE CAME PHOENIX EX &#8211; Giovenzana","isPartOf":{"@id":"https:\/\/www.giovenzana.com\/pt-br\/#website"},"primaryImageOfPage":{"@id":"https:\/\/www.giovenzana.com\/pt-br\/produtos\/atex-iecex\/comutadores-de-came-phoenix-ex\/#primaryimage"},"image":{"@id":"https:\/\/www.giovenzana.com\/pt-br\/produtos\/atex-iecex\/comutadores-de-came-phoenix-ex\/#primaryimage"},"thumbnailUrl":"https:\/\/www.giovenzana.com\/wp-content\/uploads\/Atex_Cover.jpg","datePublished":"2019-07-19T10:25:20+00:00","dateModified":"2023-01-20T10:00:30+00:00","breadcrumb":{"@id":"https:\/\/www.giovenzana.com\/pt-br\/produtos\/atex-iecex\/comutadores-de-came-phoenix-ex\/#breadcrumb"},"inLanguage":"pt-BR","potentialAction":[{"@type":"ReadAction","target":["https:\/\/www.giovenzana.com\/pt-br\/produtos\/atex-iecex\/comutadores-de-came-phoenix-ex\/"]}]},{"@type":"ImageObject","inLanguage":"pt-BR","@id":"https:\/\/www.giovenzana.com\/pt-br\/produtos\/atex-iecex\/comutadores-de-came-phoenix-ex\/#primaryimage","url":"https:\/\/www.giovenzana.com\/wp-content\/uploads\/Atex_Cover.jpg","contentUrl":"https:\/\/www.giovenzana.com\/wp-content\/uploads\/Atex_Cover.jpg","width":1700,"height":200,"caption":"Giovenzana Cover Atex"},{"@type":"BreadcrumbList","@id":"https:\/\/www.giovenzana.com\/pt-br\/produtos\/atex-iecex\/comutadores-de-came-phoenix-ex\/#breadcrumb","itemListElement":[{"@type":"ListItem","position":1,"name":"Home","item":"https:\/\/www.giovenzana.com\/pt-br\/"},{"@type":"ListItem","position":2,"name":"Produtos","item":"https:\/\/www.giovenzana.com\/pt-br\/produtos\/"},{"@type":"ListItem","position":3,"name":"ATEX E IECEx","item":"https:\/\/www.giovenzana.com\/pt-br\/produtos\/atex-iecex\/"},{"@type":"ListItem","position":4,"name":"COMUTADORES DE CAME PHOENIX EX"}]},{"@type":"WebSite","@id":"https:\/\/www.giovenzana.com\/pt-br\/#website","url":"https:\/\/www.giovenzana.com\/pt-br\/","name":"Giovenzana","description":"Piccoli oggetti d\u2019arte di grande tecnologia","publisher":{"@id":"https:\/\/www.giovenzana.com\/pt-br\/#organization"},"potentialAction":[{"@type":"SearchAction","target":{"@type":"EntryPoint","urlTemplate":"https:\/\/www.giovenzana.com\/pt-br\/?s={search_term_string}"},"query-input":{"@type":"PropertyValueSpecification","valueRequired":true,"valueName":"search_term_string"}}],"inLanguage":"pt-BR"},{"@type":"Organization","@id":"https:\/\/www.giovenzana.com\/pt-br\/#organization","name":"Giovenzana International B.V.","url":"https:\/\/www.giovenzana.com\/pt-br\/","logo":{"@type":"ImageObject","inLanguage":"pt-BR","@id":"https:\/\/www.giovenzana.com\/pt-br\/#\/schema\/logo\/image\/","url":"https:\/\/www.giovenzana.com\/wp-content\/uploads\/logo-giovenzana-international.png","contentUrl":"https:\/\/www.giovenzana.com\/wp-content\/uploads\/logo-giovenzana-international.png","width":301,"height":98,"caption":"Giovenzana International B.V."},"image":{"@id":"https:\/\/www.giovenzana.com\/pt-br\/#\/schema\/logo\/image\/"},"sameAs":["https:\/\/www.facebook.com\/giovenzanainternational","https:\/\/www.linkedin.com\/company\/giovenzanainternational","https:\/\/www.youtube.com\/channel\/UCN-H9aOP26hpeo4zqxpGTxw"]}]}},"_links":{"self":[{"href":"https:\/\/www.giovenzana.com\/pt-br\/wp-json\/wp\/v2\/pages\/11560","targetHints":{"allow":["GET"]}}],"collection":[{"href":"https:\/\/www.giovenzana.com\/pt-br\/wp-json\/wp\/v2\/pages"}],"about":[{"href":"https:\/\/www.giovenzana.com\/pt-br\/wp-json\/wp\/v2\/types\/page"}],"author":[{"embeddable":true,"href":"https:\/\/www.giovenzana.com\/pt-br\/wp-json\/wp\/v2\/users\/1"}],"replies":[{"embeddable":true,"href":"https:\/\/www.giovenzana.com\/pt-br\/wp-json\/wp\/v2\/comments?post=11560"}],"version-history":[{"count":7,"href":"https:\/\/www.giovenzana.com\/pt-br\/wp-json\/wp\/v2\/pages\/11560\/revisions"}],"predecessor-version":[{"id":46446,"href":"https:\/\/www.giovenzana.com\/pt-br\/wp-json\/wp\/v2\/pages\/11560\/revisions\/46446"}],"up":[{"embeddable":true,"href":"https:\/\/www.giovenzana.com\/pt-br\/wp-json\/wp\/v2\/pages\/11705"}],"wp:featuredmedia":[{"embeddable":true,"href":"https:\/\/www.giovenzana.com\/pt-br\/wp-json\/wp\/v2\/media\/11706"}],"wp:attachment":[{"href":"https:\/\/www.giovenzana.com\/pt-br\/wp-json\/wp\/v2\/media?parent=11560"}],"curies":[{"name":"wp","href":"https:\/\/api.w.org\/{rel}","templated":true}]}}