{"id":11565,"date":"2019-07-19T12:16:26","date_gmt":"2019-07-19T10:16:26","guid":{"rendered":"https:\/\/www.giovenzana.com\/caixas-regolus-ex\/"},"modified":"2023-01-20T10:47:30","modified_gmt":"2023-01-20T09:47:30","slug":"caixas-regolus-ex","status":"publish","type":"page","link":"https:\/\/www.giovenzana.com\/pt-br\/produtos\/atex-iecex\/caixas-regolus-ex\/","title":{"rendered":"CAIXAS REGOLUS Ex"},"content":{"rendered":"<div class=\"wpb-content-wrapper\"><p>[vc_row][vc_column][vc_column_text]<strong>ATEX &amp; IECEx: Caixas Regolus Ex<\/strong><br \/>\nEquipamento para atmosferas potencialmente explosivas.<\/p>\n<p><strong>| II 2G Ex e IIC Gb &#8211; II 2D Ex tb IIIC Db | Zona 1-2-21-22 (G\u00e1s &amp; Poeira) | Tamb = -60\u00b0C \/+150\u00b0C | IP65 |<\/strong><\/p>\n<p>Novas Caixas Regolus Ex s\u00e3o gabinetes cegos de liga de alum\u00ednio para uso em ambientes com risco de explos\u00e3o de acordo com a Diretiva ATEX 2014\/34\/UE. Essas caixas devem ser considerados componentes. Os componentes requerem certifica\u00e7\u00e3o \/ declara\u00e7\u00e3o subsequente pelo usu\u00e1rio.<br \/>\nA tampa \u00e9 presa \u00e0 caixa com parafusos de a\u00e7o inoxid\u00e1vel, a estanqueidade \u00e9 garantida por uma veda\u00e7\u00e3o de silicone que permite manter um grau de prote\u00e7\u00e3o IP65. Os cont\u00eaineres s\u00e3o fornecidos em vers\u00f5es diferentes, dependendo do tamanho da caixa de metal (e, portanto, da pot\u00eancia m\u00e1xima que pode ser dissipada) e das cores fornecidas.<br \/>\nA marca ATEX (ATmospheres EXplosives) refere-se a duas diretivas europ\u00e9ias relativas ao risco de deflagra\u00e7\u00e3o em atmosferas potencialmente explosivas.<\/p>\n<p><strong>\u00c1REA DE CLASSIFICA\u00c7\u00c3O \u201cG\u00e1s\u201d<\/strong><br \/>\n<strong>Zona 1:<\/strong> local em que uma atmosfera explosiva que consiste em uma mistura com ar de subst\u00e2ncias inflam\u00e1veis \u200b\u200bna forma de g\u00e1s, vapor ou n\u00e9voa \u00e9 prov\u00e1vel que ocorra ocasionalmente em opera\u00e7\u00e3o normal.<br \/>\n<strong>Zona 2:<\/strong> local em que n\u00e3o \u00e9 prov\u00e1vel que ocorra uma atmosfera explosiva que consiste em uma mistura com ar de subst\u00e2ncias inflam\u00e1veis \u200b\u200bna forma de g\u00e1s, vapor ou n\u00e9voa, em opera\u00e7\u00e3o normal, mas, se ocorrer, persistir\u00e1 apenas por um curto per\u00edodo.<\/p>\n<p><strong>\u00c1REA DE CLASSIFICA\u00c7\u00c3O \u201cPoeira\u201d:<\/strong><br \/>\n<strong>Zona 21:<\/strong> \u00e1rea em que uma atmosfera explosiva na forma de nuvem de poeira combust\u00edvel no ar provavelmente ocorra ocasionalmente em opera\u00e7\u00e3o normal.<br \/>\n<strong>Zona 22:<\/strong> \u00e1rea em que uma atmosfera explosiva na forma de uma nuvem de poeira combust\u00edvel no ar provavelmente n\u00e3o ocorrer\u00e1 em opera\u00e7\u00e3o normal, mas, se ocorrer, persistir\u00e1 apenas por um curto per\u00edodo.<\/p>\n<p><strong>TIPO DE PROTE\u00c7\u00c3O<\/strong><br \/>\nSeguran\u00e7a aumentada (Ex \u201ce\u201d)<br \/>\nProte\u00e7\u00e3o por caixas (Ex \u201ctb\u201d)<br \/>\n<strong>MARCA\u00c7\u00c3O<\/strong><br \/>\nEx e Gb II 2G &#8211; Ex tb IIIC Db em conformidade com IEC 60079-0, 60079-31, 60079-7.<br \/>\n<strong>PRINC\u00cdPIO<\/strong><br \/>\nMedidas adicionais fornecem um n\u00edvel mais alto de prote\u00e7\u00e3o. Isso garante uma preven\u00e7\u00e3o confi\u00e1vel de temperaturas e fa\u00edscas ou arcos el\u00e9tricos inviavelmente altos, tanto na parte interna quanto na externa do equipamento el\u00e9trico, cuja opera\u00e7\u00e3o normal n\u00e3o envolve fa\u00edscas ou arco com temperaturas muito altas.<br \/>\n<strong>PAR\u00c2METROS DE PROJETO<\/strong><\/p>\n<ul>\n<li>Para pe\u00e7as ativas n\u00e3o isoladas, aplicam-se requisitos especiais de prote\u00e7\u00e3o.<\/li>\n<li>As brechas de ar e de flu\u00eancia s\u00e3o maiores do que geralmente \u00e9 o caso na ind\u00fastria. Condi\u00e7\u00f5es especiais se aplicam ao grau de prote\u00e7\u00e3o IP a ser respeitado.<\/li>\n<li>Para os enrolamentos, seu design, resist\u00eancia mec\u00e2nica e isolamento, aplicam-se requisitos mais altos e os enrolamentos devem ser protegidos contra temperaturas elevadas.<\/li>\n<li>Se\u00e7\u00f5es m\u00ednimas s\u00e3o estipuladas para enrolamento de arame, impregna\u00e7\u00e3o e refor\u00e7o de bobinas e para equipamentos de monitoramento t\u00e9rmico.<\/li>\n<\/ul>\n<p><strong>APLICA\u00c7\u00d5ES<\/strong><br \/>\nMaterial de instala\u00e7\u00e3o, como caixas de jun\u00e7\u00e3o, gabinetes de conex\u00e3o para sistemas de aquecimento, baterias, transformadores, reatores e motores de gaiola.[\/vc_column_text][vc_empty_space height=&#8221;20px&#8221;][\/vc_column][\/vc_row][vc_row equal_height=&#8221;yes&#8221; content_placement=&#8221;top&#8221;][vc_column width=&#8221;1\/3&#8243; el_id=&#8221;sidebar-filtri&#8221; offset=&#8221;vc_col-md-3&#8243;]<div class=\"ult_row_spacer\"><div class=\"ult-sticky-anchor\"><div class=\"ult-sticky-section ult-sticky \"  data-gutter= '150' data-stick_behaviour= 'stick_with_scroll'  data-sticky_position= 'top' data-mobile='no' data-support='no'>[vc_column_text]<form data-sf-form-id='26274' data-is-rtl='0' data-maintain-state='' data-results-url='https:\/\/www.giovenzana.com\/pt-br\/produtos\/atex-iecex\/caixas-regolus-ex\/' data-ajax-url='https:\/\/www.giovenzana.com\/pt-br\/?sfid=26274&amp;sf_action=get_data&amp;sf_data=all' data-ajax-form-url='https:\/\/www.giovenzana.com\/pt-br\/?sfid=26274&amp;sf_action=get_data&amp;sf_data=form' data-display-result-method='shortcode' data-use-history-api='1' data-template-loaded='0' data-lang-code='pt-br' data-ajax='1' data-ajax-data-type='json' data-ajax-links-selector='.pagination a' data-ajax-target='#search-filter-results-26274' data-ajax-pagination-type='infinite_scroll' data-show-scroll-loader='1' data-infinite-scroll-container='#risultati' data-infinite-scroll-trigger='-100' data-update-ajax-url='0' data-only-results-ajax='1' data-scroll-to-pos='0' data-init-paged='1' data-auto-update='1' data-auto-count='1' data-auto-count-refresh-mode='1' action='https:\/\/www.giovenzana.com\/pt-br\/produtos\/atex-iecex\/caixas-regolus-ex\/' method='post' class='searchandfilter' id='search-filter-form-26274' autocomplete='off' data-instance-count='1'><ul><li class=\"sf-field-search\" data-sf-field-name=\"search\" data-sf-field-type=\"search\" data-sf-field-input-type=\"\">\t\t<label>\n\t\t\t\t   \t\t\t<span class=\"screen-reader-text\">Pesquisar...<\/span><input placeholder=\"Pesquisar...\" name=\"_sf_search[]\" class=\"sf-input-text\" type=\"text\" value=\"\" title=\"Pesquisar...\"><\/label>\t\t<\/li><\/ul><\/form>[\/vc_column_text]<\/div><div class=\"ult-space\"><\/div><\/div><\/div>[\/vc_column][vc_column width=&#8221;2\/3&#8243; offset=&#8221;vc_col-md-9&#8243;][vc_column_text]<div class=\"search-filter-results\" id=\"search-filter-results-26274\">\t<div class=\"esitoRisu\">\t\t\n\t\tEncontrado 4 resultados\t\n\t\t\t\t\n\t<\/div>\n\n\t \n\n\n\n\n\n\n\n\n\t<div id=\"risultati\">\n\t\t\t\n\t\t<div class=\"vc_column-inner vc_col-xs-6 vc_col-md-4 filter-item\">\n            <div>\n                <a href=\"https:\/\/www.giovenzana.com\/pt-br\/componente\/bna-8ngex\/\">\n                    <img loading=\"lazy\" decoding=\"async\" width=\"250\" height=\"250\" src=\"https:\/\/www.giovenzana.com\/wp-content\/uploads\/BNA_8NGEX-300x300.jpg\" class=\"attachment-250x250 size-250x250 wp-post-image\" alt=\"BNA\/8NGEX\" \/>\n\n                                        <span class=\"postProd com \">componente<\/span>\n\n                    <span class=\"titoloProd\">BNA\/8NGEX<\/span>\n\n                    <!--se componente Cam Switches mostrare il mounting-->\n                     \n\n                    <!-- se prodotto \u00e8 nuovo mostrare etichetta -->\n                    \n\n                    <!--<p class=\"riassuntoProd\"><\/p>-->\n                                    <\/a>\n            <\/div>\n        <\/div>\n\t\t\n\t\t\t\t\n\t\t<div class=\"vc_column-inner vc_col-xs-6 vc_col-md-4 filter-item\">\n            <div>\n                <a href=\"https:\/\/www.giovenzana.com\/pt-br\/componente\/bna-8nyex\/\">\n                    <img loading=\"lazy\" decoding=\"async\" width=\"250\" height=\"250\" src=\"https:\/\/www.giovenzana.com\/wp-content\/uploads\/BNA_8NYEX-300x300.jpg\" class=\"attachment-250x250 size-250x250 wp-post-image\" alt=\"BNA\/8NYEX\" \/>\n\n                                        <span class=\"postProd com \">componente<\/span>\n\n                    <span class=\"titoloProd\">BNA\/8NYEX<\/span>\n\n                    <!--se componente Cam Switches mostrare il mounting-->\n                     \n\n                    <!-- se prodotto \u00e8 nuovo mostrare etichetta -->\n                    \n\n                    <!--<p class=\"riassuntoProd\"><\/p>-->\n                                    <\/a>\n            <\/div>\n        <\/div>\n\t\t\n\t\t\t\t\n\t\t<div class=\"vc_column-inner vc_col-xs-6 vc_col-md-4 filter-item\">\n            <div>\n                <a href=\"https:\/\/www.giovenzana.com\/pt-br\/componente\/bnb-8ngex\/\">\n                    <img loading=\"lazy\" decoding=\"async\" width=\"250\" height=\"250\" src=\"https:\/\/www.giovenzana.com\/wp-content\/uploads\/BNB_8NGEX-300x300.jpg\" class=\"attachment-250x250 size-250x250 wp-post-image\" alt=\"BNB\/8NGEX\" \/>\n\n                                        <span class=\"postProd com \">componente<\/span>\n\n                    <span class=\"titoloProd\">BNB\/8NGEX<\/span>\n\n                    <!--se componente Cam Switches mostrare il mounting-->\n                     \n\n                    <!-- se prodotto \u00e8 nuovo mostrare etichetta -->\n                    \n\n                    <!--<p class=\"riassuntoProd\"><\/p>-->\n                                    <\/a>\n            <\/div>\n        <\/div>\n\t\t\n\t\t\t\t\n\t\t<div class=\"vc_column-inner vc_col-xs-6 vc_col-md-4 filter-item\">\n            <div>\n                <a href=\"https:\/\/www.giovenzana.com\/pt-br\/componente\/bnb-8nyex\/\">\n                    <img loading=\"lazy\" decoding=\"async\" width=\"250\" height=\"250\" src=\"https:\/\/www.giovenzana.com\/wp-content\/uploads\/BNB_8NYEX-300x300.jpg\" class=\"attachment-250x250 size-250x250 wp-post-image\" alt=\"BNB\/8NYEX\" \/>\n\n                                        <span class=\"postProd com \">componente<\/span>\n\n                    <span class=\"titoloProd\">BNB\/8NYEX<\/span>\n\n                    <!--se componente Cam Switches mostrare il mounting-->\n                     \n\n                    <!-- se prodotto \u00e8 nuovo mostrare etichetta -->\n                    \n\n                    <!--<p class=\"riassuntoProd\"><\/p>-->\n                                    <\/a>\n            <\/div>\n        <\/div>\n\t\t\n\t\t\t<\/div>\n\n\n\n\n\n\n\n\n\t\n\n\t<\/div>[\/vc_column_text][\/vc_column][\/vc_row]<\/p>\n<\/div>","protected":false},"excerpt":{"rendered":"<p>[vc_row][vc_column][vc_column_text]ATEX &amp; IECEx: Caixas Regolus Ex Equipamento para atmosferas potencialmente explosivas. | II 2G Ex e IIC Gb &#8211; II 2D Ex tb IIIC Db | Zona 1-2-21-22 (G\u00e1s &amp; Poeira) | Tamb = -60\u00b0C \/+150\u00b0C | IP65 | Novas Caixas Regolus Ex s\u00e3o gabinetes cegos de liga de alum\u00ednio para uso em ambientes com&hellip;<\/p>\n","protected":false},"author":1,"featured_media":11706,"parent":11705,"menu_order":2,"comment_status":"closed","ping_status":"closed","template":"page-filtri.php","meta":{"_acf_changed":false,"ngg_post_thumbnail":0,"footnotes":""},"class_list":["post-11565","page","type-page","status-publish","has-post-thumbnail","hentry","description-off"],"acf":[],"yoast_head":"<!-- This site is optimized with the Yoast SEO plugin v24.4 - https:\/\/yoast.com\/wordpress\/plugins\/seo\/ -->\n<title>CAIXAS REGOLUS Ex &#8211; Giovenzana<\/title>\n<meta name=\"robots\" content=\"index, follow, max-snippet:-1, max-image-preview:large, max-video-preview:-1\" \/>\n<link rel=\"canonical\" href=\"https:\/\/www.giovenzana.com\/pt-br\/produtos\/atex-iecex\/caixas-regolus-ex\/\" \/>\n<meta property=\"og:locale\" content=\"pt_BR\" \/>\n<meta property=\"og:type\" content=\"article\" \/>\n<meta property=\"og:title\" content=\"CAIXAS REGOLUS Ex &#8211; Giovenzana\" \/>\n<meta property=\"og:description\" content=\"[vc_row][vc_column][vc_column_text]ATEX &amp; IECEx: Caixas Regolus Ex Equipamento para atmosferas potencialmente explosivas. | II 2G Ex e IIC Gb &#8211; II 2D Ex tb IIIC Db | Zona 1-2-21-22 (G\u00e1s &amp; Poeira) | Tamb = -60\u00b0C \/+150\u00b0C | IP65 | Novas Caixas Regolus Ex s\u00e3o gabinetes cegos de liga de alum\u00ednio para uso em ambientes com&hellip;\" \/>\n<meta property=\"og:url\" content=\"https:\/\/www.giovenzana.com\/pt-br\/produtos\/atex-iecex\/caixas-regolus-ex\/\" \/>\n<meta property=\"og:site_name\" content=\"Giovenzana\" \/>\n<meta property=\"article:publisher\" content=\"https:\/\/www.facebook.com\/giovenzanainternational\" \/>\n<meta property=\"article:modified_time\" content=\"2023-01-20T09:47:30+00:00\" \/>\n<meta property=\"og:image\" content=\"https:\/\/www.giovenzana.com\/wp-content\/uploads\/Atex_Cover.jpg\" \/>\n\t<meta property=\"og:image:width\" content=\"1700\" \/>\n\t<meta property=\"og:image:height\" content=\"200\" \/>\n\t<meta property=\"og:image:type\" content=\"image\/jpeg\" \/>\n<meta name=\"twitter:card\" content=\"summary_large_image\" \/>\n<meta name=\"twitter:label1\" content=\"Est. tempo de leitura\" \/>\n\t<meta name=\"twitter:data1\" content=\"3 minutos\" \/>\n<script type=\"application\/ld+json\" class=\"yoast-schema-graph\">{\"@context\":\"https:\/\/schema.org\",\"@graph\":[{\"@type\":\"WebPage\",\"@id\":\"https:\/\/www.giovenzana.com\/pt-br\/produtos\/atex-iecex\/caixas-regolus-ex\/\",\"url\":\"https:\/\/www.giovenzana.com\/pt-br\/produtos\/atex-iecex\/caixas-regolus-ex\/\",\"name\":\"CAIXAS REGOLUS Ex &#8211; Giovenzana\",\"isPartOf\":{\"@id\":\"https:\/\/www.giovenzana.com\/pt-br\/#website\"},\"primaryImageOfPage\":{\"@id\":\"https:\/\/www.giovenzana.com\/pt-br\/produtos\/atex-iecex\/caixas-regolus-ex\/#primaryimage\"},\"image\":{\"@id\":\"https:\/\/www.giovenzana.com\/pt-br\/produtos\/atex-iecex\/caixas-regolus-ex\/#primaryimage\"},\"thumbnailUrl\":\"https:\/\/www.giovenzana.com\/wp-content\/uploads\/Atex_Cover.jpg\",\"datePublished\":\"2019-07-19T10:16:26+00:00\",\"dateModified\":\"2023-01-20T09:47:30+00:00\",\"breadcrumb\":{\"@id\":\"https:\/\/www.giovenzana.com\/pt-br\/produtos\/atex-iecex\/caixas-regolus-ex\/#breadcrumb\"},\"inLanguage\":\"pt-BR\",\"potentialAction\":[{\"@type\":\"ReadAction\",\"target\":[\"https:\/\/www.giovenzana.com\/pt-br\/produtos\/atex-iecex\/caixas-regolus-ex\/\"]}]},{\"@type\":\"ImageObject\",\"inLanguage\":\"pt-BR\",\"@id\":\"https:\/\/www.giovenzana.com\/pt-br\/produtos\/atex-iecex\/caixas-regolus-ex\/#primaryimage\",\"url\":\"https:\/\/www.giovenzana.com\/wp-content\/uploads\/Atex_Cover.jpg\",\"contentUrl\":\"https:\/\/www.giovenzana.com\/wp-content\/uploads\/Atex_Cover.jpg\",\"width\":1700,\"height\":200,\"caption\":\"Giovenzana Cover Atex\"},{\"@type\":\"BreadcrumbList\",\"@id\":\"https:\/\/www.giovenzana.com\/pt-br\/produtos\/atex-iecex\/caixas-regolus-ex\/#breadcrumb\",\"itemListElement\":[{\"@type\":\"ListItem\",\"position\":1,\"name\":\"Home\",\"item\":\"https:\/\/www.giovenzana.com\/pt-br\/\"},{\"@type\":\"ListItem\",\"position\":2,\"name\":\"Produtos\",\"item\":\"https:\/\/www.giovenzana.com\/pt-br\/produtos\/\"},{\"@type\":\"ListItem\",\"position\":3,\"name\":\"ATEX E IECEx\",\"item\":\"https:\/\/www.giovenzana.com\/pt-br\/produtos\/atex-iecex\/\"},{\"@type\":\"ListItem\",\"position\":4,\"name\":\"CAIXAS REGOLUS Ex\"}]},{\"@type\":\"WebSite\",\"@id\":\"https:\/\/www.giovenzana.com\/pt-br\/#website\",\"url\":\"https:\/\/www.giovenzana.com\/pt-br\/\",\"name\":\"Giovenzana\",\"description\":\"Piccoli oggetti d\u2019arte di grande tecnologia\",\"publisher\":{\"@id\":\"https:\/\/www.giovenzana.com\/pt-br\/#organization\"},\"potentialAction\":[{\"@type\":\"SearchAction\",\"target\":{\"@type\":\"EntryPoint\",\"urlTemplate\":\"https:\/\/www.giovenzana.com\/pt-br\/?s={search_term_string}\"},\"query-input\":{\"@type\":\"PropertyValueSpecification\",\"valueRequired\":true,\"valueName\":\"search_term_string\"}}],\"inLanguage\":\"pt-BR\"},{\"@type\":\"Organization\",\"@id\":\"https:\/\/www.giovenzana.com\/pt-br\/#organization\",\"name\":\"Giovenzana International B.V.\",\"url\":\"https:\/\/www.giovenzana.com\/pt-br\/\",\"logo\":{\"@type\":\"ImageObject\",\"inLanguage\":\"pt-BR\",\"@id\":\"https:\/\/www.giovenzana.com\/pt-br\/#\/schema\/logo\/image\/\",\"url\":\"https:\/\/www.giovenzana.com\/wp-content\/uploads\/logo-giovenzana-international.png\",\"contentUrl\":\"https:\/\/www.giovenzana.com\/wp-content\/uploads\/logo-giovenzana-international.png\",\"width\":301,\"height\":98,\"caption\":\"Giovenzana International B.V.\"},\"image\":{\"@id\":\"https:\/\/www.giovenzana.com\/pt-br\/#\/schema\/logo\/image\/\"},\"sameAs\":[\"https:\/\/www.facebook.com\/giovenzanainternational\",\"https:\/\/www.linkedin.com\/company\/giovenzanainternational\",\"https:\/\/www.youtube.com\/channel\/UCN-H9aOP26hpeo4zqxpGTxw\"]}]}<\/script>\n<!-- \/ Yoast SEO plugin. -->","yoast_head_json":{"title":"CAIXAS REGOLUS Ex &#8211; Giovenzana","robots":{"index":"index","follow":"follow","max-snippet":"max-snippet:-1","max-image-preview":"max-image-preview:large","max-video-preview":"max-video-preview:-1"},"canonical":"https:\/\/www.giovenzana.com\/pt-br\/produtos\/atex-iecex\/caixas-regolus-ex\/","og_locale":"pt_BR","og_type":"article","og_title":"CAIXAS REGOLUS Ex &#8211; Giovenzana","og_description":"[vc_row][vc_column][vc_column_text]ATEX &amp; IECEx: Caixas Regolus Ex Equipamento para atmosferas potencialmente explosivas. | II 2G Ex e IIC Gb &#8211; II 2D Ex tb IIIC Db | Zona 1-2-21-22 (G\u00e1s &amp; Poeira) | Tamb = -60\u00b0C \/+150\u00b0C | IP65 | Novas Caixas Regolus Ex s\u00e3o gabinetes cegos de liga de alum\u00ednio para uso em ambientes com&hellip;","og_url":"https:\/\/www.giovenzana.com\/pt-br\/produtos\/atex-iecex\/caixas-regolus-ex\/","og_site_name":"Giovenzana","article_publisher":"https:\/\/www.facebook.com\/giovenzanainternational","article_modified_time":"2023-01-20T09:47:30+00:00","og_image":[{"width":1700,"height":200,"url":"https:\/\/www.giovenzana.com\/wp-content\/uploads\/Atex_Cover.jpg","type":"image\/jpeg"}],"twitter_card":"summary_large_image","twitter_misc":{"Est. tempo de leitura":"3 minutos"},"schema":{"@context":"https:\/\/schema.org","@graph":[{"@type":"WebPage","@id":"https:\/\/www.giovenzana.com\/pt-br\/produtos\/atex-iecex\/caixas-regolus-ex\/","url":"https:\/\/www.giovenzana.com\/pt-br\/produtos\/atex-iecex\/caixas-regolus-ex\/","name":"CAIXAS REGOLUS Ex &#8211; Giovenzana","isPartOf":{"@id":"https:\/\/www.giovenzana.com\/pt-br\/#website"},"primaryImageOfPage":{"@id":"https:\/\/www.giovenzana.com\/pt-br\/produtos\/atex-iecex\/caixas-regolus-ex\/#primaryimage"},"image":{"@id":"https:\/\/www.giovenzana.com\/pt-br\/produtos\/atex-iecex\/caixas-regolus-ex\/#primaryimage"},"thumbnailUrl":"https:\/\/www.giovenzana.com\/wp-content\/uploads\/Atex_Cover.jpg","datePublished":"2019-07-19T10:16:26+00:00","dateModified":"2023-01-20T09:47:30+00:00","breadcrumb":{"@id":"https:\/\/www.giovenzana.com\/pt-br\/produtos\/atex-iecex\/caixas-regolus-ex\/#breadcrumb"},"inLanguage":"pt-BR","potentialAction":[{"@type":"ReadAction","target":["https:\/\/www.giovenzana.com\/pt-br\/produtos\/atex-iecex\/caixas-regolus-ex\/"]}]},{"@type":"ImageObject","inLanguage":"pt-BR","@id":"https:\/\/www.giovenzana.com\/pt-br\/produtos\/atex-iecex\/caixas-regolus-ex\/#primaryimage","url":"https:\/\/www.giovenzana.com\/wp-content\/uploads\/Atex_Cover.jpg","contentUrl":"https:\/\/www.giovenzana.com\/wp-content\/uploads\/Atex_Cover.jpg","width":1700,"height":200,"caption":"Giovenzana Cover Atex"},{"@type":"BreadcrumbList","@id":"https:\/\/www.giovenzana.com\/pt-br\/produtos\/atex-iecex\/caixas-regolus-ex\/#breadcrumb","itemListElement":[{"@type":"ListItem","position":1,"name":"Home","item":"https:\/\/www.giovenzana.com\/pt-br\/"},{"@type":"ListItem","position":2,"name":"Produtos","item":"https:\/\/www.giovenzana.com\/pt-br\/produtos\/"},{"@type":"ListItem","position":3,"name":"ATEX E IECEx","item":"https:\/\/www.giovenzana.com\/pt-br\/produtos\/atex-iecex\/"},{"@type":"ListItem","position":4,"name":"CAIXAS REGOLUS Ex"}]},{"@type":"WebSite","@id":"https:\/\/www.giovenzana.com\/pt-br\/#website","url":"https:\/\/www.giovenzana.com\/pt-br\/","name":"Giovenzana","description":"Piccoli oggetti d\u2019arte di grande tecnologia","publisher":{"@id":"https:\/\/www.giovenzana.com\/pt-br\/#organization"},"potentialAction":[{"@type":"SearchAction","target":{"@type":"EntryPoint","urlTemplate":"https:\/\/www.giovenzana.com\/pt-br\/?s={search_term_string}"},"query-input":{"@type":"PropertyValueSpecification","valueRequired":true,"valueName":"search_term_string"}}],"inLanguage":"pt-BR"},{"@type":"Organization","@id":"https:\/\/www.giovenzana.com\/pt-br\/#organization","name":"Giovenzana International B.V.","url":"https:\/\/www.giovenzana.com\/pt-br\/","logo":{"@type":"ImageObject","inLanguage":"pt-BR","@id":"https:\/\/www.giovenzana.com\/pt-br\/#\/schema\/logo\/image\/","url":"https:\/\/www.giovenzana.com\/wp-content\/uploads\/logo-giovenzana-international.png","contentUrl":"https:\/\/www.giovenzana.com\/wp-content\/uploads\/logo-giovenzana-international.png","width":301,"height":98,"caption":"Giovenzana International B.V."},"image":{"@id":"https:\/\/www.giovenzana.com\/pt-br\/#\/schema\/logo\/image\/"},"sameAs":["https:\/\/www.facebook.com\/giovenzanainternational","https:\/\/www.linkedin.com\/company\/giovenzanainternational","https:\/\/www.youtube.com\/channel\/UCN-H9aOP26hpeo4zqxpGTxw"]}]}},"_links":{"self":[{"href":"https:\/\/www.giovenzana.com\/pt-br\/wp-json\/wp\/v2\/pages\/11565","targetHints":{"allow":["GET"]}}],"collection":[{"href":"https:\/\/www.giovenzana.com\/pt-br\/wp-json\/wp\/v2\/pages"}],"about":[{"href":"https:\/\/www.giovenzana.com\/pt-br\/wp-json\/wp\/v2\/types\/page"}],"author":[{"embeddable":true,"href":"https:\/\/www.giovenzana.com\/pt-br\/wp-json\/wp\/v2\/users\/1"}],"replies":[{"embeddable":true,"href":"https:\/\/www.giovenzana.com\/pt-br\/wp-json\/wp\/v2\/comments?post=11565"}],"version-history":[{"count":4,"href":"https:\/\/www.giovenzana.com\/pt-br\/wp-json\/wp\/v2\/pages\/11565\/revisions"}],"predecessor-version":[{"id":19695,"href":"https:\/\/www.giovenzana.com\/pt-br\/wp-json\/wp\/v2\/pages\/11565\/revisions\/19695"}],"up":[{"embeddable":true,"href":"https:\/\/www.giovenzana.com\/pt-br\/wp-json\/wp\/v2\/pages\/11705"}],"wp:featuredmedia":[{"embeddable":true,"href":"https:\/\/www.giovenzana.com\/pt-br\/wp-json\/wp\/v2\/media\/11706"}],"wp:attachment":[{"href":"https:\/\/www.giovenzana.com\/pt-br\/wp-json\/wp\/v2\/media?parent=11565"}],"curies":[{"name":"wp","href":"https:\/\/api.w.org\/{rel}","templated":true}]}}