{"id":12679,"date":"2018-12-13T14:58:42","date_gmt":"2018-12-13T13:58:42","guid":{"rendered":"https:\/\/www.giovenzana.com\/produtos\/automacao\/"},"modified":"2023-01-17T11:59:57","modified_gmt":"2023-01-17T10:59:57","slug":"automacao","status":"publish","type":"page","link":"https:\/\/www.giovenzana.com\/pt-br\/produtos\/automacao\/","title":{"rendered":"Automa\u00e7\u00e3o"},"content":{"rendered":"<div class=\"wpb-content-wrapper\"><p>[vc_row][vc_column][vc_column_text]<strong>GIOVENZANA INTERNATIONAL B.V.<\/strong> projeta, fabrica e comercializa produtos inovadores para fornecer efici\u00eancias operacionais\/de fabrica\u00e7\u00e3o, solu\u00e7\u00f5es econ\u00f4micas e produtos de alta qualidade exigidos pelo mercado de automa\u00e7\u00e3o industrial atual.<\/p>\n<p>As solu\u00e7\u00f5es da Giovenzana em <strong>AUTOMA\u00c7\u00c3O<\/strong> incluem:<\/p>\n<ul>\n<li><strong>Chaves de Came Phoenix<\/strong> de 12A \u00e0 200A;<\/li>\n<li><strong>Chaves Seccionadoras Regolus<\/strong> de 32A \u00e0 160A;<\/li>\n<li>Controles Auxiliares <strong>S\u00e9ries Pegasus, Orion &amp; NEMA<\/strong> ;<\/li>\n<li><strong>Chaves Limite<\/strong> termopl\u00e1sticas, com reset manual, chaves fim de curso de seguran\u00e7a, M12 e chaves fim de curso termopl\u00e1sticas pr\u00e9-cabeadas;<\/li>\n<li><strong>Micro interruptores<\/strong>;<\/li>\n<li><strong>Pedaleiras, potenci\u00f4metros e soquetes duplo USB &amp; RJ45<\/strong>.<\/li>\n<\/ul>\n<p>As solu\u00e7\u00f5es s\u00e3o o resultado de um exame cuidadoso dos requisitos dos componentes para aplica\u00e7\u00e3o industrial, <strong>em total conformidade com as normas internacionais de seguran\u00e7a<\/strong>.<\/p>\n<p>[\/vc_column_text][vc_empty_space height=&#8221;20px&#8221;][vc_column_text]<strong>ESCOLHA ABAIXO A CATEGORIA DE PRODUTO DE QUE VOC\u00ca PRECISA E&#8230; LEIA MAIS!<\/strong>[\/vc_column_text][\/vc_column][\/vc_row][vc_row css_animation=&#8221;fadeInUp&#8221;][vc_column css_animation=&#8221;none&#8221; width=&#8221;1\/2&#8243; offset=&#8221;vc_col-md-4&#8243;]<div class=\"ult-ih-container ult-adjust-bottom-margin  \" >\t<ul class=\"ult-ih-list \"  data-shape=\"circle\"  data-width=\"300\"  data-height=\"300\"  style=\"text-align:center; \"><li id=\"ult-ih-list-item-9218\" class=\"ult-ih-list-item\" style=\"height: 300px; width: 300px;  margin: 15px\"><div style=\"height: 300px; width: 300px; \" class=\"ult-ih-item ult-ih-effect1    ult-ih-top_to_bottom \"><div class=\"ult-ih-image-block\" style=\"height: 300px; width: 300px; \">\t<div class=\"ult-ih-wrapper\" style=\"border-style: solid; border-color: rgba(255,255,255,0.2); border-width: 20px;\"><\/div>\t<img decoding=\"async\" class=\"ult-ih-image\" src=\"https:\/\/www.giovenzana.com\/wp-content\/uploads\/cam_cover.jpg\" alt=\"null\"><\/div><div class=\"ult-ih-info\" >\t<div class=\"ult-ih-info-back\" style=\"background-color: rgba(0,0,0,0.75); \">\t<div class=\"ult-ih-content\">\t\t\t<div class=\"ult-ih-heading-block\" style=\"\">\t\t\t\t<h2 class=\"ult-ih-heading ult-responsive\" style=\"color:#ffffff;\"  data-ultimate-target='#ult-ih-list-item-9218 .ult-ih-heading'  data-responsive-json-new='{\"font-size\":\"desktop:22px;\",\"line-height\":\"desktop:28px;\"}' >Chaves Comutadores Phoenix<\/h2>\t\t\t<\/div>\t\t\t<div class=\"ult-ih-divider-block\" style=\"height:1px;\">\t\t\t\t<span class=\"ult-ih-line\" style=\"border-style:solid;border-color:rgba(255,255,255,0.75);width:100px;border-width:1px;\"><\/span>\t\t\t<\/div>\t\t\t<div class=\"ult-ih-description-block\" style=\"\">\t\t\t\t<div class=\"ult-ih-description ult-responsive\" style=\"color:#bbbbbb;\"  data-ultimate-target='#ult-ih-list-item-9218 .ult-ih-description, #ult-ih-list-item-9218 .ult-ih-description p'  data-responsive-json-new='{\"font-size\":\"desktop:12px;\",\"line-height\":\"desktop:18px;\"}' ><p><a href=\"https:\/\/www.giovenzana.com\/pt-br\/produtos\/automacao\/chaves-de-came-phoenix\/\"><span style=\"font-size: 18px; color: #ffcf00;\"><strong>Leia mais &gt;<\/strong><\/span><\/a><\/p>\n\t\t\t\t<\/div>\t\t\t<\/div>\t<\/div>\t<\/div><\/div><\/div><\/li>\t<\/ul><\/div>[\/vc_column][vc_column width=&#8221;1\/2&#8243; offset=&#8221;vc_col-md-4&#8243;]<div class=\"ult-ih-container ult-adjust-bottom-margin  \" >\t<ul class=\"ult-ih-list \"  data-shape=\"circle\"  data-width=\"300\"  data-height=\"300\"  style=\"text-align:center; \"><li id=\"ult-ih-list-item-3822\" class=\"ult-ih-list-item\" style=\"height: 300px; width: 300px;  margin: 15px\"><div style=\"height: 300px; width: 300px; \" class=\"ult-ih-item ult-ih-effect1    ult-ih-top_to_bottom \"><div class=\"ult-ih-image-block\" style=\"height: 300px; width: 300px; \">\t<div class=\"ult-ih-wrapper\" style=\"border-style: solid; border-color: rgba(255,255,255,0.2); border-width: 20px;\"><\/div>\t<img decoding=\"async\" class=\"ult-ih-image\" src=\"https:\/\/www.giovenzana.com\/wp-content\/uploads\/disconnector_cover.jpg\" alt=\"null\"><\/div><div class=\"ult-ih-info\" >\t<div class=\"ult-ih-info-back\" style=\"background-color: rgba(0,0,0,0.75); \">\t<div class=\"ult-ih-content\">\t\t\t<div class=\"ult-ih-heading-block\" style=\"\">\t\t\t\t<h2 class=\"ult-ih-heading ult-responsive\" style=\"color:#ffffff;\"  data-ultimate-target='#ult-ih-list-item-3822 .ult-ih-heading'  data-responsive-json-new='{\"font-size\":\"desktop:22px;\",\"line-height\":\"desktop:28px;\"}' >Chaves Seccionadoras Regolus<\/h2>\t\t\t<\/div>\t\t\t<div class=\"ult-ih-divider-block\" style=\"height:1px;\">\t\t\t\t<span class=\"ult-ih-line\" style=\"border-style:solid;border-color:rgba(255,255,255,0.75);width:100px;border-width:1px;\"><\/span>\t\t\t<\/div>\t\t\t<div class=\"ult-ih-description-block\" style=\"\">\t\t\t\t<div class=\"ult-ih-description ult-responsive\" style=\"color:#bbbbbb;\"  data-ultimate-target='#ult-ih-list-item-3822 .ult-ih-description, #ult-ih-list-item-3822 .ult-ih-description p'  data-responsive-json-new='{\"font-size\":\"desktop:12px;\",\"line-height\":\"desktop:18px;\"}' ><p><a href=\"https:\/\/www.giovenzana.com\/pt-br\/produtos\/automacao\/chaves-seccionadoras-regolus\/\"><span style=\"font-size: 18px; color: #ffcf00;\"><strong>Leia mais &gt;<\/strong><\/span><\/a><\/p>\n\t\t\t\t<\/div>\t\t\t<\/div>\t<\/div>\t<\/div><\/div><\/div><\/li>\t<\/ul><\/div>[\/vc_column][vc_column width=&#8221;1\/2&#8243; offset=&#8221;vc_col-md-4&#8243;]<div class=\"ult-ih-container ult-adjust-bottom-margin  \" >\t<ul class=\"ult-ih-list \"  data-shape=\"circle\"  data-width=\"300\"  data-height=\"300\"  style=\"text-align:center; \"><li id=\"ult-ih-list-item-6698\" class=\"ult-ih-list-item\" style=\"height: 300px; width: 300px;  margin: 15px\"><div style=\"height: 300px; width: 300px; \" class=\"ult-ih-item ult-ih-effect1    ult-ih-top_to_bottom \"><div class=\"ult-ih-image-block\" style=\"height: 300px; width: 300px; \">\t<div class=\"ult-ih-wrapper\" style=\"border-style: solid; border-color: rgba(255,255,255,0.2); border-width: 20px;\"><\/div>\t<img decoding=\"async\" class=\"ult-ih-image\" src=\"https:\/\/www.giovenzana.com\/wp-content\/uploads\/aux_cover.jpg\" alt=\"null\"><\/div><div class=\"ult-ih-info\" >\t<div class=\"ult-ih-info-back\" style=\"background-color: rgba(0,0,0,0.75); \">\t<div class=\"ult-ih-content\">\t\t\t<div class=\"ult-ih-heading-block\" style=\"\">\t\t\t\t<h2 class=\"ult-ih-heading ult-responsive\" style=\"color:#ffffff;\"  data-ultimate-target='#ult-ih-list-item-6698 .ult-ih-heading'  data-responsive-json-new='{\"font-size\":\"desktop:22px;\",\"line-height\":\"desktop:28px;\"}' >Controles Auxiliares<\/h2>\t\t\t<\/div>\t\t\t<div class=\"ult-ih-divider-block\" style=\"height:1px;\">\t\t\t\t<span class=\"ult-ih-line\" style=\"border-style:solid;border-color:rgba(255,255,255,0.75);width:100px;border-width:1px;\"><\/span>\t\t\t<\/div>\t\t\t<div class=\"ult-ih-description-block\" style=\"\">\t\t\t\t<div class=\"ult-ih-description ult-responsive\" style=\"color:#bbbbbb;\"  data-ultimate-target='#ult-ih-list-item-6698 .ult-ih-description, #ult-ih-list-item-6698 .ult-ih-description p'  data-responsive-json-new='{\"font-size\":\"desktop:12px;\",\"line-height\":\"desktop:18px;\"}' ><p><a href=\"https:\/\/www.giovenzana.com\/pt-br\/produtos\/automacao\/controles-auxiliares\/\"><span style=\"font-size: 18px; color: #ffcf00;\"><strong>Leia mais &gt;<\/strong><\/span><\/a><\/p>\n\t\t\t\t<\/div>\t\t\t<\/div>\t<\/div>\t<\/div><\/div><\/div><\/li>\t<\/ul><\/div>[\/vc_column][vc_column width=&#8221;1\/2&#8243; offset=&#8221;vc_col-md-4&#8243;]<div class=\"ult-ih-container ult-adjust-bottom-margin  \" >\t<ul class=\"ult-ih-list \"  data-shape=\"circle\"  data-width=\"300\"  data-height=\"300\"  style=\"text-align:center; \"><li id=\"ult-ih-list-item-3371\" class=\"ult-ih-list-item\" style=\"height: 300px; width: 300px;  margin: 15px\"><div style=\"height: 300px; width: 300px; \" class=\"ult-ih-item ult-ih-effect1    ult-ih-top_to_bottom \"><div class=\"ult-ih-image-block\" style=\"height: 300px; width: 300px; \">\t<div class=\"ult-ih-wrapper\" style=\"border-style: solid; border-color: rgba(255,255,255,0.2); border-width: 20px;\"><\/div>\t<img decoding=\"async\" class=\"ult-ih-image\" src=\"https:\/\/www.giovenzana.com\/wp-content\/uploads\/limit_cover.jpg\" alt=\"null\"><\/div><div class=\"ult-ih-info\" >\t<div class=\"ult-ih-info-back\" style=\"background-color: rgba(0,0,0,0.75); \">\t<div class=\"ult-ih-content\">\t\t\t<div class=\"ult-ih-heading-block\" style=\"\">\t\t\t\t<h2 class=\"ult-ih-heading ult-responsive\" style=\"color:#ffffff;\"  data-ultimate-target='#ult-ih-list-item-3371 .ult-ih-heading'  data-responsive-json-new='{\"font-size\":\"desktop:22px;\",\"line-height\":\"desktop:28px;\"}' >Chaves Limite<\/h2>\t\t\t<\/div>\t\t\t<div class=\"ult-ih-divider-block\" style=\"height:1px;\">\t\t\t\t<span class=\"ult-ih-line\" style=\"border-style:solid;border-color:rgba(255,255,255,0.75);width:100px;border-width:1px;\"><\/span>\t\t\t<\/div>\t\t\t<div class=\"ult-ih-description-block\" style=\"\">\t\t\t\t<div class=\"ult-ih-description ult-responsive\" style=\"color:#bbbbbb;\"  data-ultimate-target='#ult-ih-list-item-3371 .ult-ih-description, #ult-ih-list-item-3371 .ult-ih-description p'  data-responsive-json-new='{\"font-size\":\"desktop:12px;\",\"line-height\":\"desktop:18px;\"}' ><p><a href=\"https:\/\/www.giovenzana.com\/pt-br\/produtos\/automacao\/chaves-limite\/\"><span style=\"font-size: 18px; color: #ffcf00;\"><strong>Leia mais &gt;<\/strong><\/span><\/a><\/p>\n\t\t\t\t<\/div>\t\t\t<\/div>\t<\/div>\t<\/div><\/div><\/div><\/li>\t<\/ul><\/div>[\/vc_column][vc_column width=&#8221;1\/2&#8243; offset=&#8221;vc_col-md-4&#8243;]<div class=\"ult-ih-container ult-adjust-bottom-margin  \" >\t<ul class=\"ult-ih-list \"  data-shape=\"circle\"  data-width=\"300\"  data-height=\"300\"  style=\"text-align:center; \"><li id=\"ult-ih-list-item-1017\" class=\"ult-ih-list-item\" style=\"height: 300px; width: 300px;  margin: 15px\"><div style=\"height: 300px; width: 300px; \" class=\"ult-ih-item ult-ih-effect1    ult-ih-top_to_bottom \"><div class=\"ult-ih-image-block\" style=\"height: 300px; width: 300px; \">\t<div class=\"ult-ih-wrapper\" style=\"border-style: solid; border-color: rgba(255,255,255,0.2); border-width: 20px;\"><\/div>\t<img decoding=\"async\" class=\"ult-ih-image\" src=\"https:\/\/www.giovenzana.com\/wp-content\/uploads\/micro_cover.jpg\" alt=\"null\"><\/div><div class=\"ult-ih-info\" >\t<div class=\"ult-ih-info-back\" style=\"background-color: rgba(0,0,0,0.75); \">\t<div class=\"ult-ih-content\">\t\t\t<div class=\"ult-ih-heading-block\" style=\"\">\t\t\t\t<h2 class=\"ult-ih-heading ult-responsive\" style=\"color:#ffffff;\"  data-ultimate-target='#ult-ih-list-item-1017 .ult-ih-heading'  data-responsive-json-new='{\"font-size\":\"desktop:22px;\",\"line-height\":\"desktop:28px;\"}' >Micro Interruptores<\/h2>\t\t\t<\/div>\t\t\t<div class=\"ult-ih-divider-block\" style=\"height:1px;\">\t\t\t\t<span class=\"ult-ih-line\" style=\"border-style:solid;border-color:rgba(255,255,255,0.75);width:100px;border-width:1px;\"><\/span>\t\t\t<\/div>\t\t\t<div class=\"ult-ih-description-block\" style=\"\">\t\t\t\t<div class=\"ult-ih-description ult-responsive\" style=\"color:#bbbbbb;\"  data-ultimate-target='#ult-ih-list-item-1017 .ult-ih-description, #ult-ih-list-item-1017 .ult-ih-description p'  data-responsive-json-new='{\"font-size\":\"desktop:12px;\",\"line-height\":\"desktop:18px;\"}' ><p><a href=\"https:\/\/www.giovenzana.com\/pt-br\/produtos\/automacao\/micro-interruptores-chaves\/\"><span style=\"font-size: 18px; color: #ffcf00;\"><strong>Leia mais &gt;<\/strong><\/span><\/a><\/p>\n\t\t\t\t<\/div>\t\t\t<\/div>\t<\/div>\t<\/div><\/div><\/div><\/li>\t<\/ul><\/div>[\/vc_column][vc_column width=&#8221;1\/2&#8243; offset=&#8221;vc_col-md-4&#8243;]<div class=\"ult-ih-container ult-adjust-bottom-margin  \" >\t<ul class=\"ult-ih-list \"  data-shape=\"circle\"  data-width=\"300\"  data-height=\"300\"  style=\"text-align:center; \"><li id=\"ult-ih-list-item-8546\" class=\"ult-ih-list-item\" style=\"height: 300px; width: 300px;  margin: 15px\"><div style=\"height: 300px; width: 300px; \" class=\"ult-ih-item ult-ih-effect1    ult-ih-top_to_bottom \"><div class=\"ult-ih-image-block\" style=\"height: 300px; width: 300px; \">\t<div class=\"ult-ih-wrapper\" style=\"border-style: solid; border-color: rgba(255,255,255,0.2); border-width: 20px;\"><\/div>\t<img decoding=\"async\" class=\"ult-ih-image\" src=\"https:\/\/www.giovenzana.com\/wp-content\/uploads\/foot_cover.jpg\" alt=\"null\"><\/div><div class=\"ult-ih-info\" >\t<div class=\"ult-ih-info-back\" style=\"background-color: rgba(0,0,0,0.75); \">\t<div class=\"ult-ih-content\">\t\t\t<div class=\"ult-ih-heading-block\" style=\"\">\t\t\t\t<h2 class=\"ult-ih-heading ult-responsive\" style=\"color:#ffffff;\"  data-ultimate-target='#ult-ih-list-item-8546 .ult-ih-heading'  data-responsive-json-new='{\"font-size\":\"desktop:22px;\",\"line-height\":\"desktop:28px;\"}' >Pedaleiras<\/h2>\t\t\t<\/div>\t\t\t<div class=\"ult-ih-divider-block\" style=\"height:1px;\">\t\t\t\t<span class=\"ult-ih-line\" style=\"border-style:solid;border-color:rgba(255,255,255,0.75);width:100px;border-width:1px;\"><\/span>\t\t\t<\/div>\t\t\t<div class=\"ult-ih-description-block\" style=\"\">\t\t\t\t<div class=\"ult-ih-description ult-responsive\" style=\"color:#bbbbbb;\"  data-ultimate-target='#ult-ih-list-item-8546 .ult-ih-description, #ult-ih-list-item-8546 .ult-ih-description p'  data-responsive-json-new='{\"font-size\":\"desktop:12px;\",\"line-height\":\"desktop:18px;\"}' ><p><a href=\"https:\/\/www.giovenzana.com\/pt-br\/produtos\/automacao\/pedaleiras\/\"><span style=\"font-size: 18px; color: #ffcf00;\"><strong>Leia mais &gt;<\/strong><\/span><\/a><\/p>\n\t\t\t\t<\/div>\t\t\t<\/div>\t<\/div>\t<\/div><\/div><\/div><\/li>\t<\/ul><\/div>[\/vc_column][\/vc_row]<\/p>\n<\/div>","protected":false},"excerpt":{"rendered":"<p>GIOVENZANA INTERNATIONAL B.V. projeta, fabrica e comercializa produtos inovadores para fornecer efici\u00eancias operacionais\/de fabrica\u00e7\u00e3o, solu\u00e7\u00f5es econ\u00f4micas e produtos de alta qualidade exigidos pelo mercado de automa\u00e7\u00e3o industrial atual.<\/p>\n","protected":false},"author":1,"featured_media":17829,"parent":11604,"menu_order":1,"comment_status":"closed","ping_status":"closed","template":"","meta":{"_acf_changed":false,"ngg_post_thumbnail":0,"footnotes":""},"class_list":["post-12679","page","type-page","status-publish","has-post-thumbnail","hentry","description-off"],"acf":[],"yoast_head":"<!-- This site is optimized with the Yoast SEO plugin v24.4 - https:\/\/yoast.com\/wordpress\/plugins\/seo\/ -->\n<title>Automa\u00e7\u00e3o &#8211; Giovenzana<\/title>\n<meta name=\"robots\" content=\"index, follow, max-snippet:-1, max-image-preview:large, max-video-preview:-1\" \/>\n<link rel=\"canonical\" href=\"https:\/\/www.giovenzana.com\/pt-br\/produtos\/automacao\/\" \/>\n<meta property=\"og:locale\" content=\"pt_BR\" \/>\n<meta property=\"og:type\" content=\"article\" \/>\n<meta property=\"og:title\" content=\"Automa\u00e7\u00e3o &#8211; Giovenzana\" \/>\n<meta property=\"og:description\" content=\"GIOVENZANA INTERNATIONAL B.V. projeta, fabrica e comercializa produtos inovadores para fornecer efici\u00eancias operacionais\/de fabrica\u00e7\u00e3o, solu\u00e7\u00f5es econ\u00f4micas e produtos de alta qualidade exigidos pelo mercado de automa\u00e7\u00e3o industrial atual.\" \/>\n<meta property=\"og:url\" content=\"https:\/\/www.giovenzana.com\/pt-br\/produtos\/automacao\/\" \/>\n<meta property=\"og:site_name\" content=\"Giovenzana\" \/>\n<meta property=\"article:publisher\" content=\"https:\/\/www.facebook.com\/giovenzanainternational\" \/>\n<meta property=\"article:modified_time\" content=\"2023-01-17T10:59:57+00:00\" \/>\n<meta property=\"og:image\" content=\"https:\/\/www.giovenzana.com\/wp-content\/uploads\/Automation_Cover.jpg\" \/>\n\t<meta property=\"og:image:width\" content=\"1700\" \/>\n\t<meta property=\"og:image:height\" content=\"200\" \/>\n\t<meta property=\"og:image:type\" content=\"image\/jpeg\" \/>\n<meta name=\"twitter:card\" content=\"summary_large_image\" \/>\n<meta name=\"twitter:label1\" content=\"Est. tempo de leitura\" \/>\n\t<meta name=\"twitter:data1\" content=\"3 minutos\" \/>\n<script type=\"application\/ld+json\" class=\"yoast-schema-graph\">{\"@context\":\"https:\/\/schema.org\",\"@graph\":[{\"@type\":\"WebPage\",\"@id\":\"https:\/\/www.giovenzana.com\/pt-br\/produtos\/automacao\/\",\"url\":\"https:\/\/www.giovenzana.com\/pt-br\/produtos\/automacao\/\",\"name\":\"Automa\u00e7\u00e3o &#8211; Giovenzana\",\"isPartOf\":{\"@id\":\"https:\/\/www.giovenzana.com\/pt-br\/#website\"},\"primaryImageOfPage\":{\"@id\":\"https:\/\/www.giovenzana.com\/pt-br\/produtos\/automacao\/#primaryimage\"},\"image\":{\"@id\":\"https:\/\/www.giovenzana.com\/pt-br\/produtos\/automacao\/#primaryimage\"},\"thumbnailUrl\":\"https:\/\/www.giovenzana.com\/wp-content\/uploads\/Automation_Cover.jpg\",\"datePublished\":\"2018-12-13T13:58:42+00:00\",\"dateModified\":\"2023-01-17T10:59:57+00:00\",\"breadcrumb\":{\"@id\":\"https:\/\/www.giovenzana.com\/pt-br\/produtos\/automacao\/#breadcrumb\"},\"inLanguage\":\"pt-BR\",\"potentialAction\":[{\"@type\":\"ReadAction\",\"target\":[\"https:\/\/www.giovenzana.com\/pt-br\/produtos\/automacao\/\"]}]},{\"@type\":\"ImageObject\",\"inLanguage\":\"pt-BR\",\"@id\":\"https:\/\/www.giovenzana.com\/pt-br\/produtos\/automacao\/#primaryimage\",\"url\":\"https:\/\/www.giovenzana.com\/wp-content\/uploads\/Automation_Cover.jpg\",\"contentUrl\":\"https:\/\/www.giovenzana.com\/wp-content\/uploads\/Automation_Cover.jpg\",\"width\":1700,\"height\":200,\"caption\":\"Giovenzana Automation Cover\"},{\"@type\":\"BreadcrumbList\",\"@id\":\"https:\/\/www.giovenzana.com\/pt-br\/produtos\/automacao\/#breadcrumb\",\"itemListElement\":[{\"@type\":\"ListItem\",\"position\":1,\"name\":\"Home\",\"item\":\"https:\/\/www.giovenzana.com\/pt-br\/\"},{\"@type\":\"ListItem\",\"position\":2,\"name\":\"Produtos\",\"item\":\"https:\/\/www.giovenzana.com\/pt-br\/produtos\/\"},{\"@type\":\"ListItem\",\"position\":3,\"name\":\"Automa\u00e7\u00e3o\"}]},{\"@type\":\"WebSite\",\"@id\":\"https:\/\/www.giovenzana.com\/pt-br\/#website\",\"url\":\"https:\/\/www.giovenzana.com\/pt-br\/\",\"name\":\"Giovenzana\",\"description\":\"Piccoli oggetti d\u2019arte di grande tecnologia\",\"publisher\":{\"@id\":\"https:\/\/www.giovenzana.com\/pt-br\/#organization\"},\"potentialAction\":[{\"@type\":\"SearchAction\",\"target\":{\"@type\":\"EntryPoint\",\"urlTemplate\":\"https:\/\/www.giovenzana.com\/pt-br\/?s={search_term_string}\"},\"query-input\":{\"@type\":\"PropertyValueSpecification\",\"valueRequired\":true,\"valueName\":\"search_term_string\"}}],\"inLanguage\":\"pt-BR\"},{\"@type\":\"Organization\",\"@id\":\"https:\/\/www.giovenzana.com\/pt-br\/#organization\",\"name\":\"Giovenzana International B.V.\",\"url\":\"https:\/\/www.giovenzana.com\/pt-br\/\",\"logo\":{\"@type\":\"ImageObject\",\"inLanguage\":\"pt-BR\",\"@id\":\"https:\/\/www.giovenzana.com\/pt-br\/#\/schema\/logo\/image\/\",\"url\":\"https:\/\/www.giovenzana.com\/wp-content\/uploads\/logo-giovenzana-international.png\",\"contentUrl\":\"https:\/\/www.giovenzana.com\/wp-content\/uploads\/logo-giovenzana-international.png\",\"width\":301,\"height\":98,\"caption\":\"Giovenzana International B.V.\"},\"image\":{\"@id\":\"https:\/\/www.giovenzana.com\/pt-br\/#\/schema\/logo\/image\/\"},\"sameAs\":[\"https:\/\/www.facebook.com\/giovenzanainternational\",\"https:\/\/www.linkedin.com\/company\/giovenzanainternational\",\"https:\/\/www.youtube.com\/channel\/UCN-H9aOP26hpeo4zqxpGTxw\"]}]}<\/script>\n<!-- \/ Yoast SEO plugin. -->","yoast_head_json":{"title":"Automa\u00e7\u00e3o &#8211; Giovenzana","robots":{"index":"index","follow":"follow","max-snippet":"max-snippet:-1","max-image-preview":"max-image-preview:large","max-video-preview":"max-video-preview:-1"},"canonical":"https:\/\/www.giovenzana.com\/pt-br\/produtos\/automacao\/","og_locale":"pt_BR","og_type":"article","og_title":"Automa\u00e7\u00e3o &#8211; Giovenzana","og_description":"GIOVENZANA INTERNATIONAL B.V. projeta, fabrica e comercializa produtos inovadores para fornecer efici\u00eancias operacionais\/de fabrica\u00e7\u00e3o, solu\u00e7\u00f5es econ\u00f4micas e produtos de alta qualidade exigidos pelo mercado de automa\u00e7\u00e3o industrial atual.","og_url":"https:\/\/www.giovenzana.com\/pt-br\/produtos\/automacao\/","og_site_name":"Giovenzana","article_publisher":"https:\/\/www.facebook.com\/giovenzanainternational","article_modified_time":"2023-01-17T10:59:57+00:00","og_image":[{"width":1700,"height":200,"url":"https:\/\/www.giovenzana.com\/wp-content\/uploads\/Automation_Cover.jpg","type":"image\/jpeg"}],"twitter_card":"summary_large_image","twitter_misc":{"Est. tempo de leitura":"3 minutos"},"schema":{"@context":"https:\/\/schema.org","@graph":[{"@type":"WebPage","@id":"https:\/\/www.giovenzana.com\/pt-br\/produtos\/automacao\/","url":"https:\/\/www.giovenzana.com\/pt-br\/produtos\/automacao\/","name":"Automa\u00e7\u00e3o &#8211; Giovenzana","isPartOf":{"@id":"https:\/\/www.giovenzana.com\/pt-br\/#website"},"primaryImageOfPage":{"@id":"https:\/\/www.giovenzana.com\/pt-br\/produtos\/automacao\/#primaryimage"},"image":{"@id":"https:\/\/www.giovenzana.com\/pt-br\/produtos\/automacao\/#primaryimage"},"thumbnailUrl":"https:\/\/www.giovenzana.com\/wp-content\/uploads\/Automation_Cover.jpg","datePublished":"2018-12-13T13:58:42+00:00","dateModified":"2023-01-17T10:59:57+00:00","breadcrumb":{"@id":"https:\/\/www.giovenzana.com\/pt-br\/produtos\/automacao\/#breadcrumb"},"inLanguage":"pt-BR","potentialAction":[{"@type":"ReadAction","target":["https:\/\/www.giovenzana.com\/pt-br\/produtos\/automacao\/"]}]},{"@type":"ImageObject","inLanguage":"pt-BR","@id":"https:\/\/www.giovenzana.com\/pt-br\/produtos\/automacao\/#primaryimage","url":"https:\/\/www.giovenzana.com\/wp-content\/uploads\/Automation_Cover.jpg","contentUrl":"https:\/\/www.giovenzana.com\/wp-content\/uploads\/Automation_Cover.jpg","width":1700,"height":200,"caption":"Giovenzana Automation Cover"},{"@type":"BreadcrumbList","@id":"https:\/\/www.giovenzana.com\/pt-br\/produtos\/automacao\/#breadcrumb","itemListElement":[{"@type":"ListItem","position":1,"name":"Home","item":"https:\/\/www.giovenzana.com\/pt-br\/"},{"@type":"ListItem","position":2,"name":"Produtos","item":"https:\/\/www.giovenzana.com\/pt-br\/produtos\/"},{"@type":"ListItem","position":3,"name":"Automa\u00e7\u00e3o"}]},{"@type":"WebSite","@id":"https:\/\/www.giovenzana.com\/pt-br\/#website","url":"https:\/\/www.giovenzana.com\/pt-br\/","name":"Giovenzana","description":"Piccoli oggetti d\u2019arte di grande tecnologia","publisher":{"@id":"https:\/\/www.giovenzana.com\/pt-br\/#organization"},"potentialAction":[{"@type":"SearchAction","target":{"@type":"EntryPoint","urlTemplate":"https:\/\/www.giovenzana.com\/pt-br\/?s={search_term_string}"},"query-input":{"@type":"PropertyValueSpecification","valueRequired":true,"valueName":"search_term_string"}}],"inLanguage":"pt-BR"},{"@type":"Organization","@id":"https:\/\/www.giovenzana.com\/pt-br\/#organization","name":"Giovenzana International B.V.","url":"https:\/\/www.giovenzana.com\/pt-br\/","logo":{"@type":"ImageObject","inLanguage":"pt-BR","@id":"https:\/\/www.giovenzana.com\/pt-br\/#\/schema\/logo\/image\/","url":"https:\/\/www.giovenzana.com\/wp-content\/uploads\/logo-giovenzana-international.png","contentUrl":"https:\/\/www.giovenzana.com\/wp-content\/uploads\/logo-giovenzana-international.png","width":301,"height":98,"caption":"Giovenzana International B.V."},"image":{"@id":"https:\/\/www.giovenzana.com\/pt-br\/#\/schema\/logo\/image\/"},"sameAs":["https:\/\/www.facebook.com\/giovenzanainternational","https:\/\/www.linkedin.com\/company\/giovenzanainternational","https:\/\/www.youtube.com\/channel\/UCN-H9aOP26hpeo4zqxpGTxw"]}]}},"_links":{"self":[{"href":"https:\/\/www.giovenzana.com\/pt-br\/wp-json\/wp\/v2\/pages\/12679","targetHints":{"allow":["GET"]}}],"collection":[{"href":"https:\/\/www.giovenzana.com\/pt-br\/wp-json\/wp\/v2\/pages"}],"about":[{"href":"https:\/\/www.giovenzana.com\/pt-br\/wp-json\/wp\/v2\/types\/page"}],"author":[{"embeddable":true,"href":"https:\/\/www.giovenzana.com\/pt-br\/wp-json\/wp\/v2\/users\/1"}],"replies":[{"embeddable":true,"href":"https:\/\/www.giovenzana.com\/pt-br\/wp-json\/wp\/v2\/comments?post=12679"}],"version-history":[{"count":7,"href":"https:\/\/www.giovenzana.com\/pt-br\/wp-json\/wp\/v2\/pages\/12679\/revisions"}],"predecessor-version":[{"id":46110,"href":"https:\/\/www.giovenzana.com\/pt-br\/wp-json\/wp\/v2\/pages\/12679\/revisions\/46110"}],"up":[{"embeddable":true,"href":"https:\/\/www.giovenzana.com\/pt-br\/wp-json\/wp\/v2\/pages\/11604"}],"wp:featuredmedia":[{"embeddable":true,"href":"https:\/\/www.giovenzana.com\/pt-br\/wp-json\/wp\/v2\/media\/17829"}],"wp:attachment":[{"href":"https:\/\/www.giovenzana.com\/pt-br\/wp-json\/wp\/v2\/media?parent=12679"}],"curies":[{"name":"wp","href":"https:\/\/api.w.org\/{rel}","templated":true}]}}