{"id":12722,"date":"2018-12-04T15:34:16","date_gmt":"2018-12-04T14:34:16","guid":{"rendered":"https:\/\/www.giovenzana.com\/certificacoes-da-empresa\/"},"modified":"2025-06-26T08:53:07","modified_gmt":"2025-06-26T06:53:07","slug":"certificacoes-da-empresa","status":"publish","type":"page","link":"https:\/\/www.giovenzana.com\/pt-br\/certificacoes-da-empresa\/","title":{"rendered":"Certifica\u00e7\u00f5es da empresa"},"content":{"rendered":"<div class=\"wpb-content-wrapper\"><p>[vc_row][vc_column]<h1 id=\"uvc-type-wrap-6889\"  data-ultimate-target='#uvc-type-wrap-6889'  data-responsive-json-new='{\"font-size\":\"desktop:40px;\",\"line-height\":\"desktop:40px;\"}'  class=\"uvc-type-wrap  ult-adjust-bottom-margin ult-responsive  uvc-type-align-center  uvc-wrap-382588157869e933285ef7c\" style=\"text-align:center;\"><span  data-ultimate-target='#uvc-type-wrap-6889 .mycustfancy'  data-responsive-json-new='{\"font-size\":\"desktop:40px;\",\"line-height\":\"desktop:40px;\"}'  class=\"ultimate-ticker-prefix mycustfancy ult-responsive\" style=\"font-weight:bold;color:#000000; text-transform: unset;\">DOWNLOAD NOSSAS<\/span><div id=\"vticker-382588157869e933285ef7c\"  data-ultimate-target=&#039;#uvc-type-wrap-6889&#039;  data-responsive-json-new=&#039;{&quot;font-size&quot;:&quot;desktop:40px;&quot;,&quot;line-height&quot;:&quot;desktop:40px;&quot;}&#039;  class=\"ultimate-vticker ticker  ultimate-fancy-text-inherit\" style=\"color:#ffcf00; font-weight:bold; text-transform: unset;\"><ul><li style=&quot;opacity:1&quot;>CERTIFICA\u00c7\u00d5ES<\/li><li style=&quot;opacity:0&quot;>GARANTIA<\/li><li style=&quot;opacity:0&quot;>DECLARA\u00c7\u00d5ES<\/li><\/ul><\/div><script type=\"text\/javascript\">\n\t\t\t\t\t\tjQuery(function($){\n\t\t\t\t\t\t\t$(document).ready(function(){\n\t\t\t\t\t\t\t\tif( typeof jQuery(\"#vticker-382588157869e933285ef7c\").easyTicker == \"function\"){\n\t\t\t\t\t\t\t\t\t$(\"#vticker-382588157869e933285ef7c\").find(\"li\").css(\"opacity\",\"1\");\n\t\t\t\t\t\t\t\t\t\n\t\t\t\t\t\t\t\t\t$(\"#vticker-382588157869e933285ef7c\").easyTicker({\n\t\t\t\t\t\t\t\t\t\tdirection: \"up\",\n\t\t\t\t\t\t\t\t\t\teasing: \"swing\",\n\t\t\t\t\t\t\t\t\t\tspeed: \"150\",\n\t\t\t\t\t\t\t\t\t\tinterval: \"1900\",\n\t\t\t\t\t\t\t\t\t\theight: \"auto\",\n\t\t\t\t\t\t\t\t\t\tvisible: \"1\",\n\t\t\t\t\t\t\t\t\t\tmousePause: \"0\",\n\t\t\t\t\t\t\t\t\t\tcontrols: {\n\t\t\t\t\t\t\t\t\t\t\tup: \"\",\n\t\t\t\t\t\t\t\t\t\t\tdown: \"\",\n\t\t\t\t\t\t\t\t\t\t\ttoggle: \"\",\n\t\t\t\t\t\t\t\t\t\t\tplayText: \"Play\",\n\t\t\t\t\t\t\t\t\t\t\tstopText: \"Stop\"\n\t\t\t\t\t\t\t\t\t\t}\n\t\t\t\t\t\t\t\t\t});\n\t\t\t\t\t\t\t\t}\n\t\t\t\t\t\t\t});\n\t\t\t\t\t\t});\n\t\t\t\t\t<\/script><\/h1>[\/vc_column][\/vc_row][vc_row full_width=&#8221;stretch_row&#8221; bg_type=&#8221;image&#8221; parallax_style=&#8221;vcpb-vz-jquery&#8221; bg_image_new=&#8221;id^397|url^https:\/\/www.giovenzana.com\/wp-content\/uploads\/giovenzana-company-02.jpg|caption^null|alt^null|title^Giovenzana Company 02|description^null&#8221; bg_image_repeat=&#8221;no-repeat&#8221; parallax_sense=&#8221;30&#8243; disable_on_mobile_img_parallax=&#8221;disable_on_mobile_img_parallax_value&#8221; enable_overlay=&#8221;enable_overlay_value&#8221; overlay_color=&#8221;rgba(237,196,33,0.55)&#8221; overlay_pattern=&#8221;08.png&#8221; overlay_pattern_opacity=&#8221;50&#8243; overlay_pattern_size=&#8221;2&#8243; seperator_enable=&#8221;seperator_enable_value&#8221; seperator_type=&#8221;round_split_seperator&#8221; seperator_shape_background=&#8221;#ffffff&#8221; el_class=&#8221;quality&#8221;][vc_column][vc_empty_space height=&#8221;60px&#8221;]<div class=\"file-lang\"><div class=\"file-img\"><img loading=\"lazy\" decoding=\"async\" width=\"1706\" height=\"2420\" src=\"https:\/\/www.giovenzana.com\/wp-content\/uploads\/Screenshot-2025-02-14-alle-10.42.17\u202fAM.png\" class=\"attachment-giov_cat-lang size-giov_cat-lang\" alt=\"QUALITY ENVIRONMENTAL POLICY ENG\" \/><\/div>\n\t\t\n\t\t\t\t<div class=\"file-info\"><h4>Quality &amp; Environmental Policy<\/h4> <\/div>  \n\t\t\t\t\n\t\t\t\t<div class=\"file-links\"><a href=\"https:\/\/static.giovenzana.com\/certificates\/company\/Politica-Qualita-Ambiente-Sicurezza_2025.pdf\" target=\"_blank\" title=\"Apri catalogo\">\n\t\t\t\t\t\t\t\t\t<img decoding=\"async\" src=\"\/wp-content\/uploads\/flags\/flag-it.png\" alt=\"catalogo-italiano-Quality &amp; Environmental Policy\" width=\"22px\" height=\"auto\"\/>\n\t\t\t\t\t\t\t\t\t<\/a><a href=\"https:\/\/static.giovenzana.com\/certificates\/company\/Quality-Environmental-Safety-Policy_2025.pdf\" target=\"_blank\" title=\"Open catalogue\">\n\t\t\t\t\t\t\t\t\t<img decoding=\"async\" src=\"\/wp-content\/uploads\/flags\/flag-en.png\" alt=\"english-catalogue-Quality &amp; Environmental Policy\" width=\"22px\" height=\"auto\"\/>\n\t\t\t\t\t\t\t\t\t<\/a><\/div><\/div>[\/vc_column][\/vc_row][vc_row][vc_column css=&#8221;.vc_custom_1557494530683{padding-top: 100px !important;padding-bottom: 40px !important;}&#8221;][vc_column_text]<\/p>\n<p style=\"text-align: center;\">Os produtos da Giovenzana s\u00e3o usados \u200b\u200bem \u00e1reas onde a seguran\u00e7a \u00e9 fundamental, por esse motivo, o assunto mais importante para n\u00f3s \u00e9 a seguran\u00e7a dos operadores!<br \/>\nIsso significa padr\u00f5es europeus e internacionais, produtos certificados e reconhecimento da marca.<\/p>\n<p>[\/vc_column_text][\/vc_column][\/vc_row][vc_row full_width=&#8221;stretch_row&#8221; bg_type=&#8221;image&#8221; parallax_style=&#8221;vcpb-vz-jquery&#8221; bg_image_new=&#8221;id^2557|url^https:\/\/www.giovenzana.com\/wp-content\/uploads\/CeMAT-WIN-INDIA-2015-2.jpg|caption^null|alt^null|title^CeMAT WIN INDIA 2015 2|description^null&#8221; bg_image_repeat=&#8221;no-repeat&#8221; parallax_sense=&#8221;30&#8243; disable_on_mobile_img_parallax=&#8221;disable_on_mobile_img_parallax_value&#8221; enable_overlay=&#8221;enable_overlay_value&#8221; overlay_color=&#8221;rgba(35,35,35,0.45)&#8221; overlay_pattern=&#8221;08.png&#8221; overlay_pattern_opacity=&#8221;50&#8243; overlay_pattern_size=&#8221;2&#8243; seperator_enable=&#8221;seperator_enable_value&#8221; seperator_type=&#8221;round_split_seperator&#8221; seperator_shape_background=&#8221;#ffffff&#8221;][vc_column el_class=&#8221;file-tre-col file-white&#8221;][vc_empty_space height=&#8221;60px&#8221;]<div class=\"file-lang\"><div class=\"file-img\"><img loading=\"lazy\" decoding=\"async\" width=\"1702\" height=\"2416\" src=\"https:\/\/www.giovenzana.com\/wp-content\/uploads\/ROHS.jpg\" class=\"attachment-giov_cat-lang size-giov_cat-lang\" alt=\"\" \/><\/div>\n\t\t\n\t\t\t\t<div class=\"file-info\"><h4>Directiva ROHS 2011-65-UE<\/h4> <\/div>  \n\t\t\t\t\n\t\t\t\t<div class=\"file-links\"><a href=\"https:\/\/static.giovenzana.com\/certificates\/company\/ROHS-ENG.pdf\" target=\"_blank\" title=\"Open catalogue\">\n\t\t\t\t\t\t\t\t\t<img decoding=\"async\" src=\"\/wp-content\/uploads\/flags\/flag-en.png\" alt=\"english-catalogue-Directiva ROHS 2011-65-UE\" width=\"22px\" height=\"auto\"\/>\n\t\t\t\t\t\t\t\t\t<\/a><\/div><\/div><div class=\"file-lang\"><div class=\"file-img\"><img loading=\"lazy\" decoding=\"async\" width=\"1718\" height=\"2426\" src=\"https:\/\/www.giovenzana.com\/wp-content\/uploads\/REACH.jpg\" class=\"attachment-giov_cat-lang size-giov_cat-lang\" alt=\"\" \/><\/div>\n\t\t\n\t\t\t\t<div class=\"file-info\"><h4>REACH (SVHC) Lista de Candidatos<\/h4> <\/div>  \n\t\t\t\t\n\t\t\t\t<div class=\"file-links\"><a href=\"https:\/\/static.giovenzana.com\/certificates\/company\/REACH-ENG.pdf\" target=\"_blank\" title=\"Open catalogue\">\n\t\t\t\t\t\t\t\t\t<img decoding=\"async\" src=\"\/wp-content\/uploads\/flags\/flag-en.png\" alt=\"english-catalogue-REACH (SVHC) Lista de Candidatos\" width=\"22px\" height=\"auto\"\/>\n\t\t\t\t\t\t\t\t\t<\/a><\/div><\/div><div class=\"file-lang\"><div class=\"file-img\"><img loading=\"lazy\" decoding=\"async\" width=\"906\" height=\"1288\" src=\"https:\/\/www.giovenzana.com\/wp-content\/uploads\/LONG-TERM-SUPPLIERs-DECLARATION.png\" class=\"attachment-giov_cat-lang size-giov_cat-lang\" alt=\"\" \/><\/div>\n\t\t\n\t\t\t\t<div class=\"file-info\"><h4>Declara\u00e7\u00e3o do Fornecedor de Longo Prazo 2025<\/h4> <\/div>  \n\t\t\t\t\n\t\t\t\t<div class=\"file-links\"><a href=\"https:\/\/static.giovenzana.com\/certificates\/company\/LONG-TERM-SUPPLIERsDECLARATION-2025.pdf\" target=\"_blank\" title=\"Open catalogue\">\n\t\t\t\t\t\t\t\t\t<img decoding=\"async\" src=\"\/wp-content\/uploads\/flags\/flag-en.png\" alt=\"english-catalogue-Declara\u00e7\u00e3o do Fornecedor de Longo Prazo 2025\" width=\"22px\" height=\"auto\"\/>\n\t\t\t\t\t\t\t\t\t<\/a><\/div><\/div><div class=\"file-lang\"><div class=\"file-img\"><img loading=\"lazy\" decoding=\"async\" width=\"1724\" height=\"2442\" src=\"https:\/\/www.giovenzana.com\/wp-content\/uploads\/WARRANTY-CONDITIONS-GBV_EN.png\" class=\"attachment-giov_cat-lang size-giov_cat-lang\" alt=\"\" \/><\/div>\n\t\t\n\t\t\t\t<div class=\"file-info\"><h4>Condi\u00e7\u00f5es de Garantia<\/h4> <\/div>  \n\t\t\t\t\n\t\t\t\t<div class=\"file-links\"><a href=\"https:\/\/static.giovenzana.com\/certificates\/company\/CONDIZIONI-GARANZIA-GBV_IT.pdf\" target=\"_blank\" title=\"Apri catalogo\">\n\t\t\t\t\t\t\t\t\t<img decoding=\"async\" src=\"\/wp-content\/uploads\/flags\/flag-it.png\" alt=\"catalogo-italiano-Condi\u00e7\u00f5es de Garantia\" width=\"22px\" height=\"auto\"\/>\n\t\t\t\t\t\t\t\t\t<\/a><a href=\"https:\/\/static.giovenzana.com\/certificates\/company\/WARRANTY-CONDITIONS-GBV_EN.pdf\" target=\"_blank\" title=\"Open catalogue\">\n\t\t\t\t\t\t\t\t\t<img decoding=\"async\" src=\"\/wp-content\/uploads\/flags\/flag-en.png\" alt=\"english-catalogue-Condi\u00e7\u00f5es de Garantia\" width=\"22px\" height=\"auto\"\/>\n\t\t\t\t\t\t\t\t\t<\/a><a href=\"https:\/\/static.giovenzana.com\/certificates\/company\/\u0423\u0421\u041b\u041e\u0412\u0418\u042f-\u0413\u0410\u0420\u0410\u041d\u0422\u0418\u0418-GBV_RU.pdf\" target=\"_blank\" title=\"\u041e\u0442\u043a\u0440\u044b\u0442\u044c \u043a\u0430\u0442\u0430\u043b\u043e\u0433.\">\n\t\t\t\t\t\t\t\t\t<img decoding=\"async\" src=\"\/wp-content\/uploads\/flags\/flag-ru.png\" alt=\"\u0440\u0443\u0441\u0441\u043a\u0438\u0439-\u043a\u0430\u0442\u0430\u043b\u043e\u0433-Condi\u00e7\u00f5es de Garantia\" width=\"22px\" height=\"auto\"\/>\n\t\t\t\t\t\t\t\t\t<\/a><a href=\"https:\/\/static.giovenzana.com\/certificates\/company\/TERMOSdeGARANTIA-GCB_PT.pdf\" target=\"_blank\" title=\"Abra o cat\u00e1logo\">\n\t\t\t\t\t\t\t\t\t<img decoding=\"async\" src=\"\/wp-content\/uploads\/flags\/flag-pt.png\" alt=\"cat\u00e1logo-portugu\u00easCondi\u00e7\u00f5es de Garantia\" width=\"22px\" height=\"auto\"\/>\n\t\t\t\t\t\t\t\t\t<\/a><\/div><\/div>[\/vc_column][\/vc_row]<\/p>\n<\/div>","protected":false},"excerpt":{"rendered":"<p>[vc_row][vc_column][\/vc_column][\/vc_row][vc_row full_width=&#8221;stretch_row&#8221; bg_type=&#8221;image&#8221; parallax_style=&#8221;vcpb-vz-jquery&#8221; bg_image_new=&#8221;id^397|url^https:\/\/www.giovenzana.com\/wp-content\/uploads\/giovenzana-company-02.jpg|caption^null|alt^null|title^Giovenzana Company 02|description^null&#8221; bg_image_repeat=&#8221;no-repeat&#8221; parallax_sense=&#8221;30&#8243; disable_on_mobile_img_parallax=&#8221;disable_on_mobile_img_parallax_value&#8221; enable_overlay=&#8221;enable_overlay_value&#8221; overlay_color=&#8221;rgba(237,196,33,0.55)&#8221; overlay_pattern=&#8221;08.png&#8221; overlay_pattern_opacity=&#8221;50&#8243; overlay_pattern_size=&#8221;2&#8243; seperator_enable=&#8221;seperator_enable_value&#8221; seperator_type=&#8221;round_split_seperator&#8221; seperator_shape_background=&#8221;#ffffff&#8221; el_class=&#8221;quality&#8221;][vc_column][vc_empty_space height=&#8221;60px&#8221;][\/vc_column][\/vc_row][vc_row][vc_column css=&#8221;.vc_custom_1557494530683{padding-top: 100px !important;padding-bottom: 40px !important;}&#8221;][vc_column_text] Os produtos da Giovenzana s\u00e3o usados \u200b\u200bem \u00e1reas onde a seguran\u00e7a \u00e9 fundamental, por esse motivo, o assunto mais importante para n\u00f3s \u00e9 a seguran\u00e7a dos operadores! Isso significa padr\u00f5es&hellip;<\/p>\n","protected":false},"author":1,"featured_media":0,"parent":0,"menu_order":8,"comment_status":"closed","ping_status":"closed","template":"","meta":{"_acf_changed":false,"ngg_post_thumbnail":0,"footnotes":""},"class_list":["post-12722","page","type-page","status-publish","hentry","description-off"],"acf":[],"yoast_head":"<!-- This site is optimized with the Yoast SEO plugin v24.4 - https:\/\/yoast.com\/wordpress\/plugins\/seo\/ -->\n<title>Certifica\u00e7\u00f5es da empresa &#8211; Giovenzana<\/title>\n<meta name=\"robots\" content=\"index, follow, max-snippet:-1, max-image-preview:large, max-video-preview:-1\" \/>\n<link rel=\"canonical\" href=\"https:\/\/www.giovenzana.com\/pt-br\/certificacoes-da-empresa\/\" \/>\n<meta property=\"og:locale\" content=\"pt_BR\" \/>\n<meta property=\"og:type\" content=\"article\" \/>\n<meta property=\"og:title\" content=\"Certifica\u00e7\u00f5es da empresa &#8211; Giovenzana\" \/>\n<meta property=\"og:description\" content=\"[vc_row][vc_column][\/vc_column][\/vc_row][vc_row full_width=&#8221;stretch_row&#8221; bg_type=&#8221;image&#8221; parallax_style=&#8221;vcpb-vz-jquery&#8221; bg_image_new=&#8221;id^397|url^https:\/\/www.giovenzana.com\/wp-content\/uploads\/giovenzana-company-02.jpg|caption^null|alt^null|title^Giovenzana Company 02|description^null&#8221; bg_image_repeat=&#8221;no-repeat&#8221; parallax_sense=&#8221;30&#8243; disable_on_mobile_img_parallax=&#8221;disable_on_mobile_img_parallax_value&#8221; enable_overlay=&#8221;enable_overlay_value&#8221; overlay_color=&#8221;rgba(237,196,33,0.55)&#8221; overlay_pattern=&#8221;08.png&#8221; overlay_pattern_opacity=&#8221;50&#8243; overlay_pattern_size=&#8221;2&#8243; seperator_enable=&#8221;seperator_enable_value&#8221; seperator_type=&#8221;round_split_seperator&#8221; seperator_shape_background=&#8221;#ffffff&#8221; el_class=&#8221;quality&#8221;][vc_column][vc_empty_space height=&#8221;60px&#8221;][\/vc_column][\/vc_row][vc_row][vc_column css=&#8221;.vc_custom_1557494530683{padding-top: 100px !important;padding-bottom: 40px !important;}&#8221;][vc_column_text] Os produtos da Giovenzana s\u00e3o usados \u200b\u200bem \u00e1reas onde a seguran\u00e7a \u00e9 fundamental, por esse motivo, o assunto mais importante para n\u00f3s \u00e9 a seguran\u00e7a dos operadores! Isso significa padr\u00f5es&hellip;\" \/>\n<meta property=\"og:url\" content=\"https:\/\/www.giovenzana.com\/pt-br\/certificacoes-da-empresa\/\" \/>\n<meta property=\"og:site_name\" content=\"Giovenzana\" \/>\n<meta property=\"article:publisher\" content=\"https:\/\/www.facebook.com\/giovenzanainternational\" \/>\n<meta property=\"article:modified_time\" content=\"2025-06-26T06:53:07+00:00\" \/>\n<meta name=\"twitter:card\" content=\"summary_large_image\" \/>\n<meta name=\"twitter:label1\" content=\"Est. tempo de leitura\" \/>\n\t<meta name=\"twitter:data1\" content=\"3 minutos\" \/>\n<script type=\"application\/ld+json\" class=\"yoast-schema-graph\">{\"@context\":\"https:\/\/schema.org\",\"@graph\":[{\"@type\":\"WebPage\",\"@id\":\"https:\/\/www.giovenzana.com\/pt-br\/certificacoes-da-empresa\/\",\"url\":\"https:\/\/www.giovenzana.com\/pt-br\/certificacoes-da-empresa\/\",\"name\":\"Certifica\u00e7\u00f5es da empresa &#8211; Giovenzana\",\"isPartOf\":{\"@id\":\"https:\/\/www.giovenzana.com\/pt-br\/#website\"},\"datePublished\":\"2018-12-04T14:34:16+00:00\",\"dateModified\":\"2025-06-26T06:53:07+00:00\",\"breadcrumb\":{\"@id\":\"https:\/\/www.giovenzana.com\/pt-br\/certificacoes-da-empresa\/#breadcrumb\"},\"inLanguage\":\"pt-BR\",\"potentialAction\":[{\"@type\":\"ReadAction\",\"target\":[\"https:\/\/www.giovenzana.com\/pt-br\/certificacoes-da-empresa\/\"]}]},{\"@type\":\"BreadcrumbList\",\"@id\":\"https:\/\/www.giovenzana.com\/pt-br\/certificacoes-da-empresa\/#breadcrumb\",\"itemListElement\":[{\"@type\":\"ListItem\",\"position\":1,\"name\":\"Home\",\"item\":\"https:\/\/www.giovenzana.com\/pt-br\/\"},{\"@type\":\"ListItem\",\"position\":2,\"name\":\"Certifica\u00e7\u00f5es da empresa\"}]},{\"@type\":\"WebSite\",\"@id\":\"https:\/\/www.giovenzana.com\/pt-br\/#website\",\"url\":\"https:\/\/www.giovenzana.com\/pt-br\/\",\"name\":\"Giovenzana\",\"description\":\"Piccoli oggetti d\u2019arte di grande tecnologia\",\"publisher\":{\"@id\":\"https:\/\/www.giovenzana.com\/pt-br\/#organization\"},\"potentialAction\":[{\"@type\":\"SearchAction\",\"target\":{\"@type\":\"EntryPoint\",\"urlTemplate\":\"https:\/\/www.giovenzana.com\/pt-br\/?s={search_term_string}\"},\"query-input\":{\"@type\":\"PropertyValueSpecification\",\"valueRequired\":true,\"valueName\":\"search_term_string\"}}],\"inLanguage\":\"pt-BR\"},{\"@type\":\"Organization\",\"@id\":\"https:\/\/www.giovenzana.com\/pt-br\/#organization\",\"name\":\"Giovenzana International B.V.\",\"url\":\"https:\/\/www.giovenzana.com\/pt-br\/\",\"logo\":{\"@type\":\"ImageObject\",\"inLanguage\":\"pt-BR\",\"@id\":\"https:\/\/www.giovenzana.com\/pt-br\/#\/schema\/logo\/image\/\",\"url\":\"https:\/\/www.giovenzana.com\/wp-content\/uploads\/logo-giovenzana-international.png\",\"contentUrl\":\"https:\/\/www.giovenzana.com\/wp-content\/uploads\/logo-giovenzana-international.png\",\"width\":301,\"height\":98,\"caption\":\"Giovenzana International B.V.\"},\"image\":{\"@id\":\"https:\/\/www.giovenzana.com\/pt-br\/#\/schema\/logo\/image\/\"},\"sameAs\":[\"https:\/\/www.facebook.com\/giovenzanainternational\",\"https:\/\/www.linkedin.com\/company\/giovenzanainternational\",\"https:\/\/www.youtube.com\/channel\/UCN-H9aOP26hpeo4zqxpGTxw\"]}]}<\/script>\n<!-- \/ Yoast SEO plugin. -->","yoast_head_json":{"title":"Certifica\u00e7\u00f5es da empresa &#8211; Giovenzana","robots":{"index":"index","follow":"follow","max-snippet":"max-snippet:-1","max-image-preview":"max-image-preview:large","max-video-preview":"max-video-preview:-1"},"canonical":"https:\/\/www.giovenzana.com\/pt-br\/certificacoes-da-empresa\/","og_locale":"pt_BR","og_type":"article","og_title":"Certifica\u00e7\u00f5es da empresa &#8211; Giovenzana","og_description":"[vc_row][vc_column][\/vc_column][\/vc_row][vc_row full_width=&#8221;stretch_row&#8221; bg_type=&#8221;image&#8221; parallax_style=&#8221;vcpb-vz-jquery&#8221; bg_image_new=&#8221;id^397|url^https:\/\/www.giovenzana.com\/wp-content\/uploads\/giovenzana-company-02.jpg|caption^null|alt^null|title^Giovenzana Company 02|description^null&#8221; bg_image_repeat=&#8221;no-repeat&#8221; parallax_sense=&#8221;30&#8243; disable_on_mobile_img_parallax=&#8221;disable_on_mobile_img_parallax_value&#8221; enable_overlay=&#8221;enable_overlay_value&#8221; overlay_color=&#8221;rgba(237,196,33,0.55)&#8221; overlay_pattern=&#8221;08.png&#8221; overlay_pattern_opacity=&#8221;50&#8243; overlay_pattern_size=&#8221;2&#8243; seperator_enable=&#8221;seperator_enable_value&#8221; seperator_type=&#8221;round_split_seperator&#8221; seperator_shape_background=&#8221;#ffffff&#8221; el_class=&#8221;quality&#8221;][vc_column][vc_empty_space height=&#8221;60px&#8221;][\/vc_column][\/vc_row][vc_row][vc_column css=&#8221;.vc_custom_1557494530683{padding-top: 100px !important;padding-bottom: 40px !important;}&#8221;][vc_column_text] Os produtos da Giovenzana s\u00e3o usados \u200b\u200bem \u00e1reas onde a seguran\u00e7a \u00e9 fundamental, por esse motivo, o assunto mais importante para n\u00f3s \u00e9 a seguran\u00e7a dos operadores! Isso significa padr\u00f5es&hellip;","og_url":"https:\/\/www.giovenzana.com\/pt-br\/certificacoes-da-empresa\/","og_site_name":"Giovenzana","article_publisher":"https:\/\/www.facebook.com\/giovenzanainternational","article_modified_time":"2025-06-26T06:53:07+00:00","twitter_card":"summary_large_image","twitter_misc":{"Est. tempo de leitura":"3 minutos"},"schema":{"@context":"https:\/\/schema.org","@graph":[{"@type":"WebPage","@id":"https:\/\/www.giovenzana.com\/pt-br\/certificacoes-da-empresa\/","url":"https:\/\/www.giovenzana.com\/pt-br\/certificacoes-da-empresa\/","name":"Certifica\u00e7\u00f5es da empresa &#8211; Giovenzana","isPartOf":{"@id":"https:\/\/www.giovenzana.com\/pt-br\/#website"},"datePublished":"2018-12-04T14:34:16+00:00","dateModified":"2025-06-26T06:53:07+00:00","breadcrumb":{"@id":"https:\/\/www.giovenzana.com\/pt-br\/certificacoes-da-empresa\/#breadcrumb"},"inLanguage":"pt-BR","potentialAction":[{"@type":"ReadAction","target":["https:\/\/www.giovenzana.com\/pt-br\/certificacoes-da-empresa\/"]}]},{"@type":"BreadcrumbList","@id":"https:\/\/www.giovenzana.com\/pt-br\/certificacoes-da-empresa\/#breadcrumb","itemListElement":[{"@type":"ListItem","position":1,"name":"Home","item":"https:\/\/www.giovenzana.com\/pt-br\/"},{"@type":"ListItem","position":2,"name":"Certifica\u00e7\u00f5es da empresa"}]},{"@type":"WebSite","@id":"https:\/\/www.giovenzana.com\/pt-br\/#website","url":"https:\/\/www.giovenzana.com\/pt-br\/","name":"Giovenzana","description":"Piccoli oggetti d\u2019arte di grande tecnologia","publisher":{"@id":"https:\/\/www.giovenzana.com\/pt-br\/#organization"},"potentialAction":[{"@type":"SearchAction","target":{"@type":"EntryPoint","urlTemplate":"https:\/\/www.giovenzana.com\/pt-br\/?s={search_term_string}"},"query-input":{"@type":"PropertyValueSpecification","valueRequired":true,"valueName":"search_term_string"}}],"inLanguage":"pt-BR"},{"@type":"Organization","@id":"https:\/\/www.giovenzana.com\/pt-br\/#organization","name":"Giovenzana International B.V.","url":"https:\/\/www.giovenzana.com\/pt-br\/","logo":{"@type":"ImageObject","inLanguage":"pt-BR","@id":"https:\/\/www.giovenzana.com\/pt-br\/#\/schema\/logo\/image\/","url":"https:\/\/www.giovenzana.com\/wp-content\/uploads\/logo-giovenzana-international.png","contentUrl":"https:\/\/www.giovenzana.com\/wp-content\/uploads\/logo-giovenzana-international.png","width":301,"height":98,"caption":"Giovenzana International B.V."},"image":{"@id":"https:\/\/www.giovenzana.com\/pt-br\/#\/schema\/logo\/image\/"},"sameAs":["https:\/\/www.facebook.com\/giovenzanainternational","https:\/\/www.linkedin.com\/company\/giovenzanainternational","https:\/\/www.youtube.com\/channel\/UCN-H9aOP26hpeo4zqxpGTxw"]}]}},"_links":{"self":[{"href":"https:\/\/www.giovenzana.com\/pt-br\/wp-json\/wp\/v2\/pages\/12722","targetHints":{"allow":["GET"]}}],"collection":[{"href":"https:\/\/www.giovenzana.com\/pt-br\/wp-json\/wp\/v2\/pages"}],"about":[{"href":"https:\/\/www.giovenzana.com\/pt-br\/wp-json\/wp\/v2\/types\/page"}],"author":[{"embeddable":true,"href":"https:\/\/www.giovenzana.com\/pt-br\/wp-json\/wp\/v2\/users\/1"}],"replies":[{"embeddable":true,"href":"https:\/\/www.giovenzana.com\/pt-br\/wp-json\/wp\/v2\/comments?post=12722"}],"version-history":[{"count":7,"href":"https:\/\/www.giovenzana.com\/pt-br\/wp-json\/wp\/v2\/pages\/12722\/revisions"}],"predecessor-version":[{"id":52976,"href":"https:\/\/www.giovenzana.com\/pt-br\/wp-json\/wp\/v2\/pages\/12722\/revisions\/52976"}],"wp:attachment":[{"href":"https:\/\/www.giovenzana.com\/pt-br\/wp-json\/wp\/v2\/media?parent=12722"}],"curies":[{"name":"wp","href":"https:\/\/api.w.org\/{rel}","templated":true}]}}