{"id":12938,"date":"2018-11-29T15:59:38","date_gmt":"2018-11-29T14:59:38","guid":{"rendered":"https:\/\/www.giovenzana.com\/politica-de-privacidade\/"},"modified":"2022-12-14T11:38:04","modified_gmt":"2022-12-14T10:38:04","slug":"politica-de-privacidade","status":"publish","type":"page","link":"https:\/\/www.giovenzana.com\/pt-br\/politica-de-privacidade\/","title":{"rendered":"Pol\u00edtica de Privacidade"},"content":{"rendered":"<div class=\"wpb-content-wrapper\"><p>[vc_row][vc_column][vc_column_text]<a class=\"iubenda-white no-brand iubenda-noiframe iubenda-embed iubenda-noiframe iub-body-embed\" title=\"Pol\u00edtica de Privacidade\" href=\"https:\/\/www.iubenda.com\/privacy-policy\/10005251\">Pol\u00edtica de Privacidade<\/a><script type=\"text\/javascript\">(function (w,d) {var loader = function () {var s = d.createElement(\"script\"), tag = d.getElementsByTagName(\"script\")[0]; s.src=\"https:\/\/cdn.iubenda.com\/iubenda.js\"; tag.parentNode.insertBefore(s,tag);}; if(w.addEventListener){w.addEventListener(\"load\", loader, false);}else if(w.attachEvent){w.attachEvent(\"onload\", loader);}else{w.onload = loader;}})(window, document);<\/script>[\/vc_column_text][\/vc_column][\/vc_row][vc_row disable_element=&#8221;yes&#8221;][vc_column][vc_column_text]Caro Visitante, nesta p\u00e1gina voc\u00ea encontrar\u00e1 informa\u00e7\u00f5es sobre como gerenciar seus dados pessoais atrav\u00e9s deste site. Esta informa\u00e7\u00e3o \u00e9 elaborada em total conformidade com o Regulamento Europeu &#8220;GDPR&#8221; 679\/2016,<\/p>\n<ol>\n<li><strong> Controlador de Dados<\/strong><br \/>\nO Controlador de dados \u00e9 Giovenzana International B.V., Strawinskylaan 1105, 1077 XX &#8211; Amsterdam NL. Os ponrtos de contato est\u00e3o no email: <a href=\"mailto:privacy@giovenzana.com\">privacy@giovenzana.com<\/a> e telefone +31 204413456. Tamb\u00e9m existem assuntos para os quais a intera\u00e7\u00e3o com seus dados \u00e9 obrigat\u00f3ria. Esses assuntos est\u00e3o nos Processadores de Dados. Voc\u00ea pode solicitar a lista atualizada de Processadores de Dados nos pontos de contato mencionados acima.<\/li>\n<li><strong> Tipos de dados coletados<\/strong><br \/>\nEntre os dados pessoais coletados por este site, independentemente ou atrav\u00e9s de terceiros, existem: Cookies, Dados de uso, email e nome. Outros dados pessoais coletados podem ser indicados em outras se\u00e7\u00f5es desta pol\u00edtica de privacidade ou atrav\u00e9s de textos informativos exibidos juntamente com a coleta dos pr\u00f3prios dados. Os dados pessoais podem ser inseridos voluntariamente pelo Usu\u00e1rio ou coletados automaticamente ao usar este Site. O uso de cookies por este site ou pelos controladores de dados de servi\u00e7os de terceiros usados \u200b\u200bpor este site, a menos que especificado de outra forma, visa identificar o usu\u00e1rio e registrar suas prefer\u00eancias para fins estritamente relacionados \u00e0 presta\u00e7\u00e3o do servi\u00e7o solicitado pelo usu\u00e1rio. N\u00e3o usamos cookies de cria\u00e7\u00e3o de perfil, mas apenas cookies t\u00e9cnicos. A falta de consentimento de determinados dados pessoais pelo Usu\u00e1rio pode impedir apenas que este Site forne\u00e7a seus servi\u00e7os. O Usu\u00e1rio assume a responsabilidade dos dados pessoais de terceiros publicados ou compartilhados atrav\u00e9s deste Site e garante o direito de comunic\u00e1-los ou mencion\u00e1-los, liberando o Controlador de Dados de qualquer responsabilidade para com terceiros.<\/li>\n<li><strong> M\u00e9todos de processamento<\/strong><br \/>\nO Controlador de Dados processa os dados pessoais dos Usu\u00e1rios, tomando medidas de seguran\u00e7a apropriadas para impedir o acesso n\u00e3o autorizado, divulga\u00e7\u00e3o, modifica\u00e7\u00e3o ou destrui\u00e7\u00e3o de dados pessoais. O processamento \u00e9 realizado usando ferramentas de TI e \/ ou telem\u00e1ticas, com m\u00e9todos e l\u00f3gica organizacionais estritamente relacionados aos prop\u00f3sitos indicados. Al\u00e9m do Controlador de Dados, em alguns casos, categorias de nomeados envolvidos na organiza\u00e7\u00e3o do Site (administrativos, comerciais, marketing, jur\u00eddicos, administradores de sistemas) ou terceiros (como provedores de servi\u00e7os t\u00e9cnicos, transportadoras de correio, provedores de hospedagem , Empresas de TI, ag\u00eancias de comunica\u00e7\u00e3o) tamb\u00e9m designaram, se necess\u00e1rio, Processadores de Dados pelo Controlador de Dados. A lista atualizada de processadores de dados sempre pode ser solicitada ao controlador de dados.<\/li>\n<li><strong> Objetivos do processamento dos dados coletados<\/strong><br \/>\nOs Dados do Usu\u00e1rio s\u00e3o coletados para permitir que o Controlador de Dados forne\u00e7a seus servi\u00e7os, bem como para os seguintes prop\u00f3sitos: Estat\u00edsticas de navega\u00e7\u00e3o e Contato com o Usu\u00e1rio para responder \u00e0s suas solicita\u00e7\u00f5es. Os tipos de dados pessoais usados \u200b\u200bpara cada finalidade s\u00e3o indicados nas se\u00e7\u00f5es espec\u00edficas deste documento.<\/li>\n<li><strong> Fornecimento opcional de dados<\/strong><br \/>\nAl\u00e9m do especificado para os dados de navega\u00e7\u00e3o, o usu\u00e1rio pode fornecer os dados pessoais relatados em formul\u00e1rios de inscri\u00e7\u00e3o \u00e0 Empresa para solicitar o envio da newsletter, material informativo ou outras comunica\u00e7\u00f5es. No entanto, a falha em fornecer esses dados pode resultar na impossibilidade de obter apenas o acima exigido (por exemplo, boletim informativo, solicita\u00e7\u00e3o de informa\u00e7\u00f5es ou contato, etc.). O processamento para fins de marketing e comerciais \u00e9 sempre opcional e o consentimento relativo pode ser revogado a qualquer momento pelo Usu\u00e1rio, sem consequ\u00eancias.<\/li>\n<li><strong> M\u00e9todos de processamento e tempo<\/strong><br \/>\nOs dados pessoais s\u00e3o processados \u200b\u200bexclusivamente por ferramentas automatizadas. O momento do processamento dos dados somente quando os objetivos para os quais foram coletados s\u00e3o alcan\u00e7ados. Medidas de seguran\u00e7a adequadas s\u00e3o observadas para evitar a perda de dados, qualquer uso il\u00edcito ou incorreto e acesso n\u00e3o autorizado.<\/li>\n<li><strong> Mais informa\u00e7\u00f5es sobre o processamento<\/strong>\n<ol>\n<li><strong>Defesa em tribunal<\/strong><br \/>\nOs dados pessoais do Usu\u00e1rio podem ser utilizados para dados pessoais em caso de disputas legais pelo Controlador de Dados ou nas etapas que levam a uma poss\u00edvel a\u00e7\u00e3o legal, contra o uso indevido do mesmo ou de servi\u00e7os relacionados pelo Usu\u00e1rio. O Usu\u00e1rio declara estar ciente de que o Controlador de Dados pode ser obrigado a divulgar os Dados a pedido de autoridades p\u00fablicas.<\/li>\n<li><strong>Informa\u00e7\u00f5es espec\u00edficas<\/strong><br \/>\nA pedido do Usu\u00e1rio, al\u00e9m das informa\u00e7\u00f5es contidas nesta pol\u00edtica de privacidade, este Site pode fornecer ao Usu\u00e1rio informa\u00e7\u00f5es adicionais e contextuais sobre servi\u00e7os espec\u00edficos, ou a coleta e processamento de dados pessoais.<\/li>\n<li><strong>Registro do sistema e manuten\u00e7\u00e3o<\/strong><br \/>\nPara necessidades relacionadas \u00e0 opera\u00e7\u00e3o e manuten\u00e7\u00e3o, este Site e quaisquer servi\u00e7os de terceiros que ele utiliza podem coletar logs do sistema, que s\u00e3o arquivos que registram as intera\u00e7\u00f5es e que tamb\u00e9m podem conter dados pessoais, como o endere\u00e7o IP do usu\u00e1rio.<\/li>\n<li><strong>Informa\u00e7\u00f5es n\u00e3o contidas nesta pol\u00edtica<\/strong><br \/>\nMais informa\u00e7\u00f5es em rela\u00e7\u00e3o ao processamento de dados pessoais podem ser solicitadas a qualquer momento ao controlador de dados, usando as informa\u00e7\u00f5es de contato.<\/li>\n<\/ol>\n<\/li>\n<li><strong> Exerc\u00edcio de direitos pelos Titulares dos Dados<\/strong><br \/>\nOs titulares dos dados aos quais os dados pessoais se referem t\u00eam o direito de, a qualquer momento, obter a confirma\u00e7\u00e3o de sua exist\u00eancia do Controlador de Dados, conhecer seu conte\u00fado e origem, verificar sua precis\u00e3o ou solicitar sua integra\u00e7\u00e3o, cancelamento, atualiza\u00e7\u00e3o, retifica\u00e7\u00e3o, transforma\u00e7\u00e3o de forma an\u00f4nima ou bloqueio de dados pessoais processados \u200b\u200bem viola\u00e7\u00e3o da lei, e se opor, em qualquer caso, por motivos leg\u00edtimos, ao seu tratamento. Os pedidos devem ser endere\u00e7ados ao Controlador de Dados da maneira descrita no ponto 1.<\/li>\n<li><strong> Hor\u00e1rios de atualiza\u00e7\u00e3o<\/strong><br \/>\nEsta informa\u00e7\u00e3o \u00e9 elaborada de acordo com o Regulamento Europeu GDPR 679\/2016. Consulte periodicamente esta p\u00e1gina do site para poss\u00edveis modifica\u00e7\u00f5es que possamos operar de acordo com atualiza\u00e7\u00f5es regulat\u00f3rias ou novas implementa\u00e7\u00f5es de nossos servi\u00e7os.<\/li>\n<\/ol>\n<p>[\/vc_column_text][\/vc_column][\/vc_row]<\/p>\n<\/div>","protected":false},"excerpt":{"rendered":"<p>[vc_row][vc_column][vc_column_text]Pol\u00edtica de Privacidade[\/vc_column_text][\/vc_column][\/vc_row][vc_row disable_element=&#8221;yes&#8221;][vc_column][vc_column_text]Caro Visitante, nesta p\u00e1gina voc\u00ea encontrar\u00e1 informa\u00e7\u00f5es sobre como gerenciar seus dados pessoais atrav\u00e9s deste site. Esta informa\u00e7\u00e3o \u00e9 elaborada em total conformidade com o Regulamento Europeu &#8220;GDPR&#8221; 679\/2016, Controlador de Dados O Controlador de dados \u00e9 Giovenzana International B.V., Strawinskylaan 1105, 1077 XX &#8211; Amsterdam NL. Os ponrtos de contato est\u00e3o&hellip;<\/p>\n","protected":false},"author":1,"featured_media":0,"parent":0,"menu_order":13,"comment_status":"closed","ping_status":"closed","template":"","meta":{"_acf_changed":false,"ngg_post_thumbnail":0,"footnotes":""},"class_list":["post-12938","page","type-page","status-publish","hentry","description-off"],"acf":[],"yoast_head":"<!-- This site is optimized with the Yoast SEO plugin v24.4 - https:\/\/yoast.com\/wordpress\/plugins\/seo\/ -->\n<title>Pol\u00edtica de Privacidade &#8211; Giovenzana<\/title>\n<meta name=\"robots\" content=\"noindex, nofollow\" \/>\n<meta property=\"og:locale\" content=\"pt_BR\" \/>\n<meta property=\"og:type\" content=\"article\" \/>\n<meta property=\"og:title\" content=\"Pol\u00edtica de Privacidade &#8211; Giovenzana\" \/>\n<meta property=\"og:description\" content=\"[vc_row][vc_column][vc_column_text]Pol\u00edtica de Privacidade[\/vc_column_text][\/vc_column][\/vc_row][vc_row disable_element=&#8221;yes&#8221;][vc_column][vc_column_text]Caro Visitante, nesta p\u00e1gina voc\u00ea encontrar\u00e1 informa\u00e7\u00f5es sobre como gerenciar seus dados pessoais atrav\u00e9s deste site. Esta informa\u00e7\u00e3o \u00e9 elaborada em total conformidade com o Regulamento Europeu &#8220;GDPR&#8221; 679\/2016, Controlador de Dados O Controlador de dados \u00e9 Giovenzana International B.V., Strawinskylaan 1105, 1077 XX &#8211; Amsterdam NL. Os ponrtos de contato est\u00e3o&hellip;\" \/>\n<meta property=\"og:url\" content=\"https:\/\/www.giovenzana.com\/pt-br\/politica-de-privacidade\/\" \/>\n<meta property=\"og:site_name\" content=\"Giovenzana\" \/>\n<meta property=\"article:publisher\" content=\"https:\/\/www.facebook.com\/giovenzanainternational\" \/>\n<meta property=\"article:modified_time\" content=\"2022-12-14T10:38:04+00:00\" \/>\n<meta name=\"twitter:card\" content=\"summary_large_image\" \/>\n<meta name=\"twitter:label1\" content=\"Est. tempo de leitura\" \/>\n\t<meta name=\"twitter:data1\" content=\"5 minutos\" \/>\n<script type=\"application\/ld+json\" class=\"yoast-schema-graph\">{\"@context\":\"https:\/\/schema.org\",\"@graph\":[{\"@type\":\"WebPage\",\"@id\":\"https:\/\/www.giovenzana.com\/pt-br\/politica-de-privacidade\/\",\"url\":\"https:\/\/www.giovenzana.com\/pt-br\/politica-de-privacidade\/\",\"name\":\"Pol\u00edtica de Privacidade &#8211; Giovenzana\",\"isPartOf\":{\"@id\":\"https:\/\/www.giovenzana.com\/pt-br\/#website\"},\"datePublished\":\"2018-11-29T14:59:38+00:00\",\"dateModified\":\"2022-12-14T10:38:04+00:00\",\"breadcrumb\":{\"@id\":\"https:\/\/www.giovenzana.com\/pt-br\/politica-de-privacidade\/#breadcrumb\"},\"inLanguage\":\"pt-BR\",\"potentialAction\":[{\"@type\":\"ReadAction\",\"target\":[\"https:\/\/www.giovenzana.com\/pt-br\/politica-de-privacidade\/\"]}]},{\"@type\":\"BreadcrumbList\",\"@id\":\"https:\/\/www.giovenzana.com\/pt-br\/politica-de-privacidade\/#breadcrumb\",\"itemListElement\":[{\"@type\":\"ListItem\",\"position\":1,\"name\":\"Home\",\"item\":\"https:\/\/www.giovenzana.com\/pt-br\/\"},{\"@type\":\"ListItem\",\"position\":2,\"name\":\"Pol\u00edtica de Privacidade\"}]},{\"@type\":\"WebSite\",\"@id\":\"https:\/\/www.giovenzana.com\/pt-br\/#website\",\"url\":\"https:\/\/www.giovenzana.com\/pt-br\/\",\"name\":\"Giovenzana\",\"description\":\"Piccoli oggetti d\u2019arte di grande tecnologia\",\"publisher\":{\"@id\":\"https:\/\/www.giovenzana.com\/pt-br\/#organization\"},\"potentialAction\":[{\"@type\":\"SearchAction\",\"target\":{\"@type\":\"EntryPoint\",\"urlTemplate\":\"https:\/\/www.giovenzana.com\/pt-br\/?s={search_term_string}\"},\"query-input\":{\"@type\":\"PropertyValueSpecification\",\"valueRequired\":true,\"valueName\":\"search_term_string\"}}],\"inLanguage\":\"pt-BR\"},{\"@type\":\"Organization\",\"@id\":\"https:\/\/www.giovenzana.com\/pt-br\/#organization\",\"name\":\"Giovenzana International B.V.\",\"url\":\"https:\/\/www.giovenzana.com\/pt-br\/\",\"logo\":{\"@type\":\"ImageObject\",\"inLanguage\":\"pt-BR\",\"@id\":\"https:\/\/www.giovenzana.com\/pt-br\/#\/schema\/logo\/image\/\",\"url\":\"https:\/\/www.giovenzana.com\/wp-content\/uploads\/logo-giovenzana-international.png\",\"contentUrl\":\"https:\/\/www.giovenzana.com\/wp-content\/uploads\/logo-giovenzana-international.png\",\"width\":301,\"height\":98,\"caption\":\"Giovenzana International B.V.\"},\"image\":{\"@id\":\"https:\/\/www.giovenzana.com\/pt-br\/#\/schema\/logo\/image\/\"},\"sameAs\":[\"https:\/\/www.facebook.com\/giovenzanainternational\",\"https:\/\/www.linkedin.com\/company\/giovenzanainternational\",\"https:\/\/www.youtube.com\/channel\/UCN-H9aOP26hpeo4zqxpGTxw\"]}]}<\/script>\n<!-- \/ Yoast SEO plugin. -->","yoast_head_json":{"title":"Pol\u00edtica de Privacidade &#8211; Giovenzana","robots":{"index":"noindex","follow":"nofollow"},"og_locale":"pt_BR","og_type":"article","og_title":"Pol\u00edtica de Privacidade &#8211; Giovenzana","og_description":"[vc_row][vc_column][vc_column_text]Pol\u00edtica de Privacidade[\/vc_column_text][\/vc_column][\/vc_row][vc_row disable_element=&#8221;yes&#8221;][vc_column][vc_column_text]Caro Visitante, nesta p\u00e1gina voc\u00ea encontrar\u00e1 informa\u00e7\u00f5es sobre como gerenciar seus dados pessoais atrav\u00e9s deste site. Esta informa\u00e7\u00e3o \u00e9 elaborada em total conformidade com o Regulamento Europeu &#8220;GDPR&#8221; 679\/2016, Controlador de Dados O Controlador de dados \u00e9 Giovenzana International B.V., Strawinskylaan 1105, 1077 XX &#8211; Amsterdam NL. Os ponrtos de contato est\u00e3o&hellip;","og_url":"https:\/\/www.giovenzana.com\/pt-br\/politica-de-privacidade\/","og_site_name":"Giovenzana","article_publisher":"https:\/\/www.facebook.com\/giovenzanainternational","article_modified_time":"2022-12-14T10:38:04+00:00","twitter_card":"summary_large_image","twitter_misc":{"Est. tempo de leitura":"5 minutos"},"schema":{"@context":"https:\/\/schema.org","@graph":[{"@type":"WebPage","@id":"https:\/\/www.giovenzana.com\/pt-br\/politica-de-privacidade\/","url":"https:\/\/www.giovenzana.com\/pt-br\/politica-de-privacidade\/","name":"Pol\u00edtica de Privacidade &#8211; Giovenzana","isPartOf":{"@id":"https:\/\/www.giovenzana.com\/pt-br\/#website"},"datePublished":"2018-11-29T14:59:38+00:00","dateModified":"2022-12-14T10:38:04+00:00","breadcrumb":{"@id":"https:\/\/www.giovenzana.com\/pt-br\/politica-de-privacidade\/#breadcrumb"},"inLanguage":"pt-BR","potentialAction":[{"@type":"ReadAction","target":["https:\/\/www.giovenzana.com\/pt-br\/politica-de-privacidade\/"]}]},{"@type":"BreadcrumbList","@id":"https:\/\/www.giovenzana.com\/pt-br\/politica-de-privacidade\/#breadcrumb","itemListElement":[{"@type":"ListItem","position":1,"name":"Home","item":"https:\/\/www.giovenzana.com\/pt-br\/"},{"@type":"ListItem","position":2,"name":"Pol\u00edtica de Privacidade"}]},{"@type":"WebSite","@id":"https:\/\/www.giovenzana.com\/pt-br\/#website","url":"https:\/\/www.giovenzana.com\/pt-br\/","name":"Giovenzana","description":"Piccoli oggetti d\u2019arte di grande tecnologia","publisher":{"@id":"https:\/\/www.giovenzana.com\/pt-br\/#organization"},"potentialAction":[{"@type":"SearchAction","target":{"@type":"EntryPoint","urlTemplate":"https:\/\/www.giovenzana.com\/pt-br\/?s={search_term_string}"},"query-input":{"@type":"PropertyValueSpecification","valueRequired":true,"valueName":"search_term_string"}}],"inLanguage":"pt-BR"},{"@type":"Organization","@id":"https:\/\/www.giovenzana.com\/pt-br\/#organization","name":"Giovenzana International B.V.","url":"https:\/\/www.giovenzana.com\/pt-br\/","logo":{"@type":"ImageObject","inLanguage":"pt-BR","@id":"https:\/\/www.giovenzana.com\/pt-br\/#\/schema\/logo\/image\/","url":"https:\/\/www.giovenzana.com\/wp-content\/uploads\/logo-giovenzana-international.png","contentUrl":"https:\/\/www.giovenzana.com\/wp-content\/uploads\/logo-giovenzana-international.png","width":301,"height":98,"caption":"Giovenzana International B.V."},"image":{"@id":"https:\/\/www.giovenzana.com\/pt-br\/#\/schema\/logo\/image\/"},"sameAs":["https:\/\/www.facebook.com\/giovenzanainternational","https:\/\/www.linkedin.com\/company\/giovenzanainternational","https:\/\/www.youtube.com\/channel\/UCN-H9aOP26hpeo4zqxpGTxw"]}]}},"_links":{"self":[{"href":"https:\/\/www.giovenzana.com\/pt-br\/wp-json\/wp\/v2\/pages\/12938","targetHints":{"allow":["GET"]}}],"collection":[{"href":"https:\/\/www.giovenzana.com\/pt-br\/wp-json\/wp\/v2\/pages"}],"about":[{"href":"https:\/\/www.giovenzana.com\/pt-br\/wp-json\/wp\/v2\/types\/page"}],"author":[{"embeddable":true,"href":"https:\/\/www.giovenzana.com\/pt-br\/wp-json\/wp\/v2\/users\/1"}],"replies":[{"embeddable":true,"href":"https:\/\/www.giovenzana.com\/pt-br\/wp-json\/wp\/v2\/comments?post=12938"}],"version-history":[{"count":8,"href":"https:\/\/www.giovenzana.com\/pt-br\/wp-json\/wp\/v2\/pages\/12938\/revisions"}],"predecessor-version":[{"id":37227,"href":"https:\/\/www.giovenzana.com\/pt-br\/wp-json\/wp\/v2\/pages\/12938\/revisions\/37227"}],"wp:attachment":[{"href":"https:\/\/www.giovenzana.com\/pt-br\/wp-json\/wp\/v2\/media?parent=12938"}],"curies":[{"name":"wp","href":"https:\/\/api.w.org\/{rel}","templated":true}]}}