{"id":47071,"date":"2023-04-18T11:38:59","date_gmt":"2023-04-18T09:38:59","guid":{"rendered":"https:\/\/www.giovenzana.com\/?page_id=47071"},"modified":"2023-04-18T15:02:37","modified_gmt":"2023-04-18T13:02:37","slug":"involucro-de-seguranca-aumentada-ex","status":"publish","type":"page","link":"https:\/\/www.giovenzana.com\/pt-br\/produtos\/atex-iecex\/involucro-de-seguranca-aumentada-ex\/","title":{"rendered":"INV\u00d3LUCRO DE SEGURAN\u00c7A AUMENTADA Ex"},"content":{"rendered":"<div class=\"wpb-content-wrapper\"><p>[vc_row][vc_column width=&#8221;1\/4&#8243;][vc_column_text css_animation=&#8221;none&#8221; css=&#8221;.vc_custom_1677164383663{padding-top: 100px !important;}&#8221;]<strong>Baixe o <a href=\"https:\/\/static.giovenzana.com\/catalogues\/ENGLISH\/CXE.pdf\">cat\u00e1logo ATEX<\/a> e o <a href=\"https:\/\/static.giovenzana.com\/attachments\/leaflets\/EN-IT_JunctionBoxes-LocalControlStations_USE.pdf\">manual de instru\u00e7\u00f5es<\/a> para ter mais detalhes para a oportunidade de personaliza\u00e7\u00e3o!<\/strong><\/p>\n<div class=\"page\" title=\"P\u00e1gina 39\">\n<div class=\"section\">\n<div class=\"layoutArea\">\n<div class=\"column\">\n<p><em>Nosso departamento t\u00e9cnico ir\u00e1 apoi\u00e1-lo na concep\u00e7\u00e3o da melhor solu\u00e7\u00e3o de acordo com suas necessidades e dentro dos limites do certificado.<\/em><\/p>\n<\/div>\n<\/div>\n<\/div>\n<\/div>\n<p>[\/vc_column_text][vc_single_image image=&#8221;47088&#8243; img_size=&#8221;full&#8221;][vc_single_image image=&#8221;47095&#8243; img_size=&#8221;full&#8221;][vc_single_image image=&#8221;47102&#8243; img_size=&#8221;full&#8221;][\/vc_column][vc_column width=&#8221;3\/4&#8243;][vc_column_text]<\/p>\n<div class=\"page\" title=\"P\u00e1gina 39\">\n<div class=\"section\">\n<div class=\"layoutArea\">\n<div class=\"column\">\n<div class=\"page\" title=\"P\u00e1gina 39\">\n<div class=\"section\">\n<div class=\"layoutArea\">\n<div class=\"column\">\n<h3><span style=\"color: #ffcc33;\"><strong><span dir=\"ltr\" role=\"presentation\">INV\u00d3LUCRO DE SEGURAN\u00c7A AUMENTADA <\/span><span dir=\"ltr\" role=\"presentation\">\u00bb S\u00c9RIE A\/G\/S*****EX..<\/span><br \/>\n<\/strong><\/span><\/h3>\n<p>&nbsp;<\/p>\n<\/div>\n<p><span dir=\"ltr\" role=\"presentation\">Componentes projetados para atender aos requisitos<\/span> <strong><span dir=\"ltr\" role=\"presentation\">de uso ON e OFF-SHORE<\/span><\/strong><span dir=\"ltr\" role=\"presentation\">, em aplica\u00e7\u00f5es petroqu\u00edmicas e mar\u00edtimas<\/span> <span dir=\"ltr\" role=\"presentation\">e para qualquer outra ind\u00fastria em que uma atmosfera explosiva possa estar presente.<\/span><\/p>\n<\/div>\n<div class=\"layoutArea\"><br role=\"presentation\"><strong><span dir=\"ltr\" role=\"presentation\">A\/G\/S****EX&#8230; S\u00e9rie<\/span><\/strong> <span dir=\"ltr\" role=\"presentation\">s\u00e3o adequados para equipamentos para atmosferas explosivas de G\u00c1S e POEIRA, com um n\u00edvel de prote\u00e7\u00e3o &#8220;alto&#8221;,<\/span> <span dir=\"ltr\" role=\"presentation\">que n\u00e3o \u00e9 uma fonte de igni\u00e7\u00e3o em opera\u00e7\u00e3o normal ou durante mau funcionamento esperado.<\/span><\/div>\n<div class=\"layoutArea\"><br role=\"presentation\"><span dir=\"ltr\" role=\"presentation\">Aplica\u00e7\u00f5es tais como: caixas de jun\u00e7\u00e3o, esta\u00e7\u00f5es de controle locais e pain\u00e9is de controle locais para a<\/span> <span dir=\"ltr\" role=\"presentation\">aplica\u00e7\u00e3o interna e exterior.<\/span><\/div>\n<div class=\"layoutArea\"><br role=\"presentation\"><span dir=\"ltr\" role=\"presentation\">\u2022<\/span> <span dir=\"ltr\" role=\"presentation\">Totalmente personaliz\u00e1vel<\/span> <span dir=\"ltr\" role=\"presentation\">para tamanho e material do gabinete, n\u00famero de furos e usinagem mec\u00e2nica.<\/span><\/div>\n<\/div>\n<\/div>\n<\/div>\n<\/div>\n<\/div>\n<\/div>\n<p>[\/vc_column_text][vc_separator css=&#8221;.vc_custom_1677164018482{padding-top: 30px !important;}&#8221;][vc_column_text]<\/p>\n<div class=\"page\" title=\"P\u00e1gina 39\">\n<div class=\"section\">\n<div class=\"layoutArea\">\n<div class=\"column\">\n<div class=\"page\" title=\"P\u00e1gina 39\">\n<div class=\"section\">\n<div class=\"layoutArea\">\n<div class=\"column\"><\/div>\n<div class=\"page\" title=\"P\u00e1gina 39\">\n<div class=\"section\">\n<div class=\"layoutArea\">\n<h4><span style=\"color: #ffcc33;\"><strong>Caracter\u00edsticas gerais:<\/strong><\/span><\/h4>\n<div class=\"column\">\n<div class=\"page\" title=\"P\u00e1gina 40\">\n<div class=\"layoutArea\">\n<div class=\"column\">\n<p><strong>Materiais:<\/strong> A\u00e7o inoxid\u00e1vel AISI 316L, Alum\u00ednio com baixo teor de cobre e GRP (Glassfiber Reinforced Polyester).<\/p>\n<div class=\"page\" title=\"P\u00e1gina 40\">\n<div class=\"layoutArea\">\n<div class=\"column\">\n<p><strong>Tratamento de superf\u00edcie:<\/strong> A\u00e7o inoxid\u00e1vel: Tratamento \u00e1cido (decapagem) \/ Alum\u00ednio: Padr\u00e3o com revestimento em p\u00f3 de poli\u00e9ster RAL 7001.<\/p>\n<div class=\"page\" title=\"P\u00e1gina 40\">\n<div class=\"layoutArea\">\n<div class=\"column\">\n<p><strong>Acess\u00f3rios opcionais consoante o material do compartimento:<\/strong><\/p>\n<div class=\"page\" title=\"P\u00e1gina 40\">\n<div class=\"layoutArea\">\n<ul>\n<li class=\"column\">Tratamento electropolimento (apenas a\u00e7o inoxid\u00e1vel);<\/li>\n<li class=\"column\">Placas laterais (apenas a\u00e7o inoxid\u00e1vel);<\/li>\n<li class=\"column\">Dobradi\u00e7as (GPR e alum\u00ednio);<\/li>\n<li class=\"column\">V\u00e1lvula de drenagem\/escape;<\/li>\n<li class=\"column\">Etiqueta do certificado Traffolyte\/a\u00e7o inoxid\u00e1vel;<\/li>\n<li class=\"column\">Placa de montagem interna;<\/li>\n<li class=\"column\">Instala\u00e7\u00e3o de bloqueio (apenas a\u00e7o inoxid\u00e1vel);<\/li>\n<li class=\"column\">Placas de continuidade da terra (apenas GRP);<\/li>\n<li class=\"column\">Passando por parafuso de terra.<\/li>\n<\/ul>\n<div class=\"column\">\n<div class=\"page\" title=\"P\u00e1gina 40\">\n<div class=\"layoutArea\">\n<div class=\"column\">\n<p><strong>Grau de prote\u00e7\u00e3o:<\/strong> IP66, IP66\/IP67 <span dir=\"ltr\" role=\"presentation\">(S***EX&#8230; somente sem elemento do punho do balan\u00e7o).<\/span><\/p>\n<p><strong><span dir=\"ltr\" role=\"presentation\">Grupo de poeira<\/span>:<\/strong>IIIC.<\/p>\n<div class=\"page\" title=\"P\u00e1gina 40\">\n<div class=\"layoutArea\">\n<div class=\"column\">\n<p><strong><span dir=\"ltr\" role=\"presentation\">Faixa de temperatura de servi\u00e7o:<\/span><\/strong> <span dir=\"ltr\" role=\"presentation\">-50\u00b0C a 105\u00b0C (dependendo do material e da usinagem mec\u00e2nica).<\/span><\/p>\n<div class=\"page\" title=\"P\u00e1gina 40\">\n<div class=\"layoutArea\">\n<div class=\"column\">\n<p><strong>Corpo:<\/strong><\/p>\n<div class=\"page\" title=\"P\u00e1gina 40\">\n<div class=\"section\">\n<div class=\"layoutArea\">\n<ul>\n<li><span dir=\"ltr\" role=\"presentation\">A******EX&#8230; Alum\u00ednio sem cobre<\/span><\/li>\n<li><span dir=\"ltr\" role=\"presentation\">G******EX&#8230; GRP<\/span><\/li>\n<li><span dir=\"ltr\" role=\"presentation\">S*****EX AISI316L de a\u00e7o inoxid\u00e1vel<\/span><\/li>\n<\/ul>\n<\/div>\n<div class=\"page\" title=\"P\u00e1gina 40\">\n<div class=\"layoutArea\">\n<div class=\"column\">\n<p><strong>Ferragem, parafusos e dispositivos de travamento:<\/strong> AISI 316L de a\u00e7o inoxid\u00e1vel<\/p>\n<div class=\"page\" title=\"P\u00e1gina 40\">\n<div class=\"layoutArea\">\n<div class=\"column\">\n<div class=\"page\" title=\"P\u00e1gina 40\">\n<div class=\"layoutArea\">\n<div class=\"column\">\n<div class=\"page\" title=\"P\u00e1gina 40\">\n<div class=\"layoutArea\">\n<div class=\"column\">\n<p><strong>Marca\u00e7\u00e3o:<\/strong><\/p>\n<div class=\"page\" title=\"P\u00e1gina 40\">\n<div class=\"layoutArea\">\n<div class=\"column\">\n<p><strong>Global (IECEx):<\/strong><br \/>\n<span dir=\"ltr\" role=\"presentation\">Ex eb IIC Gb<\/span><br role=\"presentation\"><span dir=\"ltr\" role=\"presentation\">Ex tb IIIC Db<\/span><\/p>\n<p><strong>Europa (ATEX):<\/strong><br \/>\n<span dir=\"ltr\" role=\"presentation\">II 2 G Ex eb IIC Gb<\/span><br role=\"presentation\"><span dir=\"ltr\" role=\"presentation\">II 2 D Ex tb IIIC Db<\/span><\/p>\n<div class=\"page\" title=\"P\u00e1gina 40\">\n<div class=\"section\">\n<div class=\"layoutArea\">\n<div class=\"column\">\n<div class=\"page\" title=\"P\u00e1gina 40\">\n<div class=\"section\">\n<div class=\"layoutArea\">\n<div class=\"column\">\n<div class=\"page\" title=\"P\u00e1gina 40\">\n<div class=\"section\">\n<div class=\"layoutArea\">\n<div class=\"column\">\n<p><strong>Etiqueta padr\u00e3o do certificado:<\/strong> Feito pelo poli\u00e9ster UV e resistente \u00e0 corros\u00e3o autoadesivo, aprovado pelo laborat\u00f3rio certificado.<\/p>\n<div class=\"page\" title=\"P\u00e1gina 40\">\n<div class=\"section\">\n<div class=\"layoutArea\">\n<div class=\"column\">\n<p><strong>Compat\u00edveis com:<\/strong><\/p>\n<div class=\"page\" title=\"P\u00e1gina 40\">\n<div class=\"section\">\n<div class=\"layoutArea\">\n<div class=\"column\">\n<p>IEC 60079-0 &amp; EN IEC 60079-0 &#8211; Equipamento &#8211; Requisito geral<br \/>\nIEC 60079-7 &amp; EN IEC 60079-7 &#8211; Prote\u00e7\u00e3o de equipamentos por aumento da seguran\u00e7a &#8220;e&#8221;<br \/>\nIEC 60079-31 &amp; EN 60079-31 &#8211; Prote\u00e7\u00e3o contra poeira de igni\u00e7\u00e3o de equipamentos por gabinete &#8220;t&#8221;<\/p>\n<div class=\"page\" title=\"P\u00e1gina 40\">\n<div class=\"section\">\n<div class=\"layoutArea\">\n<div class=\"column\">\n<p><strong>Gabinetes:<\/strong><\/p>\n<ul>\n<li><strong>Tipo de prote\u00e7\u00e3o Ex eb:<\/strong> Fornece um inv\u00f3lucro resistente a impactos para equipamentos el\u00e9tricos e garante que o conte\u00fado n\u00e3o produzir\u00e1 uma fa\u00edsca, temperatura ou flu\u00eancia atual que possa inflamar a atmosfera inflam\u00e1vel externa em uma zona, local ou \u00e1rea de trabalho perigosa.<\/li>\n<li><strong>Tipo de prote\u00e7\u00e3o Ex tb:<\/strong> Evita a penetra\u00e7\u00e3o de poeira combust\u00edvel (IIIC) no gabinete e garante a limita\u00e7\u00e3o da temperatura da superf\u00edcie para uso em atmosferas de poeira explosiva.<\/li>\n<\/ul>\n<div class=\"page\" title=\"P\u00e1gina 39\"><\/div>\n<\/div>\n<\/div>\n<\/div>\n<\/div>\n<\/div>\n<\/div>\n<\/div>\n<\/div>\n<\/div>\n<\/div>\n<\/div>\n<\/div>\n<\/div>\n<\/div>\n<\/div>\n<\/div>\n<\/div>\n<\/div>\n<\/div>\n<\/div>\n<\/div>\n<\/div>\n<\/div>\n<\/div>\n<\/div>\n<\/div>\n<\/div>\n<\/div>\n<\/div>\n<\/div>\n<\/div>\n<\/div>\n<\/div>\n<\/div>\n<\/div>\n<\/div>\n<\/div>\n<\/div>\n<\/div>\n<\/div>\n<\/div>\n<\/div>\n<\/div>\n<\/div>\n<\/div>\n<\/div>\n<\/div>\n<\/div>\n<\/div>\n<\/div>\n<\/div>\n<\/div>\n<\/div>\n<\/div>\n<\/div>\n<\/div>\n<\/div>\n<\/div>\n<\/div>\n<\/div>\n<\/div>\n<\/div>\n<\/div>\n<\/div>\n<\/div>\n<\/div>\n<\/div>\n<\/div>\n<\/div>\n<\/div>\n<\/div>\n<\/div>\n<\/div>\n<p>[\/vc_column_text][\/vc_column][\/vc_row][vc_row equal_height=&#8221;yes&#8221; content_placement=&#8221;top&#8221; disable_element=&#8221;yes&#8221;][vc_column el_id=&#8221;sidebar-filtri&#8221; offset=&#8221;vc_col-md-3&#8243;]<div class=\"ult_row_spacer\"><div class=\"ult-sticky-anchor\"><div class=\"ult-sticky-section ult-sticky \"  data-gutter= '150' data-stick_behaviour= 'stick_with_scroll'  data-sticky_position= 'top' data-mobile='no' data-support='no'>[vc_column_text]<form data-sf-form-id='26280' data-is-rtl='0' data-maintain-state='' data-results-url='https:\/\/www.giovenzana.com\/pt-br\/produtos\/atex-iecex\/comutadores-de-came-phoenix-ex\/' data-ajax-url='https:\/\/www.giovenzana.com\/pt-br\/?sfid=26280&amp;sf_action=get_data&amp;sf_data=all' data-ajax-form-url='https:\/\/www.giovenzana.com\/pt-br\/?sfid=26280&amp;sf_action=get_data&amp;sf_data=form' data-display-result-method='shortcode' data-use-history-api='1' data-template-loaded='0' data-lang-code='pt-br' data-ajax='1' data-ajax-data-type='json' data-ajax-links-selector='.pagination a' data-ajax-target='#search-filter-results-26280' data-ajax-pagination-type='infinite_scroll' data-show-scroll-loader='1' data-infinite-scroll-container='#risultati' data-infinite-scroll-trigger='-100' data-update-ajax-url='0' data-only-results-ajax='1' data-scroll-to-pos='0' data-init-paged='1' data-auto-update='1' data-auto-count='1' data-auto-count-refresh-mode='1' action='https:\/\/www.giovenzana.com\/pt-br\/produtos\/atex-iecex\/comutadores-de-came-phoenix-ex\/' method='post' class='searchandfilter' id='search-filter-form-26280' autocomplete='off' data-instance-count='1'><ul><li class=\"sf-field-search\" data-sf-field-name=\"search\" data-sf-field-type=\"search\" data-sf-field-input-type=\"\">\t\t<label>\n\t\t\t\t   \t\t\t<span class=\"screen-reader-text\">Pesquisar...<\/span><input placeholder=\"Pesquisar...\" name=\"_sf_search[]\" class=\"sf-input-text\" type=\"text\" value=\"\" title=\"Pesquisar...\"><\/label>\t\t<\/li><\/ul><\/form>[\/vc_column_text]<\/div><div class=\"ult-space\"><\/div><\/div><\/div>[vc_column_text]<div class=\"search-filter-results\" id=\"search-filter-results-26280\"><div style=\"display:block; bottom: 20px; text-align:center; width:100%;  position: absolute;\">No other Results Found<\/div><\/div>[\/vc_column_text][\/vc_column][\/vc_row][vc_row][vc_column][vc_column_text]<\/p>\n<p>[\/vc_column_text][\/vc_column][\/vc_row][vc_row][vc_column][vc_column_text]<\/p>\n<p>[\/vc_column_text][\/vc_column][\/vc_row]<\/p>\n<\/div>","protected":false},"excerpt":{"rendered":"<p>[vc_row][vc_column width=&#8221;1\/4&#8243;][vc_column_text css_animation=&#8221;none&#8221; css=&#8221;.vc_custom_1677164383663{padding-top: 100px !important;}&#8221;]Baixe o cat\u00e1logo ATEX e o manual de instru\u00e7\u00f5es para ter mais detalhes para a oportunidade de personaliza\u00e7\u00e3o! Nosso departamento t\u00e9cnico ir\u00e1 apoi\u00e1-lo na concep\u00e7\u00e3o da melhor solu\u00e7\u00e3o de acordo com suas necessidades e dentro dos limites do certificado. [\/vc_column_text][vc_single_image image=&#8221;47088&#8243; img_size=&#8221;full&#8221;][vc_single_image image=&#8221;47095&#8243; img_size=&#8221;full&#8221;][vc_single_image image=&#8221;47102&#8243; img_size=&#8221;full&#8221;][\/vc_column][vc_column width=&#8221;3\/4&#8243;][vc_column_text] INV\u00d3LUCRO DE SEGURAN\u00c7A&hellip;<\/p>\n","protected":false},"author":14,"featured_media":47088,"parent":11705,"menu_order":9,"comment_status":"closed","ping_status":"closed","template":"page-filtri.php","meta":{"_acf_changed":false,"ngg_post_thumbnail":0,"footnotes":""},"class_list":["post-47071","page","type-page","status-publish","has-post-thumbnail","hentry","description-off"],"acf":[],"yoast_head":"<!-- This site is optimized with the Yoast SEO plugin v24.4 - https:\/\/yoast.com\/wordpress\/plugins\/seo\/ -->\n<title>INV\u00d3LUCRO DE SEGURAN\u00c7A AUMENTADA Ex &#8211; Giovenzana<\/title>\n<meta name=\"description\" content=\"ATEX da Giovenzana, IECEx Inv\u00f3lucro de seguran\u00e7a aumentada\" \/>\n<meta name=\"robots\" content=\"index, follow, max-snippet:-1, max-image-preview:large, max-video-preview:-1\" \/>\n<link rel=\"canonical\" href=\"https:\/\/www.giovenzana.com\/pt-br\/produtos\/atex-iecex\/involucro-de-seguranca-aumentada-ex\/\" \/>\n<meta property=\"og:locale\" content=\"pt_BR\" \/>\n<meta property=\"og:type\" content=\"article\" \/>\n<meta property=\"og:title\" content=\"INV\u00d3LUCRO DE SEGURAN\u00c7A AUMENTADA Ex &#8211; Giovenzana\" \/>\n<meta property=\"og:description\" content=\"ATEX da Giovenzana, IECEx Inv\u00f3lucro de seguran\u00e7a aumentada\" \/>\n<meta property=\"og:url\" content=\"https:\/\/www.giovenzana.com\/pt-br\/produtos\/atex-iecex\/involucro-de-seguranca-aumentada-ex\/\" \/>\n<meta property=\"og:site_name\" content=\"Giovenzana\" \/>\n<meta property=\"article:publisher\" content=\"https:\/\/www.facebook.com\/giovenzanainternational\" \/>\n<meta property=\"article:modified_time\" content=\"2023-04-18T13:02:37+00:00\" \/>\n<meta property=\"og:image\" content=\"https:\/\/www.giovenzana.com\/wp-content\/uploads\/SE-01.png\" \/>\n\t<meta property=\"og:image:width\" content=\"624\" \/>\n\t<meta property=\"og:image:height\" content=\"960\" \/>\n\t<meta property=\"og:image:type\" content=\"image\/png\" \/>\n<meta name=\"twitter:card\" content=\"summary_large_image\" \/>\n<meta name=\"twitter:label1\" content=\"Est. tempo de leitura\" \/>\n\t<meta name=\"twitter:data1\" content=\"3 minutos\" \/>\n<script type=\"application\/ld+json\" class=\"yoast-schema-graph\">{\"@context\":\"https:\/\/schema.org\",\"@graph\":[{\"@type\":\"WebPage\",\"@id\":\"https:\/\/www.giovenzana.com\/pt-br\/produtos\/atex-iecex\/involucro-de-seguranca-aumentada-ex\/\",\"url\":\"https:\/\/www.giovenzana.com\/pt-br\/produtos\/atex-iecex\/involucro-de-seguranca-aumentada-ex\/\",\"name\":\"INV\u00d3LUCRO DE SEGURAN\u00c7A AUMENTADA Ex &#8211; Giovenzana\",\"isPartOf\":{\"@id\":\"https:\/\/www.giovenzana.com\/pt-br\/#website\"},\"primaryImageOfPage\":{\"@id\":\"https:\/\/www.giovenzana.com\/pt-br\/produtos\/atex-iecex\/involucro-de-seguranca-aumentada-ex\/#primaryimage\"},\"image\":{\"@id\":\"https:\/\/www.giovenzana.com\/pt-br\/produtos\/atex-iecex\/involucro-de-seguranca-aumentada-ex\/#primaryimage\"},\"thumbnailUrl\":\"https:\/\/www.giovenzana.com\/wp-content\/uploads\/SE-01.png\",\"datePublished\":\"2023-04-18T09:38:59+00:00\",\"dateModified\":\"2023-04-18T13:02:37+00:00\",\"description\":\"ATEX da Giovenzana, IECEx Inv\u00f3lucro de seguran\u00e7a aumentada\",\"breadcrumb\":{\"@id\":\"https:\/\/www.giovenzana.com\/pt-br\/produtos\/atex-iecex\/involucro-de-seguranca-aumentada-ex\/#breadcrumb\"},\"inLanguage\":\"pt-BR\",\"potentialAction\":[{\"@type\":\"ReadAction\",\"target\":[\"https:\/\/www.giovenzana.com\/pt-br\/produtos\/atex-iecex\/involucro-de-seguranca-aumentada-ex\/\"]}]},{\"@type\":\"ImageObject\",\"inLanguage\":\"pt-BR\",\"@id\":\"https:\/\/www.giovenzana.com\/pt-br\/produtos\/atex-iecex\/involucro-de-seguranca-aumentada-ex\/#primaryimage\",\"url\":\"https:\/\/www.giovenzana.com\/wp-content\/uploads\/SE-01.png\",\"contentUrl\":\"https:\/\/www.giovenzana.com\/wp-content\/uploads\/SE-01.png\",\"width\":624,\"height\":960,\"caption\":\"aisi-316l\"},{\"@type\":\"BreadcrumbList\",\"@id\":\"https:\/\/www.giovenzana.com\/pt-br\/produtos\/atex-iecex\/involucro-de-seguranca-aumentada-ex\/#breadcrumb\",\"itemListElement\":[{\"@type\":\"ListItem\",\"position\":1,\"name\":\"Home\",\"item\":\"https:\/\/www.giovenzana.com\/pt-br\/\"},{\"@type\":\"ListItem\",\"position\":2,\"name\":\"Produtos\",\"item\":\"https:\/\/www.giovenzana.com\/pt-br\/produtos\/\"},{\"@type\":\"ListItem\",\"position\":3,\"name\":\"ATEX E IECEx\",\"item\":\"https:\/\/www.giovenzana.com\/pt-br\/produtos\/atex-iecex\/\"},{\"@type\":\"ListItem\",\"position\":4,\"name\":\"INV\u00d3LUCRO DE SEGURAN\u00c7A AUMENTADA Ex\"}]},{\"@type\":\"WebSite\",\"@id\":\"https:\/\/www.giovenzana.com\/pt-br\/#website\",\"url\":\"https:\/\/www.giovenzana.com\/pt-br\/\",\"name\":\"Giovenzana\",\"description\":\"Piccoli oggetti d\u2019arte di grande tecnologia\",\"publisher\":{\"@id\":\"https:\/\/www.giovenzana.com\/pt-br\/#organization\"},\"potentialAction\":[{\"@type\":\"SearchAction\",\"target\":{\"@type\":\"EntryPoint\",\"urlTemplate\":\"https:\/\/www.giovenzana.com\/pt-br\/?s={search_term_string}\"},\"query-input\":{\"@type\":\"PropertyValueSpecification\",\"valueRequired\":true,\"valueName\":\"search_term_string\"}}],\"inLanguage\":\"pt-BR\"},{\"@type\":\"Organization\",\"@id\":\"https:\/\/www.giovenzana.com\/pt-br\/#organization\",\"name\":\"Giovenzana International B.V.\",\"url\":\"https:\/\/www.giovenzana.com\/pt-br\/\",\"logo\":{\"@type\":\"ImageObject\",\"inLanguage\":\"pt-BR\",\"@id\":\"https:\/\/www.giovenzana.com\/pt-br\/#\/schema\/logo\/image\/\",\"url\":\"https:\/\/www.giovenzana.com\/wp-content\/uploads\/logo-giovenzana-international.png\",\"contentUrl\":\"https:\/\/www.giovenzana.com\/wp-content\/uploads\/logo-giovenzana-international.png\",\"width\":301,\"height\":98,\"caption\":\"Giovenzana International B.V.\"},\"image\":{\"@id\":\"https:\/\/www.giovenzana.com\/pt-br\/#\/schema\/logo\/image\/\"},\"sameAs\":[\"https:\/\/www.facebook.com\/giovenzanainternational\",\"https:\/\/www.linkedin.com\/company\/giovenzanainternational\",\"https:\/\/www.youtube.com\/channel\/UCN-H9aOP26hpeo4zqxpGTxw\"]}]}<\/script>\n<!-- \/ Yoast SEO plugin. -->","yoast_head_json":{"title":"INV\u00d3LUCRO DE SEGURAN\u00c7A AUMENTADA Ex &#8211; Giovenzana","description":"ATEX da Giovenzana, IECEx Inv\u00f3lucro de seguran\u00e7a aumentada","robots":{"index":"index","follow":"follow","max-snippet":"max-snippet:-1","max-image-preview":"max-image-preview:large","max-video-preview":"max-video-preview:-1"},"canonical":"https:\/\/www.giovenzana.com\/pt-br\/produtos\/atex-iecex\/involucro-de-seguranca-aumentada-ex\/","og_locale":"pt_BR","og_type":"article","og_title":"INV\u00d3LUCRO DE SEGURAN\u00c7A AUMENTADA Ex &#8211; Giovenzana","og_description":"ATEX da Giovenzana, IECEx Inv\u00f3lucro de seguran\u00e7a aumentada","og_url":"https:\/\/www.giovenzana.com\/pt-br\/produtos\/atex-iecex\/involucro-de-seguranca-aumentada-ex\/","og_site_name":"Giovenzana","article_publisher":"https:\/\/www.facebook.com\/giovenzanainternational","article_modified_time":"2023-04-18T13:02:37+00:00","og_image":[{"width":624,"height":960,"url":"https:\/\/www.giovenzana.com\/wp-content\/uploads\/SE-01.png","type":"image\/png"}],"twitter_card":"summary_large_image","twitter_misc":{"Est. tempo de leitura":"3 minutos"},"schema":{"@context":"https:\/\/schema.org","@graph":[{"@type":"WebPage","@id":"https:\/\/www.giovenzana.com\/pt-br\/produtos\/atex-iecex\/involucro-de-seguranca-aumentada-ex\/","url":"https:\/\/www.giovenzana.com\/pt-br\/produtos\/atex-iecex\/involucro-de-seguranca-aumentada-ex\/","name":"INV\u00d3LUCRO DE SEGURAN\u00c7A AUMENTADA Ex &#8211; Giovenzana","isPartOf":{"@id":"https:\/\/www.giovenzana.com\/pt-br\/#website"},"primaryImageOfPage":{"@id":"https:\/\/www.giovenzana.com\/pt-br\/produtos\/atex-iecex\/involucro-de-seguranca-aumentada-ex\/#primaryimage"},"image":{"@id":"https:\/\/www.giovenzana.com\/pt-br\/produtos\/atex-iecex\/involucro-de-seguranca-aumentada-ex\/#primaryimage"},"thumbnailUrl":"https:\/\/www.giovenzana.com\/wp-content\/uploads\/SE-01.png","datePublished":"2023-04-18T09:38:59+00:00","dateModified":"2023-04-18T13:02:37+00:00","description":"ATEX da Giovenzana, IECEx Inv\u00f3lucro de seguran\u00e7a aumentada","breadcrumb":{"@id":"https:\/\/www.giovenzana.com\/pt-br\/produtos\/atex-iecex\/involucro-de-seguranca-aumentada-ex\/#breadcrumb"},"inLanguage":"pt-BR","potentialAction":[{"@type":"ReadAction","target":["https:\/\/www.giovenzana.com\/pt-br\/produtos\/atex-iecex\/involucro-de-seguranca-aumentada-ex\/"]}]},{"@type":"ImageObject","inLanguage":"pt-BR","@id":"https:\/\/www.giovenzana.com\/pt-br\/produtos\/atex-iecex\/involucro-de-seguranca-aumentada-ex\/#primaryimage","url":"https:\/\/www.giovenzana.com\/wp-content\/uploads\/SE-01.png","contentUrl":"https:\/\/www.giovenzana.com\/wp-content\/uploads\/SE-01.png","width":624,"height":960,"caption":"aisi-316l"},{"@type":"BreadcrumbList","@id":"https:\/\/www.giovenzana.com\/pt-br\/produtos\/atex-iecex\/involucro-de-seguranca-aumentada-ex\/#breadcrumb","itemListElement":[{"@type":"ListItem","position":1,"name":"Home","item":"https:\/\/www.giovenzana.com\/pt-br\/"},{"@type":"ListItem","position":2,"name":"Produtos","item":"https:\/\/www.giovenzana.com\/pt-br\/produtos\/"},{"@type":"ListItem","position":3,"name":"ATEX E IECEx","item":"https:\/\/www.giovenzana.com\/pt-br\/produtos\/atex-iecex\/"},{"@type":"ListItem","position":4,"name":"INV\u00d3LUCRO DE SEGURAN\u00c7A AUMENTADA Ex"}]},{"@type":"WebSite","@id":"https:\/\/www.giovenzana.com\/pt-br\/#website","url":"https:\/\/www.giovenzana.com\/pt-br\/","name":"Giovenzana","description":"Piccoli oggetti d\u2019arte di grande tecnologia","publisher":{"@id":"https:\/\/www.giovenzana.com\/pt-br\/#organization"},"potentialAction":[{"@type":"SearchAction","target":{"@type":"EntryPoint","urlTemplate":"https:\/\/www.giovenzana.com\/pt-br\/?s={search_term_string}"},"query-input":{"@type":"PropertyValueSpecification","valueRequired":true,"valueName":"search_term_string"}}],"inLanguage":"pt-BR"},{"@type":"Organization","@id":"https:\/\/www.giovenzana.com\/pt-br\/#organization","name":"Giovenzana International B.V.","url":"https:\/\/www.giovenzana.com\/pt-br\/","logo":{"@type":"ImageObject","inLanguage":"pt-BR","@id":"https:\/\/www.giovenzana.com\/pt-br\/#\/schema\/logo\/image\/","url":"https:\/\/www.giovenzana.com\/wp-content\/uploads\/logo-giovenzana-international.png","contentUrl":"https:\/\/www.giovenzana.com\/wp-content\/uploads\/logo-giovenzana-international.png","width":301,"height":98,"caption":"Giovenzana International B.V."},"image":{"@id":"https:\/\/www.giovenzana.com\/pt-br\/#\/schema\/logo\/image\/"},"sameAs":["https:\/\/www.facebook.com\/giovenzanainternational","https:\/\/www.linkedin.com\/company\/giovenzanainternational","https:\/\/www.youtube.com\/channel\/UCN-H9aOP26hpeo4zqxpGTxw"]}]}},"_links":{"self":[{"href":"https:\/\/www.giovenzana.com\/pt-br\/wp-json\/wp\/v2\/pages\/47071","targetHints":{"allow":["GET"]}}],"collection":[{"href":"https:\/\/www.giovenzana.com\/pt-br\/wp-json\/wp\/v2\/pages"}],"about":[{"href":"https:\/\/www.giovenzana.com\/pt-br\/wp-json\/wp\/v2\/types\/page"}],"author":[{"embeddable":true,"href":"https:\/\/www.giovenzana.com\/pt-br\/wp-json\/wp\/v2\/users\/14"}],"replies":[{"embeddable":true,"href":"https:\/\/www.giovenzana.com\/pt-br\/wp-json\/wp\/v2\/comments?post=47071"}],"version-history":[{"count":7,"href":"https:\/\/www.giovenzana.com\/pt-br\/wp-json\/wp\/v2\/pages\/47071\/revisions"}],"predecessor-version":[{"id":47113,"href":"https:\/\/www.giovenzana.com\/pt-br\/wp-json\/wp\/v2\/pages\/47071\/revisions\/47113"}],"up":[{"embeddable":true,"href":"https:\/\/www.giovenzana.com\/pt-br\/wp-json\/wp\/v2\/pages\/11705"}],"wp:featuredmedia":[{"embeddable":true,"href":"https:\/\/www.giovenzana.com\/pt-br\/wp-json\/wp\/v2\/media\/47088"}],"wp:attachment":[{"href":"https:\/\/www.giovenzana.com\/pt-br\/wp-json\/wp\/v2\/media?parent=47071"}],"curies":[{"name":"wp","href":"https:\/\/api.w.org\/{rel}","templated":true}]}}