{"id":47188,"date":"2023-04-19T09:48:29","date_gmt":"2023-04-19T07:48:29","guid":{"rendered":"https:\/\/www.giovenzana.com\/?page_id=47188"},"modified":"2023-04-19T13:10:24","modified_gmt":"2023-04-19T11:10:24","slug":"barramento-vertical","status":"publish","type":"page","link":"https:\/\/www.giovenzana.com\/pt-br\/produtos\/sistema-de-movimentacao\/linhas-de-transmissao-de-energia\/barramento-vertical\/","title":{"rendered":"Barramento Vertical"},"content":{"rendered":"<div class=\"wpb-content-wrapper\"><p>[vc_row][vc_column width=&#8221;1\/4&#8243;][vc_column_text css_animation=&#8221;none&#8221; css=&#8221;.vc_custom_1681887682133{padding-top: 100px !important;}&#8221;]<strong>Baixe o <a href=\"https:\/\/static.giovenzana.com\/catalogues\/ENGLISH\/CSE-TS.pdf\">cat\u00e1logo de Linhas de Transmiss\u00e3o de Energia<\/a> para ter mais detalhes para a constru\u00e7\u00e3o da linha!<\/strong><\/p>\n<div class=\"page\" title=\"P\u00e1gina 39\">\n<div class=\"section\">\n<div class=\"layoutArea\">\n<div class=\"column\">\n<p><em>Nosso departamento t\u00e9cnico ir\u00e1 apoi\u00e1-lo na concep\u00e7\u00e3o da melhor solu\u00e7\u00e3o de acordo com suas necessidades.<\/em><\/p>\n<\/div>\n<\/div>\n<\/div>\n<\/div>\n<p>[\/vc_column_text][vc_single_image image=&#8221;47207&#8243; img_size=&#8221;full&#8221;][\/vc_column][vc_column width=&#8221;3\/4&#8243;][vc_column_text]<\/p>\n<div class=\"page\" title=\"P\u00e1gina 39\">\n<div class=\"section\">\n<div class=\"layoutArea\">\n<div class=\"column\">\n<div class=\"page\" title=\"P\u00e1gina 39\">\n<div class=\"section\">\n<div class=\"layoutArea\">\n<div class=\"column\">\n<h3><span style=\"color: #ffcc33;\"><strong>BARRAMENTO VERTICAL \u00bb S\u00c9RIE TRV<\/strong><\/span><\/h3>\n<h6>Projetado para tarefas de eleva\u00e7\u00e3o em sistemas de manuseio de materiais e tecnologia de eleva\u00e7\u00e3o externa e de canteiro de obras.<\/h6>\n<\/div>\n<p><strong>SISTEMA DE BARRAMENTO VERTICAL COM 6 CONDUTORES PR\u00c9-MONTADOS<\/strong><\/p>\n<p>Sistema de transmiss\u00e3o de energia equipado com 6 condutores com juntas. Corrente de opera\u00e7\u00e3o: 50, 100 ou 160 A, dependendo do barramento. Disposi\u00e7\u00e3o vertical apropriada para elevadores do canteiro de obras.<\/p>\n<p>\u00c9 composto pelos seguintes componentes, dispon\u00edveis a pedido:<\/p>\n<ul>\n<li><strong>TRV06P006 &#8211; Tampa final:<\/strong> Feche e proteja a extremidade do barramento.<\/li>\n<li><strong>TR6012 &#8211; Junta: <\/strong>Em PVC el\u00e1stico de alto desempenho.<\/li>\n<li><strong>TRVS06P160 &#8211; Interruptor seccionador: <\/strong>O interruptor permite interromper a corrente dentro de uma linha TRV para permitir que a linha seja estendida em comprimento sem ter que intervir no interruptor principal. <strong>Apenas a pedido espec\u00edfico.<br \/>\n<\/strong><\/li>\n<li><strong>TRV06P&#8230; &#8211; Barra isolada 50A \/ 100A \/ 150A:<\/strong> Caixa de PVC r\u00edgida com 6 condutores de cobre fechados. Em cada extremidade, a tira de cobre tem conector para conex\u00e3o el\u00e9trica e mec\u00e2nica com a barra seguinte.<strong><br \/>\n<\/strong><\/li>\n<li><strong>TRV06P011 &#8211; Coletor de corrente do trole:<\/strong> Para fornecer energia ao guincho de constru\u00e7\u00e3o. Escovas de carbono com molas garantem contato el\u00e9trico uniforme.<strong><br \/>\n<\/strong><\/li>\n<li><strong>TRV06P001 &#8211; Caixa de conex\u00e3o:<\/strong> Composta por uma caixa de junta, placa de base com conectores e duas tampas de junta. Os conectores s\u00e3o montados em uma placa de base. As fases no barramento s\u00e3o contratadas para garantir a continuidade mec\u00e2nica e el\u00e9trica.<\/li>\n<li><strong>TRV06P003 &#8211; Caixa de alimenta\u00e7\u00e3o:<\/strong> &amp;nbsp;Composta por barra isolada, fornece conex\u00e3o entre sistema e cabo dentro da caixa relevante.<\/li>\n<\/ul>\n<\/div>\n<h3><span style=\"color: #ffcc33;\"><strong>SOLU\u00c7\u00c3O INTELIGENTE EVITE O SISTEMA DE DISTRIBUI\u00c7\u00c3O DE CABOS CONVENCIONAL!<\/strong><\/span><\/h3>\n<p>Este sistema apresenta algumas vantagens:<\/p>\n<ul>\n<li><strong>Otimiza\u00e7\u00e3o do espa\u00e7o.<\/strong><br \/>\nO design compacto da barra sem cabos permite a otimiza\u00e7\u00e3o do espa\u00e7o de instala\u00e7\u00e3o e uso.<\/li>\n<li><strong>\u00c9 a resposta de seguran\u00e7a a um problema que nunca foi resolvido.<\/strong><br \/>\n\u00c9 a resposta de seguran\u00e7a a um problema que nunca foi resolvido. N\u00e3o h\u00e1 nenhum problema de dano ou desgaste<br \/>\nno cabo.<\/li>\n<li><strong>Proporciona uma instala\u00e7\u00e3o mais f\u00e1cil e r\u00e1pida.<\/strong><br \/>\nA modularidade intertravada dos componentes individuais<br \/>\nsignifica que n\u00e3o s\u00e3o necess\u00e1rias ferramentas para a instala\u00e7\u00e3o e menos trabalho de constru\u00e7\u00e3o significa uma instala\u00e7\u00e3o menos dispendiosa.<\/li>\n<li><strong>Flexibilidade de uso.<\/strong><br \/>\nCompat\u00edvel com qualquer tipo de estrutura e qualquer configura\u00e7\u00e3o.<\/li>\n<\/ul>\n<p>&nbsp;<\/p>\n<h6><\/h6>\n<h5><span dir=\"ltr\" role=\"presentation\">\u00c9 uma solu\u00e7\u00e3o \u00fanica,<\/span> <span dir=\"ltr\" role=\"presentation\">uma excelente alternativa<\/span> <span dir=\"ltr\" role=\"presentation\">\u00e0 substitui\u00e7\u00e3o de cabos.<\/span><\/h5>\n<p>&nbsp;<\/p>\n<p>Uma solu\u00e7\u00e3o para reduzir os custos de instala\u00e7\u00e3o, aumentar a vida \u00fatil do produto, garantir que o operador n\u00e3o possa entrar em contato com pe\u00e7as el\u00e9tricas expostas e permitir que a linha seja reutilizada em outras instala\u00e7\u00f5es.<\/p>\n<\/div>\n<p><em>Voc\u00ea pode obter conselhos sobre a constru\u00e7\u00e3o em linha e receber o manual de instru\u00e7\u00f5es enviando seu pedido por e-mail para giovenzana@giovenzana.com ou entrando em contato com o representante de vendas em sua \u00e1rea.<\/em><\/p>\n<p>Escolha a pessoa certa em nossa <a href=\"https:\/\/www.giovenzana.com\/pt-br\/rede-de-vendas\/\">rede de vendas<\/a>.<\/p>\n<\/div>\n<\/div>\n<\/div>\n<\/div>\n<\/div>\n<p>[\/vc_column_text][\/vc_column][\/vc_row][vc_row equal_height=&#8221;yes&#8221; content_placement=&#8221;top&#8221; disable_element=&#8221;yes&#8221;][vc_column el_id=&#8221;sidebar-filtri&#8221; offset=&#8221;vc_col-md-3&#8243;]<div class=\"ult_row_spacer\"><div class=\"ult-sticky-anchor\"><div class=\"ult-sticky-section ult-sticky \"  data-gutter= '150' data-stick_behaviour= 'stick_with_scroll'  data-sticky_position= 'top' data-mobile='no' data-support='no'>[vc_column_text]<form data-sf-form-id='26280' data-is-rtl='0' data-maintain-state='' data-results-url='https:\/\/www.giovenzana.com\/pt-br\/produtos\/atex-iecex\/comutadores-de-came-phoenix-ex\/' data-ajax-url='https:\/\/www.giovenzana.com\/pt-br\/?sfid=26280&amp;sf_action=get_data&amp;sf_data=all' data-ajax-form-url='https:\/\/www.giovenzana.com\/pt-br\/?sfid=26280&amp;sf_action=get_data&amp;sf_data=form' data-display-result-method='shortcode' data-use-history-api='1' data-template-loaded='0' data-lang-code='pt-br' data-ajax='1' data-ajax-data-type='json' data-ajax-links-selector='.pagination a' data-ajax-target='#search-filter-results-26280' data-ajax-pagination-type='infinite_scroll' data-show-scroll-loader='1' data-infinite-scroll-container='#risultati' data-infinite-scroll-trigger='-100' data-update-ajax-url='0' data-only-results-ajax='1' data-scroll-to-pos='0' data-init-paged='1' data-auto-update='1' data-auto-count='1' data-auto-count-refresh-mode='1' action='https:\/\/www.giovenzana.com\/pt-br\/produtos\/atex-iecex\/comutadores-de-came-phoenix-ex\/' method='post' class='searchandfilter' id='search-filter-form-26280' autocomplete='off' data-instance-count='1'><ul><li class=\"sf-field-search\" data-sf-field-name=\"search\" data-sf-field-type=\"search\" data-sf-field-input-type=\"\">\t\t<label>\n\t\t\t\t   \t\t\t<span class=\"screen-reader-text\">Pesquisar...<\/span><input placeholder=\"Pesquisar...\" name=\"_sf_search[]\" class=\"sf-input-text\" type=\"text\" value=\"\" title=\"Pesquisar...\"><\/label>\t\t<\/li><\/ul><\/form>[\/vc_column_text]<\/div><div class=\"ult-space\"><\/div><\/div><\/div>[vc_column_text]<div class=\"search-filter-results\" id=\"search-filter-results-26280\"><div style=\"display:block; bottom: 20px; text-align:center; width:100%;  position: absolute;\">No other Results Found<\/div><\/div>[\/vc_column_text][\/vc_column][\/vc_row][vc_row][vc_column][vc_column_text]<\/p>\n<p>[\/vc_column_text][\/vc_column][\/vc_row][vc_row][vc_column][vc_column_text]<\/p>\n<p>[\/vc_column_text][\/vc_column][\/vc_row]<\/p>\n<\/div>","protected":false},"excerpt":{"rendered":"<p>[vc_row][vc_column width=&#8221;1\/4&#8243;][vc_column_text css_animation=&#8221;none&#8221; css=&#8221;.vc_custom_1681887682133{padding-top: 100px !important;}&#8221;]Baixe o cat\u00e1logo de Linhas de Transmiss\u00e3o de Energia para ter mais detalhes para a constru\u00e7\u00e3o da linha! Nosso departamento t\u00e9cnico ir\u00e1 apoi\u00e1-lo na concep\u00e7\u00e3o da melhor solu\u00e7\u00e3o de acordo com suas necessidades. [\/vc_column_text][vc_single_image image=&#8221;47207&#8243; img_size=&#8221;full&#8221;][\/vc_column][vc_column width=&#8221;3\/4&#8243;][vc_column_text] BARRAMENTO VERTICAL \u00bb S\u00c9RIE TRV Projetado para tarefas de eleva\u00e7\u00e3o em sistemas de&hellip;<\/p>\n","protected":false},"author":14,"featured_media":17833,"parent":10668,"menu_order":4,"comment_status":"closed","ping_status":"closed","template":"page-filtri.php","meta":{"_acf_changed":false,"ngg_post_thumbnail":0,"footnotes":""},"class_list":["post-47188","page","type-page","status-publish","has-post-thumbnail","hentry","description-off"],"acf":[],"yoast_head":"<!-- This site is optimized with the Yoast SEO plugin v24.4 - https:\/\/yoast.com\/wordpress\/plugins\/seo\/ -->\n<title>Barramento Vertical &#8211; Giovenzana<\/title>\n<meta name=\"description\" content=\"Barramento Vertical - Linha de Transmiss\u00e3o de Energia. Projetado para tarefas de eleva\u00e7\u00e3o em sistemas de manuseio de materiais e tecnologia de eleva\u00e7\u00e3o externa e de canteiro de obras.\" \/>\n<meta name=\"robots\" content=\"index, follow, max-snippet:-1, max-image-preview:large, max-video-preview:-1\" \/>\n<link rel=\"canonical\" href=\"https:\/\/www.giovenzana.com\/pt-br\/produtos\/sistema-de-movimentacao\/linhas-de-transmissao-de-energia\/barramento-vertical\/\" \/>\n<meta property=\"og:locale\" content=\"pt_BR\" \/>\n<meta property=\"og:type\" content=\"article\" \/>\n<meta property=\"og:title\" content=\"Barramento Vertical &#8211; Giovenzana\" \/>\n<meta property=\"og:description\" content=\"Barramento Vertical - Linha de Transmiss\u00e3o de Energia. Projetado para tarefas de eleva\u00e7\u00e3o em sistemas de manuseio de materiais e tecnologia de eleva\u00e7\u00e3o externa e de canteiro de obras.\" \/>\n<meta property=\"og:url\" content=\"https:\/\/www.giovenzana.com\/pt-br\/produtos\/sistema-de-movimentacao\/linhas-de-transmissao-de-energia\/barramento-vertical\/\" \/>\n<meta property=\"og:site_name\" content=\"Giovenzana\" \/>\n<meta property=\"article:publisher\" content=\"https:\/\/www.facebook.com\/giovenzanainternational\" \/>\n<meta property=\"article:modified_time\" content=\"2023-04-19T11:10:24+00:00\" \/>\n<meta property=\"og:image\" content=\"https:\/\/www.giovenzana.com\/wp-content\/uploads\/Handling_Cover.jpg\" \/>\n\t<meta property=\"og:image:width\" content=\"1700\" \/>\n\t<meta property=\"og:image:height\" content=\"200\" \/>\n\t<meta property=\"og:image:type\" content=\"image\/jpeg\" \/>\n<meta name=\"twitter:card\" content=\"summary_large_image\" \/>\n<meta name=\"twitter:label1\" content=\"Est. tempo de leitura\" \/>\n\t<meta name=\"twitter:data1\" content=\"3 minutos\" \/>\n<script type=\"application\/ld+json\" class=\"yoast-schema-graph\">{\"@context\":\"https:\/\/schema.org\",\"@graph\":[{\"@type\":\"WebPage\",\"@id\":\"https:\/\/www.giovenzana.com\/pt-br\/produtos\/sistema-de-movimentacao\/linhas-de-transmissao-de-energia\/barramento-vertical\/\",\"url\":\"https:\/\/www.giovenzana.com\/pt-br\/produtos\/sistema-de-movimentacao\/linhas-de-transmissao-de-energia\/barramento-vertical\/\",\"name\":\"Barramento Vertical &#8211; Giovenzana\",\"isPartOf\":{\"@id\":\"https:\/\/www.giovenzana.com\/pt-br\/#website\"},\"primaryImageOfPage\":{\"@id\":\"https:\/\/www.giovenzana.com\/pt-br\/produtos\/sistema-de-movimentacao\/linhas-de-transmissao-de-energia\/barramento-vertical\/#primaryimage\"},\"image\":{\"@id\":\"https:\/\/www.giovenzana.com\/pt-br\/produtos\/sistema-de-movimentacao\/linhas-de-transmissao-de-energia\/barramento-vertical\/#primaryimage\"},\"thumbnailUrl\":\"https:\/\/www.giovenzana.com\/wp-content\/uploads\/Handling_Cover.jpg\",\"datePublished\":\"2023-04-19T07:48:29+00:00\",\"dateModified\":\"2023-04-19T11:10:24+00:00\",\"description\":\"Barramento Vertical - Linha de Transmiss\u00e3o de Energia. Projetado para tarefas de eleva\u00e7\u00e3o em sistemas de manuseio de materiais e tecnologia de eleva\u00e7\u00e3o externa e de canteiro de obras.\",\"breadcrumb\":{\"@id\":\"https:\/\/www.giovenzana.com\/pt-br\/produtos\/sistema-de-movimentacao\/linhas-de-transmissao-de-energia\/barramento-vertical\/#breadcrumb\"},\"inLanguage\":\"pt-BR\",\"potentialAction\":[{\"@type\":\"ReadAction\",\"target\":[\"https:\/\/www.giovenzana.com\/pt-br\/produtos\/sistema-de-movimentacao\/linhas-de-transmissao-de-energia\/barramento-vertical\/\"]}]},{\"@type\":\"ImageObject\",\"inLanguage\":\"pt-BR\",\"@id\":\"https:\/\/www.giovenzana.com\/pt-br\/produtos\/sistema-de-movimentacao\/linhas-de-transmissao-de-energia\/barramento-vertical\/#primaryimage\",\"url\":\"https:\/\/www.giovenzana.com\/wp-content\/uploads\/Handling_Cover.jpg\",\"contentUrl\":\"https:\/\/www.giovenzana.com\/wp-content\/uploads\/Handling_Cover.jpg\",\"width\":1700,\"height\":200,\"caption\":\"Giovenzana Handling Cover\"},{\"@type\":\"BreadcrumbList\",\"@id\":\"https:\/\/www.giovenzana.com\/pt-br\/produtos\/sistema-de-movimentacao\/linhas-de-transmissao-de-energia\/barramento-vertical\/#breadcrumb\",\"itemListElement\":[{\"@type\":\"ListItem\",\"position\":1,\"name\":\"Home\",\"item\":\"https:\/\/www.giovenzana.com\/pt-br\/\"},{\"@type\":\"ListItem\",\"position\":2,\"name\":\"Produtos\",\"item\":\"https:\/\/www.giovenzana.com\/pt-br\/produtos\/\"},{\"@type\":\"ListItem\",\"position\":3,\"name\":\"SISTEMA DE MOVIMENTA\u00c7\u00c3O\",\"item\":\"https:\/\/www.giovenzana.com\/pt-br\/produtos\/sistema-de-movimentacao\/\"},{\"@type\":\"ListItem\",\"position\":4,\"name\":\"LINHAS DE TRANSMISS\u00c3O DE ENERGIA\",\"item\":\"https:\/\/www.giovenzana.com\/pt-br\/produtos\/sistema-de-movimentacao\/linhas-de-transmissao-de-energia\/\"},{\"@type\":\"ListItem\",\"position\":5,\"name\":\"Barramento Vertical\"}]},{\"@type\":\"WebSite\",\"@id\":\"https:\/\/www.giovenzana.com\/pt-br\/#website\",\"url\":\"https:\/\/www.giovenzana.com\/pt-br\/\",\"name\":\"Giovenzana\",\"description\":\"Piccoli oggetti d\u2019arte di grande tecnologia\",\"publisher\":{\"@id\":\"https:\/\/www.giovenzana.com\/pt-br\/#organization\"},\"potentialAction\":[{\"@type\":\"SearchAction\",\"target\":{\"@type\":\"EntryPoint\",\"urlTemplate\":\"https:\/\/www.giovenzana.com\/pt-br\/?s={search_term_string}\"},\"query-input\":{\"@type\":\"PropertyValueSpecification\",\"valueRequired\":true,\"valueName\":\"search_term_string\"}}],\"inLanguage\":\"pt-BR\"},{\"@type\":\"Organization\",\"@id\":\"https:\/\/www.giovenzana.com\/pt-br\/#organization\",\"name\":\"Giovenzana International B.V.\",\"url\":\"https:\/\/www.giovenzana.com\/pt-br\/\",\"logo\":{\"@type\":\"ImageObject\",\"inLanguage\":\"pt-BR\",\"@id\":\"https:\/\/www.giovenzana.com\/pt-br\/#\/schema\/logo\/image\/\",\"url\":\"https:\/\/www.giovenzana.com\/wp-content\/uploads\/logo-giovenzana-international.png\",\"contentUrl\":\"https:\/\/www.giovenzana.com\/wp-content\/uploads\/logo-giovenzana-international.png\",\"width\":301,\"height\":98,\"caption\":\"Giovenzana International B.V.\"},\"image\":{\"@id\":\"https:\/\/www.giovenzana.com\/pt-br\/#\/schema\/logo\/image\/\"},\"sameAs\":[\"https:\/\/www.facebook.com\/giovenzanainternational\",\"https:\/\/www.linkedin.com\/company\/giovenzanainternational\",\"https:\/\/www.youtube.com\/channel\/UCN-H9aOP26hpeo4zqxpGTxw\"]}]}<\/script>\n<!-- \/ Yoast SEO plugin. -->","yoast_head_json":{"title":"Barramento Vertical &#8211; Giovenzana","description":"Barramento Vertical - Linha de Transmiss\u00e3o de Energia. Projetado para tarefas de eleva\u00e7\u00e3o em sistemas de manuseio de materiais e tecnologia de eleva\u00e7\u00e3o externa e de canteiro de obras.","robots":{"index":"index","follow":"follow","max-snippet":"max-snippet:-1","max-image-preview":"max-image-preview:large","max-video-preview":"max-video-preview:-1"},"canonical":"https:\/\/www.giovenzana.com\/pt-br\/produtos\/sistema-de-movimentacao\/linhas-de-transmissao-de-energia\/barramento-vertical\/","og_locale":"pt_BR","og_type":"article","og_title":"Barramento Vertical &#8211; Giovenzana","og_description":"Barramento Vertical - Linha de Transmiss\u00e3o de Energia. Projetado para tarefas de eleva\u00e7\u00e3o em sistemas de manuseio de materiais e tecnologia de eleva\u00e7\u00e3o externa e de canteiro de obras.","og_url":"https:\/\/www.giovenzana.com\/pt-br\/produtos\/sistema-de-movimentacao\/linhas-de-transmissao-de-energia\/barramento-vertical\/","og_site_name":"Giovenzana","article_publisher":"https:\/\/www.facebook.com\/giovenzanainternational","article_modified_time":"2023-04-19T11:10:24+00:00","og_image":[{"width":1700,"height":200,"url":"https:\/\/www.giovenzana.com\/wp-content\/uploads\/Handling_Cover.jpg","type":"image\/jpeg"}],"twitter_card":"summary_large_image","twitter_misc":{"Est. tempo de leitura":"3 minutos"},"schema":{"@context":"https:\/\/schema.org","@graph":[{"@type":"WebPage","@id":"https:\/\/www.giovenzana.com\/pt-br\/produtos\/sistema-de-movimentacao\/linhas-de-transmissao-de-energia\/barramento-vertical\/","url":"https:\/\/www.giovenzana.com\/pt-br\/produtos\/sistema-de-movimentacao\/linhas-de-transmissao-de-energia\/barramento-vertical\/","name":"Barramento Vertical &#8211; Giovenzana","isPartOf":{"@id":"https:\/\/www.giovenzana.com\/pt-br\/#website"},"primaryImageOfPage":{"@id":"https:\/\/www.giovenzana.com\/pt-br\/produtos\/sistema-de-movimentacao\/linhas-de-transmissao-de-energia\/barramento-vertical\/#primaryimage"},"image":{"@id":"https:\/\/www.giovenzana.com\/pt-br\/produtos\/sistema-de-movimentacao\/linhas-de-transmissao-de-energia\/barramento-vertical\/#primaryimage"},"thumbnailUrl":"https:\/\/www.giovenzana.com\/wp-content\/uploads\/Handling_Cover.jpg","datePublished":"2023-04-19T07:48:29+00:00","dateModified":"2023-04-19T11:10:24+00:00","description":"Barramento Vertical - Linha de Transmiss\u00e3o de Energia. Projetado para tarefas de eleva\u00e7\u00e3o em sistemas de manuseio de materiais e tecnologia de eleva\u00e7\u00e3o externa e de canteiro de obras.","breadcrumb":{"@id":"https:\/\/www.giovenzana.com\/pt-br\/produtos\/sistema-de-movimentacao\/linhas-de-transmissao-de-energia\/barramento-vertical\/#breadcrumb"},"inLanguage":"pt-BR","potentialAction":[{"@type":"ReadAction","target":["https:\/\/www.giovenzana.com\/pt-br\/produtos\/sistema-de-movimentacao\/linhas-de-transmissao-de-energia\/barramento-vertical\/"]}]},{"@type":"ImageObject","inLanguage":"pt-BR","@id":"https:\/\/www.giovenzana.com\/pt-br\/produtos\/sistema-de-movimentacao\/linhas-de-transmissao-de-energia\/barramento-vertical\/#primaryimage","url":"https:\/\/www.giovenzana.com\/wp-content\/uploads\/Handling_Cover.jpg","contentUrl":"https:\/\/www.giovenzana.com\/wp-content\/uploads\/Handling_Cover.jpg","width":1700,"height":200,"caption":"Giovenzana Handling Cover"},{"@type":"BreadcrumbList","@id":"https:\/\/www.giovenzana.com\/pt-br\/produtos\/sistema-de-movimentacao\/linhas-de-transmissao-de-energia\/barramento-vertical\/#breadcrumb","itemListElement":[{"@type":"ListItem","position":1,"name":"Home","item":"https:\/\/www.giovenzana.com\/pt-br\/"},{"@type":"ListItem","position":2,"name":"Produtos","item":"https:\/\/www.giovenzana.com\/pt-br\/produtos\/"},{"@type":"ListItem","position":3,"name":"SISTEMA DE MOVIMENTA\u00c7\u00c3O","item":"https:\/\/www.giovenzana.com\/pt-br\/produtos\/sistema-de-movimentacao\/"},{"@type":"ListItem","position":4,"name":"LINHAS DE TRANSMISS\u00c3O DE ENERGIA","item":"https:\/\/www.giovenzana.com\/pt-br\/produtos\/sistema-de-movimentacao\/linhas-de-transmissao-de-energia\/"},{"@type":"ListItem","position":5,"name":"Barramento Vertical"}]},{"@type":"WebSite","@id":"https:\/\/www.giovenzana.com\/pt-br\/#website","url":"https:\/\/www.giovenzana.com\/pt-br\/","name":"Giovenzana","description":"Piccoli oggetti d\u2019arte di grande tecnologia","publisher":{"@id":"https:\/\/www.giovenzana.com\/pt-br\/#organization"},"potentialAction":[{"@type":"SearchAction","target":{"@type":"EntryPoint","urlTemplate":"https:\/\/www.giovenzana.com\/pt-br\/?s={search_term_string}"},"query-input":{"@type":"PropertyValueSpecification","valueRequired":true,"valueName":"search_term_string"}}],"inLanguage":"pt-BR"},{"@type":"Organization","@id":"https:\/\/www.giovenzana.com\/pt-br\/#organization","name":"Giovenzana International B.V.","url":"https:\/\/www.giovenzana.com\/pt-br\/","logo":{"@type":"ImageObject","inLanguage":"pt-BR","@id":"https:\/\/www.giovenzana.com\/pt-br\/#\/schema\/logo\/image\/","url":"https:\/\/www.giovenzana.com\/wp-content\/uploads\/logo-giovenzana-international.png","contentUrl":"https:\/\/www.giovenzana.com\/wp-content\/uploads\/logo-giovenzana-international.png","width":301,"height":98,"caption":"Giovenzana International B.V."},"image":{"@id":"https:\/\/www.giovenzana.com\/pt-br\/#\/schema\/logo\/image\/"},"sameAs":["https:\/\/www.facebook.com\/giovenzanainternational","https:\/\/www.linkedin.com\/company\/giovenzanainternational","https:\/\/www.youtube.com\/channel\/UCN-H9aOP26hpeo4zqxpGTxw"]}]}},"_links":{"self":[{"href":"https:\/\/www.giovenzana.com\/pt-br\/wp-json\/wp\/v2\/pages\/47188","targetHints":{"allow":["GET"]}}],"collection":[{"href":"https:\/\/www.giovenzana.com\/pt-br\/wp-json\/wp\/v2\/pages"}],"about":[{"href":"https:\/\/www.giovenzana.com\/pt-br\/wp-json\/wp\/v2\/types\/page"}],"author":[{"embeddable":true,"href":"https:\/\/www.giovenzana.com\/pt-br\/wp-json\/wp\/v2\/users\/14"}],"replies":[{"embeddable":true,"href":"https:\/\/www.giovenzana.com\/pt-br\/wp-json\/wp\/v2\/comments?post=47188"}],"version-history":[{"count":7,"href":"https:\/\/www.giovenzana.com\/pt-br\/wp-json\/wp\/v2\/pages\/47188\/revisions"}],"predecessor-version":[{"id":47277,"href":"https:\/\/www.giovenzana.com\/pt-br\/wp-json\/wp\/v2\/pages\/47188\/revisions\/47277"}],"up":[{"embeddable":true,"href":"https:\/\/www.giovenzana.com\/pt-br\/wp-json\/wp\/v2\/pages\/10668"}],"wp:featuredmedia":[{"embeddable":true,"href":"https:\/\/www.giovenzana.com\/pt-br\/wp-json\/wp\/v2\/media\/17833"}],"wp:attachment":[{"href":"https:\/\/www.giovenzana.com\/pt-br\/wp-json\/wp\/v2\/media?parent=47188"}],"curies":[{"name":"wp","href":"https:\/\/api.w.org\/{rel}","templated":true}]}}